{"id":1390,"date":"2023-06-05T09:27:58","date_gmt":"2023-06-05T12:27:58","guid":{"rendered":"https:\/\/fatordental.com.br\/?post_type=product&#038;p=1390"},"modified":"2023-06-05T09:27:58","modified_gmt":"2023-06-05T12:27:58","slug":"adesivo-ambar-aps-fgm","status":"publish","type":"product","link":"https:\/\/fatordental.com.br\/index.php\/produto\/adesivo-ambar-aps-fgm\/","title":{"rendered":"Adesivo Ambar APS &#8211; FGM"},"content":{"rendered":"<p class=\"value\"><strong>Embalagem com 6ml.<\/strong><\/p>\n<ul>\n<li><strong>DETALHES<\/strong><\/li>\n<\/ul>\n<p><span class=\"TextRun SCXW205328353 BCX8\" lang=\"PT-BR\" xml:lang=\"PT-BR\" data-contrast=\"auto\"><span class=\"NormalTextRun SCXW205328353 BCX8\" data-ccp-parastyle=\"paragraph\" data-ccp-parastyle-defn=\"{&quot;ObjectId&quot;:&quot;aa3ae9c6-b75d-4650-9f50-718f651875af|56&quot;,&quot;ClassId&quot;:1073872969,&quot;Properties&quot;:[469775450,&quot;paragraph&quot;,201340122,&quot;2&quot;,134233614,&quot;true&quot;,469778129,&quot;paragraph&quot;,335572020,&quot;1&quot;,469777841,&quot;Times New Roman&quot;,469777842,&quot;Times New Roman&quot;,469777843,&quot;Times New Roman&quot;,469777844,&quot;Times New Roman&quot;,469769226,&quot;Times New Roman&quot;,268442635,&quot;24&quot;,335559705,&quot;1046&quot;,335559740,&quot;240&quot;,201341983,&quot;0&quot;,134233118,&quot;true&quot;,134233117,&quot;true&quot;,469778324,&quot;Normal&quot;]}\">\u00a0A sigla APS (<\/span><span class=\"NormalTextRun SpellingErrorV2 SCXW205328353 BCX8\" data-ccp-parastyle=\"paragraph\">Advanced<\/span><span class=\"NormalTextRun SCXW205328353 BCX8\" data-ccp-parastyle=\"paragraph\">\u00a0<\/span><span class=\"NormalTextRun SpellingErrorV2 SCXW205328353 BCX8\" data-ccp-parastyle=\"paragraph\">Polymerization<\/span><span class=\"NormalTextRun SCXW205328353 BCX8\" data-ccp-parastyle=\"paragraph\">\u00a0System) indica a incorpora\u00e7\u00e3o do exclusivo sistema de polimeriza\u00e7\u00e3o desenvolvido pela FGM, que consiste em uma combina\u00e7\u00e3o de diferentes foto-iniciadores que interagem entre si e permitem amplificar a capacidade de polimeriza\u00e7\u00e3o advinda da luz emitida pelos aparelhos\u00a0<\/span><span class=\"NormalTextRun SpellingErrorV2 SCXW205328353 BCX8\" data-ccp-parastyle=\"paragraph\">fotopolimerizadores<\/span><span class=\"NormalTextRun SCXW205328353 BCX8\" data-ccp-parastyle=\"paragraph\">.<\/span><\/span><span class=\"LineBreakBlob BlobObject DragDrop SCXW205328353 BCX8\"><span class=\"SCXW205328353 BCX8\">\u00a0<\/span><br class=\"SCXW205328353 BCX8\" \/><\/span><span class=\"TextRun SCXW205328353 BCX8\" lang=\"PT-BR\" xml:lang=\"PT-BR\" data-contrast=\"auto\"><span class=\"NormalTextRun SCXW205328353 BCX8\" data-ccp-parastyle=\"paragraph\">No caso do adesivo\u00a0<\/span><span class=\"NormalTextRun SpellingErrorV2 SCXW205328353 BCX8\" data-ccp-parastyle=\"paragraph\">Ambar<\/span><span class=\"NormalTextRun SCXW205328353 BCX8\" data-ccp-parastyle=\"paragraph\">, o APS apresenta como principal benef\u00edcio o aumento do grau de convers\u00e3o na camada h\u00edbrida, o que automaticamente melhora seu desempenho adesivo e confere melhores propriedades mec\u00e2nicas (maior resist\u00eancia coesiva).\u202f Visualmente, o produto \u00e9 praticamente incolor, o que evita qualquer tipo de interfer\u00eancia est\u00e9tica, principalmente em restaura\u00e7\u00f5es ou cimenta\u00e7\u00f5es, em dentes anteriores.<\/span><\/span><span class=\"LineBreakBlob BlobObject DragDrop SCXW205328353 BCX8\"><span class=\"SCXW205328353 BCX8\">\u00a0<\/span><br class=\"SCXW205328353 BCX8\" \/><\/span><span class=\"TextRun SCXW205328353 BCX8\" lang=\"PT-BR\" xml:lang=\"PT-BR\" data-contrast=\"auto\"><span class=\"NormalTextRun SpellingErrorV2 SCXW205328353 BCX8\" data-ccp-parastyle=\"paragraph\">Ambar<\/span><span class=\"NormalTextRun SCXW205328353 BCX8\" data-ccp-parastyle=\"paragraph\">\u00a0APS ainda \u00e9 totalmente BPA FREE, totalmente livre de\u00a0<\/span><span class=\"NormalTextRun SpellingErrorV2 SCXW205328353 BCX8\" data-ccp-parastyle=\"paragraph\">Bisfenol<\/span><span class=\"NormalTextRun SCXW205328353 BCX8\" data-ccp-parastyle=\"paragraph\">\u00a0A (BPA), componente qu\u00edmico (e t\u00f3xico) amplamente utilizado em artigos manufaturados, incluindo pl\u00e1sticos de policarbonato e materiais odontol\u00f3gicos. Seguindo esta tend\u00eancia mundial, A FGM lan\u00e7ou o primeiro adesivo brasileiro livre de\u00a0<\/span><span class=\"NormalTextRun SpellingErrorV2 SCXW205328353 BCX8\" data-ccp-parastyle=\"paragraph\">Bisfenol<\/span><span class=\"NormalTextRun SCXW205328353 BCX8\" data-ccp-parastyle=\"paragraph\">\u00a0A (BPA).<\/span><\/span><span class=\"LineBreakBlob BlobObject DragDrop SCXW205328353 BCX8\"><span class=\"SCXW205328353 BCX8\">\u00a0<\/span><br class=\"SCXW205328353 BCX8\" \/><\/span><span class=\"TextRun SCXW205328353 BCX8\" lang=\"PT-BR\" xml:lang=\"PT-BR\" data-contrast=\"auto\"><span class=\"NormalTextRun SCXW205328353 BCX8\" data-ccp-parastyle=\"paragraph\">&#8211; Maior grau de convers\u00e3o.<\/span><\/span><span class=\"LineBreakBlob BlobObject DragDrop SCXW205328353 BCX8\"><span class=\"SCXW205328353 BCX8\">\u00a0<\/span><br class=\"SCXW205328353 BCX8\" \/><\/span><span class=\"TextRun SCXW205328353 BCX8\" lang=\"PT-BR\" xml:lang=\"PT-BR\" data-contrast=\"auto\"><span class=\"NormalTextRun SCXW205328353 BCX8\" data-ccp-parastyle=\"paragraph\">&#8211; Aspecto praticamente incolor, menor interfer\u00eancia em restaura\u00e7\u00f5es e cimenta\u00e7\u00f5es.<\/span><\/span><span class=\"LineBreakBlob BlobObject DragDrop SCXW205328353 BCX8\"><span class=\"SCXW205328353 BCX8\">\u00a0<\/span><br class=\"SCXW205328353 BCX8\" \/><\/span><span class=\"TextRun SCXW205328353 BCX8\" lang=\"PT-BR\" xml:lang=\"PT-BR\" data-contrast=\"auto\"><span class=\"NormalTextRun SCXW205328353 BCX8\" data-ccp-parastyle=\"paragraph\">&#8211; Com MDP que concede um potencial superior de ades\u00e3o elevado poder de resist\u00eancia adesiva.<\/span><\/span><span class=\"LineBreakBlob BlobObject DragDrop SCXW205328353 BCX8\"><span class=\"SCXW205328353 BCX8\">\u00a0<\/span><br class=\"SCXW205328353 BCX8\" \/><\/span><span class=\"TextRun SCXW205328353 BCX8\" lang=\"PT-BR\" xml:lang=\"PT-BR\" data-contrast=\"auto\"><span class=\"NormalTextRun SCXW205328353 BCX8\" data-ccp-parastyle=\"paragraph\">&#8211; Cont\u00e9m nanopart\u00edculas de s\u00edlica tratada, conferindo maior estabilidade e resist\u00eancia ao filme adesivo.<\/span><\/span><span class=\"LineBreakBlob BlobObject DragDrop SCXW205328353 BCX8\"><span class=\"SCXW205328353 BCX8\">\u00a0<\/span><br class=\"SCXW205328353 BCX8\" \/><\/span><span class=\"TextRun SCXW205328353 BCX8\" lang=\"PT-BR\" xml:lang=\"PT-BR\" data-contrast=\"auto\"><span class=\"NormalTextRun SCXW205328353 BCX8\" data-ccp-parastyle=\"paragraph\">&#8211; Caracter\u00edsticas qu\u00edmicas que garantem a qualidade da polimeriza\u00e7\u00e3o mesmo em ambiente com alta umidade e consequente longevidade do filme adesivo.<\/span><\/span><span class=\"LineBreakBlob BlobObject DragDrop SCXW205328353 BCX8\"><span class=\"SCXW205328353 BCX8\">\u00a0<\/span><br class=\"SCXW205328353 BCX8\" \/><\/span><span class=\"TextRun SCXW205328353 BCX8\" lang=\"PT-BR\" xml:lang=\"PT-BR\" data-contrast=\"auto\"><span class=\"NormalTextRun SCXW205328353 BCX8\" data-ccp-parastyle=\"paragraph\">&#8211; Sistema com solventes e mon\u00f4meros balanceados que conferem elevada afinidade pela superf\u00edcie da dentina \u00famida e desmineralizada, contribuindo para a penetra\u00e7\u00e3o adequada do adesivo e forma\u00e7\u00e3o de uma boa camada h\u00edbrida, resultando assim em elevada for\u00e7a adesiva e qualidade de ades\u00e3o.<\/span><\/span><span class=\"LineBreakBlob BlobObject DragDrop SCXW205328353 BCX8\"><span class=\"SCXW205328353 BCX8\">\u00a0<\/span><br class=\"SCXW205328353 BCX8\" \/><\/span><span class=\"TextRun SCXW205328353 BCX8\" lang=\"PT-BR\" xml:lang=\"PT-BR\" data-contrast=\"auto\"><span class=\"NormalTextRun SCXW205328353 BCX8\" data-ccp-parastyle=\"paragraph\">&#8211; Combina\u00e7\u00e3o de primer e <\/span><span class=\"NormalTextRun SpellingErrorV2 SCXW205328353 BCX8\" data-ccp-parastyle=\"paragraph\">bond<\/span><span class=\"NormalTextRun SCXW205328353 BCX8\" data-ccp-parastyle=\"paragraph\">\u00a0no mesmo frasco, simplificando as etapas.<\/span><\/span><span class=\"LineBreakBlob BlobObject DragDrop SCXW205328353 BCX8\"><span class=\"SCXW205328353 BCX8\">\u00a0<\/span><br class=\"SCXW205328353 BCX8\" \/><\/span><span class=\"TextRun SCXW205328353 BCX8\" lang=\"PT-BR\" xml:lang=\"PT-BR\" data-contrast=\"auto\"><span class=\"NormalTextRun SCXW205328353 BCX8\" data-ccp-parastyle=\"paragraph\">&#8211; Solvente a base de etanol.<\/span><\/span><span class=\"LineBreakBlob BlobObject DragDrop SCXW205328353 BCX8\"><span class=\"SCXW205328353 BCX8\">\u00a0<\/span><br class=\"SCXW205328353 BCX8\" \/><\/span><span class=\"TextRun SCXW205328353 BCX8\" lang=\"PT-BR\" xml:lang=\"PT-BR\" data-contrast=\"auto\"><span class=\"NormalTextRun SCXW205328353 BCX8\" data-ccp-parastyle=\"paragraph\">&#8211; T\u00e9cnica do condicionamento \u00e1cido total.<\/span><\/span><span class=\"LineBreakBlob BlobObject DragDrop SCXW205328353 BCX8\"><span class=\"SCXW205328353 BCX8\">\u00a0<\/span><br class=\"SCXW205328353 BCX8\" \/><\/span><span class=\"TextRun SCXW205328353 BCX8\" lang=\"PT-BR\" xml:lang=\"PT-BR\" data-contrast=\"auto\"><span class=\"NormalTextRun SCXW205328353 BCX8\" data-ccp-parastyle=\"paragraph\">&#8211; N\u00e3o \u00e9 necess\u00e1rio agitar o frasco antes do uso.<\/span><\/span><span class=\"LineBreakBlob BlobObject DragDrop SCXW205328353 BCX8\"><span class=\"SCXW205328353 BCX8\">\u00a0<\/span><br class=\"SCXW205328353 BCX8\" \/><\/span><span class=\"TextRun SCXW205328353 BCX8\" lang=\"PT-BR\" xml:lang=\"PT-BR\" data-contrast=\"auto\"><span class=\"NormalTextRun SCXW205328353 BCX8\" data-ccp-parastyle=\"paragraph\">&#8211; Registro ANVISA: 80172310045.<\/span><\/span><span class=\"LineBreakBlob BlobObject DragDrop SCXW205328353 BCX8\"><span class=\"SCXW205328353 BCX8\">\u00a0<\/span><br class=\"SCXW205328353 BCX8\" \/><\/span><span class=\"TextRun SCXW205328353 BCX8\" lang=\"PT-BR\" xml:lang=\"PT-BR\" data-contrast=\"auto\"><span class=\"NormalTextRun SCXW205328353 BCX8\" data-ccp-parastyle=\"paragraph\">&#8211; Validade: 3 anos ap\u00f3s a data de fabrica\u00e7\u00e3o<\/span><span class=\"NormalTextRun SCXW205328353 BCX8\" data-ccp-parastyle=\"paragraph\">.<\/span><\/span><span class=\"EOP SCXW205328353 BCX8\" data-ccp-props=\"{&quot;134233117&quot;:true,&quot;134233118&quot;:true,&quot;201341983&quot;:0,&quot;335559740&quot;:360}\">\u00a0<\/span><\/p>\n<ul>\n<li><strong>APLICA\u00c7\u00c3O<\/strong><\/li>\n<\/ul>\n<p><span data-contrast=\"auto\">O\u00a0<\/span><strong><span data-contrast=\"auto\">Adesivo\u00a0Ambar\u00a0APS<\/span><\/strong><span data-contrast=\"auto\">\u00a0da\u00a0<\/span><strong><span data-contrast=\"auto\">FGM<\/span><\/strong><span data-contrast=\"auto\">\u00a0\u00e9 um sistema adesivo para esmalte e dentina, refer\u00eancia em resist\u00eancia e longevidade adesiva.\u00a0Pode ser utilizado em todas as classes de restaura\u00e7\u00f5es diretas com comp\u00f3sitos (classes I, II, III, IV e V) e cimentos\u00a0ionom\u00e9ricos\u00a0fotopolimeriz\u00e1veis; Reparos adesivos em cer\u00e2mica e comp\u00f3sitos e na cimenta\u00e7\u00e3o adesiva\u00a0(em conjunto com cimento resinoso) de pe\u00e7as prot\u00e9ticas (pinos intracanais\/n\u00facleos, coroas,\u00a0onlays\/inlays\u00a0e facetas) em fibra de vidro,\u00a0cer\u00f4mero, cer\u00e2mica, resina e metal.<\/span><span data-ccp-props=\"{&quot;134233117&quot;:true,&quot;134233118&quot;:true,&quot;201341983&quot;:0,&quot;335551550&quot;:6,&quot;335551620&quot;:6,&quot;335559740&quot;:360}\">\u00a0<\/span><\/p>\n<p><strong>Passo a Passo Ambar APS<\/strong><\/p>\n<p><span data-contrast=\"auto\">1.A superf\u00edcie a ser restaurada deve ser limpa e ent\u00e3o condicionado com\u00a0<\/span><a href=\"https:\/\/www.dentalcremer.com.br\/condicionador-acido-fosforico-condac-37-fgm-282085.html\" target=\"_blank\" rel=\"noopener\"><span data-contrast=\"none\">\u00e1cido fosf\u00f3rico Condac 37%<\/span><\/a><span data-contrast=\"auto\">\u00a0por 15 segundos (mesmo tempo para esmalte e dentina). \u00c9 importante a obten\u00e7\u00e3o de isolamento do dente, seja com isolamento absoluto ou com relativo eficiente (conforme o caso).<\/span><span data-ccp-props=\"{&quot;134233117&quot;:true,&quot;134233118&quot;:true,&quot;201341983&quot;:0,&quot;335551550&quot;:6,&quot;335551620&quot;:6,&quot;335559740&quot;:360}\">\u00a0<\/span><\/p>\n<p><span data-contrast=\"auto\">2.Lave a superf\u00edcie com \u00e1gua em abund\u00e2ncia e seque a cavidade at\u00e9 que esteja \u00famida, n\u00e3o desidratada.<\/span><\/p>\n<p><span data-contrast=\"auto\">3.Com aux\u00edlio de um\u00a0<\/span><a href=\"https:\/\/www.dentalcremer.com.br\/aplicador-cavibrush-fgm-dc10242.html\" target=\"_blank\" rel=\"noopener\"><span data-contrast=\"none\">microaplicador\u00a0Cavibrush<\/span><\/a><span data-contrast=\"auto\">, o adesivo \u00e9 aplicado esfregando a primeira gota do produto por 10 segundos. Em seguida, nova camada de adesivo \u00e9 aplicada na mesma superf\u00edcie por mais 10 segundos.<\/span><span data-ccp-props=\"{&quot;134233117&quot;:true,&quot;134233118&quot;:true,&quot;201341983&quot;:0,&quot;335551550&quot;:6,&quot;335551620&quot;:6,&quot;335559740&quot;:360}\">\u00a0<\/span><\/p>\n<p><span data-contrast=\"auto\">4.Aplica-se ent\u00e3o jato de ar por 10 segundos, o que contribui para evapora\u00e7\u00e3o do solvente e, consequentemente, para o aumento da ades\u00e3o.<\/span><\/p>\n<p><span data-contrast=\"auto\">5.O adesivo deve serfotopolimerizado por 10 segundos e ent\u00e3o, procede-se a restaura\u00e7\u00e3o.<\/span><span data-ccp-props=\"{&quot;134233117&quot;:true,&quot;134233118&quot;:true,&quot;201341983&quot;:0,&quot;335551550&quot;:6,&quot;335551620&quot;:6,&quot;335559740&quot;:360}\">\u00a0<\/span><\/p>\n<p><span data-contrast=\"auto\">Obs: em aplica\u00e7\u00e3o intracanal do adesivo, o tempo de\u00a0fotoativa\u00e7\u00e3o\u00a0deve ser estendido para 20 segundos.<\/span><span data-ccp-props=\"{&quot;134233117&quot;:true,&quot;134233118&quot;:true,&quot;201341983&quot;:0,&quot;335551550&quot;:6,&quot;335551620&quot;:6,&quot;335559740&quot;:360}\">\u00a0<\/span><\/p>\n","protected":false},"excerpt":{"rendered":"<p>Embalagem com 6ml. DETALHES \u00a0A sigla APS (Advanced\u00a0Polymerization\u00a0System) indica a incorpora\u00e7\u00e3o do exclusivo sistema de polimeriza\u00e7\u00e3o desenvolvido pela FGM, que consiste em uma combina\u00e7\u00e3o de diferentes foto-iniciadores que interagem entre [&hellip;]<\/p>\n","protected":false},"featured_media":1391,"template":"","meta":[],"product_brand":[],"product_cat":[77,51],"product_tag":[],"class_list":{"0":"post-1390","1":"product","2":"type-product","3":"status-publish","4":"has-post-thumbnail","6":"product_cat-adesivo","7":"product_cat-dentistica-e-estetica","9":"first","10":"instock","11":"shipping-taxable","12":"product-type-simple"},"yoast_head":"<!-- This site is optimized with the Yoast SEO plugin v27.6 - https:\/\/yoast.com\/product\/yoast-seo-wordpress\/ -->\n<title>Adesivo Ambar APS - FGM - Fator Dental<\/title>\n<meta name=\"robots\" content=\"index, follow, max-snippet:-1, max-image-preview:large, max-video-preview:-1\" \/>\n<link rel=\"canonical\" href=\"https:\/\/fatordental.com.br\/index.php\/produto\/adesivo-ambar-aps-fgm\/\" \/>\n<meta property=\"og:locale\" content=\"pt_BR\" \/>\n<meta property=\"og:type\" content=\"article\" \/>\n<meta property=\"og:title\" content=\"Adesivo Ambar APS - FGM - Fator Dental\" \/>\n<meta property=\"og:description\" content=\"Embalagem com 6ml. DETALHES \u00a0A sigla APS (Advanced\u00a0Polymerization\u00a0System) indica a incorpora\u00e7\u00e3o do exclusivo sistema de polimeriza\u00e7\u00e3o desenvolvido pela FGM, que consiste em uma combina\u00e7\u00e3o de diferentes foto-iniciadores que interagem entre [&hellip;]\" \/>\n<meta property=\"og:url\" content=\"https:\/\/fatordental.com.br\/index.php\/produto\/adesivo-ambar-aps-fgm\/\" \/>\n<meta property=\"og:site_name\" content=\"Fator Dental\" \/>\n<meta property=\"og:image\" content=\"https:\/\/fatordental.com.br\/wp-content\/uploads\/2023\/06\/adesivo-ambar-aps-fgm-embalagem-907285.jpg\" \/>\n\t<meta property=\"og:image:width\" content=\"900\" \/>\n\t<meta property=\"og:image:height\" content=\"900\" \/>\n\t<meta property=\"og:image:type\" content=\"image\/jpeg\" \/>\n<meta name=\"twitter:card\" content=\"summary_large_image\" \/>\n<meta name=\"twitter:label1\" content=\"Est. tempo de leitura\" \/>\n\t<meta name=\"twitter:data1\" content=\"3 minutos\" \/>\n<script type=\"application\/ld+json\" class=\"yoast-schema-graph\">{\"@context\":\"https:\\\/\\\/schema.org\",\"@graph\":[{\"@type\":\"WebPage\",\"@id\":\"https:\\\/\\\/fatordental.com.br\\\/index.php\\\/produto\\\/adesivo-ambar-aps-fgm\\\/\",\"url\":\"https:\\\/\\\/fatordental.com.br\\\/index.php\\\/produto\\\/adesivo-ambar-aps-fgm\\\/\",\"name\":\"Adesivo Ambar APS - FGM - Fator Dental\",\"isPartOf\":{\"@id\":\"https:\\\/\\\/fatordental.com.br\\\/#website\"},\"primaryImageOfPage\":{\"@id\":\"https:\\\/\\\/fatordental.com.br\\\/index.php\\\/produto\\\/adesivo-ambar-aps-fgm\\\/#primaryimage\"},\"image\":{\"@id\":\"https:\\\/\\\/fatordental.com.br\\\/index.php\\\/produto\\\/adesivo-ambar-aps-fgm\\\/#primaryimage\"},\"thumbnailUrl\":\"https:\\\/\\\/fatordental.com.br\\\/wp-content\\\/uploads\\\/2023\\\/06\\\/adesivo-ambar-aps-fgm-embalagem-907285.jpg\",\"datePublished\":\"2023-06-05T12:27:58+00:00\",\"breadcrumb\":{\"@id\":\"https:\\\/\\\/fatordental.com.br\\\/index.php\\\/produto\\\/adesivo-ambar-aps-fgm\\\/#breadcrumb\"},\"inLanguage\":\"pt-BR\",\"potentialAction\":[{\"@type\":\"ReadAction\",\"target\":[\"https:\\\/\\\/fatordental.com.br\\\/index.php\\\/produto\\\/adesivo-ambar-aps-fgm\\\/\"]}]},{\"@type\":\"ImageObject\",\"inLanguage\":\"pt-BR\",\"@id\":\"https:\\\/\\\/fatordental.com.br\\\/index.php\\\/produto\\\/adesivo-ambar-aps-fgm\\\/#primaryimage\",\"url\":\"https:\\\/\\\/fatordental.com.br\\\/wp-content\\\/uploads\\\/2023\\\/06\\\/adesivo-ambar-aps-fgm-embalagem-907285.jpg\",\"contentUrl\":\"https:\\\/\\\/fatordental.com.br\\\/wp-content\\\/uploads\\\/2023\\\/06\\\/adesivo-ambar-aps-fgm-embalagem-907285.jpg\",\"width\":900,\"height\":900},{\"@type\":\"BreadcrumbList\",\"@id\":\"https:\\\/\\\/fatordental.com.br\\\/index.php\\\/produto\\\/adesivo-ambar-aps-fgm\\\/#breadcrumb\",\"itemListElement\":[{\"@type\":\"ListItem\",\"position\":1,\"name\":\"In\u00edcio\",\"item\":\"https:\\\/\\\/fatordental.com.br\\\/\"},{\"@type\":\"ListItem\",\"position\":2,\"name\":\"Produtos\",\"item\":\"https:\\\/\\\/fatordental.com.br\\\/index.php\\\/produtos\\\/\"},{\"@type\":\"ListItem\",\"position\":3,\"name\":\"Adesivo Ambar APS &#8211; FGM\"}]},{\"@type\":\"WebSite\",\"@id\":\"https:\\\/\\\/fatordental.com.br\\\/#website\",\"url\":\"https:\\\/\\\/fatordental.com.br\\\/\",\"name\":\"Fator Dental\",\"description\":\"Produtos Ondontol\u00f3gicos\",\"publisher\":{\"@id\":\"https:\\\/\\\/fatordental.com.br\\\/#organization\"},\"potentialAction\":[{\"@type\":\"SearchAction\",\"target\":{\"@type\":\"EntryPoint\",\"urlTemplate\":\"https:\\\/\\\/fatordental.com.br\\\/?s={search_term_string}\"},\"query-input\":{\"@type\":\"PropertyValueSpecification\",\"valueRequired\":true,\"valueName\":\"search_term_string\"}}],\"inLanguage\":\"pt-BR\"},{\"@type\":\"Organization\",\"@id\":\"https:\\\/\\\/fatordental.com.br\\\/#organization\",\"name\":\"Fator Dental\",\"url\":\"https:\\\/\\\/fatordental.com.br\\\/\",\"logo\":{\"@type\":\"ImageObject\",\"inLanguage\":\"pt-BR\",\"@id\":\"https:\\\/\\\/fatordental.com.br\\\/#\\\/schema\\\/logo\\\/image\\\/\",\"url\":\"https:\\\/\\\/fatordental.com.br\\\/wp-content\\\/uploads\\\/2023\\\/02\\\/logo_fator.png\",\"contentUrl\":\"https:\\\/\\\/fatordental.com.br\\\/wp-content\\\/uploads\\\/2023\\\/02\\\/logo_fator.png\",\"width\":400,\"height\":256,\"caption\":\"Fator Dental\"},\"image\":{\"@id\":\"https:\\\/\\\/fatordental.com.br\\\/#\\\/schema\\\/logo\\\/image\\\/\"},\"sameAs\":[\"https:\\\/\\\/www.instagram.com\\\/fatordental\\\/\"]}]}<\/script>\n<!-- \/ Yoast SEO plugin. -->","yoast_head_json":{"title":"Adesivo Ambar APS - FGM - Fator Dental","robots":{"index":"index","follow":"follow","max-snippet":"max-snippet:-1","max-image-preview":"max-image-preview:large","max-video-preview":"max-video-preview:-1"},"canonical":"https:\/\/fatordental.com.br\/index.php\/produto\/adesivo-ambar-aps-fgm\/","og_locale":"pt_BR","og_type":"article","og_title":"Adesivo Ambar APS - FGM - Fator Dental","og_description":"Embalagem com 6ml. DETALHES \u00a0A sigla APS (Advanced\u00a0Polymerization\u00a0System) indica a incorpora\u00e7\u00e3o do exclusivo sistema de polimeriza\u00e7\u00e3o desenvolvido pela FGM, que consiste em uma combina\u00e7\u00e3o de diferentes foto-iniciadores que interagem entre [&hellip;]","og_url":"https:\/\/fatordental.com.br\/index.php\/produto\/adesivo-ambar-aps-fgm\/","og_site_name":"Fator Dental","og_image":[{"width":900,"height":900,"url":"https:\/\/fatordental.com.br\/wp-content\/uploads\/2023\/06\/adesivo-ambar-aps-fgm-embalagem-907285.jpg","type":"image\/jpeg"}],"twitter_card":"summary_large_image","twitter_misc":{"Est. tempo de leitura":"3 minutos"},"schema":{"@context":"https:\/\/schema.org","@graph":[{"@type":"WebPage","@id":"https:\/\/fatordental.com.br\/index.php\/produto\/adesivo-ambar-aps-fgm\/","url":"https:\/\/fatordental.com.br\/index.php\/produto\/adesivo-ambar-aps-fgm\/","name":"Adesivo Ambar APS - FGM - Fator Dental","isPartOf":{"@id":"https:\/\/fatordental.com.br\/#website"},"primaryImageOfPage":{"@id":"https:\/\/fatordental.com.br\/index.php\/produto\/adesivo-ambar-aps-fgm\/#primaryimage"},"image":{"@id":"https:\/\/fatordental.com.br\/index.php\/produto\/adesivo-ambar-aps-fgm\/#primaryimage"},"thumbnailUrl":"https:\/\/fatordental.com.br\/wp-content\/uploads\/2023\/06\/adesivo-ambar-aps-fgm-embalagem-907285.jpg","datePublished":"2023-06-05T12:27:58+00:00","breadcrumb":{"@id":"https:\/\/fatordental.com.br\/index.php\/produto\/adesivo-ambar-aps-fgm\/#breadcrumb"},"inLanguage":"pt-BR","potentialAction":[{"@type":"ReadAction","target":["https:\/\/fatordental.com.br\/index.php\/produto\/adesivo-ambar-aps-fgm\/"]}]},{"@type":"ImageObject","inLanguage":"pt-BR","@id":"https:\/\/fatordental.com.br\/index.php\/produto\/adesivo-ambar-aps-fgm\/#primaryimage","url":"https:\/\/fatordental.com.br\/wp-content\/uploads\/2023\/06\/adesivo-ambar-aps-fgm-embalagem-907285.jpg","contentUrl":"https:\/\/fatordental.com.br\/wp-content\/uploads\/2023\/06\/adesivo-ambar-aps-fgm-embalagem-907285.jpg","width":900,"height":900},{"@type":"BreadcrumbList","@id":"https:\/\/fatordental.com.br\/index.php\/produto\/adesivo-ambar-aps-fgm\/#breadcrumb","itemListElement":[{"@type":"ListItem","position":1,"name":"In\u00edcio","item":"https:\/\/fatordental.com.br\/"},{"@type":"ListItem","position":2,"name":"Produtos","item":"https:\/\/fatordental.com.br\/index.php\/produtos\/"},{"@type":"ListItem","position":3,"name":"Adesivo Ambar APS &#8211; FGM"}]},{"@type":"WebSite","@id":"https:\/\/fatordental.com.br\/#website","url":"https:\/\/fatordental.com.br\/","name":"Fator Dental","description":"Produtos Ondontol\u00f3gicos","publisher":{"@id":"https:\/\/fatordental.com.br\/#organization"},"potentialAction":[{"@type":"SearchAction","target":{"@type":"EntryPoint","urlTemplate":"https:\/\/fatordental.com.br\/?s={search_term_string}"},"query-input":{"@type":"PropertyValueSpecification","valueRequired":true,"valueName":"search_term_string"}}],"inLanguage":"pt-BR"},{"@type":"Organization","@id":"https:\/\/fatordental.com.br\/#organization","name":"Fator Dental","url":"https:\/\/fatordental.com.br\/","logo":{"@type":"ImageObject","inLanguage":"pt-BR","@id":"https:\/\/fatordental.com.br\/#\/schema\/logo\/image\/","url":"https:\/\/fatordental.com.br\/wp-content\/uploads\/2023\/02\/logo_fator.png","contentUrl":"https:\/\/fatordental.com.br\/wp-content\/uploads\/2023\/02\/logo_fator.png","width":400,"height":256,"caption":"Fator Dental"},"image":{"@id":"https:\/\/fatordental.com.br\/#\/schema\/logo\/image\/"},"sameAs":["https:\/\/www.instagram.com\/fatordental\/"]}]}},"_links":{"self":[{"href":"https:\/\/fatordental.com.br\/index.php\/wp-json\/wp\/v2\/product\/1390","targetHints":{"allow":["GET"]}}],"collection":[{"href":"https:\/\/fatordental.com.br\/index.php\/wp-json\/wp\/v2\/product"}],"about":[{"href":"https:\/\/fatordental.com.br\/index.php\/wp-json\/wp\/v2\/types\/product"}],"wp:featuredmedia":[{"embeddable":true,"href":"https:\/\/fatordental.com.br\/index.php\/wp-json\/wp\/v2\/media\/1391"}],"wp:attachment":[{"href":"https:\/\/fatordental.com.br\/index.php\/wp-json\/wp\/v2\/media?parent=1390"}],"wp:term":[{"taxonomy":"product_brand","embeddable":true,"href":"https:\/\/fatordental.com.br\/index.php\/wp-json\/wp\/v2\/product_brand?post=1390"},{"taxonomy":"product_cat","embeddable":true,"href":"https:\/\/fatordental.com.br\/index.php\/wp-json\/wp\/v2\/product_cat?post=1390"},{"taxonomy":"product_tag","embeddable":true,"href":"https:\/\/fatordental.com.br\/index.php\/wp-json\/wp\/v2\/product_tag?post=1390"}],"curies":[{"name":"wp","href":"https:\/\/api.w.org\/{rel}","templated":true}]}}