{"id":1372,"date":"2023-06-04T17:07:24","date_gmt":"2023-06-04T20:07:24","guid":{"rendered":"https:\/\/fatordental.com.br\/?post_type=product&#038;p=1372"},"modified":"2023-06-04T17:07:24","modified_gmt":"2023-06-04T20:07:24","slug":"enxerto-osseo-bovino-lumina-bone-05g-medio-criteria","status":"publish","type":"product","link":"https:\/\/fatordental.com.br\/index.php\/produto\/enxerto-osseo-bovino-lumina-bone-05g-medio-criteria\/","title":{"rendered":"Enxerto \u00d3sseo Bovino Lumina Bone 0,5g M\u00e9dio &#8211; Crit\u00e9ria"},"content":{"rendered":"<p class=\"value\"><strong>Embalagem com 0,5g.<\/strong><\/p>\n<ul>\n<li><strong>DETALHES<\/strong><\/li>\n<\/ul>\n<p>&#8211; Produto de origem bovina. Como composto mineral do c\u00e1lcio e f\u00f3sforo, e acelular, ele possui extrema semelhan\u00e7a com o tecido \u00f3sseo mineral do corpo humano, sendo plenamente biocompat\u00edvel.<br \/>\n&#8211; Atua como um estimulador para neoforma\u00e7\u00e3o \u00f3ssea. Dentro das caracter\u00edsticas deste material, como a origem de osso cortical e tamanho de gr\u00e2nulos, \u00e9 absorvido pelo organismo em um prazo relativamente mais lento (de 7 a 9 meses), indicado para procedimentos cir\u00fargicos de preenchimento e ganho de volume.<br \/>\n&#8211; Com uma estrutura macroporosa, ele \u00e9 altamente hidrof\u00edlico, proporcionando facilidade de manuseio ao ser misturado com o sangue do paciente e\/ou soro fisiol\u00f3gico antes da aplica\u00e7\u00e3o.<br \/>\n&#8211; Seu ph corresponde a n\u00edveis fisiol\u00f3gicos citados em literatura, o que \u00e9 muito importante durante as fases iniciais de implanta\u00e7\u00e3o.<br \/>\n&#8211; Gr\u00e2nulos M\u00e9dios: 425 a 600\u00b5 &#8211; 0,6cm\u00b3.<br \/>\n&#8211; Validade: 2 anos.<br \/>\n&#8211; Registro ANVISA: 80522420001.<\/p>\n<ul>\n<li><strong>APLICA\u00c7\u00c3O<\/strong><\/li>\n<\/ul>\n<p>&#8211; Indicado para preenchimento cir\u00fargico com finalidade de manuten\u00e7\u00e3o de volume \u00f3sseo;<br \/>\n&#8211; Corre\u00e7\u00f5es de volume das paredes \u00f3sseas vestibulares, com finalidade est\u00e9tica decorrentes de frenestra\u00e7\u00f5es ou deisc\u00eancia \u00f3ssea periimplantares;<br \/>\n&#8211; Corre\u00e7\u00f5es de volume com finalidade est\u00e9tica em \u00e1reas de p\u00f4nticos prot\u00e9ticos.<br \/>\n&#8211; um excelente recurso material para preserva\u00e7\u00e3o de alv\u00e9olos p\u00f3s exodontia e preenchimento de gap entre o implante e a parede vestibular de modo seguro, simples e econ\u00f4mico.<\/p>\n","protected":false},"excerpt":{"rendered":"<p>Embalagem com 0,5g. DETALHES &#8211; Produto de origem bovina. Como composto mineral do c\u00e1lcio e f\u00f3sforo, e acelular, ele possui extrema semelhan\u00e7a com o tecido \u00f3sseo mineral do corpo humano, [&hellip;]<\/p>\n","protected":false},"featured_media":1371,"template":"","meta":[],"product_brand":[],"product_cat":[39,151,150],"product_tag":[],"class_list":{"0":"post-1372","1":"product","2":"type-product","3":"status-publish","4":"has-post-thumbnail","6":"product_cat-cirurgia-e-periodontia","7":"product_cat-implantodontia","8":"product_cat-regeneracao-ossea","10":"first","11":"instock","12":"shipping-taxable","13":"product-type-simple"},"yoast_head":"<!-- This site is optimized with the Yoast SEO plugin v26.8 - https:\/\/yoast.com\/product\/yoast-seo-wordpress\/ -->\n<title>Enxerto \u00d3sseo Bovino Lumina Bone 0,5g M\u00e9dio - Crit\u00e9ria - Fator Dental<\/title>\n<meta name=\"robots\" content=\"index, follow, max-snippet:-1, max-image-preview:large, max-video-preview:-1\" \/>\n<link rel=\"canonical\" href=\"https:\/\/fatordental.com.br\/index.php\/produto\/enxerto-osseo-bovino-lumina-bone-05g-medio-criteria\/\" \/>\n<meta property=\"og:locale\" content=\"pt_BR\" \/>\n<meta property=\"og:type\" content=\"article\" \/>\n<meta property=\"og:title\" content=\"Enxerto \u00d3sseo Bovino Lumina Bone 0,5g M\u00e9dio - Crit\u00e9ria - Fator Dental\" \/>\n<meta property=\"og:description\" content=\"Embalagem com 0,5g. DETALHES &#8211; Produto de origem bovina. Como composto mineral do c\u00e1lcio e f\u00f3sforo, e acelular, ele possui extrema semelhan\u00e7a com o tecido \u00f3sseo mineral do corpo humano, [&hellip;]\" \/>\n<meta property=\"og:url\" content=\"https:\/\/fatordental.com.br\/index.php\/produto\/enxerto-osseo-bovino-lumina-bone-05g-medio-criteria\/\" \/>\n<meta property=\"og:site_name\" content=\"Fator Dental\" \/>\n<meta property=\"og:image\" content=\"https:\/\/fatordental.com.br\/wp-content\/uploads\/2023\/06\/enxerto-osseo-bovino-lumina-bone-criteria-121800.jpg\" \/>\n\t<meta property=\"og:image:width\" content=\"800\" \/>\n\t<meta property=\"og:image:height\" content=\"800\" \/>\n\t<meta property=\"og:image:type\" content=\"image\/jpeg\" \/>\n<meta name=\"twitter:card\" content=\"summary_large_image\" \/>\n<meta name=\"twitter:label1\" content=\"Est. tempo de leitura\" \/>\n\t<meta name=\"twitter:data1\" content=\"2 minutos\" \/>\n<script type=\"application\/ld+json\" class=\"yoast-schema-graph\">{\"@context\":\"https:\/\/schema.org\",\"@graph\":[{\"@type\":\"WebPage\",\"@id\":\"https:\/\/fatordental.com.br\/index.php\/produto\/enxerto-osseo-bovino-lumina-bone-05g-medio-criteria\/\",\"url\":\"https:\/\/fatordental.com.br\/index.php\/produto\/enxerto-osseo-bovino-lumina-bone-05g-medio-criteria\/\",\"name\":\"Enxerto \u00d3sseo Bovino Lumina Bone 0,5g M\u00e9dio - Crit\u00e9ria - Fator Dental\",\"isPartOf\":{\"@id\":\"https:\/\/fatordental.com.br\/#website\"},\"primaryImageOfPage\":{\"@id\":\"https:\/\/fatordental.com.br\/index.php\/produto\/enxerto-osseo-bovino-lumina-bone-05g-medio-criteria\/#primaryimage\"},\"image\":{\"@id\":\"https:\/\/fatordental.com.br\/index.php\/produto\/enxerto-osseo-bovino-lumina-bone-05g-medio-criteria\/#primaryimage\"},\"thumbnailUrl\":\"https:\/\/fatordental.com.br\/wp-content\/uploads\/2023\/06\/enxerto-osseo-bovino-lumina-bone-criteria-121800.jpg\",\"datePublished\":\"2023-06-04T20:07:24+00:00\",\"breadcrumb\":{\"@id\":\"https:\/\/fatordental.com.br\/index.php\/produto\/enxerto-osseo-bovino-lumina-bone-05g-medio-criteria\/#breadcrumb\"},\"inLanguage\":\"pt-BR\",\"potentialAction\":[{\"@type\":\"ReadAction\",\"target\":[\"https:\/\/fatordental.com.br\/index.php\/produto\/enxerto-osseo-bovino-lumina-bone-05g-medio-criteria\/\"]}]},{\"@type\":\"ImageObject\",\"inLanguage\":\"pt-BR\",\"@id\":\"https:\/\/fatordental.com.br\/index.php\/produto\/enxerto-osseo-bovino-lumina-bone-05g-medio-criteria\/#primaryimage\",\"url\":\"https:\/\/fatordental.com.br\/wp-content\/uploads\/2023\/06\/enxerto-osseo-bovino-lumina-bone-criteria-121800.jpg\",\"contentUrl\":\"https:\/\/fatordental.com.br\/wp-content\/uploads\/2023\/06\/enxerto-osseo-bovino-lumina-bone-criteria-121800.jpg\",\"width\":800,\"height\":800},{\"@type\":\"BreadcrumbList\",\"@id\":\"https:\/\/fatordental.com.br\/index.php\/produto\/enxerto-osseo-bovino-lumina-bone-05g-medio-criteria\/#breadcrumb\",\"itemListElement\":[{\"@type\":\"ListItem\",\"position\":1,\"name\":\"In\u00edcio\",\"item\":\"https:\/\/fatordental.com.br\/\"},{\"@type\":\"ListItem\",\"position\":2,\"name\":\"Produtos\",\"item\":\"https:\/\/fatordental.com.br\/index.php\/produtos\/\"},{\"@type\":\"ListItem\",\"position\":3,\"name\":\"Enxerto \u00d3sseo Bovino Lumina Bone 0,5g M\u00e9dio &#8211; Crit\u00e9ria\"}]},{\"@type\":\"WebSite\",\"@id\":\"https:\/\/fatordental.com.br\/#website\",\"url\":\"https:\/\/fatordental.com.br\/\",\"name\":\"Fator Dental\",\"description\":\"Produtos Ondontol\u00f3gicos\",\"publisher\":{\"@id\":\"https:\/\/fatordental.com.br\/#organization\"},\"potentialAction\":[{\"@type\":\"SearchAction\",\"target\":{\"@type\":\"EntryPoint\",\"urlTemplate\":\"https:\/\/fatordental.com.br\/?s={search_term_string}\"},\"query-input\":{\"@type\":\"PropertyValueSpecification\",\"valueRequired\":true,\"valueName\":\"search_term_string\"}}],\"inLanguage\":\"pt-BR\"},{\"@type\":\"Organization\",\"@id\":\"https:\/\/fatordental.com.br\/#organization\",\"name\":\"Fator Dental\",\"url\":\"https:\/\/fatordental.com.br\/\",\"logo\":{\"@type\":\"ImageObject\",\"inLanguage\":\"pt-BR\",\"@id\":\"https:\/\/fatordental.com.br\/#\/schema\/logo\/image\/\",\"url\":\"https:\/\/fatordental.com.br\/wp-content\/uploads\/2023\/02\/logo_fator.png\",\"contentUrl\":\"https:\/\/fatordental.com.br\/wp-content\/uploads\/2023\/02\/logo_fator.png\",\"width\":400,\"height\":256,\"caption\":\"Fator Dental\"},\"image\":{\"@id\":\"https:\/\/fatordental.com.br\/#\/schema\/logo\/image\/\"},\"sameAs\":[\"https:\/\/www.instagram.com\/fatordental\/\"]}]}<\/script>\n<!-- \/ Yoast SEO plugin. -->","yoast_head_json":{"title":"Enxerto \u00d3sseo Bovino Lumina Bone 0,5g M\u00e9dio - Crit\u00e9ria - Fator Dental","robots":{"index":"index","follow":"follow","max-snippet":"max-snippet:-1","max-image-preview":"max-image-preview:large","max-video-preview":"max-video-preview:-1"},"canonical":"https:\/\/fatordental.com.br\/index.php\/produto\/enxerto-osseo-bovino-lumina-bone-05g-medio-criteria\/","og_locale":"pt_BR","og_type":"article","og_title":"Enxerto \u00d3sseo Bovino Lumina Bone 0,5g M\u00e9dio - Crit\u00e9ria - Fator Dental","og_description":"Embalagem com 0,5g. DETALHES &#8211; Produto de origem bovina. Como composto mineral do c\u00e1lcio e f\u00f3sforo, e acelular, ele possui extrema semelhan\u00e7a com o tecido \u00f3sseo mineral do corpo humano, [&hellip;]","og_url":"https:\/\/fatordental.com.br\/index.php\/produto\/enxerto-osseo-bovino-lumina-bone-05g-medio-criteria\/","og_site_name":"Fator Dental","og_image":[{"width":800,"height":800,"url":"https:\/\/fatordental.com.br\/wp-content\/uploads\/2023\/06\/enxerto-osseo-bovino-lumina-bone-criteria-121800.jpg","type":"image\/jpeg"}],"twitter_card":"summary_large_image","twitter_misc":{"Est. tempo de leitura":"2 minutos"},"schema":{"@context":"https:\/\/schema.org","@graph":[{"@type":"WebPage","@id":"https:\/\/fatordental.com.br\/index.php\/produto\/enxerto-osseo-bovino-lumina-bone-05g-medio-criteria\/","url":"https:\/\/fatordental.com.br\/index.php\/produto\/enxerto-osseo-bovino-lumina-bone-05g-medio-criteria\/","name":"Enxerto \u00d3sseo Bovino Lumina Bone 0,5g M\u00e9dio - Crit\u00e9ria - Fator Dental","isPartOf":{"@id":"https:\/\/fatordental.com.br\/#website"},"primaryImageOfPage":{"@id":"https:\/\/fatordental.com.br\/index.php\/produto\/enxerto-osseo-bovino-lumina-bone-05g-medio-criteria\/#primaryimage"},"image":{"@id":"https:\/\/fatordental.com.br\/index.php\/produto\/enxerto-osseo-bovino-lumina-bone-05g-medio-criteria\/#primaryimage"},"thumbnailUrl":"https:\/\/fatordental.com.br\/wp-content\/uploads\/2023\/06\/enxerto-osseo-bovino-lumina-bone-criteria-121800.jpg","datePublished":"2023-06-04T20:07:24+00:00","breadcrumb":{"@id":"https:\/\/fatordental.com.br\/index.php\/produto\/enxerto-osseo-bovino-lumina-bone-05g-medio-criteria\/#breadcrumb"},"inLanguage":"pt-BR","potentialAction":[{"@type":"ReadAction","target":["https:\/\/fatordental.com.br\/index.php\/produto\/enxerto-osseo-bovino-lumina-bone-05g-medio-criteria\/"]}]},{"@type":"ImageObject","inLanguage":"pt-BR","@id":"https:\/\/fatordental.com.br\/index.php\/produto\/enxerto-osseo-bovino-lumina-bone-05g-medio-criteria\/#primaryimage","url":"https:\/\/fatordental.com.br\/wp-content\/uploads\/2023\/06\/enxerto-osseo-bovino-lumina-bone-criteria-121800.jpg","contentUrl":"https:\/\/fatordental.com.br\/wp-content\/uploads\/2023\/06\/enxerto-osseo-bovino-lumina-bone-criteria-121800.jpg","width":800,"height":800},{"@type":"BreadcrumbList","@id":"https:\/\/fatordental.com.br\/index.php\/produto\/enxerto-osseo-bovino-lumina-bone-05g-medio-criteria\/#breadcrumb","itemListElement":[{"@type":"ListItem","position":1,"name":"In\u00edcio","item":"https:\/\/fatordental.com.br\/"},{"@type":"ListItem","position":2,"name":"Produtos","item":"https:\/\/fatordental.com.br\/index.php\/produtos\/"},{"@type":"ListItem","position":3,"name":"Enxerto \u00d3sseo Bovino Lumina Bone 0,5g M\u00e9dio &#8211; Crit\u00e9ria"}]},{"@type":"WebSite","@id":"https:\/\/fatordental.com.br\/#website","url":"https:\/\/fatordental.com.br\/","name":"Fator Dental","description":"Produtos Ondontol\u00f3gicos","publisher":{"@id":"https:\/\/fatordental.com.br\/#organization"},"potentialAction":[{"@type":"SearchAction","target":{"@type":"EntryPoint","urlTemplate":"https:\/\/fatordental.com.br\/?s={search_term_string}"},"query-input":{"@type":"PropertyValueSpecification","valueRequired":true,"valueName":"search_term_string"}}],"inLanguage":"pt-BR"},{"@type":"Organization","@id":"https:\/\/fatordental.com.br\/#organization","name":"Fator Dental","url":"https:\/\/fatordental.com.br\/","logo":{"@type":"ImageObject","inLanguage":"pt-BR","@id":"https:\/\/fatordental.com.br\/#\/schema\/logo\/image\/","url":"https:\/\/fatordental.com.br\/wp-content\/uploads\/2023\/02\/logo_fator.png","contentUrl":"https:\/\/fatordental.com.br\/wp-content\/uploads\/2023\/02\/logo_fator.png","width":400,"height":256,"caption":"Fator Dental"},"image":{"@id":"https:\/\/fatordental.com.br\/#\/schema\/logo\/image\/"},"sameAs":["https:\/\/www.instagram.com\/fatordental\/"]}]}},"_links":{"self":[{"href":"https:\/\/fatordental.com.br\/index.php\/wp-json\/wp\/v2\/product\/1372","targetHints":{"allow":["GET"]}}],"collection":[{"href":"https:\/\/fatordental.com.br\/index.php\/wp-json\/wp\/v2\/product"}],"about":[{"href":"https:\/\/fatordental.com.br\/index.php\/wp-json\/wp\/v2\/types\/product"}],"wp:featuredmedia":[{"embeddable":true,"href":"https:\/\/fatordental.com.br\/index.php\/wp-json\/wp\/v2\/media\/1371"}],"wp:attachment":[{"href":"https:\/\/fatordental.com.br\/index.php\/wp-json\/wp\/v2\/media?parent=1372"}],"wp:term":[{"taxonomy":"product_brand","embeddable":true,"href":"https:\/\/fatordental.com.br\/index.php\/wp-json\/wp\/v2\/product_brand?post=1372"},{"taxonomy":"product_cat","embeddable":true,"href":"https:\/\/fatordental.com.br\/index.php\/wp-json\/wp\/v2\/product_cat?post=1372"},{"taxonomy":"product_tag","embeddable":true,"href":"https:\/\/fatordental.com.br\/index.php\/wp-json\/wp\/v2\/product_tag?post=1372"}],"curies":[{"name":"wp","href":"https:\/\/api.w.org\/{rel}","templated":true}]}}