{"id":1368,"date":"2023-06-04T16:56:16","date_gmt":"2023-06-04T19:56:16","guid":{"rendered":"https:\/\/fatordental.com.br\/?post_type=product&#038;p=1368"},"modified":"2023-06-04T16:58:00","modified_gmt":"2023-06-04T19:58:00","slug":"membrana-biologica-bovina-lumina-coat-criteria","status":"publish","type":"product","link":"https:\/\/fatordental.com.br\/index.php\/produto\/membrana-biologica-bovina-lumina-coat-criteria\/","title":{"rendered":"Membrana Biol\u00f3gica Bovina Lumina-Coat &#8211; Crit\u00e9ria"},"content":{"rendered":"<p class=\"value\"><strong>Embalagem com 1 unidade. 20x30mm.<\/strong><\/p>\n<ul>\n<li><strong>DETALHES<\/strong><\/li>\n<\/ul>\n<p>&#8211; Membrana org\u00e2nica de col\u00e1geno natural tipo I.<br \/>\n&#8211; Proveniente da estrutura \u00f3ssea bovina desmineralizada.<br \/>\n&#8211; Composta basicamente por col\u00e1geno, tipo I, biocompat\u00edvel e est\u00e9ril para uso na \u00e1rea de medicina e odontologia.<br \/>\n&#8211; Possibilita a troca de flu\u00eddos e absor\u00e7\u00e3o pelo organismo, colaborando para a prote\u00e7\u00e3o do novo tecido \u00f3sseo.<br \/>\n&#8211; Atua como barreira em cirurgias que exigem regenera\u00e7\u00f5es teciduais provenientes de anomalias e\/ou perdas de tecidos \u00f3sseos e\/ou conjuntivo.<br \/>\n&#8211; Favorece a forma\u00e7\u00e3o de vasos sangu\u00edneos.<br \/>\n&#8211; Bioabsorv\u00edvel.<br \/>\n&#8211; Tamanho: 1x20x30mm.<br \/>\n&#8211; \u00c9 recomendado o uso da linha de enxertos \u00f3sseos Lumina-Bone da Crit\u00e9ria (vendido separadamente) para melhor aproveitamento da funcionalidade do Lumina-Coat.<br \/>\n&#8211; Per\u00edodo de absor\u00e7\u00e3o aproximadamente de 4 a 6 semanas.<br \/>\n&#8211; Validade: 2 anos.<br \/>\n&#8211; Registro ANVISA: 80522420002.<\/p>\n<ul>\n<li><strong>APLICA\u00c7\u00c3O<\/strong><\/li>\n<\/ul>\n<p>A\u00a0<strong>Membrana Biol\u00f3gica Bovina Lumina-Coat<\/strong>\u00a0da\u00a0<strong>Crit\u00e9ria\u00a0<\/strong>\u00e9 uma membrana org\u00e2nica natural tipo I, biocompat\u00edvel e est\u00e9ril, indicada como coadjuvante de regenera\u00e7\u00e3o e repara\u00e7\u00e3o \u00f3ssea em procedimentos cir\u00fargicos, como:<\/p>\n<p>* Recobrimento de defeitos \u00f3sseos.<br \/>\n* Prote\u00e7\u00e3o de s\u00edtios de defeitos \u00f3sseos.<br \/>\n* Prote\u00e7\u00e3o de furca radicular expostas.<br \/>\n* Les\u00f5es intra\u00f3sseas periodontais.<br \/>\n* Les\u00f5es periapicais.<br \/>\n* Recobrimento de volume de defeito \u00f3sseo e complementa\u00e7\u00e3o de enxertos minerais, evitando a invagina\u00e7\u00e3o de tecidos moles no local, at\u00e9 a devida regenera\u00e7\u00e3o \u00f3ssea.<br \/>\n* Fonte cedente de col\u00e1geno, tipo I, ao processo metab\u00f3lico e de regenera\u00e7\u00e3o tecidual, al\u00e9m das propriedades osteocondutora\/osteoindutora.<br \/>\n* Pequenas corre\u00e7\u00f5es de volume com finalidade est\u00e9tica.<br \/>\n* Pequenas corre\u00e7\u00f5es decorrentes de fenestra\u00e7\u00e3o ou deisc\u00eancia \u00f3ssea periodontal e peri-implanta.<br \/>\n* Barreira biomec\u00e2nica nos processos de regenera\u00e7\u00e3o tecidual guiada.<br \/>\n* Reconstitui\u00e7\u00e3o dos componentes do ligamento periodontal.<br \/>\n* Cicatriza\u00e7\u00e3o dos tecidos moles.<\/p>\n","protected":false},"excerpt":{"rendered":"<p>Embalagem com 1 unidade. 20x30mm. DETALHES &#8211; Membrana org\u00e2nica de col\u00e1geno natural tipo I. &#8211; Proveniente da estrutura \u00f3ssea bovina desmineralizada. &#8211; Composta basicamente por col\u00e1geno, tipo I, biocompat\u00edvel e [&hellip;]<\/p>\n","protected":false},"featured_media":1369,"template":"","meta":[],"product_brand":[],"product_cat":[39,151,150],"product_tag":[],"class_list":{"0":"post-1368","1":"product","2":"type-product","3":"status-publish","4":"has-post-thumbnail","6":"product_cat-cirurgia-e-periodontia","7":"product_cat-implantodontia","8":"product_cat-regeneracao-ossea","10":"first","11":"instock","12":"shipping-taxable","13":"product-type-simple"},"yoast_head":"<!-- This site is optimized with the Yoast SEO plugin v26.8 - https:\/\/yoast.com\/product\/yoast-seo-wordpress\/ -->\n<title>Membrana Biol\u00f3gica Bovina Lumina-Coat - Crit\u00e9ria - Fator Dental<\/title>\n<meta name=\"robots\" content=\"index, follow, max-snippet:-1, max-image-preview:large, max-video-preview:-1\" \/>\n<link rel=\"canonical\" href=\"https:\/\/fatordental.com.br\/index.php\/produto\/membrana-biologica-bovina-lumina-coat-criteria\/\" \/>\n<meta property=\"og:locale\" content=\"pt_BR\" \/>\n<meta property=\"og:type\" content=\"article\" \/>\n<meta property=\"og:title\" content=\"Membrana Biol\u00f3gica Bovina Lumina-Coat - Crit\u00e9ria - Fator Dental\" \/>\n<meta property=\"og:description\" content=\"Embalagem com 1 unidade. 20x30mm. DETALHES &#8211; Membrana org\u00e2nica de col\u00e1geno natural tipo I. &#8211; Proveniente da estrutura \u00f3ssea bovina desmineralizada. &#8211; Composta basicamente por col\u00e1geno, tipo I, biocompat\u00edvel e [&hellip;]\" \/>\n<meta property=\"og:url\" content=\"https:\/\/fatordental.com.br\/index.php\/produto\/membrana-biologica-bovina-lumina-coat-criteria\/\" \/>\n<meta property=\"og:site_name\" content=\"Fator Dental\" \/>\n<meta property=\"article:modified_time\" content=\"2023-06-04T19:58:00+00:00\" \/>\n<meta property=\"og:image\" content=\"https:\/\/fatordental.com.br\/wp-content\/uploads\/2023\/06\/membrana-biologica-bovina-lumina-coat-criteria-ds-11799-01.png\" \/>\n\t<meta property=\"og:image:width\" content=\"800\" \/>\n\t<meta property=\"og:image:height\" content=\"800\" \/>\n\t<meta property=\"og:image:type\" content=\"image\/png\" \/>\n<meta name=\"twitter:card\" content=\"summary_large_image\" \/>\n<meta name=\"twitter:label1\" content=\"Est. tempo de leitura\" \/>\n\t<meta name=\"twitter:data1\" content=\"2 minutos\" \/>\n<script type=\"application\/ld+json\" class=\"yoast-schema-graph\">{\"@context\":\"https:\/\/schema.org\",\"@graph\":[{\"@type\":\"WebPage\",\"@id\":\"https:\/\/fatordental.com.br\/index.php\/produto\/membrana-biologica-bovina-lumina-coat-criteria\/\",\"url\":\"https:\/\/fatordental.com.br\/index.php\/produto\/membrana-biologica-bovina-lumina-coat-criteria\/\",\"name\":\"Membrana Biol\u00f3gica Bovina Lumina-Coat - Crit\u00e9ria - Fator Dental\",\"isPartOf\":{\"@id\":\"https:\/\/fatordental.com.br\/#website\"},\"primaryImageOfPage\":{\"@id\":\"https:\/\/fatordental.com.br\/index.php\/produto\/membrana-biologica-bovina-lumina-coat-criteria\/#primaryimage\"},\"image\":{\"@id\":\"https:\/\/fatordental.com.br\/index.php\/produto\/membrana-biologica-bovina-lumina-coat-criteria\/#primaryimage\"},\"thumbnailUrl\":\"https:\/\/fatordental.com.br\/wp-content\/uploads\/2023\/06\/membrana-biologica-bovina-lumina-coat-criteria-ds-11799-01.png\",\"datePublished\":\"2023-06-04T19:56:16+00:00\",\"dateModified\":\"2023-06-04T19:58:00+00:00\",\"breadcrumb\":{\"@id\":\"https:\/\/fatordental.com.br\/index.php\/produto\/membrana-biologica-bovina-lumina-coat-criteria\/#breadcrumb\"},\"inLanguage\":\"pt-BR\",\"potentialAction\":[{\"@type\":\"ReadAction\",\"target\":[\"https:\/\/fatordental.com.br\/index.php\/produto\/membrana-biologica-bovina-lumina-coat-criteria\/\"]}]},{\"@type\":\"ImageObject\",\"inLanguage\":\"pt-BR\",\"@id\":\"https:\/\/fatordental.com.br\/index.php\/produto\/membrana-biologica-bovina-lumina-coat-criteria\/#primaryimage\",\"url\":\"https:\/\/fatordental.com.br\/wp-content\/uploads\/2023\/06\/membrana-biologica-bovina-lumina-coat-criteria-ds-11799-01.png\",\"contentUrl\":\"https:\/\/fatordental.com.br\/wp-content\/uploads\/2023\/06\/membrana-biologica-bovina-lumina-coat-criteria-ds-11799-01.png\",\"width\":800,\"height\":800},{\"@type\":\"BreadcrumbList\",\"@id\":\"https:\/\/fatordental.com.br\/index.php\/produto\/membrana-biologica-bovina-lumina-coat-criteria\/#breadcrumb\",\"itemListElement\":[{\"@type\":\"ListItem\",\"position\":1,\"name\":\"In\u00edcio\",\"item\":\"https:\/\/fatordental.com.br\/\"},{\"@type\":\"ListItem\",\"position\":2,\"name\":\"Produtos\",\"item\":\"https:\/\/fatordental.com.br\/index.php\/produtos\/\"},{\"@type\":\"ListItem\",\"position\":3,\"name\":\"Membrana Biol\u00f3gica Bovina Lumina-Coat &#8211; Crit\u00e9ria\"}]},{\"@type\":\"WebSite\",\"@id\":\"https:\/\/fatordental.com.br\/#website\",\"url\":\"https:\/\/fatordental.com.br\/\",\"name\":\"Fator Dental\",\"description\":\"Produtos Ondontol\u00f3gicos\",\"publisher\":{\"@id\":\"https:\/\/fatordental.com.br\/#organization\"},\"potentialAction\":[{\"@type\":\"SearchAction\",\"target\":{\"@type\":\"EntryPoint\",\"urlTemplate\":\"https:\/\/fatordental.com.br\/?s={search_term_string}\"},\"query-input\":{\"@type\":\"PropertyValueSpecification\",\"valueRequired\":true,\"valueName\":\"search_term_string\"}}],\"inLanguage\":\"pt-BR\"},{\"@type\":\"Organization\",\"@id\":\"https:\/\/fatordental.com.br\/#organization\",\"name\":\"Fator Dental\",\"url\":\"https:\/\/fatordental.com.br\/\",\"logo\":{\"@type\":\"ImageObject\",\"inLanguage\":\"pt-BR\",\"@id\":\"https:\/\/fatordental.com.br\/#\/schema\/logo\/image\/\",\"url\":\"https:\/\/fatordental.com.br\/wp-content\/uploads\/2023\/02\/logo_fator.png\",\"contentUrl\":\"https:\/\/fatordental.com.br\/wp-content\/uploads\/2023\/02\/logo_fator.png\",\"width\":400,\"height\":256,\"caption\":\"Fator Dental\"},\"image\":{\"@id\":\"https:\/\/fatordental.com.br\/#\/schema\/logo\/image\/\"},\"sameAs\":[\"https:\/\/www.instagram.com\/fatordental\/\"]}]}<\/script>\n<!-- \/ Yoast SEO plugin. -->","yoast_head_json":{"title":"Membrana Biol\u00f3gica Bovina Lumina-Coat - Crit\u00e9ria - Fator Dental","robots":{"index":"index","follow":"follow","max-snippet":"max-snippet:-1","max-image-preview":"max-image-preview:large","max-video-preview":"max-video-preview:-1"},"canonical":"https:\/\/fatordental.com.br\/index.php\/produto\/membrana-biologica-bovina-lumina-coat-criteria\/","og_locale":"pt_BR","og_type":"article","og_title":"Membrana Biol\u00f3gica Bovina Lumina-Coat - Crit\u00e9ria - Fator Dental","og_description":"Embalagem com 1 unidade. 20x30mm. DETALHES &#8211; Membrana org\u00e2nica de col\u00e1geno natural tipo I. &#8211; Proveniente da estrutura \u00f3ssea bovina desmineralizada. &#8211; Composta basicamente por col\u00e1geno, tipo I, biocompat\u00edvel e [&hellip;]","og_url":"https:\/\/fatordental.com.br\/index.php\/produto\/membrana-biologica-bovina-lumina-coat-criteria\/","og_site_name":"Fator Dental","article_modified_time":"2023-06-04T19:58:00+00:00","og_image":[{"width":800,"height":800,"url":"https:\/\/fatordental.com.br\/wp-content\/uploads\/2023\/06\/membrana-biologica-bovina-lumina-coat-criteria-ds-11799-01.png","type":"image\/png"}],"twitter_card":"summary_large_image","twitter_misc":{"Est. tempo de leitura":"2 minutos"},"schema":{"@context":"https:\/\/schema.org","@graph":[{"@type":"WebPage","@id":"https:\/\/fatordental.com.br\/index.php\/produto\/membrana-biologica-bovina-lumina-coat-criteria\/","url":"https:\/\/fatordental.com.br\/index.php\/produto\/membrana-biologica-bovina-lumina-coat-criteria\/","name":"Membrana Biol\u00f3gica Bovina Lumina-Coat - Crit\u00e9ria - Fator Dental","isPartOf":{"@id":"https:\/\/fatordental.com.br\/#website"},"primaryImageOfPage":{"@id":"https:\/\/fatordental.com.br\/index.php\/produto\/membrana-biologica-bovina-lumina-coat-criteria\/#primaryimage"},"image":{"@id":"https:\/\/fatordental.com.br\/index.php\/produto\/membrana-biologica-bovina-lumina-coat-criteria\/#primaryimage"},"thumbnailUrl":"https:\/\/fatordental.com.br\/wp-content\/uploads\/2023\/06\/membrana-biologica-bovina-lumina-coat-criteria-ds-11799-01.png","datePublished":"2023-06-04T19:56:16+00:00","dateModified":"2023-06-04T19:58:00+00:00","breadcrumb":{"@id":"https:\/\/fatordental.com.br\/index.php\/produto\/membrana-biologica-bovina-lumina-coat-criteria\/#breadcrumb"},"inLanguage":"pt-BR","potentialAction":[{"@type":"ReadAction","target":["https:\/\/fatordental.com.br\/index.php\/produto\/membrana-biologica-bovina-lumina-coat-criteria\/"]}]},{"@type":"ImageObject","inLanguage":"pt-BR","@id":"https:\/\/fatordental.com.br\/index.php\/produto\/membrana-biologica-bovina-lumina-coat-criteria\/#primaryimage","url":"https:\/\/fatordental.com.br\/wp-content\/uploads\/2023\/06\/membrana-biologica-bovina-lumina-coat-criteria-ds-11799-01.png","contentUrl":"https:\/\/fatordental.com.br\/wp-content\/uploads\/2023\/06\/membrana-biologica-bovina-lumina-coat-criteria-ds-11799-01.png","width":800,"height":800},{"@type":"BreadcrumbList","@id":"https:\/\/fatordental.com.br\/index.php\/produto\/membrana-biologica-bovina-lumina-coat-criteria\/#breadcrumb","itemListElement":[{"@type":"ListItem","position":1,"name":"In\u00edcio","item":"https:\/\/fatordental.com.br\/"},{"@type":"ListItem","position":2,"name":"Produtos","item":"https:\/\/fatordental.com.br\/index.php\/produtos\/"},{"@type":"ListItem","position":3,"name":"Membrana Biol\u00f3gica Bovina Lumina-Coat &#8211; Crit\u00e9ria"}]},{"@type":"WebSite","@id":"https:\/\/fatordental.com.br\/#website","url":"https:\/\/fatordental.com.br\/","name":"Fator Dental","description":"Produtos Ondontol\u00f3gicos","publisher":{"@id":"https:\/\/fatordental.com.br\/#organization"},"potentialAction":[{"@type":"SearchAction","target":{"@type":"EntryPoint","urlTemplate":"https:\/\/fatordental.com.br\/?s={search_term_string}"},"query-input":{"@type":"PropertyValueSpecification","valueRequired":true,"valueName":"search_term_string"}}],"inLanguage":"pt-BR"},{"@type":"Organization","@id":"https:\/\/fatordental.com.br\/#organization","name":"Fator Dental","url":"https:\/\/fatordental.com.br\/","logo":{"@type":"ImageObject","inLanguage":"pt-BR","@id":"https:\/\/fatordental.com.br\/#\/schema\/logo\/image\/","url":"https:\/\/fatordental.com.br\/wp-content\/uploads\/2023\/02\/logo_fator.png","contentUrl":"https:\/\/fatordental.com.br\/wp-content\/uploads\/2023\/02\/logo_fator.png","width":400,"height":256,"caption":"Fator Dental"},"image":{"@id":"https:\/\/fatordental.com.br\/#\/schema\/logo\/image\/"},"sameAs":["https:\/\/www.instagram.com\/fatordental\/"]}]}},"_links":{"self":[{"href":"https:\/\/fatordental.com.br\/index.php\/wp-json\/wp\/v2\/product\/1368","targetHints":{"allow":["GET"]}}],"collection":[{"href":"https:\/\/fatordental.com.br\/index.php\/wp-json\/wp\/v2\/product"}],"about":[{"href":"https:\/\/fatordental.com.br\/index.php\/wp-json\/wp\/v2\/types\/product"}],"wp:featuredmedia":[{"embeddable":true,"href":"https:\/\/fatordental.com.br\/index.php\/wp-json\/wp\/v2\/media\/1369"}],"wp:attachment":[{"href":"https:\/\/fatordental.com.br\/index.php\/wp-json\/wp\/v2\/media?parent=1368"}],"wp:term":[{"taxonomy":"product_brand","embeddable":true,"href":"https:\/\/fatordental.com.br\/index.php\/wp-json\/wp\/v2\/product_brand?post=1368"},{"taxonomy":"product_cat","embeddable":true,"href":"https:\/\/fatordental.com.br\/index.php\/wp-json\/wp\/v2\/product_cat?post=1368"},{"taxonomy":"product_tag","embeddable":true,"href":"https:\/\/fatordental.com.br\/index.php\/wp-json\/wp\/v2\/product_tag?post=1368"}],"curies":[{"name":"wp","href":"https:\/\/api.w.org\/{rel}","templated":true}]}}