{"id":1351,"date":"2023-06-04T16:17:44","date_gmt":"2023-06-04T19:17:44","guid":{"rendered":"https:\/\/fatordental.com.br\/?post_type=product&#038;p=1351"},"modified":"2023-06-04T16:20:11","modified_gmt":"2023-06-04T19:20:11","slug":"lima-rotatoria-logic-25mm-25-04-easy","status":"publish","type":"product","link":"https:\/\/fatordental.com.br\/index.php\/produto\/lima-rotatoria-logic-25mm-25-04-easy\/","title":{"rendered":"Lima Rotat\u00f3ria Logic 25mm 25.04 \u2013 Easy"},"content":{"rendered":"<p class=\"value\"><strong>Embalagem com 4 unidades.\u00a0<\/strong><\/p>\n<ul>\n<li><strong>DETALHES<\/strong><\/li>\n<\/ul>\n<p>&#8211; O sistema de limas Logic possui cabo condutor para uso conectado ao Localizador Apical possibilitando a utiliza\u00e7\u00e3o em motores que possuem o equipamento integrado. O di\u00e2metro do fio usinado para as Limas Taper .05 \u00e9 de 1,0 mm, dentre seus benef\u00edcios o sistema proporciona menos desgaste desnecess\u00e1rio da dentina nos ter\u00e7os m\u00e9dio e cervical de raiz, facilitando a negocia\u00e7\u00e3o das Limas Taper .05 at\u00e9 a finaliza\u00e7\u00e3o do trabalho, sem reduzir a seguran\u00e7a.<\/p>\n<p>&#8211; Lima Rotat\u00f3ria e Reciprocante.<\/p>\n<p>&#8211; Sec\u00e7\u00e3o transversal h\u00e9lice dupla, tripla, qu\u00e1drupla e quadrangular.<\/p>\n<p>&#8211; Comprimento 25mm.<\/p>\n<p>&#8211; Velocidade: 350 a 950 RPM.<\/p>\n<p>&#8211; Tratamento T\u00e9rmico CM.<\/p>\n<ul>\n<li><strong>APLICA\u00c7\u00c3O<\/strong><\/li>\n<\/ul>\n<p>Indicado para instrumenta\u00e7\u00e3o mec\u00e2nica no tratamento endod\u00f4ntico.<\/p>\n","protected":false},"excerpt":{"rendered":"<p>Embalagem com 4 unidades.\u00a0 DETALHES &#8211; O sistema de limas Logic possui cabo condutor para uso conectado ao Localizador Apical possibilitando a utiliza\u00e7\u00e3o em motores que possuem o equipamento integrado. [&hellip;]<\/p>\n","protected":false},"featured_media":1352,"template":"","meta":[],"product_brand":[],"product_cat":[35,149],"product_tag":[],"class_list":{"0":"post-1351","1":"product","2":"type-product","3":"status-publish","4":"has-post-thumbnail","6":"product_cat-endodontia","7":"product_cat-lima-endodontica","9":"first","10":"instock","11":"shipping-taxable","12":"product-type-simple"},"yoast_head":"<!-- This site is optimized with the Yoast SEO plugin v26.8 - https:\/\/yoast.com\/product\/yoast-seo-wordpress\/ -->\n<title>Lima Rotat\u00f3ria Logic 25mm 25.04 \u2013 Easy - Fator Dental<\/title>\n<meta name=\"robots\" content=\"index, follow, max-snippet:-1, max-image-preview:large, max-video-preview:-1\" \/>\n<link rel=\"canonical\" href=\"https:\/\/fatordental.com.br\/index.php\/produto\/lima-rotatoria-logic-25mm-25-04-easy\/\" \/>\n<meta property=\"og:locale\" content=\"pt_BR\" \/>\n<meta property=\"og:type\" content=\"article\" \/>\n<meta property=\"og:title\" content=\"Lima Rotat\u00f3ria Logic 25mm 25.04 \u2013 Easy - Fator Dental\" \/>\n<meta property=\"og:description\" content=\"Embalagem com 4 unidades.\u00a0 DETALHES &#8211; O sistema de limas Logic possui cabo condutor para uso conectado ao Localizador Apical possibilitando a utiliza\u00e7\u00e3o em motores que possuem o equipamento integrado. [&hellip;]\" \/>\n<meta property=\"og:url\" content=\"https:\/\/fatordental.com.br\/index.php\/produto\/lima-rotatoria-logic-25mm-25-04-easy\/\" \/>\n<meta property=\"og:site_name\" content=\"Fator Dental\" \/>\n<meta property=\"article:modified_time\" content=\"2023-06-04T19:20:11+00:00\" \/>\n<meta property=\"og:image\" content=\"https:\/\/fatordental.com.br\/wp-content\/uploads\/2023\/06\/lima-rotatoria-reciprocante-prodesign-logic-25mm-25-04-easy.jpg\" \/>\n\t<meta property=\"og:image:width\" content=\"550\" \/>\n\t<meta property=\"og:image:height\" content=\"550\" \/>\n\t<meta property=\"og:image:type\" content=\"image\/jpeg\" \/>\n<meta name=\"twitter:card\" content=\"summary_large_image\" \/>\n<meta name=\"twitter:label1\" content=\"Est. tempo de leitura\" \/>\n\t<meta name=\"twitter:data1\" content=\"1 minuto\" \/>\n<script type=\"application\/ld+json\" class=\"yoast-schema-graph\">{\"@context\":\"https:\/\/schema.org\",\"@graph\":[{\"@type\":\"WebPage\",\"@id\":\"https:\/\/fatordental.com.br\/index.php\/produto\/lima-rotatoria-logic-25mm-25-04-easy\/\",\"url\":\"https:\/\/fatordental.com.br\/index.php\/produto\/lima-rotatoria-logic-25mm-25-04-easy\/\",\"name\":\"Lima Rotat\u00f3ria Logic 25mm 25.04 \u2013 Easy - Fator Dental\",\"isPartOf\":{\"@id\":\"https:\/\/fatordental.com.br\/#website\"},\"primaryImageOfPage\":{\"@id\":\"https:\/\/fatordental.com.br\/index.php\/produto\/lima-rotatoria-logic-25mm-25-04-easy\/#primaryimage\"},\"image\":{\"@id\":\"https:\/\/fatordental.com.br\/index.php\/produto\/lima-rotatoria-logic-25mm-25-04-easy\/#primaryimage\"},\"thumbnailUrl\":\"https:\/\/fatordental.com.br\/wp-content\/uploads\/2023\/06\/lima-rotatoria-reciprocante-prodesign-logic-25mm-25-04-easy.jpg\",\"datePublished\":\"2023-06-04T19:17:44+00:00\",\"dateModified\":\"2023-06-04T19:20:11+00:00\",\"breadcrumb\":{\"@id\":\"https:\/\/fatordental.com.br\/index.php\/produto\/lima-rotatoria-logic-25mm-25-04-easy\/#breadcrumb\"},\"inLanguage\":\"pt-BR\",\"potentialAction\":[{\"@type\":\"ReadAction\",\"target\":[\"https:\/\/fatordental.com.br\/index.php\/produto\/lima-rotatoria-logic-25mm-25-04-easy\/\"]}]},{\"@type\":\"ImageObject\",\"inLanguage\":\"pt-BR\",\"@id\":\"https:\/\/fatordental.com.br\/index.php\/produto\/lima-rotatoria-logic-25mm-25-04-easy\/#primaryimage\",\"url\":\"https:\/\/fatordental.com.br\/wp-content\/uploads\/2023\/06\/lima-rotatoria-reciprocante-prodesign-logic-25mm-25-04-easy.jpg\",\"contentUrl\":\"https:\/\/fatordental.com.br\/wp-content\/uploads\/2023\/06\/lima-rotatoria-reciprocante-prodesign-logic-25mm-25-04-easy.jpg\",\"width\":550,\"height\":550},{\"@type\":\"BreadcrumbList\",\"@id\":\"https:\/\/fatordental.com.br\/index.php\/produto\/lima-rotatoria-logic-25mm-25-04-easy\/#breadcrumb\",\"itemListElement\":[{\"@type\":\"ListItem\",\"position\":1,\"name\":\"In\u00edcio\",\"item\":\"https:\/\/fatordental.com.br\/\"},{\"@type\":\"ListItem\",\"position\":2,\"name\":\"Produtos\",\"item\":\"https:\/\/fatordental.com.br\/index.php\/produtos\/\"},{\"@type\":\"ListItem\",\"position\":3,\"name\":\"Lima Rotat\u00f3ria Logic 25mm 25.04 \u2013 Easy\"}]},{\"@type\":\"WebSite\",\"@id\":\"https:\/\/fatordental.com.br\/#website\",\"url\":\"https:\/\/fatordental.com.br\/\",\"name\":\"Fator Dental\",\"description\":\"Produtos Ondontol\u00f3gicos\",\"publisher\":{\"@id\":\"https:\/\/fatordental.com.br\/#organization\"},\"potentialAction\":[{\"@type\":\"SearchAction\",\"target\":{\"@type\":\"EntryPoint\",\"urlTemplate\":\"https:\/\/fatordental.com.br\/?s={search_term_string}\"},\"query-input\":{\"@type\":\"PropertyValueSpecification\",\"valueRequired\":true,\"valueName\":\"search_term_string\"}}],\"inLanguage\":\"pt-BR\"},{\"@type\":\"Organization\",\"@id\":\"https:\/\/fatordental.com.br\/#organization\",\"name\":\"Fator Dental\",\"url\":\"https:\/\/fatordental.com.br\/\",\"logo\":{\"@type\":\"ImageObject\",\"inLanguage\":\"pt-BR\",\"@id\":\"https:\/\/fatordental.com.br\/#\/schema\/logo\/image\/\",\"url\":\"https:\/\/fatordental.com.br\/wp-content\/uploads\/2023\/02\/logo_fator.png\",\"contentUrl\":\"https:\/\/fatordental.com.br\/wp-content\/uploads\/2023\/02\/logo_fator.png\",\"width\":400,\"height\":256,\"caption\":\"Fator Dental\"},\"image\":{\"@id\":\"https:\/\/fatordental.com.br\/#\/schema\/logo\/image\/\"},\"sameAs\":[\"https:\/\/www.instagram.com\/fatordental\/\"]}]}<\/script>\n<!-- \/ Yoast SEO plugin. -->","yoast_head_json":{"title":"Lima Rotat\u00f3ria Logic 25mm 25.04 \u2013 Easy - Fator Dental","robots":{"index":"index","follow":"follow","max-snippet":"max-snippet:-1","max-image-preview":"max-image-preview:large","max-video-preview":"max-video-preview:-1"},"canonical":"https:\/\/fatordental.com.br\/index.php\/produto\/lima-rotatoria-logic-25mm-25-04-easy\/","og_locale":"pt_BR","og_type":"article","og_title":"Lima Rotat\u00f3ria Logic 25mm 25.04 \u2013 Easy - Fator Dental","og_description":"Embalagem com 4 unidades.\u00a0 DETALHES &#8211; O sistema de limas Logic possui cabo condutor para uso conectado ao Localizador Apical possibilitando a utiliza\u00e7\u00e3o em motores que possuem o equipamento integrado. [&hellip;]","og_url":"https:\/\/fatordental.com.br\/index.php\/produto\/lima-rotatoria-logic-25mm-25-04-easy\/","og_site_name":"Fator Dental","article_modified_time":"2023-06-04T19:20:11+00:00","og_image":[{"width":550,"height":550,"url":"https:\/\/fatordental.com.br\/wp-content\/uploads\/2023\/06\/lima-rotatoria-reciprocante-prodesign-logic-25mm-25-04-easy.jpg","type":"image\/jpeg"}],"twitter_card":"summary_large_image","twitter_misc":{"Est. tempo de leitura":"1 minuto"},"schema":{"@context":"https:\/\/schema.org","@graph":[{"@type":"WebPage","@id":"https:\/\/fatordental.com.br\/index.php\/produto\/lima-rotatoria-logic-25mm-25-04-easy\/","url":"https:\/\/fatordental.com.br\/index.php\/produto\/lima-rotatoria-logic-25mm-25-04-easy\/","name":"Lima Rotat\u00f3ria Logic 25mm 25.04 \u2013 Easy - Fator Dental","isPartOf":{"@id":"https:\/\/fatordental.com.br\/#website"},"primaryImageOfPage":{"@id":"https:\/\/fatordental.com.br\/index.php\/produto\/lima-rotatoria-logic-25mm-25-04-easy\/#primaryimage"},"image":{"@id":"https:\/\/fatordental.com.br\/index.php\/produto\/lima-rotatoria-logic-25mm-25-04-easy\/#primaryimage"},"thumbnailUrl":"https:\/\/fatordental.com.br\/wp-content\/uploads\/2023\/06\/lima-rotatoria-reciprocante-prodesign-logic-25mm-25-04-easy.jpg","datePublished":"2023-06-04T19:17:44+00:00","dateModified":"2023-06-04T19:20:11+00:00","breadcrumb":{"@id":"https:\/\/fatordental.com.br\/index.php\/produto\/lima-rotatoria-logic-25mm-25-04-easy\/#breadcrumb"},"inLanguage":"pt-BR","potentialAction":[{"@type":"ReadAction","target":["https:\/\/fatordental.com.br\/index.php\/produto\/lima-rotatoria-logic-25mm-25-04-easy\/"]}]},{"@type":"ImageObject","inLanguage":"pt-BR","@id":"https:\/\/fatordental.com.br\/index.php\/produto\/lima-rotatoria-logic-25mm-25-04-easy\/#primaryimage","url":"https:\/\/fatordental.com.br\/wp-content\/uploads\/2023\/06\/lima-rotatoria-reciprocante-prodesign-logic-25mm-25-04-easy.jpg","contentUrl":"https:\/\/fatordental.com.br\/wp-content\/uploads\/2023\/06\/lima-rotatoria-reciprocante-prodesign-logic-25mm-25-04-easy.jpg","width":550,"height":550},{"@type":"BreadcrumbList","@id":"https:\/\/fatordental.com.br\/index.php\/produto\/lima-rotatoria-logic-25mm-25-04-easy\/#breadcrumb","itemListElement":[{"@type":"ListItem","position":1,"name":"In\u00edcio","item":"https:\/\/fatordental.com.br\/"},{"@type":"ListItem","position":2,"name":"Produtos","item":"https:\/\/fatordental.com.br\/index.php\/produtos\/"},{"@type":"ListItem","position":3,"name":"Lima Rotat\u00f3ria Logic 25mm 25.04 \u2013 Easy"}]},{"@type":"WebSite","@id":"https:\/\/fatordental.com.br\/#website","url":"https:\/\/fatordental.com.br\/","name":"Fator Dental","description":"Produtos Ondontol\u00f3gicos","publisher":{"@id":"https:\/\/fatordental.com.br\/#organization"},"potentialAction":[{"@type":"SearchAction","target":{"@type":"EntryPoint","urlTemplate":"https:\/\/fatordental.com.br\/?s={search_term_string}"},"query-input":{"@type":"PropertyValueSpecification","valueRequired":true,"valueName":"search_term_string"}}],"inLanguage":"pt-BR"},{"@type":"Organization","@id":"https:\/\/fatordental.com.br\/#organization","name":"Fator Dental","url":"https:\/\/fatordental.com.br\/","logo":{"@type":"ImageObject","inLanguage":"pt-BR","@id":"https:\/\/fatordental.com.br\/#\/schema\/logo\/image\/","url":"https:\/\/fatordental.com.br\/wp-content\/uploads\/2023\/02\/logo_fator.png","contentUrl":"https:\/\/fatordental.com.br\/wp-content\/uploads\/2023\/02\/logo_fator.png","width":400,"height":256,"caption":"Fator Dental"},"image":{"@id":"https:\/\/fatordental.com.br\/#\/schema\/logo\/image\/"},"sameAs":["https:\/\/www.instagram.com\/fatordental\/"]}]}},"_links":{"self":[{"href":"https:\/\/fatordental.com.br\/index.php\/wp-json\/wp\/v2\/product\/1351","targetHints":{"allow":["GET"]}}],"collection":[{"href":"https:\/\/fatordental.com.br\/index.php\/wp-json\/wp\/v2\/product"}],"about":[{"href":"https:\/\/fatordental.com.br\/index.php\/wp-json\/wp\/v2\/types\/product"}],"wp:featuredmedia":[{"embeddable":true,"href":"https:\/\/fatordental.com.br\/index.php\/wp-json\/wp\/v2\/media\/1352"}],"wp:attachment":[{"href":"https:\/\/fatordental.com.br\/index.php\/wp-json\/wp\/v2\/media?parent=1351"}],"wp:term":[{"taxonomy":"product_brand","embeddable":true,"href":"https:\/\/fatordental.com.br\/index.php\/wp-json\/wp\/v2\/product_brand?post=1351"},{"taxonomy":"product_cat","embeddable":true,"href":"https:\/\/fatordental.com.br\/index.php\/wp-json\/wp\/v2\/product_cat?post=1351"},{"taxonomy":"product_tag","embeddable":true,"href":"https:\/\/fatordental.com.br\/index.php\/wp-json\/wp\/v2\/product_tag?post=1351"}],"curies":[{"name":"wp","href":"https:\/\/api.w.org\/{rel}","templated":true}]}}