{"id":1335,"date":"2023-06-04T14:31:34","date_gmt":"2023-06-04T17:31:34","guid":{"rendered":"https:\/\/fatordental.com.br\/?post_type=product&#038;p=1335"},"modified":"2023-06-04T14:32:08","modified_gmt":"2023-06-04T17:32:08","slug":"afastador-labial-optragate-regular-refil-3d-ivoclar","status":"publish","type":"product","link":"https:\/\/fatordental.com.br\/index.php\/produto\/afastador-labial-optragate-regular-refil-3d-ivoclar\/","title":{"rendered":"Afastador Labial Optragate Regular Refil 3D &#8211; Ivoclar"},"content":{"rendered":"<p class=\"value\"><b>Embalagem com 40 unidades. Ou pe\u00e7a individual.<\/b><\/p>\n<p>&nbsp;<\/p>\n<p>&#8211; \u00c9 um produto auxiliar para uso cl\u00ednico, que torna mais f\u00e1cil o acesso ao campo operat\u00f3rio.\u00a0 \u00a0 \u00a0 \u00a0 \u00a0 \u00a0 \u00a0 \u00a0 \u00a0 \u00a0 \u00a0 \u00a0 \u00a0 \u00a0 \u00a0 \u00a0 \u00a0 \u00a0 \u00a0 \u00a0 \u00a0&#8211; Promove a retra\u00e7\u00e3o dos l\u00e1bios e bochechas, o que permite uma ampla acessibilidade e visibilidade para o cl\u00ednico durante o tratamento dental.<br \/>\n&#8211; Facilita o controle da umidade na cavidade oral.<br \/>\n&#8211; Possui alta flexibilidade em todas as dire\u00e7\u00f5es dos movimentos, assegura o conforto para o paciente e ajuda a manuten\u00e7\u00e3o da boca aberta.<br \/>\n&#8211; O OptraGate est\u00e1 dispon\u00edvel no tamanho normal (&#8220;R&#8221; \u2013 Regular).\u00a0 \u00a0 \u00a0 \u00a0 \u00a0 \u00a0 \u00a0 \u00a0 \u00a0 \u00a0 \u00a0 \u00a0 \u00a0 \u00a0 \u00a0 \u00a0 \u00a0 \u00a0 \u00a0 \u00a0 \u00a0 \u00a0 \u00a0 \u00a0 \u00a0 \u00a0 \u00a0 \u00a0 \u00a0 \u00a0 \u00a0 \u00a0 \u00a0 \u00a0 \u00a0 \u00a0 \u00a0 \u00a0 \u00a0 \u00a0 \u00a0 &#8211;\u00a0A modificada &#8220;ExtraSoft Version&#8221; permite um ajuste muito suave nas \u00e1reas de freios labiais inferior e superior, recurso que minimiza a press\u00e3o intra-oral.<br \/>\n&#8211; Validade: 42 meses.<\/p>\n<ul>\n<li><strong>APLICA\u00c7\u00c3O<\/strong><\/li>\n<\/ul>\n<p>Indicado para utiliza\u00e7\u00e3o em procedimentos dentais de diagn\u00f3stico, preven\u00e7\u00e3o e terap\u00eautica, em particular, nos procedimentos restauradores, preparo de cavidades, limpeza profissional dos dentes, diagn\u00f3stico, curetagem e raspagem radicular, clareamento dental e moldagens.<\/p>\n","protected":false},"excerpt":{"rendered":"<p>Embalagem com 40 unidades. Ou pe\u00e7a individual. &nbsp; &#8211; \u00c9 um produto auxiliar para uso cl\u00ednico, que torna mais f\u00e1cil o acesso ao campo operat\u00f3rio.\u00a0 \u00a0 \u00a0 \u00a0 \u00a0 \u00a0 [&hellip;]<\/p>\n","protected":false},"featured_media":1336,"template":"","meta":[],"product_brand":[],"product_cat":[148,51],"product_tag":[],"class_list":{"0":"post-1335","1":"product","2":"type-product","3":"status-publish","4":"has-post-thumbnail","6":"product_cat-afastador-labial","7":"product_cat-dentistica-e-estetica","9":"first","10":"instock","11":"shipping-taxable","12":"product-type-simple"},"yoast_head":"<!-- This site is optimized with the Yoast SEO plugin v27.6 - https:\/\/yoast.com\/product\/yoast-seo-wordpress\/ -->\n<title>Afastador Labial Optragate Regular Refil 3D - Ivoclar - Fator Dental<\/title>\n<meta name=\"robots\" content=\"index, follow, max-snippet:-1, max-image-preview:large, max-video-preview:-1\" \/>\n<link rel=\"canonical\" href=\"https:\/\/fatordental.com.br\/index.php\/produto\/afastador-labial-optragate-regular-refil-3d-ivoclar\/\" \/>\n<meta property=\"og:locale\" content=\"pt_BR\" \/>\n<meta property=\"og:type\" content=\"article\" \/>\n<meta property=\"og:title\" content=\"Afastador Labial Optragate Regular Refil 3D - Ivoclar - Fator Dental\" \/>\n<meta property=\"og:description\" content=\"Embalagem com 40 unidades. Ou pe\u00e7a individual. &nbsp; &#8211; \u00c9 um produto auxiliar para uso cl\u00ednico, que torna mais f\u00e1cil o acesso ao campo operat\u00f3rio.\u00a0 \u00a0 \u00a0 \u00a0 \u00a0 \u00a0 [&hellip;]\" \/>\n<meta property=\"og:url\" content=\"https:\/\/fatordental.com.br\/index.php\/produto\/afastador-labial-optragate-regular-refil-3d-ivoclar\/\" \/>\n<meta property=\"og:site_name\" content=\"Fator Dental\" \/>\n<meta property=\"article:modified_time\" content=\"2023-06-04T17:32:08+00:00\" \/>\n<meta property=\"og:image\" content=\"https:\/\/fatordental.com.br\/wp-content\/uploads\/2023\/06\/afastador-labial-optragate-regular-refil-3d-ivoclar.jpg\" \/>\n\t<meta property=\"og:image:width\" content=\"900\" \/>\n\t<meta property=\"og:image:height\" content=\"900\" \/>\n\t<meta property=\"og:image:type\" content=\"image\/jpeg\" \/>\n<meta name=\"twitter:card\" content=\"summary_large_image\" \/>\n<meta name=\"twitter:label1\" content=\"Est. tempo de leitura\" \/>\n\t<meta name=\"twitter:data1\" content=\"1 minuto\" \/>\n<script type=\"application\/ld+json\" class=\"yoast-schema-graph\">{\"@context\":\"https:\\\/\\\/schema.org\",\"@graph\":[{\"@type\":\"WebPage\",\"@id\":\"https:\\\/\\\/fatordental.com.br\\\/index.php\\\/produto\\\/afastador-labial-optragate-regular-refil-3d-ivoclar\\\/\",\"url\":\"https:\\\/\\\/fatordental.com.br\\\/index.php\\\/produto\\\/afastador-labial-optragate-regular-refil-3d-ivoclar\\\/\",\"name\":\"Afastador Labial Optragate Regular Refil 3D - Ivoclar - Fator Dental\",\"isPartOf\":{\"@id\":\"https:\\\/\\\/fatordental.com.br\\\/#website\"},\"primaryImageOfPage\":{\"@id\":\"https:\\\/\\\/fatordental.com.br\\\/index.php\\\/produto\\\/afastador-labial-optragate-regular-refil-3d-ivoclar\\\/#primaryimage\"},\"image\":{\"@id\":\"https:\\\/\\\/fatordental.com.br\\\/index.php\\\/produto\\\/afastador-labial-optragate-regular-refil-3d-ivoclar\\\/#primaryimage\"},\"thumbnailUrl\":\"https:\\\/\\\/fatordental.com.br\\\/wp-content\\\/uploads\\\/2023\\\/06\\\/afastador-labial-optragate-regular-refil-3d-ivoclar.jpg\",\"datePublished\":\"2023-06-04T17:31:34+00:00\",\"dateModified\":\"2023-06-04T17:32:08+00:00\",\"breadcrumb\":{\"@id\":\"https:\\\/\\\/fatordental.com.br\\\/index.php\\\/produto\\\/afastador-labial-optragate-regular-refil-3d-ivoclar\\\/#breadcrumb\"},\"inLanguage\":\"pt-BR\",\"potentialAction\":[{\"@type\":\"ReadAction\",\"target\":[\"https:\\\/\\\/fatordental.com.br\\\/index.php\\\/produto\\\/afastador-labial-optragate-regular-refil-3d-ivoclar\\\/\"]}]},{\"@type\":\"ImageObject\",\"inLanguage\":\"pt-BR\",\"@id\":\"https:\\\/\\\/fatordental.com.br\\\/index.php\\\/produto\\\/afastador-labial-optragate-regular-refil-3d-ivoclar\\\/#primaryimage\",\"url\":\"https:\\\/\\\/fatordental.com.br\\\/wp-content\\\/uploads\\\/2023\\\/06\\\/afastador-labial-optragate-regular-refil-3d-ivoclar.jpg\",\"contentUrl\":\"https:\\\/\\\/fatordental.com.br\\\/wp-content\\\/uploads\\\/2023\\\/06\\\/afastador-labial-optragate-regular-refil-3d-ivoclar.jpg\",\"width\":900,\"height\":900,\"caption\":\"Product Shot\"},{\"@type\":\"BreadcrumbList\",\"@id\":\"https:\\\/\\\/fatordental.com.br\\\/index.php\\\/produto\\\/afastador-labial-optragate-regular-refil-3d-ivoclar\\\/#breadcrumb\",\"itemListElement\":[{\"@type\":\"ListItem\",\"position\":1,\"name\":\"In\u00edcio\",\"item\":\"https:\\\/\\\/fatordental.com.br\\\/\"},{\"@type\":\"ListItem\",\"position\":2,\"name\":\"Produtos\",\"item\":\"https:\\\/\\\/fatordental.com.br\\\/index.php\\\/produtos\\\/\"},{\"@type\":\"ListItem\",\"position\":3,\"name\":\"Afastador Labial Optragate Regular Refil 3D &#8211; Ivoclar\"}]},{\"@type\":\"WebSite\",\"@id\":\"https:\\\/\\\/fatordental.com.br\\\/#website\",\"url\":\"https:\\\/\\\/fatordental.com.br\\\/\",\"name\":\"Fator Dental\",\"description\":\"Produtos Ondontol\u00f3gicos\",\"publisher\":{\"@id\":\"https:\\\/\\\/fatordental.com.br\\\/#organization\"},\"potentialAction\":[{\"@type\":\"SearchAction\",\"target\":{\"@type\":\"EntryPoint\",\"urlTemplate\":\"https:\\\/\\\/fatordental.com.br\\\/?s={search_term_string}\"},\"query-input\":{\"@type\":\"PropertyValueSpecification\",\"valueRequired\":true,\"valueName\":\"search_term_string\"}}],\"inLanguage\":\"pt-BR\"},{\"@type\":\"Organization\",\"@id\":\"https:\\\/\\\/fatordental.com.br\\\/#organization\",\"name\":\"Fator Dental\",\"url\":\"https:\\\/\\\/fatordental.com.br\\\/\",\"logo\":{\"@type\":\"ImageObject\",\"inLanguage\":\"pt-BR\",\"@id\":\"https:\\\/\\\/fatordental.com.br\\\/#\\\/schema\\\/logo\\\/image\\\/\",\"url\":\"https:\\\/\\\/fatordental.com.br\\\/wp-content\\\/uploads\\\/2023\\\/02\\\/logo_fator.png\",\"contentUrl\":\"https:\\\/\\\/fatordental.com.br\\\/wp-content\\\/uploads\\\/2023\\\/02\\\/logo_fator.png\",\"width\":400,\"height\":256,\"caption\":\"Fator Dental\"},\"image\":{\"@id\":\"https:\\\/\\\/fatordental.com.br\\\/#\\\/schema\\\/logo\\\/image\\\/\"},\"sameAs\":[\"https:\\\/\\\/www.instagram.com\\\/fatordental\\\/\"]}]}<\/script>\n<!-- \/ Yoast SEO plugin. -->","yoast_head_json":{"title":"Afastador Labial Optragate Regular Refil 3D - Ivoclar - Fator Dental","robots":{"index":"index","follow":"follow","max-snippet":"max-snippet:-1","max-image-preview":"max-image-preview:large","max-video-preview":"max-video-preview:-1"},"canonical":"https:\/\/fatordental.com.br\/index.php\/produto\/afastador-labial-optragate-regular-refil-3d-ivoclar\/","og_locale":"pt_BR","og_type":"article","og_title":"Afastador Labial Optragate Regular Refil 3D - Ivoclar - Fator Dental","og_description":"Embalagem com 40 unidades. Ou pe\u00e7a individual. &nbsp; &#8211; \u00c9 um produto auxiliar para uso cl\u00ednico, que torna mais f\u00e1cil o acesso ao campo operat\u00f3rio.\u00a0 \u00a0 \u00a0 \u00a0 \u00a0 \u00a0 [&hellip;]","og_url":"https:\/\/fatordental.com.br\/index.php\/produto\/afastador-labial-optragate-regular-refil-3d-ivoclar\/","og_site_name":"Fator Dental","article_modified_time":"2023-06-04T17:32:08+00:00","og_image":[{"width":900,"height":900,"url":"https:\/\/fatordental.com.br\/wp-content\/uploads\/2023\/06\/afastador-labial-optragate-regular-refil-3d-ivoclar.jpg","type":"image\/jpeg"}],"twitter_card":"summary_large_image","twitter_misc":{"Est. tempo de leitura":"1 minuto"},"schema":{"@context":"https:\/\/schema.org","@graph":[{"@type":"WebPage","@id":"https:\/\/fatordental.com.br\/index.php\/produto\/afastador-labial-optragate-regular-refil-3d-ivoclar\/","url":"https:\/\/fatordental.com.br\/index.php\/produto\/afastador-labial-optragate-regular-refil-3d-ivoclar\/","name":"Afastador Labial Optragate Regular Refil 3D - Ivoclar - Fator Dental","isPartOf":{"@id":"https:\/\/fatordental.com.br\/#website"},"primaryImageOfPage":{"@id":"https:\/\/fatordental.com.br\/index.php\/produto\/afastador-labial-optragate-regular-refil-3d-ivoclar\/#primaryimage"},"image":{"@id":"https:\/\/fatordental.com.br\/index.php\/produto\/afastador-labial-optragate-regular-refil-3d-ivoclar\/#primaryimage"},"thumbnailUrl":"https:\/\/fatordental.com.br\/wp-content\/uploads\/2023\/06\/afastador-labial-optragate-regular-refil-3d-ivoclar.jpg","datePublished":"2023-06-04T17:31:34+00:00","dateModified":"2023-06-04T17:32:08+00:00","breadcrumb":{"@id":"https:\/\/fatordental.com.br\/index.php\/produto\/afastador-labial-optragate-regular-refil-3d-ivoclar\/#breadcrumb"},"inLanguage":"pt-BR","potentialAction":[{"@type":"ReadAction","target":["https:\/\/fatordental.com.br\/index.php\/produto\/afastador-labial-optragate-regular-refil-3d-ivoclar\/"]}]},{"@type":"ImageObject","inLanguage":"pt-BR","@id":"https:\/\/fatordental.com.br\/index.php\/produto\/afastador-labial-optragate-regular-refil-3d-ivoclar\/#primaryimage","url":"https:\/\/fatordental.com.br\/wp-content\/uploads\/2023\/06\/afastador-labial-optragate-regular-refil-3d-ivoclar.jpg","contentUrl":"https:\/\/fatordental.com.br\/wp-content\/uploads\/2023\/06\/afastador-labial-optragate-regular-refil-3d-ivoclar.jpg","width":900,"height":900,"caption":"Product Shot"},{"@type":"BreadcrumbList","@id":"https:\/\/fatordental.com.br\/index.php\/produto\/afastador-labial-optragate-regular-refil-3d-ivoclar\/#breadcrumb","itemListElement":[{"@type":"ListItem","position":1,"name":"In\u00edcio","item":"https:\/\/fatordental.com.br\/"},{"@type":"ListItem","position":2,"name":"Produtos","item":"https:\/\/fatordental.com.br\/index.php\/produtos\/"},{"@type":"ListItem","position":3,"name":"Afastador Labial Optragate Regular Refil 3D &#8211; Ivoclar"}]},{"@type":"WebSite","@id":"https:\/\/fatordental.com.br\/#website","url":"https:\/\/fatordental.com.br\/","name":"Fator Dental","description":"Produtos Ondontol\u00f3gicos","publisher":{"@id":"https:\/\/fatordental.com.br\/#organization"},"potentialAction":[{"@type":"SearchAction","target":{"@type":"EntryPoint","urlTemplate":"https:\/\/fatordental.com.br\/?s={search_term_string}"},"query-input":{"@type":"PropertyValueSpecification","valueRequired":true,"valueName":"search_term_string"}}],"inLanguage":"pt-BR"},{"@type":"Organization","@id":"https:\/\/fatordental.com.br\/#organization","name":"Fator Dental","url":"https:\/\/fatordental.com.br\/","logo":{"@type":"ImageObject","inLanguage":"pt-BR","@id":"https:\/\/fatordental.com.br\/#\/schema\/logo\/image\/","url":"https:\/\/fatordental.com.br\/wp-content\/uploads\/2023\/02\/logo_fator.png","contentUrl":"https:\/\/fatordental.com.br\/wp-content\/uploads\/2023\/02\/logo_fator.png","width":400,"height":256,"caption":"Fator Dental"},"image":{"@id":"https:\/\/fatordental.com.br\/#\/schema\/logo\/image\/"},"sameAs":["https:\/\/www.instagram.com\/fatordental\/"]}]}},"_links":{"self":[{"href":"https:\/\/fatordental.com.br\/index.php\/wp-json\/wp\/v2\/product\/1335","targetHints":{"allow":["GET"]}}],"collection":[{"href":"https:\/\/fatordental.com.br\/index.php\/wp-json\/wp\/v2\/product"}],"about":[{"href":"https:\/\/fatordental.com.br\/index.php\/wp-json\/wp\/v2\/types\/product"}],"wp:featuredmedia":[{"embeddable":true,"href":"https:\/\/fatordental.com.br\/index.php\/wp-json\/wp\/v2\/media\/1336"}],"wp:attachment":[{"href":"https:\/\/fatordental.com.br\/index.php\/wp-json\/wp\/v2\/media?parent=1335"}],"wp:term":[{"taxonomy":"product_brand","embeddable":true,"href":"https:\/\/fatordental.com.br\/index.php\/wp-json\/wp\/v2\/product_brand?post=1335"},{"taxonomy":"product_cat","embeddable":true,"href":"https:\/\/fatordental.com.br\/index.php\/wp-json\/wp\/v2\/product_cat?post=1335"},{"taxonomy":"product_tag","embeddable":true,"href":"https:\/\/fatordental.com.br\/index.php\/wp-json\/wp\/v2\/product_tag?post=1335"}],"curies":[{"name":"wp","href":"https:\/\/api.w.org\/{rel}","templated":true}]}}