{"id":1329,"date":"2023-06-04T14:11:12","date_gmt":"2023-06-04T17:11:12","guid":{"rendered":"https:\/\/fatordental.com.br\/?post_type=product&#038;p=1329"},"modified":"2023-06-04T14:11:13","modified_gmt":"2023-06-04T17:11:13","slug":"disco-de-lixa-diamond-pro-8-12mm-fgm","status":"publish","type":"product","link":"https:\/\/fatordental.com.br\/index.php\/produto\/disco-de-lixa-diamond-pro-8-12mm-fgm\/","title":{"rendered":"Disco de Lixa Diamond Pro 8\/12mm &#8211; FGM"},"content":{"rendered":"<p class=\"value\"><strong>Embalagem com 56 unidades com granula\u00e7\u00f5es sortidas (grossa, m\u00e9dia, fina e extrafina) + mandril.<\/strong><\/p>\n<ul>\n<li><strong>DETALHES<\/strong><\/li>\n<\/ul>\n<p>&#8211; Sistema de encaixe r\u00e1pido, que facilita o acoplamento ao mandril.<br \/>\n&#8211; Sem partes met\u00e1licas na superf\u00edcie do disco, o que evita danos \u00e0 resina durante o polimento.<\/p>\n<ul>\n<li><strong>APLICA\u00c7\u00c3O<\/strong><\/li>\n<\/ul>\n<p>O\u00a0<strong>Disco de Lixa Diamond Pro\u00a0<\/strong>fabricado pela\u00a0<strong>FGM\u00a0<\/strong>\u00e9 composto por discos de lixa flex\u00edveis e de diferentes granula\u00e7\u00f5es, que se adaptam a superf\u00edcies irregulares e curvas, sendo excelentes para o contorno, acabamento e polimento de materiais restauradores, proporcionando lisura e brilho final a restaura\u00e7\u00f5es.<\/p>\n<h2><strong>Modo de Usar Disco de Lixa Diamond Pro<\/strong><\/h2>\n<p>1. Selecione o disco de acordo com o procedimento a ser realizado;<\/p>\n<p>2. Fixe o disco sobre o mandril encaixando-o atrav\u00e9s da cavidade no suporte de silicone;<\/p>\n<p>3. Encaixe o conjunto (mandril e disco de lixa) no contra \u00e2ngulo e execute o procedimento utilizando baixa rota\u00e7\u00e3o, baixa press\u00e3o e movimentos curtos e intermitentes da lixa sobre a superf\u00edcie a ser trabalhada.<\/p>\n","protected":false},"excerpt":{"rendered":"<p>Embalagem com 56 unidades com granula\u00e7\u00f5es sortidas (grossa, m\u00e9dia, fina e extrafina) + mandril. DETALHES &#8211; Sistema de encaixe r\u00e1pido, que facilita o acoplamento ao mandril. &#8211; Sem partes met\u00e1licas [&hellip;]<\/p>\n","protected":false},"featured_media":1330,"template":"","meta":[],"product_brand":[],"product_cat":[51,59],"product_tag":[],"class_list":{"0":"post-1329","1":"product","2":"type-product","3":"status-publish","4":"has-post-thumbnail","6":"product_cat-dentistica-e-estetica","7":"product_cat-disco-de-lixa","9":"first","10":"instock","11":"shipping-taxable","12":"product-type-simple"},"yoast_head":"<!-- This site is optimized with the Yoast SEO plugin v26.8 - https:\/\/yoast.com\/product\/yoast-seo-wordpress\/ -->\n<title>Disco de Lixa Diamond Pro 8\/12mm - FGM - Fator Dental<\/title>\n<meta name=\"robots\" content=\"index, follow, max-snippet:-1, max-image-preview:large, max-video-preview:-1\" \/>\n<link rel=\"canonical\" href=\"https:\/\/fatordental.com.br\/index.php\/produto\/disco-de-lixa-diamond-pro-8-12mm-fgm\/\" \/>\n<meta property=\"og:locale\" content=\"pt_BR\" \/>\n<meta property=\"og:type\" content=\"article\" \/>\n<meta property=\"og:title\" content=\"Disco de Lixa Diamond Pro 8\/12mm - FGM - Fator Dental\" \/>\n<meta property=\"og:description\" content=\"Embalagem com 56 unidades com granula\u00e7\u00f5es sortidas (grossa, m\u00e9dia, fina e extrafina) + mandril. DETALHES &#8211; Sistema de encaixe r\u00e1pido, que facilita o acoplamento ao mandril. &#8211; Sem partes met\u00e1licas [&hellip;]\" \/>\n<meta property=\"og:url\" content=\"https:\/\/fatordental.com.br\/index.php\/produto\/disco-de-lixa-diamond-pro-8-12mm-fgm\/\" \/>\n<meta property=\"og:site_name\" content=\"Fator Dental\" \/>\n<meta property=\"article:modified_time\" content=\"2023-06-04T17:11:13+00:00\" \/>\n<meta property=\"og:image\" content=\"https:\/\/fatordental.com.br\/wp-content\/uploads\/2023\/06\/disco-diamond-pro-sortido-812mm-fgm-dc-412154-02.jpg\" \/>\n\t<meta property=\"og:image:width\" content=\"800\" \/>\n\t<meta property=\"og:image:height\" content=\"800\" \/>\n\t<meta property=\"og:image:type\" content=\"image\/jpeg\" \/>\n<meta name=\"twitter:card\" content=\"summary_large_image\" \/>\n<meta name=\"twitter:label1\" content=\"Est. tempo de leitura\" \/>\n\t<meta name=\"twitter:data1\" content=\"1 minuto\" \/>\n<script type=\"application\/ld+json\" class=\"yoast-schema-graph\">{\"@context\":\"https:\/\/schema.org\",\"@graph\":[{\"@type\":\"WebPage\",\"@id\":\"https:\/\/fatordental.com.br\/index.php\/produto\/disco-de-lixa-diamond-pro-8-12mm-fgm\/\",\"url\":\"https:\/\/fatordental.com.br\/index.php\/produto\/disco-de-lixa-diamond-pro-8-12mm-fgm\/\",\"name\":\"Disco de Lixa Diamond Pro 8\/12mm - FGM - Fator Dental\",\"isPartOf\":{\"@id\":\"https:\/\/fatordental.com.br\/#website\"},\"primaryImageOfPage\":{\"@id\":\"https:\/\/fatordental.com.br\/index.php\/produto\/disco-de-lixa-diamond-pro-8-12mm-fgm\/#primaryimage\"},\"image\":{\"@id\":\"https:\/\/fatordental.com.br\/index.php\/produto\/disco-de-lixa-diamond-pro-8-12mm-fgm\/#primaryimage\"},\"thumbnailUrl\":\"https:\/\/fatordental.com.br\/wp-content\/uploads\/2023\/06\/disco-diamond-pro-sortido-812mm-fgm-dc-412154-02.jpg\",\"datePublished\":\"2023-06-04T17:11:12+00:00\",\"dateModified\":\"2023-06-04T17:11:13+00:00\",\"breadcrumb\":{\"@id\":\"https:\/\/fatordental.com.br\/index.php\/produto\/disco-de-lixa-diamond-pro-8-12mm-fgm\/#breadcrumb\"},\"inLanguage\":\"pt-BR\",\"potentialAction\":[{\"@type\":\"ReadAction\",\"target\":[\"https:\/\/fatordental.com.br\/index.php\/produto\/disco-de-lixa-diamond-pro-8-12mm-fgm\/\"]}]},{\"@type\":\"ImageObject\",\"inLanguage\":\"pt-BR\",\"@id\":\"https:\/\/fatordental.com.br\/index.php\/produto\/disco-de-lixa-diamond-pro-8-12mm-fgm\/#primaryimage\",\"url\":\"https:\/\/fatordental.com.br\/wp-content\/uploads\/2023\/06\/disco-diamond-pro-sortido-812mm-fgm-dc-412154-02.jpg\",\"contentUrl\":\"https:\/\/fatordental.com.br\/wp-content\/uploads\/2023\/06\/disco-diamond-pro-sortido-812mm-fgm-dc-412154-02.jpg\",\"width\":800,\"height\":800},{\"@type\":\"BreadcrumbList\",\"@id\":\"https:\/\/fatordental.com.br\/index.php\/produto\/disco-de-lixa-diamond-pro-8-12mm-fgm\/#breadcrumb\",\"itemListElement\":[{\"@type\":\"ListItem\",\"position\":1,\"name\":\"In\u00edcio\",\"item\":\"https:\/\/fatordental.com.br\/\"},{\"@type\":\"ListItem\",\"position\":2,\"name\":\"Produtos\",\"item\":\"https:\/\/fatordental.com.br\/index.php\/produtos\/\"},{\"@type\":\"ListItem\",\"position\":3,\"name\":\"Disco de Lixa Diamond Pro 8\/12mm &#8211; FGM\"}]},{\"@type\":\"WebSite\",\"@id\":\"https:\/\/fatordental.com.br\/#website\",\"url\":\"https:\/\/fatordental.com.br\/\",\"name\":\"Fator Dental\",\"description\":\"Produtos Ondontol\u00f3gicos\",\"publisher\":{\"@id\":\"https:\/\/fatordental.com.br\/#organization\"},\"potentialAction\":[{\"@type\":\"SearchAction\",\"target\":{\"@type\":\"EntryPoint\",\"urlTemplate\":\"https:\/\/fatordental.com.br\/?s={search_term_string}\"},\"query-input\":{\"@type\":\"PropertyValueSpecification\",\"valueRequired\":true,\"valueName\":\"search_term_string\"}}],\"inLanguage\":\"pt-BR\"},{\"@type\":\"Organization\",\"@id\":\"https:\/\/fatordental.com.br\/#organization\",\"name\":\"Fator Dental\",\"url\":\"https:\/\/fatordental.com.br\/\",\"logo\":{\"@type\":\"ImageObject\",\"inLanguage\":\"pt-BR\",\"@id\":\"https:\/\/fatordental.com.br\/#\/schema\/logo\/image\/\",\"url\":\"https:\/\/fatordental.com.br\/wp-content\/uploads\/2023\/02\/logo_fator.png\",\"contentUrl\":\"https:\/\/fatordental.com.br\/wp-content\/uploads\/2023\/02\/logo_fator.png\",\"width\":400,\"height\":256,\"caption\":\"Fator Dental\"},\"image\":{\"@id\":\"https:\/\/fatordental.com.br\/#\/schema\/logo\/image\/\"},\"sameAs\":[\"https:\/\/www.instagram.com\/fatordental\/\"]}]}<\/script>\n<!-- \/ Yoast SEO plugin. -->","yoast_head_json":{"title":"Disco de Lixa Diamond Pro 8\/12mm - FGM - Fator Dental","robots":{"index":"index","follow":"follow","max-snippet":"max-snippet:-1","max-image-preview":"max-image-preview:large","max-video-preview":"max-video-preview:-1"},"canonical":"https:\/\/fatordental.com.br\/index.php\/produto\/disco-de-lixa-diamond-pro-8-12mm-fgm\/","og_locale":"pt_BR","og_type":"article","og_title":"Disco de Lixa Diamond Pro 8\/12mm - FGM - Fator Dental","og_description":"Embalagem com 56 unidades com granula\u00e7\u00f5es sortidas (grossa, m\u00e9dia, fina e extrafina) + mandril. DETALHES &#8211; Sistema de encaixe r\u00e1pido, que facilita o acoplamento ao mandril. &#8211; Sem partes met\u00e1licas [&hellip;]","og_url":"https:\/\/fatordental.com.br\/index.php\/produto\/disco-de-lixa-diamond-pro-8-12mm-fgm\/","og_site_name":"Fator Dental","article_modified_time":"2023-06-04T17:11:13+00:00","og_image":[{"width":800,"height":800,"url":"https:\/\/fatordental.com.br\/wp-content\/uploads\/2023\/06\/disco-diamond-pro-sortido-812mm-fgm-dc-412154-02.jpg","type":"image\/jpeg"}],"twitter_card":"summary_large_image","twitter_misc":{"Est. tempo de leitura":"1 minuto"},"schema":{"@context":"https:\/\/schema.org","@graph":[{"@type":"WebPage","@id":"https:\/\/fatordental.com.br\/index.php\/produto\/disco-de-lixa-diamond-pro-8-12mm-fgm\/","url":"https:\/\/fatordental.com.br\/index.php\/produto\/disco-de-lixa-diamond-pro-8-12mm-fgm\/","name":"Disco de Lixa Diamond Pro 8\/12mm - FGM - Fator Dental","isPartOf":{"@id":"https:\/\/fatordental.com.br\/#website"},"primaryImageOfPage":{"@id":"https:\/\/fatordental.com.br\/index.php\/produto\/disco-de-lixa-diamond-pro-8-12mm-fgm\/#primaryimage"},"image":{"@id":"https:\/\/fatordental.com.br\/index.php\/produto\/disco-de-lixa-diamond-pro-8-12mm-fgm\/#primaryimage"},"thumbnailUrl":"https:\/\/fatordental.com.br\/wp-content\/uploads\/2023\/06\/disco-diamond-pro-sortido-812mm-fgm-dc-412154-02.jpg","datePublished":"2023-06-04T17:11:12+00:00","dateModified":"2023-06-04T17:11:13+00:00","breadcrumb":{"@id":"https:\/\/fatordental.com.br\/index.php\/produto\/disco-de-lixa-diamond-pro-8-12mm-fgm\/#breadcrumb"},"inLanguage":"pt-BR","potentialAction":[{"@type":"ReadAction","target":["https:\/\/fatordental.com.br\/index.php\/produto\/disco-de-lixa-diamond-pro-8-12mm-fgm\/"]}]},{"@type":"ImageObject","inLanguage":"pt-BR","@id":"https:\/\/fatordental.com.br\/index.php\/produto\/disco-de-lixa-diamond-pro-8-12mm-fgm\/#primaryimage","url":"https:\/\/fatordental.com.br\/wp-content\/uploads\/2023\/06\/disco-diamond-pro-sortido-812mm-fgm-dc-412154-02.jpg","contentUrl":"https:\/\/fatordental.com.br\/wp-content\/uploads\/2023\/06\/disco-diamond-pro-sortido-812mm-fgm-dc-412154-02.jpg","width":800,"height":800},{"@type":"BreadcrumbList","@id":"https:\/\/fatordental.com.br\/index.php\/produto\/disco-de-lixa-diamond-pro-8-12mm-fgm\/#breadcrumb","itemListElement":[{"@type":"ListItem","position":1,"name":"In\u00edcio","item":"https:\/\/fatordental.com.br\/"},{"@type":"ListItem","position":2,"name":"Produtos","item":"https:\/\/fatordental.com.br\/index.php\/produtos\/"},{"@type":"ListItem","position":3,"name":"Disco de Lixa Diamond Pro 8\/12mm &#8211; FGM"}]},{"@type":"WebSite","@id":"https:\/\/fatordental.com.br\/#website","url":"https:\/\/fatordental.com.br\/","name":"Fator Dental","description":"Produtos Ondontol\u00f3gicos","publisher":{"@id":"https:\/\/fatordental.com.br\/#organization"},"potentialAction":[{"@type":"SearchAction","target":{"@type":"EntryPoint","urlTemplate":"https:\/\/fatordental.com.br\/?s={search_term_string}"},"query-input":{"@type":"PropertyValueSpecification","valueRequired":true,"valueName":"search_term_string"}}],"inLanguage":"pt-BR"},{"@type":"Organization","@id":"https:\/\/fatordental.com.br\/#organization","name":"Fator Dental","url":"https:\/\/fatordental.com.br\/","logo":{"@type":"ImageObject","inLanguage":"pt-BR","@id":"https:\/\/fatordental.com.br\/#\/schema\/logo\/image\/","url":"https:\/\/fatordental.com.br\/wp-content\/uploads\/2023\/02\/logo_fator.png","contentUrl":"https:\/\/fatordental.com.br\/wp-content\/uploads\/2023\/02\/logo_fator.png","width":400,"height":256,"caption":"Fator Dental"},"image":{"@id":"https:\/\/fatordental.com.br\/#\/schema\/logo\/image\/"},"sameAs":["https:\/\/www.instagram.com\/fatordental\/"]}]}},"_links":{"self":[{"href":"https:\/\/fatordental.com.br\/index.php\/wp-json\/wp\/v2\/product\/1329","targetHints":{"allow":["GET"]}}],"collection":[{"href":"https:\/\/fatordental.com.br\/index.php\/wp-json\/wp\/v2\/product"}],"about":[{"href":"https:\/\/fatordental.com.br\/index.php\/wp-json\/wp\/v2\/types\/product"}],"wp:featuredmedia":[{"embeddable":true,"href":"https:\/\/fatordental.com.br\/index.php\/wp-json\/wp\/v2\/media\/1330"}],"wp:attachment":[{"href":"https:\/\/fatordental.com.br\/index.php\/wp-json\/wp\/v2\/media?parent=1329"}],"wp:term":[{"taxonomy":"product_brand","embeddable":true,"href":"https:\/\/fatordental.com.br\/index.php\/wp-json\/wp\/v2\/product_brand?post=1329"},{"taxonomy":"product_cat","embeddable":true,"href":"https:\/\/fatordental.com.br\/index.php\/wp-json\/wp\/v2\/product_cat?post=1329"},{"taxonomy":"product_tag","embeddable":true,"href":"https:\/\/fatordental.com.br\/index.php\/wp-json\/wp\/v2\/product_tag?post=1329"}],"curies":[{"name":"wp","href":"https:\/\/api.w.org\/{rel}","templated":true}]}}