{"id":1325,"date":"2023-06-04T13:59:15","date_gmt":"2023-06-04T16:59:15","guid":{"rendered":"https:\/\/fatordental.com.br\/?post_type=product&#038;p=1325"},"modified":"2023-06-04T14:01:12","modified_gmt":"2023-06-04T17:01:12","slug":"afastador-labial-arcflex-tamanho-m-fgm","status":"publish","type":"product","link":"https:\/\/fatordental.com.br\/index.php\/produto\/afastador-labial-arcflex-tamanho-m-fgm\/","title":{"rendered":"Afastador Labial Arcflex Tamanho M- FGM"},"content":{"rendered":"<p class=\"value\"><strong>Embalagem com 1 unidade.\u00a0<\/strong><\/p>\n<ul>\n<li><strong>DETALHES<\/strong><\/li>\n<\/ul>\n<p>&#8211; Conta com f\u00e1cil inser\u00e7\u00e3o e remo\u00e7\u00e3o atrav\u00e9s da sua alta flexibilidade.<br \/>\n&#8211; Esteriliz\u00e1vel em autoclave (at\u00e9 134\u00b0C).<br \/>\n&#8211; Vers\u00e1til e confort\u00e1vel para promover o afastamento dos l\u00e1bios, bochechas, controle da l\u00edngua e descanso de mordida.<br \/>\n&#8211; Apresenta um design funcional.<br \/>\n* M\u00e9dio (L x A x P): 139,14 x 45,48 x 64,49.\u00a0 \u00a0 \u00a0 \u00a0 \u00a0 \u00a0 \u00a0 \u00a0 \u00a0 \u00a0 \u00a0 \u00a0 \u00a0 \u00a0 \u00a0 \u00a0 \u00a0 \u00a0 \u00a0 \u00a0 \u00a0 \u00a0 \u00a0 \u00a0 \u00a0 \u00a0 \u00a0 \u00a0 \u00a0 \u00a0 \u00a0 \u00a0 \u00a0 \u00a0 \u00a0 \u00a0 \u00a0 \u00a0 \u00a0 \u00a0 \u00a0 \u00a0 \u00a0 \u00a0 \u00a0 \u00a0 \u00a0 \u00a0 \u00a0 \u00a0 \u00a0 \u00a0 \u00a0 \u00a0 \u00a0 \u00a0 \u00a0 \u00a0 &#8211;\u00a0Registro ANVISA: 80172310038.<\/p>\n<ul>\n<li><strong>APLICA\u00c7\u00c3O<\/strong><\/li>\n<\/ul>\n<p>O\u00a0<strong>Afastador Labial Arcflex<\/strong>\u00a0da\u00a0<a href=\"https:\/\/www.dentalcremer.com.br\/super-loja\/fgm.html\" target=\"_blank\" rel=\"noopener\"><strong>FGM<\/strong>\u00a0<\/a>\u00e9 um afastador labial e lingual que apresenta um design funcional para auxiliar o profissional da \u00e1rea de Odontologia em diversos procedimentos cl\u00ednicos, como: clareamento em consult\u00f3rio, aplica\u00e7\u00e3o de dessensibilizantes, profilaxia, restaura\u00e7\u00f5es em dentes anteriores, colagem de br\u00e1quetes, preparos prot\u00e9ticos anteriores, pequenas cirurgias gengivais anteriores e demais situa\u00e7\u00f5es que necessitem ter uma maior exposi\u00e7\u00e3o das arcadas dentais.<\/p>\n<p>Al\u00e9m de proporcionar um m\u00e1ximo afastamento dos l\u00e1bios e bochechas, ele conta com descanso de mordida para o paciente, oferecendo maior conforto e versatilidade.<\/p>\n","protected":false},"excerpt":{"rendered":"<p>Embalagem com 1 unidade.\u00a0 DETALHES &#8211; Conta com f\u00e1cil inser\u00e7\u00e3o e remo\u00e7\u00e3o atrav\u00e9s da sua alta flexibilidade. &#8211; Esteriliz\u00e1vel em autoclave (at\u00e9 134\u00b0C). &#8211; Vers\u00e1til e confort\u00e1vel para promover o [&hellip;]<\/p>\n","protected":false},"featured_media":1326,"template":"","meta":[],"product_brand":[],"product_cat":[148,51],"product_tag":[],"class_list":{"0":"post-1325","1":"product","2":"type-product","3":"status-publish","4":"has-post-thumbnail","6":"product_cat-afastador-labial","7":"product_cat-dentistica-e-estetica","9":"first","10":"instock","11":"shipping-taxable","12":"product-type-simple"},"yoast_head":"<!-- This site is optimized with the Yoast SEO plugin v27.6 - https:\/\/yoast.com\/product\/yoast-seo-wordpress\/ -->\n<title>Afastador Labial Arcflex Tamanho M- FGM - Fator Dental<\/title>\n<meta name=\"robots\" content=\"index, follow, max-snippet:-1, max-image-preview:large, max-video-preview:-1\" \/>\n<link rel=\"canonical\" href=\"https:\/\/fatordental.com.br\/index.php\/produto\/afastador-labial-arcflex-tamanho-m-fgm\/\" \/>\n<meta property=\"og:locale\" content=\"pt_BR\" \/>\n<meta property=\"og:type\" content=\"article\" \/>\n<meta property=\"og:title\" content=\"Afastador Labial Arcflex Tamanho M- FGM - Fator Dental\" \/>\n<meta property=\"og:description\" content=\"Embalagem com 1 unidade.\u00a0 DETALHES &#8211; Conta com f\u00e1cil inser\u00e7\u00e3o e remo\u00e7\u00e3o atrav\u00e9s da sua alta flexibilidade. &#8211; Esteriliz\u00e1vel em autoclave (at\u00e9 134\u00b0C). &#8211; Vers\u00e1til e confort\u00e1vel para promover o [&hellip;]\" \/>\n<meta property=\"og:url\" content=\"https:\/\/fatordental.com.br\/index.php\/produto\/afastador-labial-arcflex-tamanho-m-fgm\/\" \/>\n<meta property=\"og:site_name\" content=\"Fator Dental\" \/>\n<meta property=\"article:modified_time\" content=\"2023-06-04T17:01:12+00:00\" \/>\n<meta property=\"og:image\" content=\"https:\/\/fatordental.com.br\/wp-content\/uploads\/2023\/06\/345070.jpg\" \/>\n\t<meta property=\"og:image:width\" content=\"900\" \/>\n\t<meta property=\"og:image:height\" content=\"900\" \/>\n\t<meta property=\"og:image:type\" content=\"image\/jpeg\" \/>\n<meta name=\"twitter:card\" content=\"summary_large_image\" \/>\n<meta name=\"twitter:label1\" content=\"Est. tempo de leitura\" \/>\n\t<meta name=\"twitter:data1\" content=\"1 minuto\" \/>\n<script type=\"application\/ld+json\" class=\"yoast-schema-graph\">{\"@context\":\"https:\\\/\\\/schema.org\",\"@graph\":[{\"@type\":\"WebPage\",\"@id\":\"https:\\\/\\\/fatordental.com.br\\\/index.php\\\/produto\\\/afastador-labial-arcflex-tamanho-m-fgm\\\/\",\"url\":\"https:\\\/\\\/fatordental.com.br\\\/index.php\\\/produto\\\/afastador-labial-arcflex-tamanho-m-fgm\\\/\",\"name\":\"Afastador Labial Arcflex Tamanho M- FGM - Fator Dental\",\"isPartOf\":{\"@id\":\"https:\\\/\\\/fatordental.com.br\\\/#website\"},\"primaryImageOfPage\":{\"@id\":\"https:\\\/\\\/fatordental.com.br\\\/index.php\\\/produto\\\/afastador-labial-arcflex-tamanho-m-fgm\\\/#primaryimage\"},\"image\":{\"@id\":\"https:\\\/\\\/fatordental.com.br\\\/index.php\\\/produto\\\/afastador-labial-arcflex-tamanho-m-fgm\\\/#primaryimage\"},\"thumbnailUrl\":\"https:\\\/\\\/fatordental.com.br\\\/wp-content\\\/uploads\\\/2023\\\/06\\\/345070.jpg\",\"datePublished\":\"2023-06-04T16:59:15+00:00\",\"dateModified\":\"2023-06-04T17:01:12+00:00\",\"breadcrumb\":{\"@id\":\"https:\\\/\\\/fatordental.com.br\\\/index.php\\\/produto\\\/afastador-labial-arcflex-tamanho-m-fgm\\\/#breadcrumb\"},\"inLanguage\":\"pt-BR\",\"potentialAction\":[{\"@type\":\"ReadAction\",\"target\":[\"https:\\\/\\\/fatordental.com.br\\\/index.php\\\/produto\\\/afastador-labial-arcflex-tamanho-m-fgm\\\/\"]}]},{\"@type\":\"ImageObject\",\"inLanguage\":\"pt-BR\",\"@id\":\"https:\\\/\\\/fatordental.com.br\\\/index.php\\\/produto\\\/afastador-labial-arcflex-tamanho-m-fgm\\\/#primaryimage\",\"url\":\"https:\\\/\\\/fatordental.com.br\\\/wp-content\\\/uploads\\\/2023\\\/06\\\/345070.jpg\",\"contentUrl\":\"https:\\\/\\\/fatordental.com.br\\\/wp-content\\\/uploads\\\/2023\\\/06\\\/345070.jpg\",\"width\":900,\"height\":900},{\"@type\":\"BreadcrumbList\",\"@id\":\"https:\\\/\\\/fatordental.com.br\\\/index.php\\\/produto\\\/afastador-labial-arcflex-tamanho-m-fgm\\\/#breadcrumb\",\"itemListElement\":[{\"@type\":\"ListItem\",\"position\":1,\"name\":\"In\u00edcio\",\"item\":\"https:\\\/\\\/fatordental.com.br\\\/\"},{\"@type\":\"ListItem\",\"position\":2,\"name\":\"Produtos\",\"item\":\"https:\\\/\\\/fatordental.com.br\\\/index.php\\\/produtos\\\/\"},{\"@type\":\"ListItem\",\"position\":3,\"name\":\"Afastador Labial Arcflex Tamanho M- FGM\"}]},{\"@type\":\"WebSite\",\"@id\":\"https:\\\/\\\/fatordental.com.br\\\/#website\",\"url\":\"https:\\\/\\\/fatordental.com.br\\\/\",\"name\":\"Fator Dental\",\"description\":\"Produtos Ondontol\u00f3gicos\",\"publisher\":{\"@id\":\"https:\\\/\\\/fatordental.com.br\\\/#organization\"},\"potentialAction\":[{\"@type\":\"SearchAction\",\"target\":{\"@type\":\"EntryPoint\",\"urlTemplate\":\"https:\\\/\\\/fatordental.com.br\\\/?s={search_term_string}\"},\"query-input\":{\"@type\":\"PropertyValueSpecification\",\"valueRequired\":true,\"valueName\":\"search_term_string\"}}],\"inLanguage\":\"pt-BR\"},{\"@type\":\"Organization\",\"@id\":\"https:\\\/\\\/fatordental.com.br\\\/#organization\",\"name\":\"Fator Dental\",\"url\":\"https:\\\/\\\/fatordental.com.br\\\/\",\"logo\":{\"@type\":\"ImageObject\",\"inLanguage\":\"pt-BR\",\"@id\":\"https:\\\/\\\/fatordental.com.br\\\/#\\\/schema\\\/logo\\\/image\\\/\",\"url\":\"https:\\\/\\\/fatordental.com.br\\\/wp-content\\\/uploads\\\/2023\\\/02\\\/logo_fator.png\",\"contentUrl\":\"https:\\\/\\\/fatordental.com.br\\\/wp-content\\\/uploads\\\/2023\\\/02\\\/logo_fator.png\",\"width\":400,\"height\":256,\"caption\":\"Fator Dental\"},\"image\":{\"@id\":\"https:\\\/\\\/fatordental.com.br\\\/#\\\/schema\\\/logo\\\/image\\\/\"},\"sameAs\":[\"https:\\\/\\\/www.instagram.com\\\/fatordental\\\/\"]}]}<\/script>\n<!-- \/ Yoast SEO plugin. -->","yoast_head_json":{"title":"Afastador Labial Arcflex Tamanho M- FGM - Fator Dental","robots":{"index":"index","follow":"follow","max-snippet":"max-snippet:-1","max-image-preview":"max-image-preview:large","max-video-preview":"max-video-preview:-1"},"canonical":"https:\/\/fatordental.com.br\/index.php\/produto\/afastador-labial-arcflex-tamanho-m-fgm\/","og_locale":"pt_BR","og_type":"article","og_title":"Afastador Labial Arcflex Tamanho M- FGM - Fator Dental","og_description":"Embalagem com 1 unidade.\u00a0 DETALHES &#8211; Conta com f\u00e1cil inser\u00e7\u00e3o e remo\u00e7\u00e3o atrav\u00e9s da sua alta flexibilidade. &#8211; Esteriliz\u00e1vel em autoclave (at\u00e9 134\u00b0C). &#8211; Vers\u00e1til e confort\u00e1vel para promover o [&hellip;]","og_url":"https:\/\/fatordental.com.br\/index.php\/produto\/afastador-labial-arcflex-tamanho-m-fgm\/","og_site_name":"Fator Dental","article_modified_time":"2023-06-04T17:01:12+00:00","og_image":[{"width":900,"height":900,"url":"https:\/\/fatordental.com.br\/wp-content\/uploads\/2023\/06\/345070.jpg","type":"image\/jpeg"}],"twitter_card":"summary_large_image","twitter_misc":{"Est. tempo de leitura":"1 minuto"},"schema":{"@context":"https:\/\/schema.org","@graph":[{"@type":"WebPage","@id":"https:\/\/fatordental.com.br\/index.php\/produto\/afastador-labial-arcflex-tamanho-m-fgm\/","url":"https:\/\/fatordental.com.br\/index.php\/produto\/afastador-labial-arcflex-tamanho-m-fgm\/","name":"Afastador Labial Arcflex Tamanho M- FGM - Fator Dental","isPartOf":{"@id":"https:\/\/fatordental.com.br\/#website"},"primaryImageOfPage":{"@id":"https:\/\/fatordental.com.br\/index.php\/produto\/afastador-labial-arcflex-tamanho-m-fgm\/#primaryimage"},"image":{"@id":"https:\/\/fatordental.com.br\/index.php\/produto\/afastador-labial-arcflex-tamanho-m-fgm\/#primaryimage"},"thumbnailUrl":"https:\/\/fatordental.com.br\/wp-content\/uploads\/2023\/06\/345070.jpg","datePublished":"2023-06-04T16:59:15+00:00","dateModified":"2023-06-04T17:01:12+00:00","breadcrumb":{"@id":"https:\/\/fatordental.com.br\/index.php\/produto\/afastador-labial-arcflex-tamanho-m-fgm\/#breadcrumb"},"inLanguage":"pt-BR","potentialAction":[{"@type":"ReadAction","target":["https:\/\/fatordental.com.br\/index.php\/produto\/afastador-labial-arcflex-tamanho-m-fgm\/"]}]},{"@type":"ImageObject","inLanguage":"pt-BR","@id":"https:\/\/fatordental.com.br\/index.php\/produto\/afastador-labial-arcflex-tamanho-m-fgm\/#primaryimage","url":"https:\/\/fatordental.com.br\/wp-content\/uploads\/2023\/06\/345070.jpg","contentUrl":"https:\/\/fatordental.com.br\/wp-content\/uploads\/2023\/06\/345070.jpg","width":900,"height":900},{"@type":"BreadcrumbList","@id":"https:\/\/fatordental.com.br\/index.php\/produto\/afastador-labial-arcflex-tamanho-m-fgm\/#breadcrumb","itemListElement":[{"@type":"ListItem","position":1,"name":"In\u00edcio","item":"https:\/\/fatordental.com.br\/"},{"@type":"ListItem","position":2,"name":"Produtos","item":"https:\/\/fatordental.com.br\/index.php\/produtos\/"},{"@type":"ListItem","position":3,"name":"Afastador Labial Arcflex Tamanho M- FGM"}]},{"@type":"WebSite","@id":"https:\/\/fatordental.com.br\/#website","url":"https:\/\/fatordental.com.br\/","name":"Fator Dental","description":"Produtos Ondontol\u00f3gicos","publisher":{"@id":"https:\/\/fatordental.com.br\/#organization"},"potentialAction":[{"@type":"SearchAction","target":{"@type":"EntryPoint","urlTemplate":"https:\/\/fatordental.com.br\/?s={search_term_string}"},"query-input":{"@type":"PropertyValueSpecification","valueRequired":true,"valueName":"search_term_string"}}],"inLanguage":"pt-BR"},{"@type":"Organization","@id":"https:\/\/fatordental.com.br\/#organization","name":"Fator Dental","url":"https:\/\/fatordental.com.br\/","logo":{"@type":"ImageObject","inLanguage":"pt-BR","@id":"https:\/\/fatordental.com.br\/#\/schema\/logo\/image\/","url":"https:\/\/fatordental.com.br\/wp-content\/uploads\/2023\/02\/logo_fator.png","contentUrl":"https:\/\/fatordental.com.br\/wp-content\/uploads\/2023\/02\/logo_fator.png","width":400,"height":256,"caption":"Fator Dental"},"image":{"@id":"https:\/\/fatordental.com.br\/#\/schema\/logo\/image\/"},"sameAs":["https:\/\/www.instagram.com\/fatordental\/"]}]}},"_links":{"self":[{"href":"https:\/\/fatordental.com.br\/index.php\/wp-json\/wp\/v2\/product\/1325","targetHints":{"allow":["GET"]}}],"collection":[{"href":"https:\/\/fatordental.com.br\/index.php\/wp-json\/wp\/v2\/product"}],"about":[{"href":"https:\/\/fatordental.com.br\/index.php\/wp-json\/wp\/v2\/types\/product"}],"wp:featuredmedia":[{"embeddable":true,"href":"https:\/\/fatordental.com.br\/index.php\/wp-json\/wp\/v2\/media\/1326"}],"wp:attachment":[{"href":"https:\/\/fatordental.com.br\/index.php\/wp-json\/wp\/v2\/media?parent=1325"}],"wp:term":[{"taxonomy":"product_brand","embeddable":true,"href":"https:\/\/fatordental.com.br\/index.php\/wp-json\/wp\/v2\/product_brand?post=1325"},{"taxonomy":"product_cat","embeddable":true,"href":"https:\/\/fatordental.com.br\/index.php\/wp-json\/wp\/v2\/product_cat?post=1325"},{"taxonomy":"product_tag","embeddable":true,"href":"https:\/\/fatordental.com.br\/index.php\/wp-json\/wp\/v2\/product_tag?post=1325"}],"curies":[{"name":"wp","href":"https:\/\/api.w.org\/{rel}","templated":true}]}}