{"id":1321,"date":"2023-06-04T12:51:33","date_gmt":"2023-06-04T15:51:33","guid":{"rendered":"https:\/\/fatordental.com.br\/?post_type=product&#038;p=1321"},"modified":"2023-06-04T12:51:33","modified_gmt":"2023-06-04T15:51:33","slug":"cimento-resinoso-dual-set-pp-a1-sdi","status":"publish","type":"product","link":"https:\/\/fatordental.com.br\/index.php\/produto\/cimento-resinoso-dual-set-pp-a1-sdi\/","title":{"rendered":"Cimento Resinoso Dual SeT PP A1 &#8211; SDI"},"content":{"rendered":"<p class=\"value\"><strong>Embalagem com 7g (seringa dupla) + 14 pontas misturadoras.\u00a0<\/strong><\/p>\n<ul>\n<li><strong>DETALHES<\/strong><\/li>\n<\/ul>\n<p>&#8211; Alta resist\u00eancia adesiva.<br \/>\n&#8211; Livre de Bisfenol A (BPA), HEMA (Metacrilato de Hidroxietila) e derivados. Utilize este produto em seus pacientes com tranquilidade.<br \/>\n&#8211; F\u00e1cil limpeza\/remo\u00e7\u00e3o do excesso de cimento.<br \/>\n&#8211; N\u00e3o h\u00e1 necessidade de condicionamento \u2013 minimiza a possibilidade de sensibilidade p\u00f3s operat\u00f3ria.<br \/>\n&#8211; Toma presa em 5 minutos ou 20 segundos com fotopolimeriza\u00e7\u00e3o.<br \/>\n&#8211; Alta radiopacidade.<br \/>\n&#8211; Altera\u00e7\u00e3o dimensional pr\u00f3ximo a zero.<br \/>\n&#8211; Composi\u00e7\u00e3o: 35% em peso de \u00e9ster metacrilato e 65% em peso de part\u00edcula inorg\u00e2nica.<br \/>\n&#8211; Prazo de Validade: 2 anos.<br \/>\n&#8211; Temperatura de Armazenamento: 2\u00b0C a 25\u00b0C.<br \/>\n&#8211; Manter refrigerado at\u00e9 o uso.<br \/>\n&#8211; Resist\u00eancia \u00e0 Compress\u00e3o ap\u00f3s 24h: N\u00e3o menos que 150 Mpa.<br \/>\n&#8211; Espessura do Filme: N\u00e3o mais que 50\u00b5.<br \/>\n&#8211; Resist\u00eancia \u00e0 tra\u00e7\u00e3o diametral ap\u00f3s 24h: N\u00e3o mais que 50 Mpa.<br \/>\n&#8211; Solubilidade: N\u00e3o mais que 7,5\u00b5g\/mm\u00b3.<br \/>\n&#8211; Registro ANVISA: 10282490031.<\/p>\n<ul>\n<li><strong>APLICA\u00c7\u00c3O<\/strong><\/li>\n<\/ul>\n<p>O\u00a0<strong>Cimento Resinoso Dual seT PP\u00a0<\/strong>da\u00a0<strong>SDI\u00a0<\/strong>\u00e9 um cimento autoadesivo, autocondicionante e de dupla cura, que proporciona uma experi\u00eancia completa de cimenta\u00e7\u00e3o, pois condiciona, promove ades\u00e3o e cimenta a pe\u00e7a prot\u00e9tica. Simples e f\u00e1cil de trabalhar, o\u00a0<strong>Dual seT PP\u00a0<\/strong>produz uma espessura ideal de pel\u00edcula e excelente fluidez para cimenta\u00e7\u00e3o em pe\u00e7as prot\u00e9ticas.<\/p>\n<p>O seu uso \u00e9 indicado para a cimenta\u00e7\u00e3o indireta de inlays e onlays, coroas, pr\u00f3teses fixas em cer\u00e2mica, metal, metalocer\u00e2mica e resina; n\u00facleos met\u00e1licos e pinos de fibra de vidro. E contraindicado em facetas.<\/p>\n<h2><strong>Diferenciais do seT PP<\/strong><\/h2>\n<p>&#8211;\u00a0<strong>Propriet\u00e1rio da tecnologia ionglass\u2122:<\/strong>\u00a0Utiliza uma tecnologia chamada ionglass\u2122 desenvolvida pela pr\u00f3pria SDI por especialistas em vidro. O ionglass\u2122 \u00e9 um vidro reativo, radiopaco, com alta libera\u00e7\u00e3o de \u00edons, usado em toda linha de cimentos da SDI. Por isso, o seT PP, libera substancialmente, uma alta quantidade de fl\u00faor que auxilia na remineraliza\u00e7\u00e3o natural do dente.<\/p>\n<p>&#8211;\u00a0<strong>Radiopacidade:<\/strong>\u00a0Detect\u00e1vel em radiografias. Devido a sua excelente radiopacidade, \u00e9 f\u00e1cil de ser detectado no exame radiogr\u00e1fico e com isso o profissional consegue verificar facilmente a integridade das margens de cimenta\u00e7\u00e3o.<\/p>\n<p>&#8211;\u00a0<strong>Alta libera\u00e7\u00e3o de fl\u00faor:<\/strong>\u00a0Apresenta livre movimenta\u00e7\u00e3o de \u00edons fl\u00faor que beneficia a estrutura dental. O fl\u00faor tem um papel significante na preven\u00e7\u00e3o da c\u00e1rie. Isso inclui a forma\u00e7\u00e3o de fluorapatita, que \u00e9 mais resistente aos \u00e1cidos do que a hidroxiapatita. O fl\u00faor ajuda a proteger a estrutura dental contra a c\u00e1rie.<\/p>\n<p>&#8211;\u00a0<strong>Cura dual:<\/strong>\u00a0Desenvolvido para combinar as vantagens da cura por rea\u00e7\u00e3o qu\u00edmica ou cura atrav\u00e9s da luz, \u00e9 o cimento ideal para qualquer situa\u00e7\u00e3o.<\/p>\n<p>&#8211;\u00a0<strong>M\u00ednima sensibilidade p\u00f3s-operat\u00f3ria:<\/strong>\u00a0Sua utiliza\u00e7\u00e3o n\u00e3o requer condicionamento \u00e1cido e lavagem. A camada de smear layer permanece intacta, com isso, protege o dente. Esta caracter\u00edstica reduz drasticamente a sensibilidade p\u00f3s-operat\u00f3ria, quando n\u00e3o a elimina.<\/p>\n<p>&#8211;\u00a0<strong>Extensa varia\u00e7\u00e3o de cores:<\/strong>\u00a0Est\u00e1 dispon\u00edvel em 5 cores: Transl\u00facido, A1, A2, OA3 e branco opaco. A extensa varia\u00e7\u00e3o de cores maximiza as caracter\u00edsticas est\u00e9ticas do material.<\/p>\n<h2><strong>Como aplicar o Cimento Resinoso Dual seT PP?<\/strong><\/h2>\n<p>1. Proteja a \u00e1rea a ser trabalhada contra contamina\u00e7\u00e3o de flu\u00eddos intraorais.<\/p>\n<p>2. Aplique seT PP uniformemente sobre todas as superf\u00edcies de uni\u00e3o, tanto na restaura\u00e7\u00e3o como do dente.<\/p>\n<p><strong>Aten\u00e7\u00e3o<\/strong>: N\u00e3o use broca lentulo para inserir o cimento no canal, uma vez que isso pode acelerar excessivamente o tempo de presa.<\/p>\n<p>3. Assente a restaura\u00e7\u00e3o e aguarde 30 segundos para fazer a fotopolimeriza\u00e7\u00e3o.<\/p>\n<p>4. Retire o excesso de material ap\u00f3s fotopolimerizar por 2 segundos ou ap\u00f3s 2 minutos a partir do in\u00edcio da mistura.<\/p>\n<p><strong>Aten\u00e7\u00e3o<\/strong>: Se o excesso de cimento for removido com uma bolinha de esponja ou instrumental similar, deixe uma quantidade m\u00ednima de excesso ap\u00f3s a restaura\u00e7\u00e3o ter sido assentada.<\/p>\n<p>Fotopolimerize rapidamente o excesso ou, se deixar autopolimerizar, cubra o excesso com gel de glicerina para evitar a inibi\u00e7\u00e3o por oxig\u00eanio.<\/p>\n<p>5. Fotopolimerize totalmente para acelerar o processo de coloca\u00e7\u00e3o (20 segundos no m\u00ednimo por superf\u00edcie). No caso de comp\u00f3sitos e todos os tipos de cer\u00e2mica, fotopolimerize seT PP atrav\u00e9s da restaura\u00e7\u00e3o.<\/p>\n<p>6. Fa\u00e7a o polimento na \u00e1rea marginal.<\/p>\n","protected":false},"excerpt":{"rendered":"<p>Embalagem com 7g (seringa dupla) + 14 pontas misturadoras.\u00a0 DETALHES &#8211; Alta resist\u00eancia adesiva. &#8211; Livre de Bisfenol A (BPA), HEMA (Metacrilato de Hidroxietila) e derivados. Utilize este produto em [&hellip;]<\/p>\n","protected":false},"featured_media":1322,"template":"","meta":[],"product_brand":[],"product_cat":[41,40],"product_tag":[],"class_list":{"0":"post-1321","1":"product","2":"type-product","3":"status-publish","4":"has-post-thumbnail","6":"product_cat-cimento-resinoso","7":"product_cat-cimentos","9":"first","10":"instock","11":"shipping-taxable","12":"product-type-simple"},"yoast_head":"<!-- This site is optimized with the Yoast SEO plugin v26.8 - https:\/\/yoast.com\/product\/yoast-seo-wordpress\/ -->\n<title>Cimento Resinoso Dual SeT PP A1 - SDI - Fator Dental<\/title>\n<meta name=\"robots\" content=\"index, follow, max-snippet:-1, max-image-preview:large, max-video-preview:-1\" \/>\n<link rel=\"canonical\" href=\"https:\/\/fatordental.com.br\/index.php\/produto\/cimento-resinoso-dual-set-pp-a1-sdi\/\" \/>\n<meta property=\"og:locale\" content=\"pt_BR\" \/>\n<meta property=\"og:type\" content=\"article\" \/>\n<meta property=\"og:title\" content=\"Cimento Resinoso Dual SeT PP A1 - SDI - Fator Dental\" \/>\n<meta property=\"og:description\" content=\"Embalagem com 7g (seringa dupla) + 14 pontas misturadoras.\u00a0 DETALHES &#8211; Alta resist\u00eancia adesiva. &#8211; Livre de Bisfenol A (BPA), HEMA (Metacrilato de Hidroxietila) e derivados. Utilize este produto em [&hellip;]\" \/>\n<meta property=\"og:url\" content=\"https:\/\/fatordental.com.br\/index.php\/produto\/cimento-resinoso-dual-set-pp-a1-sdi\/\" \/>\n<meta property=\"og:site_name\" content=\"Fator Dental\" \/>\n<meta property=\"og:image\" content=\"https:\/\/fatordental.com.br\/wp-content\/uploads\/2023\/06\/cimento-resinoso-dual-set-pp-sdi-A2-54165.jpg\" \/>\n\t<meta property=\"og:image:width\" content=\"900\" \/>\n\t<meta property=\"og:image:height\" content=\"900\" \/>\n\t<meta property=\"og:image:type\" content=\"image\/jpeg\" \/>\n<meta name=\"twitter:card\" content=\"summary_large_image\" \/>\n<meta name=\"twitter:label1\" content=\"Est. tempo de leitura\" \/>\n\t<meta name=\"twitter:data1\" content=\"4 minutos\" \/>\n<script type=\"application\/ld+json\" class=\"yoast-schema-graph\">{\"@context\":\"https:\/\/schema.org\",\"@graph\":[{\"@type\":\"WebPage\",\"@id\":\"https:\/\/fatordental.com.br\/index.php\/produto\/cimento-resinoso-dual-set-pp-a1-sdi\/\",\"url\":\"https:\/\/fatordental.com.br\/index.php\/produto\/cimento-resinoso-dual-set-pp-a1-sdi\/\",\"name\":\"Cimento Resinoso Dual SeT PP A1 - SDI - Fator Dental\",\"isPartOf\":{\"@id\":\"https:\/\/fatordental.com.br\/#website\"},\"primaryImageOfPage\":{\"@id\":\"https:\/\/fatordental.com.br\/index.php\/produto\/cimento-resinoso-dual-set-pp-a1-sdi\/#primaryimage\"},\"image\":{\"@id\":\"https:\/\/fatordental.com.br\/index.php\/produto\/cimento-resinoso-dual-set-pp-a1-sdi\/#primaryimage\"},\"thumbnailUrl\":\"https:\/\/fatordental.com.br\/wp-content\/uploads\/2023\/06\/cimento-resinoso-dual-set-pp-sdi-A2-54165.jpg\",\"datePublished\":\"2023-06-04T15:51:33+00:00\",\"breadcrumb\":{\"@id\":\"https:\/\/fatordental.com.br\/index.php\/produto\/cimento-resinoso-dual-set-pp-a1-sdi\/#breadcrumb\"},\"inLanguage\":\"pt-BR\",\"potentialAction\":[{\"@type\":\"ReadAction\",\"target\":[\"https:\/\/fatordental.com.br\/index.php\/produto\/cimento-resinoso-dual-set-pp-a1-sdi\/\"]}]},{\"@type\":\"ImageObject\",\"inLanguage\":\"pt-BR\",\"@id\":\"https:\/\/fatordental.com.br\/index.php\/produto\/cimento-resinoso-dual-set-pp-a1-sdi\/#primaryimage\",\"url\":\"https:\/\/fatordental.com.br\/wp-content\/uploads\/2023\/06\/cimento-resinoso-dual-set-pp-sdi-A2-54165.jpg\",\"contentUrl\":\"https:\/\/fatordental.com.br\/wp-content\/uploads\/2023\/06\/cimento-resinoso-dual-set-pp-sdi-A2-54165.jpg\",\"width\":900,\"height\":900},{\"@type\":\"BreadcrumbList\",\"@id\":\"https:\/\/fatordental.com.br\/index.php\/produto\/cimento-resinoso-dual-set-pp-a1-sdi\/#breadcrumb\",\"itemListElement\":[{\"@type\":\"ListItem\",\"position\":1,\"name\":\"In\u00edcio\",\"item\":\"https:\/\/fatordental.com.br\/\"},{\"@type\":\"ListItem\",\"position\":2,\"name\":\"Produtos\",\"item\":\"https:\/\/fatordental.com.br\/index.php\/produtos\/\"},{\"@type\":\"ListItem\",\"position\":3,\"name\":\"Cimento Resinoso Dual SeT PP A1 &#8211; SDI\"}]},{\"@type\":\"WebSite\",\"@id\":\"https:\/\/fatordental.com.br\/#website\",\"url\":\"https:\/\/fatordental.com.br\/\",\"name\":\"Fator Dental\",\"description\":\"Produtos Ondontol\u00f3gicos\",\"publisher\":{\"@id\":\"https:\/\/fatordental.com.br\/#organization\"},\"potentialAction\":[{\"@type\":\"SearchAction\",\"target\":{\"@type\":\"EntryPoint\",\"urlTemplate\":\"https:\/\/fatordental.com.br\/?s={search_term_string}\"},\"query-input\":{\"@type\":\"PropertyValueSpecification\",\"valueRequired\":true,\"valueName\":\"search_term_string\"}}],\"inLanguage\":\"pt-BR\"},{\"@type\":\"Organization\",\"@id\":\"https:\/\/fatordental.com.br\/#organization\",\"name\":\"Fator Dental\",\"url\":\"https:\/\/fatordental.com.br\/\",\"logo\":{\"@type\":\"ImageObject\",\"inLanguage\":\"pt-BR\",\"@id\":\"https:\/\/fatordental.com.br\/#\/schema\/logo\/image\/\",\"url\":\"https:\/\/fatordental.com.br\/wp-content\/uploads\/2023\/02\/logo_fator.png\",\"contentUrl\":\"https:\/\/fatordental.com.br\/wp-content\/uploads\/2023\/02\/logo_fator.png\",\"width\":400,\"height\":256,\"caption\":\"Fator Dental\"},\"image\":{\"@id\":\"https:\/\/fatordental.com.br\/#\/schema\/logo\/image\/\"},\"sameAs\":[\"https:\/\/www.instagram.com\/fatordental\/\"]}]}<\/script>\n<!-- \/ Yoast SEO plugin. -->","yoast_head_json":{"title":"Cimento Resinoso Dual SeT PP A1 - SDI - Fator Dental","robots":{"index":"index","follow":"follow","max-snippet":"max-snippet:-1","max-image-preview":"max-image-preview:large","max-video-preview":"max-video-preview:-1"},"canonical":"https:\/\/fatordental.com.br\/index.php\/produto\/cimento-resinoso-dual-set-pp-a1-sdi\/","og_locale":"pt_BR","og_type":"article","og_title":"Cimento Resinoso Dual SeT PP A1 - SDI - Fator Dental","og_description":"Embalagem com 7g (seringa dupla) + 14 pontas misturadoras.\u00a0 DETALHES &#8211; Alta resist\u00eancia adesiva. &#8211; Livre de Bisfenol A (BPA), HEMA (Metacrilato de Hidroxietila) e derivados. Utilize este produto em [&hellip;]","og_url":"https:\/\/fatordental.com.br\/index.php\/produto\/cimento-resinoso-dual-set-pp-a1-sdi\/","og_site_name":"Fator Dental","og_image":[{"width":900,"height":900,"url":"https:\/\/fatordental.com.br\/wp-content\/uploads\/2023\/06\/cimento-resinoso-dual-set-pp-sdi-A2-54165.jpg","type":"image\/jpeg"}],"twitter_card":"summary_large_image","twitter_misc":{"Est. tempo de leitura":"4 minutos"},"schema":{"@context":"https:\/\/schema.org","@graph":[{"@type":"WebPage","@id":"https:\/\/fatordental.com.br\/index.php\/produto\/cimento-resinoso-dual-set-pp-a1-sdi\/","url":"https:\/\/fatordental.com.br\/index.php\/produto\/cimento-resinoso-dual-set-pp-a1-sdi\/","name":"Cimento Resinoso Dual SeT PP A1 - SDI - Fator Dental","isPartOf":{"@id":"https:\/\/fatordental.com.br\/#website"},"primaryImageOfPage":{"@id":"https:\/\/fatordental.com.br\/index.php\/produto\/cimento-resinoso-dual-set-pp-a1-sdi\/#primaryimage"},"image":{"@id":"https:\/\/fatordental.com.br\/index.php\/produto\/cimento-resinoso-dual-set-pp-a1-sdi\/#primaryimage"},"thumbnailUrl":"https:\/\/fatordental.com.br\/wp-content\/uploads\/2023\/06\/cimento-resinoso-dual-set-pp-sdi-A2-54165.jpg","datePublished":"2023-06-04T15:51:33+00:00","breadcrumb":{"@id":"https:\/\/fatordental.com.br\/index.php\/produto\/cimento-resinoso-dual-set-pp-a1-sdi\/#breadcrumb"},"inLanguage":"pt-BR","potentialAction":[{"@type":"ReadAction","target":["https:\/\/fatordental.com.br\/index.php\/produto\/cimento-resinoso-dual-set-pp-a1-sdi\/"]}]},{"@type":"ImageObject","inLanguage":"pt-BR","@id":"https:\/\/fatordental.com.br\/index.php\/produto\/cimento-resinoso-dual-set-pp-a1-sdi\/#primaryimage","url":"https:\/\/fatordental.com.br\/wp-content\/uploads\/2023\/06\/cimento-resinoso-dual-set-pp-sdi-A2-54165.jpg","contentUrl":"https:\/\/fatordental.com.br\/wp-content\/uploads\/2023\/06\/cimento-resinoso-dual-set-pp-sdi-A2-54165.jpg","width":900,"height":900},{"@type":"BreadcrumbList","@id":"https:\/\/fatordental.com.br\/index.php\/produto\/cimento-resinoso-dual-set-pp-a1-sdi\/#breadcrumb","itemListElement":[{"@type":"ListItem","position":1,"name":"In\u00edcio","item":"https:\/\/fatordental.com.br\/"},{"@type":"ListItem","position":2,"name":"Produtos","item":"https:\/\/fatordental.com.br\/index.php\/produtos\/"},{"@type":"ListItem","position":3,"name":"Cimento Resinoso Dual SeT PP A1 &#8211; SDI"}]},{"@type":"WebSite","@id":"https:\/\/fatordental.com.br\/#website","url":"https:\/\/fatordental.com.br\/","name":"Fator Dental","description":"Produtos Ondontol\u00f3gicos","publisher":{"@id":"https:\/\/fatordental.com.br\/#organization"},"potentialAction":[{"@type":"SearchAction","target":{"@type":"EntryPoint","urlTemplate":"https:\/\/fatordental.com.br\/?s={search_term_string}"},"query-input":{"@type":"PropertyValueSpecification","valueRequired":true,"valueName":"search_term_string"}}],"inLanguage":"pt-BR"},{"@type":"Organization","@id":"https:\/\/fatordental.com.br\/#organization","name":"Fator Dental","url":"https:\/\/fatordental.com.br\/","logo":{"@type":"ImageObject","inLanguage":"pt-BR","@id":"https:\/\/fatordental.com.br\/#\/schema\/logo\/image\/","url":"https:\/\/fatordental.com.br\/wp-content\/uploads\/2023\/02\/logo_fator.png","contentUrl":"https:\/\/fatordental.com.br\/wp-content\/uploads\/2023\/02\/logo_fator.png","width":400,"height":256,"caption":"Fator Dental"},"image":{"@id":"https:\/\/fatordental.com.br\/#\/schema\/logo\/image\/"},"sameAs":["https:\/\/www.instagram.com\/fatordental\/"]}]}},"_links":{"self":[{"href":"https:\/\/fatordental.com.br\/index.php\/wp-json\/wp\/v2\/product\/1321","targetHints":{"allow":["GET"]}}],"collection":[{"href":"https:\/\/fatordental.com.br\/index.php\/wp-json\/wp\/v2\/product"}],"about":[{"href":"https:\/\/fatordental.com.br\/index.php\/wp-json\/wp\/v2\/types\/product"}],"wp:featuredmedia":[{"embeddable":true,"href":"https:\/\/fatordental.com.br\/index.php\/wp-json\/wp\/v2\/media\/1322"}],"wp:attachment":[{"href":"https:\/\/fatordental.com.br\/index.php\/wp-json\/wp\/v2\/media?parent=1321"}],"wp:term":[{"taxonomy":"product_brand","embeddable":true,"href":"https:\/\/fatordental.com.br\/index.php\/wp-json\/wp\/v2\/product_brand?post=1321"},{"taxonomy":"product_cat","embeddable":true,"href":"https:\/\/fatordental.com.br\/index.php\/wp-json\/wp\/v2\/product_cat?post=1321"},{"taxonomy":"product_tag","embeddable":true,"href":"https:\/\/fatordental.com.br\/index.php\/wp-json\/wp\/v2\/product_tag?post=1321"}],"curies":[{"name":"wp","href":"https:\/\/api.w.org\/{rel}","templated":true}]}}