{"id":1311,"date":"2023-06-04T12:16:04","date_gmt":"2023-06-04T15:16:04","guid":{"rendered":"https:\/\/fatordental.com.br\/?post_type=product&#038;p=1311"},"modified":"2023-06-04T12:16:04","modified_gmt":"2023-06-04T15:16:04","slug":"tira-de-poliester-transparente-k-dente","status":"publish","type":"product","link":"https:\/\/fatordental.com.br\/index.php\/produto\/tira-de-poliester-transparente-k-dente\/","title":{"rendered":"Tira de Poli\u00e9ster Transparente \u2013 K-Dente"},"content":{"rendered":"<p class=\"value\"><strong>Embalagem com 50 unidades.<\/strong><\/p>\n<ul>\n<li><strong>DETALHES<\/strong><\/li>\n<\/ul>\n<p>&#8211; Medidas: 10 mm x 120 mm x 0,5 mm.<br \/>\n&#8211; Protege o cimento durante a rea\u00e7\u00e3o de geleifica\u00e7\u00e3o, resultando no endurecimento do material, da perda ou absor\u00e7\u00e3o de umidade presente no local.<br \/>\n&#8211; Para obten\u00e7\u00e3o de uma perfeita restaura\u00e7\u00e3o \u00e9 necess\u00e1rio o uso da tira de poli\u00e9ster, com a fun\u00e7\u00e3o de confinar sob press\u00e3o, o material restaurador no interior da cavidade.<\/p>\n<ul>\n<li><strong>APLICA\u00c7\u00c3O<\/strong><\/li>\n<\/ul>\n<p>&#8211; Indicada para separar o dente a ser restaurado do dente vizinho.<br \/>\n&#8211; Confinar sob press\u00e3o o material restaurador no interior da cavidade.<br \/>\n&#8211; Promover uma superf\u00edcie lisa na tentativa de recompor a forma da superf\u00edcie proximal.<br \/>\n&#8211; Isolar as restaura\u00e7\u00f5es feitas com resinas compostas.<\/p>\n","protected":false},"excerpt":{"rendered":"<p>Embalagem com 50 unidades. DETALHES &#8211; Medidas: 10 mm x 120 mm x 0,5 mm. &#8211; Protege o cimento durante a rea\u00e7\u00e3o de geleifica\u00e7\u00e3o, resultando no endurecimento do material, da [&hellip;]<\/p>\n","protected":false},"featured_media":1312,"template":"","meta":[],"product_brand":[],"product_cat":[51,73],"product_tag":[],"class_list":{"0":"post-1311","1":"product","2":"type-product","3":"status-publish","4":"has-post-thumbnail","6":"product_cat-dentistica-e-estetica","7":"product_cat-tira-de-lixa","9":"first","10":"instock","11":"shipping-taxable","12":"product-type-simple"},"yoast_head":"<!-- This site is optimized with the Yoast SEO plugin v26.8 - https:\/\/yoast.com\/product\/yoast-seo-wordpress\/ -->\n<title>Tira de Poli\u00e9ster Transparente \u2013 K-Dente - Fator Dental<\/title>\n<meta name=\"robots\" content=\"index, follow, max-snippet:-1, max-image-preview:large, max-video-preview:-1\" \/>\n<link rel=\"canonical\" href=\"https:\/\/fatordental.com.br\/index.php\/produto\/tira-de-poliester-transparente-k-dente\/\" \/>\n<meta property=\"og:locale\" content=\"pt_BR\" \/>\n<meta property=\"og:type\" content=\"article\" \/>\n<meta property=\"og:title\" content=\"Tira de Poli\u00e9ster Transparente \u2013 K-Dente - Fator Dental\" \/>\n<meta property=\"og:description\" content=\"Embalagem com 50 unidades. DETALHES &#8211; Medidas: 10 mm x 120 mm x 0,5 mm. &#8211; Protege o cimento durante a rea\u00e7\u00e3o de geleifica\u00e7\u00e3o, resultando no endurecimento do material, da [&hellip;]\" \/>\n<meta property=\"og:url\" content=\"https:\/\/fatordental.com.br\/index.php\/produto\/tira-de-poliester-transparente-k-dente\/\" \/>\n<meta property=\"og:site_name\" content=\"Fator Dental\" \/>\n<meta property=\"og:image\" content=\"https:\/\/fatordental.com.br\/wp-content\/uploads\/2023\/06\/POLIESTER.jpg\" \/>\n\t<meta property=\"og:image:width\" content=\"900\" \/>\n\t<meta property=\"og:image:height\" content=\"900\" \/>\n\t<meta property=\"og:image:type\" content=\"image\/jpeg\" \/>\n<meta name=\"twitter:card\" content=\"summary_large_image\" \/>\n<meta name=\"twitter:label1\" content=\"Est. tempo de leitura\" \/>\n\t<meta name=\"twitter:data1\" content=\"1 minuto\" \/>\n<script type=\"application\/ld+json\" class=\"yoast-schema-graph\">{\"@context\":\"https:\/\/schema.org\",\"@graph\":[{\"@type\":\"WebPage\",\"@id\":\"https:\/\/fatordental.com.br\/index.php\/produto\/tira-de-poliester-transparente-k-dente\/\",\"url\":\"https:\/\/fatordental.com.br\/index.php\/produto\/tira-de-poliester-transparente-k-dente\/\",\"name\":\"Tira de Poli\u00e9ster Transparente \u2013 K-Dente - Fator Dental\",\"isPartOf\":{\"@id\":\"https:\/\/fatordental.com.br\/#website\"},\"primaryImageOfPage\":{\"@id\":\"https:\/\/fatordental.com.br\/index.php\/produto\/tira-de-poliester-transparente-k-dente\/#primaryimage\"},\"image\":{\"@id\":\"https:\/\/fatordental.com.br\/index.php\/produto\/tira-de-poliester-transparente-k-dente\/#primaryimage\"},\"thumbnailUrl\":\"https:\/\/fatordental.com.br\/wp-content\/uploads\/2023\/06\/POLIESTER.jpg\",\"datePublished\":\"2023-06-04T15:16:04+00:00\",\"breadcrumb\":{\"@id\":\"https:\/\/fatordental.com.br\/index.php\/produto\/tira-de-poliester-transparente-k-dente\/#breadcrumb\"},\"inLanguage\":\"pt-BR\",\"potentialAction\":[{\"@type\":\"ReadAction\",\"target\":[\"https:\/\/fatordental.com.br\/index.php\/produto\/tira-de-poliester-transparente-k-dente\/\"]}]},{\"@type\":\"ImageObject\",\"inLanguage\":\"pt-BR\",\"@id\":\"https:\/\/fatordental.com.br\/index.php\/produto\/tira-de-poliester-transparente-k-dente\/#primaryimage\",\"url\":\"https:\/\/fatordental.com.br\/wp-content\/uploads\/2023\/06\/POLIESTER.jpg\",\"contentUrl\":\"https:\/\/fatordental.com.br\/wp-content\/uploads\/2023\/06\/POLIESTER.jpg\",\"width\":900,\"height\":900},{\"@type\":\"BreadcrumbList\",\"@id\":\"https:\/\/fatordental.com.br\/index.php\/produto\/tira-de-poliester-transparente-k-dente\/#breadcrumb\",\"itemListElement\":[{\"@type\":\"ListItem\",\"position\":1,\"name\":\"In\u00edcio\",\"item\":\"https:\/\/fatordental.com.br\/\"},{\"@type\":\"ListItem\",\"position\":2,\"name\":\"Produtos\",\"item\":\"https:\/\/fatordental.com.br\/index.php\/produtos\/\"},{\"@type\":\"ListItem\",\"position\":3,\"name\":\"Tira de Poli\u00e9ster Transparente \u2013 K-Dente\"}]},{\"@type\":\"WebSite\",\"@id\":\"https:\/\/fatordental.com.br\/#website\",\"url\":\"https:\/\/fatordental.com.br\/\",\"name\":\"Fator Dental\",\"description\":\"Produtos Ondontol\u00f3gicos\",\"publisher\":{\"@id\":\"https:\/\/fatordental.com.br\/#organization\"},\"potentialAction\":[{\"@type\":\"SearchAction\",\"target\":{\"@type\":\"EntryPoint\",\"urlTemplate\":\"https:\/\/fatordental.com.br\/?s={search_term_string}\"},\"query-input\":{\"@type\":\"PropertyValueSpecification\",\"valueRequired\":true,\"valueName\":\"search_term_string\"}}],\"inLanguage\":\"pt-BR\"},{\"@type\":\"Organization\",\"@id\":\"https:\/\/fatordental.com.br\/#organization\",\"name\":\"Fator Dental\",\"url\":\"https:\/\/fatordental.com.br\/\",\"logo\":{\"@type\":\"ImageObject\",\"inLanguage\":\"pt-BR\",\"@id\":\"https:\/\/fatordental.com.br\/#\/schema\/logo\/image\/\",\"url\":\"https:\/\/fatordental.com.br\/wp-content\/uploads\/2023\/02\/logo_fator.png\",\"contentUrl\":\"https:\/\/fatordental.com.br\/wp-content\/uploads\/2023\/02\/logo_fator.png\",\"width\":400,\"height\":256,\"caption\":\"Fator Dental\"},\"image\":{\"@id\":\"https:\/\/fatordental.com.br\/#\/schema\/logo\/image\/\"},\"sameAs\":[\"https:\/\/www.instagram.com\/fatordental\/\"]}]}<\/script>\n<!-- \/ Yoast SEO plugin. -->","yoast_head_json":{"title":"Tira de Poli\u00e9ster Transparente \u2013 K-Dente - Fator Dental","robots":{"index":"index","follow":"follow","max-snippet":"max-snippet:-1","max-image-preview":"max-image-preview:large","max-video-preview":"max-video-preview:-1"},"canonical":"https:\/\/fatordental.com.br\/index.php\/produto\/tira-de-poliester-transparente-k-dente\/","og_locale":"pt_BR","og_type":"article","og_title":"Tira de Poli\u00e9ster Transparente \u2013 K-Dente - Fator Dental","og_description":"Embalagem com 50 unidades. DETALHES &#8211; Medidas: 10 mm x 120 mm x 0,5 mm. &#8211; Protege o cimento durante a rea\u00e7\u00e3o de geleifica\u00e7\u00e3o, resultando no endurecimento do material, da [&hellip;]","og_url":"https:\/\/fatordental.com.br\/index.php\/produto\/tira-de-poliester-transparente-k-dente\/","og_site_name":"Fator Dental","og_image":[{"width":900,"height":900,"url":"https:\/\/fatordental.com.br\/wp-content\/uploads\/2023\/06\/POLIESTER.jpg","type":"image\/jpeg"}],"twitter_card":"summary_large_image","twitter_misc":{"Est. tempo de leitura":"1 minuto"},"schema":{"@context":"https:\/\/schema.org","@graph":[{"@type":"WebPage","@id":"https:\/\/fatordental.com.br\/index.php\/produto\/tira-de-poliester-transparente-k-dente\/","url":"https:\/\/fatordental.com.br\/index.php\/produto\/tira-de-poliester-transparente-k-dente\/","name":"Tira de Poli\u00e9ster Transparente \u2013 K-Dente - Fator Dental","isPartOf":{"@id":"https:\/\/fatordental.com.br\/#website"},"primaryImageOfPage":{"@id":"https:\/\/fatordental.com.br\/index.php\/produto\/tira-de-poliester-transparente-k-dente\/#primaryimage"},"image":{"@id":"https:\/\/fatordental.com.br\/index.php\/produto\/tira-de-poliester-transparente-k-dente\/#primaryimage"},"thumbnailUrl":"https:\/\/fatordental.com.br\/wp-content\/uploads\/2023\/06\/POLIESTER.jpg","datePublished":"2023-06-04T15:16:04+00:00","breadcrumb":{"@id":"https:\/\/fatordental.com.br\/index.php\/produto\/tira-de-poliester-transparente-k-dente\/#breadcrumb"},"inLanguage":"pt-BR","potentialAction":[{"@type":"ReadAction","target":["https:\/\/fatordental.com.br\/index.php\/produto\/tira-de-poliester-transparente-k-dente\/"]}]},{"@type":"ImageObject","inLanguage":"pt-BR","@id":"https:\/\/fatordental.com.br\/index.php\/produto\/tira-de-poliester-transparente-k-dente\/#primaryimage","url":"https:\/\/fatordental.com.br\/wp-content\/uploads\/2023\/06\/POLIESTER.jpg","contentUrl":"https:\/\/fatordental.com.br\/wp-content\/uploads\/2023\/06\/POLIESTER.jpg","width":900,"height":900},{"@type":"BreadcrumbList","@id":"https:\/\/fatordental.com.br\/index.php\/produto\/tira-de-poliester-transparente-k-dente\/#breadcrumb","itemListElement":[{"@type":"ListItem","position":1,"name":"In\u00edcio","item":"https:\/\/fatordental.com.br\/"},{"@type":"ListItem","position":2,"name":"Produtos","item":"https:\/\/fatordental.com.br\/index.php\/produtos\/"},{"@type":"ListItem","position":3,"name":"Tira de Poli\u00e9ster Transparente \u2013 K-Dente"}]},{"@type":"WebSite","@id":"https:\/\/fatordental.com.br\/#website","url":"https:\/\/fatordental.com.br\/","name":"Fator Dental","description":"Produtos Ondontol\u00f3gicos","publisher":{"@id":"https:\/\/fatordental.com.br\/#organization"},"potentialAction":[{"@type":"SearchAction","target":{"@type":"EntryPoint","urlTemplate":"https:\/\/fatordental.com.br\/?s={search_term_string}"},"query-input":{"@type":"PropertyValueSpecification","valueRequired":true,"valueName":"search_term_string"}}],"inLanguage":"pt-BR"},{"@type":"Organization","@id":"https:\/\/fatordental.com.br\/#organization","name":"Fator Dental","url":"https:\/\/fatordental.com.br\/","logo":{"@type":"ImageObject","inLanguage":"pt-BR","@id":"https:\/\/fatordental.com.br\/#\/schema\/logo\/image\/","url":"https:\/\/fatordental.com.br\/wp-content\/uploads\/2023\/02\/logo_fator.png","contentUrl":"https:\/\/fatordental.com.br\/wp-content\/uploads\/2023\/02\/logo_fator.png","width":400,"height":256,"caption":"Fator Dental"},"image":{"@id":"https:\/\/fatordental.com.br\/#\/schema\/logo\/image\/"},"sameAs":["https:\/\/www.instagram.com\/fatordental\/"]}]}},"_links":{"self":[{"href":"https:\/\/fatordental.com.br\/index.php\/wp-json\/wp\/v2\/product\/1311","targetHints":{"allow":["GET"]}}],"collection":[{"href":"https:\/\/fatordental.com.br\/index.php\/wp-json\/wp\/v2\/product"}],"about":[{"href":"https:\/\/fatordental.com.br\/index.php\/wp-json\/wp\/v2\/types\/product"}],"wp:featuredmedia":[{"embeddable":true,"href":"https:\/\/fatordental.com.br\/index.php\/wp-json\/wp\/v2\/media\/1312"}],"wp:attachment":[{"href":"https:\/\/fatordental.com.br\/index.php\/wp-json\/wp\/v2\/media?parent=1311"}],"wp:term":[{"taxonomy":"product_brand","embeddable":true,"href":"https:\/\/fatordental.com.br\/index.php\/wp-json\/wp\/v2\/product_brand?post=1311"},{"taxonomy":"product_cat","embeddable":true,"href":"https:\/\/fatordental.com.br\/index.php\/wp-json\/wp\/v2\/product_cat?post=1311"},{"taxonomy":"product_tag","embeddable":true,"href":"https:\/\/fatordental.com.br\/index.php\/wp-json\/wp\/v2\/product_tag?post=1311"}],"curies":[{"name":"wp","href":"https:\/\/api.w.org\/{rel}","templated":true}]}}