{"id":1299,"date":"2023-06-04T11:32:22","date_gmt":"2023-06-04T14:32:22","guid":{"rendered":"https:\/\/fatordental.com.br\/?post_type=product&#038;p=1299"},"modified":"2023-06-04T11:32:23","modified_gmt":"2023-06-04T14:32:23","slug":"solucao-hemostatica-viscostat-clear-ultradent","status":"publish","type":"product","link":"https:\/\/fatordental.com.br\/index.php\/produto\/solucao-hemostatica-viscostat-clear-ultradent\/","title":{"rendered":"Solu\u00e7\u00e3o Hemost\u00e1tica ViscoStat\u00ae Clear &#8211; Ultradent"},"content":{"rendered":"<p class=\"value\"><strong>Embalagem com 1 unidade de 1,2ml.<\/strong><\/p>\n<ul>\n<li><strong>DETALHES<\/strong><\/li>\n<\/ul>\n<p>&#8211; Uso intraoral.<br \/>\n&#8211; Manter em temperatura ambiente (18 a 29\u00b0C).<br \/>\n&#8211; Registro ANVISA: 80279910031.<\/p>\n<ul>\n<li><strong>APLICA\u00c7\u00c3O<\/strong><\/li>\n<\/ul>\n<p>A\u00a0<strong>Solu\u00e7\u00e3o Hemost\u00e1tica ViscoStat<\/strong>\u00ae\u00a0<strong>Clear\u00a0<\/strong>da\u00a0<strong>Ultradent\u00a0<\/strong>\u00e9 um gel de cloreto de alum\u00ednio a 25% indicado para auxiliar a execu\u00e7\u00e3o de afastamento gengival antes da realiza\u00e7\u00e3o da moldagem e no controle de sangramento e fluidos em procedimentos de restaura\u00e7\u00f5es diretas, em conjunto com o fio de afastamento gengival\u00a0<a href=\"https:\/\/www.dentalcremer.com.br\/fio-retrator-ultrapak-ultradent-dc10572.html\" target=\"_blank\" rel=\"noopener\">Ultrapak<\/a>, pois o gel facilita a inser\u00e7\u00e3o do fio no sulco.<\/p>\n<p>De aspecto viscoso e aquoso, o ViscoStat\u00ae Clear n\u00e3o deixa res\u00edduos ou manchas ap\u00f3s o uso, o que o torna ideal para utiliza\u00e7\u00e3o na parte est\u00e9tica bucal.<\/p>\n","protected":false},"excerpt":{"rendered":"<p>Embalagem com 1 unidade de 1,2ml. DETALHES &#8211; Uso intraoral. &#8211; Manter em temperatura ambiente (18 a 29\u00b0C). &#8211; Registro ANVISA: 80279910031. APLICA\u00c7\u00c3O A\u00a0Solu\u00e7\u00e3o Hemost\u00e1tica ViscoStat\u00ae\u00a0Clear\u00a0da\u00a0Ultradent\u00a0\u00e9 um gel de cloreto [&hellip;]<\/p>\n","protected":false},"featured_media":1300,"template":"","meta":[],"product_brand":[],"product_cat":[31,111],"product_tag":[],"class_list":{"0":"post-1299","1":"product","2":"type-product","3":"status-publish","4":"has-post-thumbnail","6":"product_cat-moldagem-e-modelo","7":"product_cat-solucao-hemostatica","9":"first","10":"instock","11":"shipping-taxable","12":"product-type-simple"},"yoast_head":"<!-- This site is optimized with the Yoast SEO plugin v26.8 - https:\/\/yoast.com\/product\/yoast-seo-wordpress\/ -->\n<title>Solu\u00e7\u00e3o Hemost\u00e1tica ViscoStat\u00ae Clear - Ultradent - Fator Dental<\/title>\n<meta name=\"robots\" content=\"index, follow, max-snippet:-1, max-image-preview:large, max-video-preview:-1\" \/>\n<link rel=\"canonical\" href=\"https:\/\/fatordental.com.br\/index.php\/produto\/solucao-hemostatica-viscostat-clear-ultradent\/\" \/>\n<meta property=\"og:locale\" content=\"pt_BR\" \/>\n<meta property=\"og:type\" content=\"article\" \/>\n<meta property=\"og:title\" content=\"Solu\u00e7\u00e3o Hemost\u00e1tica ViscoStat\u00ae Clear - Ultradent - Fator Dental\" \/>\n<meta property=\"og:description\" content=\"Embalagem com 1 unidade de 1,2ml. DETALHES &#8211; Uso intraoral. &#8211; Manter em temperatura ambiente (18 a 29\u00b0C). &#8211; Registro ANVISA: 80279910031. APLICA\u00c7\u00c3O A\u00a0Solu\u00e7\u00e3o Hemost\u00e1tica ViscoStat\u00ae\u00a0Clear\u00a0da\u00a0Ultradent\u00a0\u00e9 um gel de cloreto [&hellip;]\" \/>\n<meta property=\"og:url\" content=\"https:\/\/fatordental.com.br\/index.php\/produto\/solucao-hemostatica-viscostat-clear-ultradent\/\" \/>\n<meta property=\"og:site_name\" content=\"Fator Dental\" \/>\n<meta property=\"article:modified_time\" content=\"2023-06-04T14:32:23+00:00\" \/>\n<meta property=\"og:image\" content=\"https:\/\/fatordental.com.br\/wp-content\/uploads\/2023\/06\/hemostatico-viscostat-clear-econo-ultradent-dc-381290-01.jpg\" \/>\n\t<meta property=\"og:image:width\" content=\"800\" \/>\n\t<meta property=\"og:image:height\" content=\"800\" \/>\n\t<meta property=\"og:image:type\" content=\"image\/jpeg\" \/>\n<meta name=\"twitter:card\" content=\"summary_large_image\" \/>\n<meta name=\"twitter:label1\" content=\"Est. tempo de leitura\" \/>\n\t<meta name=\"twitter:data1\" content=\"1 minuto\" \/>\n<script type=\"application\/ld+json\" class=\"yoast-schema-graph\">{\"@context\":\"https:\/\/schema.org\",\"@graph\":[{\"@type\":\"WebPage\",\"@id\":\"https:\/\/fatordental.com.br\/index.php\/produto\/solucao-hemostatica-viscostat-clear-ultradent\/\",\"url\":\"https:\/\/fatordental.com.br\/index.php\/produto\/solucao-hemostatica-viscostat-clear-ultradent\/\",\"name\":\"Solu\u00e7\u00e3o Hemost\u00e1tica ViscoStat\u00ae Clear - Ultradent - Fator Dental\",\"isPartOf\":{\"@id\":\"https:\/\/fatordental.com.br\/#website\"},\"primaryImageOfPage\":{\"@id\":\"https:\/\/fatordental.com.br\/index.php\/produto\/solucao-hemostatica-viscostat-clear-ultradent\/#primaryimage\"},\"image\":{\"@id\":\"https:\/\/fatordental.com.br\/index.php\/produto\/solucao-hemostatica-viscostat-clear-ultradent\/#primaryimage\"},\"thumbnailUrl\":\"https:\/\/fatordental.com.br\/wp-content\/uploads\/2023\/06\/hemostatico-viscostat-clear-econo-ultradent-dc-381290-01.jpg\",\"datePublished\":\"2023-06-04T14:32:22+00:00\",\"dateModified\":\"2023-06-04T14:32:23+00:00\",\"breadcrumb\":{\"@id\":\"https:\/\/fatordental.com.br\/index.php\/produto\/solucao-hemostatica-viscostat-clear-ultradent\/#breadcrumb\"},\"inLanguage\":\"pt-BR\",\"potentialAction\":[{\"@type\":\"ReadAction\",\"target\":[\"https:\/\/fatordental.com.br\/index.php\/produto\/solucao-hemostatica-viscostat-clear-ultradent\/\"]}]},{\"@type\":\"ImageObject\",\"inLanguage\":\"pt-BR\",\"@id\":\"https:\/\/fatordental.com.br\/index.php\/produto\/solucao-hemostatica-viscostat-clear-ultradent\/#primaryimage\",\"url\":\"https:\/\/fatordental.com.br\/wp-content\/uploads\/2023\/06\/hemostatico-viscostat-clear-econo-ultradent-dc-381290-01.jpg\",\"contentUrl\":\"https:\/\/fatordental.com.br\/wp-content\/uploads\/2023\/06\/hemostatico-viscostat-clear-econo-ultradent-dc-381290-01.jpg\",\"width\":800,\"height\":800},{\"@type\":\"BreadcrumbList\",\"@id\":\"https:\/\/fatordental.com.br\/index.php\/produto\/solucao-hemostatica-viscostat-clear-ultradent\/#breadcrumb\",\"itemListElement\":[{\"@type\":\"ListItem\",\"position\":1,\"name\":\"In\u00edcio\",\"item\":\"https:\/\/fatordental.com.br\/\"},{\"@type\":\"ListItem\",\"position\":2,\"name\":\"Produtos\",\"item\":\"https:\/\/fatordental.com.br\/index.php\/produtos\/\"},{\"@type\":\"ListItem\",\"position\":3,\"name\":\"Solu\u00e7\u00e3o Hemost\u00e1tica ViscoStat\u00ae Clear &#8211; Ultradent\"}]},{\"@type\":\"WebSite\",\"@id\":\"https:\/\/fatordental.com.br\/#website\",\"url\":\"https:\/\/fatordental.com.br\/\",\"name\":\"Fator Dental\",\"description\":\"Produtos Ondontol\u00f3gicos\",\"publisher\":{\"@id\":\"https:\/\/fatordental.com.br\/#organization\"},\"potentialAction\":[{\"@type\":\"SearchAction\",\"target\":{\"@type\":\"EntryPoint\",\"urlTemplate\":\"https:\/\/fatordental.com.br\/?s={search_term_string}\"},\"query-input\":{\"@type\":\"PropertyValueSpecification\",\"valueRequired\":true,\"valueName\":\"search_term_string\"}}],\"inLanguage\":\"pt-BR\"},{\"@type\":\"Organization\",\"@id\":\"https:\/\/fatordental.com.br\/#organization\",\"name\":\"Fator Dental\",\"url\":\"https:\/\/fatordental.com.br\/\",\"logo\":{\"@type\":\"ImageObject\",\"inLanguage\":\"pt-BR\",\"@id\":\"https:\/\/fatordental.com.br\/#\/schema\/logo\/image\/\",\"url\":\"https:\/\/fatordental.com.br\/wp-content\/uploads\/2023\/02\/logo_fator.png\",\"contentUrl\":\"https:\/\/fatordental.com.br\/wp-content\/uploads\/2023\/02\/logo_fator.png\",\"width\":400,\"height\":256,\"caption\":\"Fator Dental\"},\"image\":{\"@id\":\"https:\/\/fatordental.com.br\/#\/schema\/logo\/image\/\"},\"sameAs\":[\"https:\/\/www.instagram.com\/fatordental\/\"]}]}<\/script>\n<!-- \/ Yoast SEO plugin. -->","yoast_head_json":{"title":"Solu\u00e7\u00e3o Hemost\u00e1tica ViscoStat\u00ae Clear - Ultradent - Fator Dental","robots":{"index":"index","follow":"follow","max-snippet":"max-snippet:-1","max-image-preview":"max-image-preview:large","max-video-preview":"max-video-preview:-1"},"canonical":"https:\/\/fatordental.com.br\/index.php\/produto\/solucao-hemostatica-viscostat-clear-ultradent\/","og_locale":"pt_BR","og_type":"article","og_title":"Solu\u00e7\u00e3o Hemost\u00e1tica ViscoStat\u00ae Clear - Ultradent - Fator Dental","og_description":"Embalagem com 1 unidade de 1,2ml. DETALHES &#8211; Uso intraoral. &#8211; Manter em temperatura ambiente (18 a 29\u00b0C). &#8211; Registro ANVISA: 80279910031. APLICA\u00c7\u00c3O A\u00a0Solu\u00e7\u00e3o Hemost\u00e1tica ViscoStat\u00ae\u00a0Clear\u00a0da\u00a0Ultradent\u00a0\u00e9 um gel de cloreto [&hellip;]","og_url":"https:\/\/fatordental.com.br\/index.php\/produto\/solucao-hemostatica-viscostat-clear-ultradent\/","og_site_name":"Fator Dental","article_modified_time":"2023-06-04T14:32:23+00:00","og_image":[{"width":800,"height":800,"url":"https:\/\/fatordental.com.br\/wp-content\/uploads\/2023\/06\/hemostatico-viscostat-clear-econo-ultradent-dc-381290-01.jpg","type":"image\/jpeg"}],"twitter_card":"summary_large_image","twitter_misc":{"Est. tempo de leitura":"1 minuto"},"schema":{"@context":"https:\/\/schema.org","@graph":[{"@type":"WebPage","@id":"https:\/\/fatordental.com.br\/index.php\/produto\/solucao-hemostatica-viscostat-clear-ultradent\/","url":"https:\/\/fatordental.com.br\/index.php\/produto\/solucao-hemostatica-viscostat-clear-ultradent\/","name":"Solu\u00e7\u00e3o Hemost\u00e1tica ViscoStat\u00ae Clear - Ultradent - Fator Dental","isPartOf":{"@id":"https:\/\/fatordental.com.br\/#website"},"primaryImageOfPage":{"@id":"https:\/\/fatordental.com.br\/index.php\/produto\/solucao-hemostatica-viscostat-clear-ultradent\/#primaryimage"},"image":{"@id":"https:\/\/fatordental.com.br\/index.php\/produto\/solucao-hemostatica-viscostat-clear-ultradent\/#primaryimage"},"thumbnailUrl":"https:\/\/fatordental.com.br\/wp-content\/uploads\/2023\/06\/hemostatico-viscostat-clear-econo-ultradent-dc-381290-01.jpg","datePublished":"2023-06-04T14:32:22+00:00","dateModified":"2023-06-04T14:32:23+00:00","breadcrumb":{"@id":"https:\/\/fatordental.com.br\/index.php\/produto\/solucao-hemostatica-viscostat-clear-ultradent\/#breadcrumb"},"inLanguage":"pt-BR","potentialAction":[{"@type":"ReadAction","target":["https:\/\/fatordental.com.br\/index.php\/produto\/solucao-hemostatica-viscostat-clear-ultradent\/"]}]},{"@type":"ImageObject","inLanguage":"pt-BR","@id":"https:\/\/fatordental.com.br\/index.php\/produto\/solucao-hemostatica-viscostat-clear-ultradent\/#primaryimage","url":"https:\/\/fatordental.com.br\/wp-content\/uploads\/2023\/06\/hemostatico-viscostat-clear-econo-ultradent-dc-381290-01.jpg","contentUrl":"https:\/\/fatordental.com.br\/wp-content\/uploads\/2023\/06\/hemostatico-viscostat-clear-econo-ultradent-dc-381290-01.jpg","width":800,"height":800},{"@type":"BreadcrumbList","@id":"https:\/\/fatordental.com.br\/index.php\/produto\/solucao-hemostatica-viscostat-clear-ultradent\/#breadcrumb","itemListElement":[{"@type":"ListItem","position":1,"name":"In\u00edcio","item":"https:\/\/fatordental.com.br\/"},{"@type":"ListItem","position":2,"name":"Produtos","item":"https:\/\/fatordental.com.br\/index.php\/produtos\/"},{"@type":"ListItem","position":3,"name":"Solu\u00e7\u00e3o Hemost\u00e1tica ViscoStat\u00ae Clear &#8211; Ultradent"}]},{"@type":"WebSite","@id":"https:\/\/fatordental.com.br\/#website","url":"https:\/\/fatordental.com.br\/","name":"Fator Dental","description":"Produtos Ondontol\u00f3gicos","publisher":{"@id":"https:\/\/fatordental.com.br\/#organization"},"potentialAction":[{"@type":"SearchAction","target":{"@type":"EntryPoint","urlTemplate":"https:\/\/fatordental.com.br\/?s={search_term_string}"},"query-input":{"@type":"PropertyValueSpecification","valueRequired":true,"valueName":"search_term_string"}}],"inLanguage":"pt-BR"},{"@type":"Organization","@id":"https:\/\/fatordental.com.br\/#organization","name":"Fator Dental","url":"https:\/\/fatordental.com.br\/","logo":{"@type":"ImageObject","inLanguage":"pt-BR","@id":"https:\/\/fatordental.com.br\/#\/schema\/logo\/image\/","url":"https:\/\/fatordental.com.br\/wp-content\/uploads\/2023\/02\/logo_fator.png","contentUrl":"https:\/\/fatordental.com.br\/wp-content\/uploads\/2023\/02\/logo_fator.png","width":400,"height":256,"caption":"Fator Dental"},"image":{"@id":"https:\/\/fatordental.com.br\/#\/schema\/logo\/image\/"},"sameAs":["https:\/\/www.instagram.com\/fatordental\/"]}]}},"_links":{"self":[{"href":"https:\/\/fatordental.com.br\/index.php\/wp-json\/wp\/v2\/product\/1299","targetHints":{"allow":["GET"]}}],"collection":[{"href":"https:\/\/fatordental.com.br\/index.php\/wp-json\/wp\/v2\/product"}],"about":[{"href":"https:\/\/fatordental.com.br\/index.php\/wp-json\/wp\/v2\/types\/product"}],"wp:featuredmedia":[{"embeddable":true,"href":"https:\/\/fatordental.com.br\/index.php\/wp-json\/wp\/v2\/media\/1300"}],"wp:attachment":[{"href":"https:\/\/fatordental.com.br\/index.php\/wp-json\/wp\/v2\/media?parent=1299"}],"wp:term":[{"taxonomy":"product_brand","embeddable":true,"href":"https:\/\/fatordental.com.br\/index.php\/wp-json\/wp\/v2\/product_brand?post=1299"},{"taxonomy":"product_cat","embeddable":true,"href":"https:\/\/fatordental.com.br\/index.php\/wp-json\/wp\/v2\/product_cat?post=1299"},{"taxonomy":"product_tag","embeddable":true,"href":"https:\/\/fatordental.com.br\/index.php\/wp-json\/wp\/v2\/product_tag?post=1299"}],"curies":[{"name":"wp","href":"https:\/\/api.w.org\/{rel}","templated":true}]}}