{"id":1289,"date":"2023-06-04T11:02:55","date_gmt":"2023-06-04T14:02:55","guid":{"rendered":"https:\/\/fatordental.com.br\/?post_type=product&#038;p=1289"},"modified":"2023-06-04T11:11:13","modified_gmt":"2023-06-04T14:11:13","slug":"clareador-potenza-bianco-pf-16-8-seringas-phs","status":"publish","type":"product","link":"https:\/\/fatordental.com.br\/index.php\/produto\/clareador-potenza-bianco-pf-16-8-seringas-phs\/","title":{"rendered":"Clareador Potenza Bianco PF 16% 8 seringas \u2013 PHS"},"content":{"rendered":"<p class=\"value\"><strong>Embalagem com 8 seringas de 3g cada do Clareador Potenza Bianco Per\u00f3xido de Carbamida.<\/strong><\/p>\n<ul>\n<li><strong>DETALHES<\/strong><\/li>\n<\/ul>\n<p>&#8211; M\u00e1ximo conforto: possui dessensibilizantes (nitrato de pot\u00e1ssio e fl\u00faor).<br \/>\n-Alto teor de \u00e1gua: menor desidrata\u00e7\u00e3o dental.<br \/>\n&#8211; Excelente viscosidade: n\u00e3o escoa da moldeira.<br \/>\n&#8211; Alta molhabilidade: m\u00e1ximo contato do gel com o dente..<br \/>\n&#8211; Alto rendimento: 100 gotas por seringa.<br \/>\n&#8211; \u00c9 um gel tixotr\u00f3pico incolor, apresentado em formas de seringas prontas para o uso.<br \/>\n&#8211; Sua formula\u00e7\u00e3o cont\u00e9m agentes dessensibilizantes dentais, que trazem maior conforto ao paciente durante o tratamento.<br \/>\n&#8211; Validade: 2 anos a partir da data de fabrica\u00e7\u00e3o.<\/p>\n<ul>\n<li><strong>APLICA\u00c7\u00c3O<\/strong><\/li>\n<\/ul>\n<p>POTENZA BIANCO \u00e9 indicado para clareamento de dentes vitais e n\u00e3o vitais com base na t\u00e9cnica de clareamento dental de uso caseiro supervisionado pelo dentista. O seu uso \u00e9 efetivo na remo\u00e7\u00e3o de manchas por fatores cong\u00eanitos, sist\u00eamicos, farmacol\u00f3gicos ou traum\u00e1ticos, al\u00e9m de manchas devido ao envelhecimento.<\/p>\n<p><strong>Vantagens<\/strong><\/p>\n<p>* Apresenta bons resultados contra manchas decorrentes de fluorose, especialmente a mancha marrom.<br \/>\n* Tamb\u00e9m \u00e9 indicado contra manchas de Tetraciclina de primeiro grau e segundo grau.<\/p>\n","protected":false},"excerpt":{"rendered":"<p>Embalagem com 8 seringas de 3g cada do Clareador Potenza Bianco Per\u00f3xido de Carbamida. DETALHES &#8211; M\u00e1ximo conforto: possui dessensibilizantes (nitrato de pot\u00e1ssio e fl\u00faor). -Alto teor de \u00e1gua: menor [&hellip;]<\/p>\n","protected":false},"featured_media":1294,"template":"","meta":[],"product_brand":[],"product_cat":[36,51],"product_tag":[],"class_list":{"0":"post-1289","1":"product","2":"type-product","3":"status-publish","4":"has-post-thumbnail","6":"product_cat-clareamento","7":"product_cat-dentistica-e-estetica","9":"first","10":"instock","11":"shipping-taxable","12":"product-type-simple"},"yoast_head":"<!-- This site is optimized with the Yoast SEO plugin v26.8 - https:\/\/yoast.com\/product\/yoast-seo-wordpress\/ -->\n<title>Clareador Potenza Bianco PF 16% 8 seringas \u2013 PHS - Fator Dental<\/title>\n<meta name=\"robots\" content=\"index, follow, max-snippet:-1, max-image-preview:large, max-video-preview:-1\" \/>\n<link rel=\"canonical\" href=\"https:\/\/fatordental.com.br\/index.php\/produto\/clareador-potenza-bianco-pf-16-8-seringas-phs\/\" \/>\n<meta property=\"og:locale\" content=\"pt_BR\" \/>\n<meta property=\"og:type\" content=\"article\" \/>\n<meta property=\"og:title\" content=\"Clareador Potenza Bianco PF 16% 8 seringas \u2013 PHS - Fator Dental\" \/>\n<meta property=\"og:description\" content=\"Embalagem com 8 seringas de 3g cada do Clareador Potenza Bianco Per\u00f3xido de Carbamida. DETALHES &#8211; M\u00e1ximo conforto: possui dessensibilizantes (nitrato de pot\u00e1ssio e fl\u00faor). -Alto teor de \u00e1gua: menor [&hellip;]\" \/>\n<meta property=\"og:url\" content=\"https:\/\/fatordental.com.br\/index.php\/produto\/clareador-potenza-bianco-pf-16-8-seringas-phs\/\" \/>\n<meta property=\"og:site_name\" content=\"Fator Dental\" \/>\n<meta property=\"article:modified_time\" content=\"2023-06-04T14:11:13+00:00\" \/>\n<meta property=\"og:image\" content=\"https:\/\/fatordental.com.br\/wp-content\/uploads\/2023\/06\/CLAREADOR-3-1.jpg\" \/>\n\t<meta property=\"og:image:width\" content=\"520\" \/>\n\t<meta property=\"og:image:height\" content=\"600\" \/>\n\t<meta property=\"og:image:type\" content=\"image\/jpeg\" \/>\n<meta name=\"twitter:card\" content=\"summary_large_image\" \/>\n<meta name=\"twitter:label1\" content=\"Est. tempo de leitura\" \/>\n\t<meta name=\"twitter:data1\" content=\"1 minuto\" \/>\n<script type=\"application\/ld+json\" class=\"yoast-schema-graph\">{\"@context\":\"https:\/\/schema.org\",\"@graph\":[{\"@type\":\"WebPage\",\"@id\":\"https:\/\/fatordental.com.br\/index.php\/produto\/clareador-potenza-bianco-pf-16-8-seringas-phs\/\",\"url\":\"https:\/\/fatordental.com.br\/index.php\/produto\/clareador-potenza-bianco-pf-16-8-seringas-phs\/\",\"name\":\"Clareador Potenza Bianco PF 16% 8 seringas \u2013 PHS - Fator Dental\",\"isPartOf\":{\"@id\":\"https:\/\/fatordental.com.br\/#website\"},\"primaryImageOfPage\":{\"@id\":\"https:\/\/fatordental.com.br\/index.php\/produto\/clareador-potenza-bianco-pf-16-8-seringas-phs\/#primaryimage\"},\"image\":{\"@id\":\"https:\/\/fatordental.com.br\/index.php\/produto\/clareador-potenza-bianco-pf-16-8-seringas-phs\/#primaryimage\"},\"thumbnailUrl\":\"https:\/\/fatordental.com.br\/wp-content\/uploads\/2023\/06\/CLAREADOR-3-1.jpg\",\"datePublished\":\"2023-06-04T14:02:55+00:00\",\"dateModified\":\"2023-06-04T14:11:13+00:00\",\"breadcrumb\":{\"@id\":\"https:\/\/fatordental.com.br\/index.php\/produto\/clareador-potenza-bianco-pf-16-8-seringas-phs\/#breadcrumb\"},\"inLanguage\":\"pt-BR\",\"potentialAction\":[{\"@type\":\"ReadAction\",\"target\":[\"https:\/\/fatordental.com.br\/index.php\/produto\/clareador-potenza-bianco-pf-16-8-seringas-phs\/\"]}]},{\"@type\":\"ImageObject\",\"inLanguage\":\"pt-BR\",\"@id\":\"https:\/\/fatordental.com.br\/index.php\/produto\/clareador-potenza-bianco-pf-16-8-seringas-phs\/#primaryimage\",\"url\":\"https:\/\/fatordental.com.br\/wp-content\/uploads\/2023\/06\/CLAREADOR-3-1.jpg\",\"contentUrl\":\"https:\/\/fatordental.com.br\/wp-content\/uploads\/2023\/06\/CLAREADOR-3-1.jpg\",\"width\":520,\"height\":600},{\"@type\":\"BreadcrumbList\",\"@id\":\"https:\/\/fatordental.com.br\/index.php\/produto\/clareador-potenza-bianco-pf-16-8-seringas-phs\/#breadcrumb\",\"itemListElement\":[{\"@type\":\"ListItem\",\"position\":1,\"name\":\"In\u00edcio\",\"item\":\"https:\/\/fatordental.com.br\/\"},{\"@type\":\"ListItem\",\"position\":2,\"name\":\"Produtos\",\"item\":\"https:\/\/fatordental.com.br\/index.php\/produtos\/\"},{\"@type\":\"ListItem\",\"position\":3,\"name\":\"Clareador Potenza Bianco PF 16% 8 seringas \u2013 PHS\"}]},{\"@type\":\"WebSite\",\"@id\":\"https:\/\/fatordental.com.br\/#website\",\"url\":\"https:\/\/fatordental.com.br\/\",\"name\":\"Fator Dental\",\"description\":\"Produtos Ondontol\u00f3gicos\",\"publisher\":{\"@id\":\"https:\/\/fatordental.com.br\/#organization\"},\"potentialAction\":[{\"@type\":\"SearchAction\",\"target\":{\"@type\":\"EntryPoint\",\"urlTemplate\":\"https:\/\/fatordental.com.br\/?s={search_term_string}\"},\"query-input\":{\"@type\":\"PropertyValueSpecification\",\"valueRequired\":true,\"valueName\":\"search_term_string\"}}],\"inLanguage\":\"pt-BR\"},{\"@type\":\"Organization\",\"@id\":\"https:\/\/fatordental.com.br\/#organization\",\"name\":\"Fator Dental\",\"url\":\"https:\/\/fatordental.com.br\/\",\"logo\":{\"@type\":\"ImageObject\",\"inLanguage\":\"pt-BR\",\"@id\":\"https:\/\/fatordental.com.br\/#\/schema\/logo\/image\/\",\"url\":\"https:\/\/fatordental.com.br\/wp-content\/uploads\/2023\/02\/logo_fator.png\",\"contentUrl\":\"https:\/\/fatordental.com.br\/wp-content\/uploads\/2023\/02\/logo_fator.png\",\"width\":400,\"height\":256,\"caption\":\"Fator Dental\"},\"image\":{\"@id\":\"https:\/\/fatordental.com.br\/#\/schema\/logo\/image\/\"},\"sameAs\":[\"https:\/\/www.instagram.com\/fatordental\/\"]}]}<\/script>\n<!-- \/ Yoast SEO plugin. -->","yoast_head_json":{"title":"Clareador Potenza Bianco PF 16% 8 seringas \u2013 PHS - Fator Dental","robots":{"index":"index","follow":"follow","max-snippet":"max-snippet:-1","max-image-preview":"max-image-preview:large","max-video-preview":"max-video-preview:-1"},"canonical":"https:\/\/fatordental.com.br\/index.php\/produto\/clareador-potenza-bianco-pf-16-8-seringas-phs\/","og_locale":"pt_BR","og_type":"article","og_title":"Clareador Potenza Bianco PF 16% 8 seringas \u2013 PHS - Fator Dental","og_description":"Embalagem com 8 seringas de 3g cada do Clareador Potenza Bianco Per\u00f3xido de Carbamida. DETALHES &#8211; M\u00e1ximo conforto: possui dessensibilizantes (nitrato de pot\u00e1ssio e fl\u00faor). -Alto teor de \u00e1gua: menor [&hellip;]","og_url":"https:\/\/fatordental.com.br\/index.php\/produto\/clareador-potenza-bianco-pf-16-8-seringas-phs\/","og_site_name":"Fator Dental","article_modified_time":"2023-06-04T14:11:13+00:00","og_image":[{"width":520,"height":600,"url":"https:\/\/fatordental.com.br\/wp-content\/uploads\/2023\/06\/CLAREADOR-3-1.jpg","type":"image\/jpeg"}],"twitter_card":"summary_large_image","twitter_misc":{"Est. tempo de leitura":"1 minuto"},"schema":{"@context":"https:\/\/schema.org","@graph":[{"@type":"WebPage","@id":"https:\/\/fatordental.com.br\/index.php\/produto\/clareador-potenza-bianco-pf-16-8-seringas-phs\/","url":"https:\/\/fatordental.com.br\/index.php\/produto\/clareador-potenza-bianco-pf-16-8-seringas-phs\/","name":"Clareador Potenza Bianco PF 16% 8 seringas \u2013 PHS - Fator Dental","isPartOf":{"@id":"https:\/\/fatordental.com.br\/#website"},"primaryImageOfPage":{"@id":"https:\/\/fatordental.com.br\/index.php\/produto\/clareador-potenza-bianco-pf-16-8-seringas-phs\/#primaryimage"},"image":{"@id":"https:\/\/fatordental.com.br\/index.php\/produto\/clareador-potenza-bianco-pf-16-8-seringas-phs\/#primaryimage"},"thumbnailUrl":"https:\/\/fatordental.com.br\/wp-content\/uploads\/2023\/06\/CLAREADOR-3-1.jpg","datePublished":"2023-06-04T14:02:55+00:00","dateModified":"2023-06-04T14:11:13+00:00","breadcrumb":{"@id":"https:\/\/fatordental.com.br\/index.php\/produto\/clareador-potenza-bianco-pf-16-8-seringas-phs\/#breadcrumb"},"inLanguage":"pt-BR","potentialAction":[{"@type":"ReadAction","target":["https:\/\/fatordental.com.br\/index.php\/produto\/clareador-potenza-bianco-pf-16-8-seringas-phs\/"]}]},{"@type":"ImageObject","inLanguage":"pt-BR","@id":"https:\/\/fatordental.com.br\/index.php\/produto\/clareador-potenza-bianco-pf-16-8-seringas-phs\/#primaryimage","url":"https:\/\/fatordental.com.br\/wp-content\/uploads\/2023\/06\/CLAREADOR-3-1.jpg","contentUrl":"https:\/\/fatordental.com.br\/wp-content\/uploads\/2023\/06\/CLAREADOR-3-1.jpg","width":520,"height":600},{"@type":"BreadcrumbList","@id":"https:\/\/fatordental.com.br\/index.php\/produto\/clareador-potenza-bianco-pf-16-8-seringas-phs\/#breadcrumb","itemListElement":[{"@type":"ListItem","position":1,"name":"In\u00edcio","item":"https:\/\/fatordental.com.br\/"},{"@type":"ListItem","position":2,"name":"Produtos","item":"https:\/\/fatordental.com.br\/index.php\/produtos\/"},{"@type":"ListItem","position":3,"name":"Clareador Potenza Bianco PF 16% 8 seringas \u2013 PHS"}]},{"@type":"WebSite","@id":"https:\/\/fatordental.com.br\/#website","url":"https:\/\/fatordental.com.br\/","name":"Fator Dental","description":"Produtos Ondontol\u00f3gicos","publisher":{"@id":"https:\/\/fatordental.com.br\/#organization"},"potentialAction":[{"@type":"SearchAction","target":{"@type":"EntryPoint","urlTemplate":"https:\/\/fatordental.com.br\/?s={search_term_string}"},"query-input":{"@type":"PropertyValueSpecification","valueRequired":true,"valueName":"search_term_string"}}],"inLanguage":"pt-BR"},{"@type":"Organization","@id":"https:\/\/fatordental.com.br\/#organization","name":"Fator Dental","url":"https:\/\/fatordental.com.br\/","logo":{"@type":"ImageObject","inLanguage":"pt-BR","@id":"https:\/\/fatordental.com.br\/#\/schema\/logo\/image\/","url":"https:\/\/fatordental.com.br\/wp-content\/uploads\/2023\/02\/logo_fator.png","contentUrl":"https:\/\/fatordental.com.br\/wp-content\/uploads\/2023\/02\/logo_fator.png","width":400,"height":256,"caption":"Fator Dental"},"image":{"@id":"https:\/\/fatordental.com.br\/#\/schema\/logo\/image\/"},"sameAs":["https:\/\/www.instagram.com\/fatordental\/"]}]}},"_links":{"self":[{"href":"https:\/\/fatordental.com.br\/index.php\/wp-json\/wp\/v2\/product\/1289","targetHints":{"allow":["GET"]}}],"collection":[{"href":"https:\/\/fatordental.com.br\/index.php\/wp-json\/wp\/v2\/product"}],"about":[{"href":"https:\/\/fatordental.com.br\/index.php\/wp-json\/wp\/v2\/types\/product"}],"wp:featuredmedia":[{"embeddable":true,"href":"https:\/\/fatordental.com.br\/index.php\/wp-json\/wp\/v2\/media\/1294"}],"wp:attachment":[{"href":"https:\/\/fatordental.com.br\/index.php\/wp-json\/wp\/v2\/media?parent=1289"}],"wp:term":[{"taxonomy":"product_brand","embeddable":true,"href":"https:\/\/fatordental.com.br\/index.php\/wp-json\/wp\/v2\/product_brand?post=1289"},{"taxonomy":"product_cat","embeddable":true,"href":"https:\/\/fatordental.com.br\/index.php\/wp-json\/wp\/v2\/product_cat?post=1289"},{"taxonomy":"product_tag","embeddable":true,"href":"https:\/\/fatordental.com.br\/index.php\/wp-json\/wp\/v2\/product_tag?post=1289"}],"curies":[{"name":"wp","href":"https:\/\/api.w.org\/{rel}","templated":true}]}}