{"id":1262,"date":"2023-06-03T17:30:23","date_gmt":"2023-06-03T20:30:23","guid":{"rendered":"https:\/\/fatordental.com.br\/?post_type=product&#038;p=1262"},"modified":"2023-06-03T17:30:23","modified_gmt":"2023-06-03T20:30:23","slug":"cimento-endodontico-fill-canal-em-po-maquira","status":"publish","type":"product","link":"https:\/\/fatordental.com.br\/index.php\/produto\/cimento-endodontico-fill-canal-em-po-maquira\/","title":{"rendered":"Cimento Endod\u00f4ntico Fill Canal em P\u00f3 &#8211; Maquira"},"content":{"rendered":"<p class=\"value\"><strong>Embalagem com 1 frasco p\u00f3 com 12g.<\/strong><\/p>\n<ul>\n<li><strong>DETALHES<\/strong><\/li>\n<\/ul>\n<p><span class=\"TextRun SCXW106166126 BCX0\" lang=\"PT-BR\" xml:lang=\"PT-BR\" data-contrast=\"auto\"><span class=\"NormalTextRun SCXW106166126 BCX0\" data-ccp-charstyle=\"normaltextrun\" data-ccp-charstyle-defn=\"{&quot;ObjectId&quot;:&quot;243cbd86-e5ff-4c49-a68b-ad9e5c8967e4|33&quot;,&quot;ClassId&quot;:1073872969,&quot;Properties&quot;:[469775450,&quot;normaltextrun&quot;,201340122,&quot;1&quot;,134233614,&quot;true&quot;,469778129,&quot;normaltextrun&quot;,335572020,&quot;1&quot;,469778324,&quot;Default Paragraph Font&quot;]}\">&#8211; P\u00f3 a base de \u00d3xido de Zinco.<\/span><\/span><span class=\"LineBreakBlob BlobObject DragDrop SCXW106166126 BCX0\"><span class=\"SCXW106166126 BCX0\">\u00a0<\/span><br class=\"SCXW106166126 BCX0\" \/><\/span><span class=\"TextRun SCXW106166126 BCX0\" lang=\"PT-BR\" xml:lang=\"PT-BR\" data-contrast=\"auto\"><span class=\"NormalTextRun SCXW106166126 BCX0\" data-ccp-charstyle=\"normaltextrun\">&#8211; <\/span><span class=\"NormalTextRun SCXW106166126 BCX0\" data-ccp-charstyle=\"normaltextrun\">Boa toler\u00e2ncia dos tecidos.<\/span><\/span><span class=\"LineBreakBlob BlobObject DragDrop SCXW106166126 BCX0\"><span class=\"SCXW106166126 BCX0\">\u00a0<\/span><br class=\"SCXW106166126 BCX0\" \/><\/span><span class=\"TextRun SCXW106166126 BCX0\" lang=\"PT-BR\" xml:lang=\"PT-BR\" data-contrast=\"auto\"><span class=\"NormalTextRun SCXW106166126 BCX0\" data-ccp-charstyle=\"normaltextrun\">&#8211; Radiopaco.<\/span><\/span><span class=\"LineBreakBlob BlobObject DragDrop SCXW106166126 BCX0\"><span class=\"SCXW106166126 BCX0\">\u00a0<\/span><br class=\"SCXW106166126 BCX0\" \/><\/span><span class=\"TextRun SCXW106166126 BCX0\" lang=\"PT-BR\" xml:lang=\"PT-BR\" data-contrast=\"auto\"><span class=\"NormalTextRun SCXW106166126 BCX0\" data-ccp-charstyle=\"normaltextrun\">&#8211; \u00d3tima impermeabilidade.<\/span><\/span><span class=\"LineBreakBlob BlobObject DragDrop SCXW106166126 BCX0\"><span class=\"SCXW106166126 BCX0\">\u00a0<\/span><br class=\"SCXW106166126 BCX0\" \/><\/span><span class=\"TextRun SCXW106166126 BCX0\" lang=\"PT-BR\" xml:lang=\"PT-BR\" data-contrast=\"auto\"><span class=\"NormalTextRun SCXW106166126 BCX0\" data-ccp-charstyle=\"normaltextrun\">&#8211; Fina granula\u00e7\u00e3o.<\/span><\/span><span class=\"LineBreakBlob BlobObject DragDrop SCXW106166126 BCX0\"><span class=\"SCXW106166126 BCX0\">\u00a0<\/span><br class=\"SCXW106166126 BCX0\" \/><\/span><span class=\"TextRun SCXW106166126 BCX0\" lang=\"PT-BR\" xml:lang=\"PT-BR\" data-contrast=\"auto\"><span class=\"NormalTextRun SCXW106166126 BCX0\" data-ccp-charstyle=\"normaltextrun\">&#8211; Permite uma mistura cremosa, homog\u00eanea e sem grumos.<\/span><\/span><span class=\"LineBreakBlob BlobObject DragDrop SCXW106166126 BCX0\"><span class=\"SCXW106166126 BCX0\">\u00a0<\/span><br class=\"SCXW106166126 BCX0\" \/><\/span><span class=\"TextRun SCXW106166126 BCX0\" lang=\"PT-BR\" xml:lang=\"PT-BR\" data-contrast=\"auto\"><span class=\"NormalTextRun SCXW106166126 BCX0\" data-ccp-charstyle=\"normaltextrun\">&#8211; <\/span><\/span><span class=\"TextRun SCXW106166126 BCX0\" lang=\"PT-BR\" xml:lang=\"PT-BR\" data-contrast=\"auto\"><span class=\"NormalTextRun SCXW106166126 BCX0\" data-ccp-charstyle=\"Hyperlink\">Funciona<\/span><span class=\"NormalTextRun SCXW106166126 BCX0\" data-ccp-charstyle=\"Hyperlink\">\u00a0atrav\u00e9s da rea\u00e7\u00e3o b\u00e1sica entre seus componentes:\u00a0<\/span><span class=\"NormalTextRun SCXW106166126 BCX0\" data-ccp-charstyle=\"Hyperlink\">\u00d3<\/span><span class=\"NormalTextRun SCXW106166126 BCX0\" data-ccp-charstyle=\"Hyperlink\">xido de\u00a0<\/span><span class=\"NormalTextRun SCXW106166126 BCX0\" data-ccp-charstyle=\"Hyperlink\">Z<\/span><span class=\"NormalTextRun SCXW106166126 BCX0\" data-ccp-charstyle=\"Hyperlink\">inco (p\u00f3)\u00a0<\/span><span class=\"NormalTextRun SCXW106166126 BCX0\" data-ccp-charstyle=\"Hyperlink\">+<\/span><span class=\"NormalTextRun SCXW106166126 BCX0\" data-ccp-charstyle=\"Hyperlink\">\u00a0Eugenol (l\u00edquido).<\/span><\/span><span class=\"LineBreakBlob BlobObject DragDrop SCXW106166126 BCX0\"><span class=\"SCXW106166126 BCX0\"><br \/>\n<\/span><\/span><span class=\"TextRun SCXW106166126 BCX0\" lang=\"PT-BR\" xml:lang=\"PT-BR\" data-contrast=\"auto\"><span class=\"NormalTextRun SCXW106166126 BCX0\" data-ccp-charstyle=\"normaltextrun\">&#8211; Contraindica\u00e7\u00f5es: N\u00e3o \u00e9 indicado para pacientes com hipersensibilidade a qualquer componente da formula\u00e7\u00e3o.<br \/>\n<\/span><\/span><span class=\"TextRun SCXW106166126 BCX0\" lang=\"PT-BR\" xml:lang=\"PT-BR\" data-contrast=\"auto\"><span class=\"NormalTextRun SCXW106166126 BCX0\" data-ccp-charstyle=\"normaltextrun\">&#8211; Validade: 3 anos a partir da data de fabrica\u00e7\u00e3o.<\/span><\/span><span class=\"LineBreakBlob BlobObject DragDrop SCXW106166126 BCX0\"><span class=\"SCXW106166126 BCX0\">\u00a0<\/span><br class=\"SCXW106166126 BCX0\" \/><\/span><span class=\"TextRun SCXW106166126 BCX0\" lang=\"PT-BR\" xml:lang=\"PT-BR\" data-contrast=\"auto\"><span class=\"NormalTextRun SCXW106166126 BCX0\" data-ccp-charstyle=\"normaltextrun\">&#8211; Registro ANVISA: <\/span><span class=\"NormalTextRun SCXW106166126 BCX0\" data-ccp-charstyle=\"normaltextrun\">80322400128<\/span><span class=\"NormalTextRun SCXW106166126 BCX0\" data-ccp-charstyle=\"normaltextrun\">.<\/span><\/span><\/p>\n<ul>\n<li><strong>APLICA\u00c7\u00c3O<\/strong><\/li>\n<\/ul>\n<p><span class=\"TextRun SCXW149168745 BCX0\" lang=\"PT-BR\" xml:lang=\"PT-BR\" data-contrast=\"auto\"><span class=\"NormalTextRun SCXW149168745 BCX0\" data-ccp-charstyle=\"normaltextrun\" data-ccp-charstyle-defn=\"{&quot;ObjectId&quot;:&quot;243cbd86-e5ff-4c49-a68b-ad9e5c8967e4|33&quot;,&quot;ClassId&quot;:1073872969,&quot;Properties&quot;:[469775450,&quot;normaltextrun&quot;,201340122,&quot;1&quot;,134233614,&quot;true&quot;,469778129,&quot;normaltextrun&quot;,335572020,&quot;1&quot;,469778324,&quot;Default Paragraph Font&quot;]}\">O<\/span>\u00a0<\/span><strong><span class=\"TextRun SCXW149168745 BCX0\" lang=\"PT-BR\" xml:lang=\"PT-BR\" data-contrast=\"auto\"><span class=\"NormalTextRun SCXW149168745 BCX0\" data-ccp-charstyle=\"normaltextrun\">Cimento Endod\u00f4ntico\u00a0<\/span><span class=\"NormalTextRun SpellingErrorV2 SCXW149168745 BCX0\" data-ccp-charstyle=\"normaltextrun\">Fill<\/span><span class=\"NormalTextRun SCXW149168745 BCX0\" data-ccp-charstyle=\"normaltextrun\">\u00a0Canal em P\u00f3\u00a0<\/span><\/span><\/strong><span class=\"TextRun SCXW149168745 BCX0\" lang=\"PT-BR\" xml:lang=\"PT-BR\" data-contrast=\"auto\"><span class=\"NormalTextRun SCXW149168745 BCX0\" data-ccp-charstyle=\"normaltextrun\">da\u00a0<\/span><\/span><strong><a class=\"Hyperlink SCXW149168745 BCX0\" href=\"https:\/\/www.dentalcremer.com.br\/super-loja\/maquira.html\" target=\"_blank\" rel=\"noopener noreferrer\"><span class=\"TextRun Underlined SCXW149168745 BCX0\" lang=\"PT-BR\" xml:lang=\"PT-BR\" data-contrast=\"none\"><span class=\"NormalTextRun SCXW149168745 BCX0\" data-ccp-charstyle=\"Hyperlink\">Maquira<\/span><\/span><\/a><\/strong>\u00a0<span class=\"TextRun SCXW149168745 BCX0\" lang=\"PT-BR\" xml:lang=\"PT-BR\" data-contrast=\"auto\"><span class=\"NormalTextRun SCXW149168745 BCX0\" data-ccp-charstyle=\"Hyperlink\">conta com fina granula\u00e7\u00e3o e\u00a0<\/span><span class=\"NormalTextRun SCXW149168745 BCX0\" data-ccp-charstyle=\"Hyperlink\">indica\u00e7\u00e3o de uso para obtura\u00e7\u00e3o de canais radiculares. Com \u00f3timas propriedades,\u00a0<\/span><span class=\"NormalTextRun SCXW149168745 BCX0\" data-ccp-charstyle=\"Hyperlink\">ele\u00a0<\/span><span class=\"NormalTextRun SCXW149168745 BCX0\" data-ccp-charstyle=\"Hyperlink\">apresenta boa toler\u00e2ncia dos tecidos, impermeabilidade e radiopacidade<\/span><span class=\"NormalTextRun SCXW149168745 BCX0\" data-ccp-charstyle=\"Hyperlink\">, al\u00e9m de proporcionar uma mistura homog\u00eanea e cremosa.<\/span><\/span><\/p>\n","protected":false},"excerpt":{"rendered":"<p>Embalagem com 1 frasco p\u00f3 com 12g. DETALHES &#8211; P\u00f3 a base de \u00d3xido de Zinco.\u00a0&#8211; Boa toler\u00e2ncia dos tecidos.\u00a0&#8211; Radiopaco.\u00a0&#8211; \u00d3tima impermeabilidade.\u00a0&#8211; Fina granula\u00e7\u00e3o.\u00a0&#8211; Permite uma mistura cremosa, homog\u00eanea [&hellip;]<\/p>\n","protected":false},"featured_media":1263,"template":"","meta":[],"product_brand":[],"product_cat":[43,35],"product_tag":[],"class_list":{"0":"post-1262","1":"product","2":"type-product","3":"status-publish","4":"has-post-thumbnail","6":"product_cat-cimento-endodontico","7":"product_cat-endodontia","9":"first","10":"instock","11":"shipping-taxable","12":"product-type-simple"},"yoast_head":"<!-- This site is optimized with the Yoast SEO plugin v26.8 - https:\/\/yoast.com\/product\/yoast-seo-wordpress\/ -->\n<title>Cimento Endod\u00f4ntico Fill Canal em P\u00f3 - Maquira - Fator Dental<\/title>\n<meta name=\"robots\" content=\"index, follow, max-snippet:-1, max-image-preview:large, max-video-preview:-1\" \/>\n<link rel=\"canonical\" href=\"https:\/\/fatordental.com.br\/index.php\/produto\/cimento-endodontico-fill-canal-em-po-maquira\/\" \/>\n<meta property=\"og:locale\" content=\"pt_BR\" \/>\n<meta property=\"og:type\" content=\"article\" \/>\n<meta property=\"og:title\" content=\"Cimento Endod\u00f4ntico Fill Canal em P\u00f3 - Maquira - Fator Dental\" \/>\n<meta property=\"og:description\" content=\"Embalagem com 1 frasco p\u00f3 com 12g. DETALHES &#8211; P\u00f3 a base de \u00d3xido de Zinco.\u00a0&#8211; Boa toler\u00e2ncia dos tecidos.\u00a0&#8211; Radiopaco.\u00a0&#8211; \u00d3tima impermeabilidade.\u00a0&#8211; Fina granula\u00e7\u00e3o.\u00a0&#8211; Permite uma mistura cremosa, homog\u00eanea [&hellip;]\" \/>\n<meta property=\"og:url\" content=\"https:\/\/fatordental.com.br\/index.php\/produto\/cimento-endodontico-fill-canal-em-po-maquira\/\" \/>\n<meta property=\"og:site_name\" content=\"Fator Dental\" \/>\n<meta property=\"og:image\" content=\"https:\/\/fatordental.com.br\/wp-content\/uploads\/2023\/06\/cimento-po.jpg\" \/>\n\t<meta property=\"og:image:width\" content=\"800\" \/>\n\t<meta property=\"og:image:height\" content=\"800\" \/>\n\t<meta property=\"og:image:type\" content=\"image\/jpeg\" \/>\n<meta name=\"twitter:card\" content=\"summary_large_image\" \/>\n<meta name=\"twitter:label1\" content=\"Est. tempo de leitura\" \/>\n\t<meta name=\"twitter:data1\" content=\"1 minuto\" \/>\n<script type=\"application\/ld+json\" class=\"yoast-schema-graph\">{\"@context\":\"https:\/\/schema.org\",\"@graph\":[{\"@type\":\"WebPage\",\"@id\":\"https:\/\/fatordental.com.br\/index.php\/produto\/cimento-endodontico-fill-canal-em-po-maquira\/\",\"url\":\"https:\/\/fatordental.com.br\/index.php\/produto\/cimento-endodontico-fill-canal-em-po-maquira\/\",\"name\":\"Cimento Endod\u00f4ntico Fill Canal em P\u00f3 - Maquira - Fator Dental\",\"isPartOf\":{\"@id\":\"https:\/\/fatordental.com.br\/#website\"},\"primaryImageOfPage\":{\"@id\":\"https:\/\/fatordental.com.br\/index.php\/produto\/cimento-endodontico-fill-canal-em-po-maquira\/#primaryimage\"},\"image\":{\"@id\":\"https:\/\/fatordental.com.br\/index.php\/produto\/cimento-endodontico-fill-canal-em-po-maquira\/#primaryimage\"},\"thumbnailUrl\":\"https:\/\/fatordental.com.br\/wp-content\/uploads\/2023\/06\/cimento-po.jpg\",\"datePublished\":\"2023-06-03T20:30:23+00:00\",\"breadcrumb\":{\"@id\":\"https:\/\/fatordental.com.br\/index.php\/produto\/cimento-endodontico-fill-canal-em-po-maquira\/#breadcrumb\"},\"inLanguage\":\"pt-BR\",\"potentialAction\":[{\"@type\":\"ReadAction\",\"target\":[\"https:\/\/fatordental.com.br\/index.php\/produto\/cimento-endodontico-fill-canal-em-po-maquira\/\"]}]},{\"@type\":\"ImageObject\",\"inLanguage\":\"pt-BR\",\"@id\":\"https:\/\/fatordental.com.br\/index.php\/produto\/cimento-endodontico-fill-canal-em-po-maquira\/#primaryimage\",\"url\":\"https:\/\/fatordental.com.br\/wp-content\/uploads\/2023\/06\/cimento-po.jpg\",\"contentUrl\":\"https:\/\/fatordental.com.br\/wp-content\/uploads\/2023\/06\/cimento-po.jpg\",\"width\":800,\"height\":800},{\"@type\":\"BreadcrumbList\",\"@id\":\"https:\/\/fatordental.com.br\/index.php\/produto\/cimento-endodontico-fill-canal-em-po-maquira\/#breadcrumb\",\"itemListElement\":[{\"@type\":\"ListItem\",\"position\":1,\"name\":\"In\u00edcio\",\"item\":\"https:\/\/fatordental.com.br\/\"},{\"@type\":\"ListItem\",\"position\":2,\"name\":\"Produtos\",\"item\":\"https:\/\/fatordental.com.br\/index.php\/produtos\/\"},{\"@type\":\"ListItem\",\"position\":3,\"name\":\"Cimento Endod\u00f4ntico Fill Canal em P\u00f3 &#8211; Maquira\"}]},{\"@type\":\"WebSite\",\"@id\":\"https:\/\/fatordental.com.br\/#website\",\"url\":\"https:\/\/fatordental.com.br\/\",\"name\":\"Fator Dental\",\"description\":\"Produtos Ondontol\u00f3gicos\",\"publisher\":{\"@id\":\"https:\/\/fatordental.com.br\/#organization\"},\"potentialAction\":[{\"@type\":\"SearchAction\",\"target\":{\"@type\":\"EntryPoint\",\"urlTemplate\":\"https:\/\/fatordental.com.br\/?s={search_term_string}\"},\"query-input\":{\"@type\":\"PropertyValueSpecification\",\"valueRequired\":true,\"valueName\":\"search_term_string\"}}],\"inLanguage\":\"pt-BR\"},{\"@type\":\"Organization\",\"@id\":\"https:\/\/fatordental.com.br\/#organization\",\"name\":\"Fator Dental\",\"url\":\"https:\/\/fatordental.com.br\/\",\"logo\":{\"@type\":\"ImageObject\",\"inLanguage\":\"pt-BR\",\"@id\":\"https:\/\/fatordental.com.br\/#\/schema\/logo\/image\/\",\"url\":\"https:\/\/fatordental.com.br\/wp-content\/uploads\/2023\/02\/logo_fator.png\",\"contentUrl\":\"https:\/\/fatordental.com.br\/wp-content\/uploads\/2023\/02\/logo_fator.png\",\"width\":400,\"height\":256,\"caption\":\"Fator Dental\"},\"image\":{\"@id\":\"https:\/\/fatordental.com.br\/#\/schema\/logo\/image\/\"},\"sameAs\":[\"https:\/\/www.instagram.com\/fatordental\/\"]}]}<\/script>\n<!-- \/ Yoast SEO plugin. -->","yoast_head_json":{"title":"Cimento Endod\u00f4ntico Fill Canal em P\u00f3 - Maquira - Fator Dental","robots":{"index":"index","follow":"follow","max-snippet":"max-snippet:-1","max-image-preview":"max-image-preview:large","max-video-preview":"max-video-preview:-1"},"canonical":"https:\/\/fatordental.com.br\/index.php\/produto\/cimento-endodontico-fill-canal-em-po-maquira\/","og_locale":"pt_BR","og_type":"article","og_title":"Cimento Endod\u00f4ntico Fill Canal em P\u00f3 - Maquira - Fator Dental","og_description":"Embalagem com 1 frasco p\u00f3 com 12g. DETALHES &#8211; P\u00f3 a base de \u00d3xido de Zinco.\u00a0&#8211; Boa toler\u00e2ncia dos tecidos.\u00a0&#8211; Radiopaco.\u00a0&#8211; \u00d3tima impermeabilidade.\u00a0&#8211; Fina granula\u00e7\u00e3o.\u00a0&#8211; Permite uma mistura cremosa, homog\u00eanea [&hellip;]","og_url":"https:\/\/fatordental.com.br\/index.php\/produto\/cimento-endodontico-fill-canal-em-po-maquira\/","og_site_name":"Fator Dental","og_image":[{"width":800,"height":800,"url":"https:\/\/fatordental.com.br\/wp-content\/uploads\/2023\/06\/cimento-po.jpg","type":"image\/jpeg"}],"twitter_card":"summary_large_image","twitter_misc":{"Est. tempo de leitura":"1 minuto"},"schema":{"@context":"https:\/\/schema.org","@graph":[{"@type":"WebPage","@id":"https:\/\/fatordental.com.br\/index.php\/produto\/cimento-endodontico-fill-canal-em-po-maquira\/","url":"https:\/\/fatordental.com.br\/index.php\/produto\/cimento-endodontico-fill-canal-em-po-maquira\/","name":"Cimento Endod\u00f4ntico Fill Canal em P\u00f3 - Maquira - Fator Dental","isPartOf":{"@id":"https:\/\/fatordental.com.br\/#website"},"primaryImageOfPage":{"@id":"https:\/\/fatordental.com.br\/index.php\/produto\/cimento-endodontico-fill-canal-em-po-maquira\/#primaryimage"},"image":{"@id":"https:\/\/fatordental.com.br\/index.php\/produto\/cimento-endodontico-fill-canal-em-po-maquira\/#primaryimage"},"thumbnailUrl":"https:\/\/fatordental.com.br\/wp-content\/uploads\/2023\/06\/cimento-po.jpg","datePublished":"2023-06-03T20:30:23+00:00","breadcrumb":{"@id":"https:\/\/fatordental.com.br\/index.php\/produto\/cimento-endodontico-fill-canal-em-po-maquira\/#breadcrumb"},"inLanguage":"pt-BR","potentialAction":[{"@type":"ReadAction","target":["https:\/\/fatordental.com.br\/index.php\/produto\/cimento-endodontico-fill-canal-em-po-maquira\/"]}]},{"@type":"ImageObject","inLanguage":"pt-BR","@id":"https:\/\/fatordental.com.br\/index.php\/produto\/cimento-endodontico-fill-canal-em-po-maquira\/#primaryimage","url":"https:\/\/fatordental.com.br\/wp-content\/uploads\/2023\/06\/cimento-po.jpg","contentUrl":"https:\/\/fatordental.com.br\/wp-content\/uploads\/2023\/06\/cimento-po.jpg","width":800,"height":800},{"@type":"BreadcrumbList","@id":"https:\/\/fatordental.com.br\/index.php\/produto\/cimento-endodontico-fill-canal-em-po-maquira\/#breadcrumb","itemListElement":[{"@type":"ListItem","position":1,"name":"In\u00edcio","item":"https:\/\/fatordental.com.br\/"},{"@type":"ListItem","position":2,"name":"Produtos","item":"https:\/\/fatordental.com.br\/index.php\/produtos\/"},{"@type":"ListItem","position":3,"name":"Cimento Endod\u00f4ntico Fill Canal em P\u00f3 &#8211; Maquira"}]},{"@type":"WebSite","@id":"https:\/\/fatordental.com.br\/#website","url":"https:\/\/fatordental.com.br\/","name":"Fator Dental","description":"Produtos Ondontol\u00f3gicos","publisher":{"@id":"https:\/\/fatordental.com.br\/#organization"},"potentialAction":[{"@type":"SearchAction","target":{"@type":"EntryPoint","urlTemplate":"https:\/\/fatordental.com.br\/?s={search_term_string}"},"query-input":{"@type":"PropertyValueSpecification","valueRequired":true,"valueName":"search_term_string"}}],"inLanguage":"pt-BR"},{"@type":"Organization","@id":"https:\/\/fatordental.com.br\/#organization","name":"Fator Dental","url":"https:\/\/fatordental.com.br\/","logo":{"@type":"ImageObject","inLanguage":"pt-BR","@id":"https:\/\/fatordental.com.br\/#\/schema\/logo\/image\/","url":"https:\/\/fatordental.com.br\/wp-content\/uploads\/2023\/02\/logo_fator.png","contentUrl":"https:\/\/fatordental.com.br\/wp-content\/uploads\/2023\/02\/logo_fator.png","width":400,"height":256,"caption":"Fator Dental"},"image":{"@id":"https:\/\/fatordental.com.br\/#\/schema\/logo\/image\/"},"sameAs":["https:\/\/www.instagram.com\/fatordental\/"]}]}},"_links":{"self":[{"href":"https:\/\/fatordental.com.br\/index.php\/wp-json\/wp\/v2\/product\/1262","targetHints":{"allow":["GET"]}}],"collection":[{"href":"https:\/\/fatordental.com.br\/index.php\/wp-json\/wp\/v2\/product"}],"about":[{"href":"https:\/\/fatordental.com.br\/index.php\/wp-json\/wp\/v2\/types\/product"}],"wp:featuredmedia":[{"embeddable":true,"href":"https:\/\/fatordental.com.br\/index.php\/wp-json\/wp\/v2\/media\/1263"}],"wp:attachment":[{"href":"https:\/\/fatordental.com.br\/index.php\/wp-json\/wp\/v2\/media?parent=1262"}],"wp:term":[{"taxonomy":"product_brand","embeddable":true,"href":"https:\/\/fatordental.com.br\/index.php\/wp-json\/wp\/v2\/product_brand?post=1262"},{"taxonomy":"product_cat","embeddable":true,"href":"https:\/\/fatordental.com.br\/index.php\/wp-json\/wp\/v2\/product_cat?post=1262"},{"taxonomy":"product_tag","embeddable":true,"href":"https:\/\/fatordental.com.br\/index.php\/wp-json\/wp\/v2\/product_tag?post=1262"}],"curies":[{"name":"wp","href":"https:\/\/api.w.org\/{rel}","templated":true}]}}