{"id":1247,"date":"2023-06-03T16:39:00","date_gmt":"2023-06-03T19:39:00","guid":{"rendered":"https:\/\/fatordental.com.br\/?post_type=product&#038;p=1247"},"modified":"2023-06-03T16:39:00","modified_gmt":"2023-06-03T19:39:00","slug":"detergente-enzimatico-zymedet-gold-5-e-prolink","status":"publish","type":"product","link":"https:\/\/fatordental.com.br\/index.php\/produto\/detergente-enzimatico-zymedet-gold-5-e-prolink\/","title":{"rendered":"Detergente Enzim\u00e1tico Zymedet Gold 5-E &#8211; Prolink"},"content":{"rendered":"<p class=\"value\"><strong>Embalagem com 1 lItro.<\/strong><\/p>\n<ul>\n<li><strong>DETALHES<\/strong><\/li>\n<\/ul>\n<p>&#8211; Detergente enzim\u00e1tico 5 enzimas para uso odontol\u00f3gico.<\/p>\n<p>&#8211; Composi\u00e7\u00e3o: Protease, Amilase, L\u00edpase, Protease Subtilisin (Liquinase), Carboidrase, Nonil Fenol Etoxilado (2,5% p\/p), Estabilizantes, Solventes Org\u00e2nicos, Alcalinizantes, Corante, Conservantes e Ve\u00edculo. Faixa de pH do produto puro 6,0 -8,0.<\/p>\n<p>&#8211; Aspecto: l\u00edquido transl\u00facido.<\/p>\n<p>&#8211; Cor: amarelo.<\/p>\n<p>&#8211; Odor caracter\u00edstico.<\/p>\n<p>&#8211; Armazenamento: conserve o produto em local seguro e protegido do calor excessivo.<\/p>\n<p>&#8211; Validade: 24 meses a partir da data de fabrica\u00e7\u00e3o.<\/p>\n<p>&#8211; Registro ANVISA: 326100033.<\/p>\n<ul>\n<li><strong>APLICA\u00c7\u00c3O\u00a0<\/strong><\/li>\n<\/ul>\n<p>O\u00a0<strong>Detergente Enzim\u00e1tico\u00a0<a title=\"Prolink\" href=\"https:\/\/www.dentalcremer.com.br\/marcas\/PROLINK.html\/\">Prolink<\/a><\/strong>\u00a0modelo\u00a0<strong>Zymedet Gold 5-E<\/strong>\u00a0possui cinco enzimas, sendo indicado especialmente para realizar a limpeza de instrumentais cir\u00fargicos, artigos m\u00e9dicos e odontol\u00f3gicos, por meio de processo manual e ou atrav\u00e9s de lavadoras autom\u00e1ticas de limpeza, com o objetivo de remover as sujidades org\u00e2nicas e bloquear a forma\u00e7\u00e3o de compostos insol\u00faveis na superf\u00edcie desses itens.<\/p>\n<p>Qual a efic\u00e1cia dos detergentes enzim\u00e1ticos da Prolink?<\/p>\n<ul>\n<li>Atividade proteol\u00edtica m\u00ednima: 0,03 UP. ML. Min \u2013 1.<\/li>\n<li>Atividade amiolitica m\u00ednima: 0,02 UP. ML-1. Min \u20131.<\/li>\n<\/ul>\n<p>Quais as orienta\u00e7\u00f5es de uso do Detergente Enzim\u00e1tico 5 Enzimas Zymedet Gold?<\/p>\n<ul>\n<li>Diluir produto previamente em \u00e1gua.<\/li>\n<li>A dilui\u00e7\u00e3o dever\u00e1 ser de 1ml do produto para 1000ml (1L) de \u00e1gua (1:1000). (Utilizar\u00a0preferencialmente \u00e1gua deionizada ou que atenda: pH 6,0 a 8,5, condutividade m\u00e1xima: 150 \u03bcS\/cm e dureza m\u00e1xima: 100 mg\/L CaCO3).<\/li>\n<li>A solu\u00e7\u00e3o dever\u00e1 estar em temperatura (35\u00b0 &#8211; 45\u00b0C) e o dispositivo m\u00e9dico a ser limpo dever\u00e1 permanecer submerso nesta solu\u00e7\u00e3o por 5 minutos.<\/li>\n<li>Se necess\u00e1rio, friccionar os instrumentos \/ artigos com as m\u00e3os vestidas de luvas de l\u00e1tex.<\/li>\n<li>Retirar o material da solu\u00e7\u00e3o e enxaguar abundantemente em \u00e1gua corrente.<\/li>\n<li>Este produto pode ser utilizado na limpeza manual ou em m\u00e1quinas de limpeza ultrass\u00f4nica ou termodensifectora, desde que previamente testados.<\/li>\n<li>Utilizar imediatamente ap\u00f3s o preparo. A reutiliza\u00e7\u00e3o da solu\u00e7\u00e3o de limpeza pode provocar perda da efici\u00eancia.<\/li>\n<\/ul>\n","protected":false},"excerpt":{"rendered":"<p>Embalagem com 1 lItro. DETALHES &#8211; Detergente enzim\u00e1tico 5 enzimas para uso odontol\u00f3gico. &#8211; Composi\u00e7\u00e3o: Protease, Amilase, L\u00edpase, Protease Subtilisin (Liquinase), Carboidrase, Nonil Fenol Etoxilado (2,5% p\/p), Estabilizantes, Solventes Org\u00e2nicos, [&hellip;]<\/p>\n","protected":false},"featured_media":1248,"template":"","meta":[],"product_brand":[],"product_cat":[29,80],"product_tag":[],"class_list":{"0":"post-1247","1":"product","2":"type-product","3":"status-publish","4":"has-post-thumbnail","6":"product_cat-biosseguranca","7":"product_cat-detergente-enzimatico","9":"first","10":"instock","11":"shipping-taxable","12":"product-type-simple"},"yoast_head":"<!-- This site is optimized with the Yoast SEO plugin v27.6 - https:\/\/yoast.com\/product\/yoast-seo-wordpress\/ -->\n<title>Detergente Enzim\u00e1tico Zymedet Gold 5-E - Prolink - Fator Dental<\/title>\n<meta name=\"robots\" content=\"index, follow, max-snippet:-1, max-image-preview:large, max-video-preview:-1\" \/>\n<link rel=\"canonical\" href=\"https:\/\/fatordental.com.br\/index.php\/produto\/detergente-enzimatico-zymedet-gold-5-e-prolink\/\" \/>\n<meta property=\"og:locale\" content=\"pt_BR\" \/>\n<meta property=\"og:type\" content=\"article\" \/>\n<meta property=\"og:title\" content=\"Detergente Enzim\u00e1tico Zymedet Gold 5-E - Prolink - Fator Dental\" \/>\n<meta property=\"og:description\" content=\"Embalagem com 1 lItro. DETALHES &#8211; Detergente enzim\u00e1tico 5 enzimas para uso odontol\u00f3gico. &#8211; Composi\u00e7\u00e3o: Protease, Amilase, L\u00edpase, Protease Subtilisin (Liquinase), Carboidrase, Nonil Fenol Etoxilado (2,5% p\/p), Estabilizantes, Solventes Org\u00e2nicos, [&hellip;]\" \/>\n<meta property=\"og:url\" content=\"https:\/\/fatordental.com.br\/index.php\/produto\/detergente-enzimatico-zymedet-gold-5-e-prolink\/\" \/>\n<meta property=\"og:site_name\" content=\"Fator Dental\" \/>\n<meta property=\"og:image\" content=\"https:\/\/fatordental.com.br\/wp-content\/uploads\/2023\/06\/detergente-enzimatico-zymedet-gold-5-enzimas-1l-prolink-dc-10133.jpg\" \/>\n\t<meta property=\"og:image:width\" content=\"800\" \/>\n\t<meta property=\"og:image:height\" content=\"800\" \/>\n\t<meta property=\"og:image:type\" content=\"image\/jpeg\" \/>\n<meta name=\"twitter:card\" content=\"summary_large_image\" \/>\n<meta name=\"twitter:label1\" content=\"Est. tempo de leitura\" \/>\n\t<meta name=\"twitter:data1\" content=\"2 minutos\" \/>\n<script type=\"application\/ld+json\" class=\"yoast-schema-graph\">{\"@context\":\"https:\\\/\\\/schema.org\",\"@graph\":[{\"@type\":\"WebPage\",\"@id\":\"https:\\\/\\\/fatordental.com.br\\\/index.php\\\/produto\\\/detergente-enzimatico-zymedet-gold-5-e-prolink\\\/\",\"url\":\"https:\\\/\\\/fatordental.com.br\\\/index.php\\\/produto\\\/detergente-enzimatico-zymedet-gold-5-e-prolink\\\/\",\"name\":\"Detergente Enzim\u00e1tico Zymedet Gold 5-E - Prolink - Fator Dental\",\"isPartOf\":{\"@id\":\"https:\\\/\\\/fatordental.com.br\\\/#website\"},\"primaryImageOfPage\":{\"@id\":\"https:\\\/\\\/fatordental.com.br\\\/index.php\\\/produto\\\/detergente-enzimatico-zymedet-gold-5-e-prolink\\\/#primaryimage\"},\"image\":{\"@id\":\"https:\\\/\\\/fatordental.com.br\\\/index.php\\\/produto\\\/detergente-enzimatico-zymedet-gold-5-e-prolink\\\/#primaryimage\"},\"thumbnailUrl\":\"https:\\\/\\\/fatordental.com.br\\\/wp-content\\\/uploads\\\/2023\\\/06\\\/detergente-enzimatico-zymedet-gold-5-enzimas-1l-prolink-dc-10133.jpg\",\"datePublished\":\"2023-06-03T19:39:00+00:00\",\"breadcrumb\":{\"@id\":\"https:\\\/\\\/fatordental.com.br\\\/index.php\\\/produto\\\/detergente-enzimatico-zymedet-gold-5-e-prolink\\\/#breadcrumb\"},\"inLanguage\":\"pt-BR\",\"potentialAction\":[{\"@type\":\"ReadAction\",\"target\":[\"https:\\\/\\\/fatordental.com.br\\\/index.php\\\/produto\\\/detergente-enzimatico-zymedet-gold-5-e-prolink\\\/\"]}]},{\"@type\":\"ImageObject\",\"inLanguage\":\"pt-BR\",\"@id\":\"https:\\\/\\\/fatordental.com.br\\\/index.php\\\/produto\\\/detergente-enzimatico-zymedet-gold-5-e-prolink\\\/#primaryimage\",\"url\":\"https:\\\/\\\/fatordental.com.br\\\/wp-content\\\/uploads\\\/2023\\\/06\\\/detergente-enzimatico-zymedet-gold-5-enzimas-1l-prolink-dc-10133.jpg\",\"contentUrl\":\"https:\\\/\\\/fatordental.com.br\\\/wp-content\\\/uploads\\\/2023\\\/06\\\/detergente-enzimatico-zymedet-gold-5-enzimas-1l-prolink-dc-10133.jpg\",\"width\":800,\"height\":800},{\"@type\":\"BreadcrumbList\",\"@id\":\"https:\\\/\\\/fatordental.com.br\\\/index.php\\\/produto\\\/detergente-enzimatico-zymedet-gold-5-e-prolink\\\/#breadcrumb\",\"itemListElement\":[{\"@type\":\"ListItem\",\"position\":1,\"name\":\"In\u00edcio\",\"item\":\"https:\\\/\\\/fatordental.com.br\\\/\"},{\"@type\":\"ListItem\",\"position\":2,\"name\":\"Produtos\",\"item\":\"https:\\\/\\\/fatordental.com.br\\\/index.php\\\/produtos\\\/\"},{\"@type\":\"ListItem\",\"position\":3,\"name\":\"Detergente Enzim\u00e1tico Zymedet Gold 5-E &#8211; Prolink\"}]},{\"@type\":\"WebSite\",\"@id\":\"https:\\\/\\\/fatordental.com.br\\\/#website\",\"url\":\"https:\\\/\\\/fatordental.com.br\\\/\",\"name\":\"Fator Dental\",\"description\":\"Produtos Ondontol\u00f3gicos\",\"publisher\":{\"@id\":\"https:\\\/\\\/fatordental.com.br\\\/#organization\"},\"potentialAction\":[{\"@type\":\"SearchAction\",\"target\":{\"@type\":\"EntryPoint\",\"urlTemplate\":\"https:\\\/\\\/fatordental.com.br\\\/?s={search_term_string}\"},\"query-input\":{\"@type\":\"PropertyValueSpecification\",\"valueRequired\":true,\"valueName\":\"search_term_string\"}}],\"inLanguage\":\"pt-BR\"},{\"@type\":\"Organization\",\"@id\":\"https:\\\/\\\/fatordental.com.br\\\/#organization\",\"name\":\"Fator Dental\",\"url\":\"https:\\\/\\\/fatordental.com.br\\\/\",\"logo\":{\"@type\":\"ImageObject\",\"inLanguage\":\"pt-BR\",\"@id\":\"https:\\\/\\\/fatordental.com.br\\\/#\\\/schema\\\/logo\\\/image\\\/\",\"url\":\"https:\\\/\\\/fatordental.com.br\\\/wp-content\\\/uploads\\\/2023\\\/02\\\/logo_fator.png\",\"contentUrl\":\"https:\\\/\\\/fatordental.com.br\\\/wp-content\\\/uploads\\\/2023\\\/02\\\/logo_fator.png\",\"width\":400,\"height\":256,\"caption\":\"Fator Dental\"},\"image\":{\"@id\":\"https:\\\/\\\/fatordental.com.br\\\/#\\\/schema\\\/logo\\\/image\\\/\"},\"sameAs\":[\"https:\\\/\\\/www.instagram.com\\\/fatordental\\\/\"]}]}<\/script>\n<!-- \/ Yoast SEO plugin. -->","yoast_head_json":{"title":"Detergente Enzim\u00e1tico Zymedet Gold 5-E - Prolink - Fator Dental","robots":{"index":"index","follow":"follow","max-snippet":"max-snippet:-1","max-image-preview":"max-image-preview:large","max-video-preview":"max-video-preview:-1"},"canonical":"https:\/\/fatordental.com.br\/index.php\/produto\/detergente-enzimatico-zymedet-gold-5-e-prolink\/","og_locale":"pt_BR","og_type":"article","og_title":"Detergente Enzim\u00e1tico Zymedet Gold 5-E - Prolink - Fator Dental","og_description":"Embalagem com 1 lItro. DETALHES &#8211; Detergente enzim\u00e1tico 5 enzimas para uso odontol\u00f3gico. &#8211; Composi\u00e7\u00e3o: Protease, Amilase, L\u00edpase, Protease Subtilisin (Liquinase), Carboidrase, Nonil Fenol Etoxilado (2,5% p\/p), Estabilizantes, Solventes Org\u00e2nicos, [&hellip;]","og_url":"https:\/\/fatordental.com.br\/index.php\/produto\/detergente-enzimatico-zymedet-gold-5-e-prolink\/","og_site_name":"Fator Dental","og_image":[{"width":800,"height":800,"url":"https:\/\/fatordental.com.br\/wp-content\/uploads\/2023\/06\/detergente-enzimatico-zymedet-gold-5-enzimas-1l-prolink-dc-10133.jpg","type":"image\/jpeg"}],"twitter_card":"summary_large_image","twitter_misc":{"Est. tempo de leitura":"2 minutos"},"schema":{"@context":"https:\/\/schema.org","@graph":[{"@type":"WebPage","@id":"https:\/\/fatordental.com.br\/index.php\/produto\/detergente-enzimatico-zymedet-gold-5-e-prolink\/","url":"https:\/\/fatordental.com.br\/index.php\/produto\/detergente-enzimatico-zymedet-gold-5-e-prolink\/","name":"Detergente Enzim\u00e1tico Zymedet Gold 5-E - Prolink - Fator Dental","isPartOf":{"@id":"https:\/\/fatordental.com.br\/#website"},"primaryImageOfPage":{"@id":"https:\/\/fatordental.com.br\/index.php\/produto\/detergente-enzimatico-zymedet-gold-5-e-prolink\/#primaryimage"},"image":{"@id":"https:\/\/fatordental.com.br\/index.php\/produto\/detergente-enzimatico-zymedet-gold-5-e-prolink\/#primaryimage"},"thumbnailUrl":"https:\/\/fatordental.com.br\/wp-content\/uploads\/2023\/06\/detergente-enzimatico-zymedet-gold-5-enzimas-1l-prolink-dc-10133.jpg","datePublished":"2023-06-03T19:39:00+00:00","breadcrumb":{"@id":"https:\/\/fatordental.com.br\/index.php\/produto\/detergente-enzimatico-zymedet-gold-5-e-prolink\/#breadcrumb"},"inLanguage":"pt-BR","potentialAction":[{"@type":"ReadAction","target":["https:\/\/fatordental.com.br\/index.php\/produto\/detergente-enzimatico-zymedet-gold-5-e-prolink\/"]}]},{"@type":"ImageObject","inLanguage":"pt-BR","@id":"https:\/\/fatordental.com.br\/index.php\/produto\/detergente-enzimatico-zymedet-gold-5-e-prolink\/#primaryimage","url":"https:\/\/fatordental.com.br\/wp-content\/uploads\/2023\/06\/detergente-enzimatico-zymedet-gold-5-enzimas-1l-prolink-dc-10133.jpg","contentUrl":"https:\/\/fatordental.com.br\/wp-content\/uploads\/2023\/06\/detergente-enzimatico-zymedet-gold-5-enzimas-1l-prolink-dc-10133.jpg","width":800,"height":800},{"@type":"BreadcrumbList","@id":"https:\/\/fatordental.com.br\/index.php\/produto\/detergente-enzimatico-zymedet-gold-5-e-prolink\/#breadcrumb","itemListElement":[{"@type":"ListItem","position":1,"name":"In\u00edcio","item":"https:\/\/fatordental.com.br\/"},{"@type":"ListItem","position":2,"name":"Produtos","item":"https:\/\/fatordental.com.br\/index.php\/produtos\/"},{"@type":"ListItem","position":3,"name":"Detergente Enzim\u00e1tico Zymedet Gold 5-E &#8211; Prolink"}]},{"@type":"WebSite","@id":"https:\/\/fatordental.com.br\/#website","url":"https:\/\/fatordental.com.br\/","name":"Fator Dental","description":"Produtos Ondontol\u00f3gicos","publisher":{"@id":"https:\/\/fatordental.com.br\/#organization"},"potentialAction":[{"@type":"SearchAction","target":{"@type":"EntryPoint","urlTemplate":"https:\/\/fatordental.com.br\/?s={search_term_string}"},"query-input":{"@type":"PropertyValueSpecification","valueRequired":true,"valueName":"search_term_string"}}],"inLanguage":"pt-BR"},{"@type":"Organization","@id":"https:\/\/fatordental.com.br\/#organization","name":"Fator Dental","url":"https:\/\/fatordental.com.br\/","logo":{"@type":"ImageObject","inLanguage":"pt-BR","@id":"https:\/\/fatordental.com.br\/#\/schema\/logo\/image\/","url":"https:\/\/fatordental.com.br\/wp-content\/uploads\/2023\/02\/logo_fator.png","contentUrl":"https:\/\/fatordental.com.br\/wp-content\/uploads\/2023\/02\/logo_fator.png","width":400,"height":256,"caption":"Fator Dental"},"image":{"@id":"https:\/\/fatordental.com.br\/#\/schema\/logo\/image\/"},"sameAs":["https:\/\/www.instagram.com\/fatordental\/"]}]}},"_links":{"self":[{"href":"https:\/\/fatordental.com.br\/index.php\/wp-json\/wp\/v2\/product\/1247","targetHints":{"allow":["GET"]}}],"collection":[{"href":"https:\/\/fatordental.com.br\/index.php\/wp-json\/wp\/v2\/product"}],"about":[{"href":"https:\/\/fatordental.com.br\/index.php\/wp-json\/wp\/v2\/types\/product"}],"wp:featuredmedia":[{"embeddable":true,"href":"https:\/\/fatordental.com.br\/index.php\/wp-json\/wp\/v2\/media\/1248"}],"wp:attachment":[{"href":"https:\/\/fatordental.com.br\/index.php\/wp-json\/wp\/v2\/media?parent=1247"}],"wp:term":[{"taxonomy":"product_brand","embeddable":true,"href":"https:\/\/fatordental.com.br\/index.php\/wp-json\/wp\/v2\/product_brand?post=1247"},{"taxonomy":"product_cat","embeddable":true,"href":"https:\/\/fatordental.com.br\/index.php\/wp-json\/wp\/v2\/product_cat?post=1247"},{"taxonomy":"product_tag","embeddable":true,"href":"https:\/\/fatordental.com.br\/index.php\/wp-json\/wp\/v2\/product_tag?post=1247"}],"curies":[{"name":"wp","href":"https:\/\/api.w.org\/{rel}","templated":true}]}}