{"id":1245,"date":"2023-06-03T16:34:10","date_gmt":"2023-06-03T19:34:10","guid":{"rendered":"https:\/\/fatordental.com.br\/?post_type=product&#038;p=1245"},"modified":"2023-06-03T16:34:11","modified_gmt":"2023-06-03T19:34:11","slug":"cimento-cirurgico-liquido-maquira","status":"publish","type":"product","link":"https:\/\/fatordental.com.br\/index.php\/produto\/cimento-cirurgico-liquido-maquira\/","title":{"rendered":"Cimento Cir\u00fargico L\u00edquido &#8211; Maquira"},"content":{"rendered":"<p class=\"value\"><strong>Embalagem com 20ml.<\/strong><\/p>\n<ul>\n<li><strong>DETALHES<\/strong><\/li>\n<\/ul>\n<p>&#8211; Cor: Rosa.<br \/>\n&#8211; Composi\u00e7\u00e3o: Eugenol, \u00d3leo de Oliva e Corante Vermelho DC Red 17.<br \/>\n&#8211; Validade: 3 anos, a partir da data de fabrica\u00e7\u00e3o.<br \/>\n&#8211; Registro ANVISA: 80015520038.<br \/>\n&#8211; Este produto se refere somente ao l\u00edquido, necess\u00e1rio comprar o p\u00f3.<\/p>\n<ul>\n<li><strong>APLICA\u00c7\u00c3O<\/strong><\/li>\n<\/ul>\n<p>O\u00a0<strong>Cimento Cir\u00fargico\u00a0<\/strong>fabricado\u00a0<strong>Maquira\u00a0<\/strong>foi desenvolvido para o revestimento de suturas ap\u00f3s a realiza\u00e7\u00e3o de cirurgias periodontais, oferecendo prote\u00e7\u00e3o e possibilitando que o local se mantenha limpo e seguro ap\u00f3s a cirurgia.<\/p>\n<p>Se destaca por sua excelente ades\u00e3o e plasticidade do material, al\u00e9m de possuir colora\u00e7\u00e3o rosa, o que proporciona um resultado est\u00e9tico na \u00e1rea operada.<\/p>\n<p><strong>Modo de Usar o Cimento Cir\u00fargico Maquira<\/strong><\/p>\n<p>1. Misturar p\u00f3 e l\u00edquido numa propor\u00e7\u00e3o que permita obter uma consist\u00eancia semelhante \u00e0 massa de vidraceiro.<\/p>\n<p>2. Isolar a palma da m\u00e3o e os dedos com o p\u00f3 de cimento e fazer um rolete numa dimens\u00e3o tal que permita o recobrimento de toda a \u00e1rea operada e se estenda at\u00e9 a superf\u00edcie dos dentes aos quais ficar\u00e1 aderido.<\/p>\n","protected":false},"excerpt":{"rendered":"<p>Embalagem com 20ml. DETALHES &#8211; Cor: Rosa. &#8211; Composi\u00e7\u00e3o: Eugenol, \u00d3leo de Oliva e Corante Vermelho DC Red 17. &#8211; Validade: 3 anos, a partir da data de fabrica\u00e7\u00e3o. &#8211; [&hellip;]<\/p>\n","protected":false},"featured_media":1246,"template":"","meta":[],"product_brand":[],"product_cat":[136,39],"product_tag":[],"class_list":{"0":"post-1245","1":"product","2":"type-product","3":"status-publish","4":"has-post-thumbnail","6":"product_cat-cimento-cirurgico","7":"product_cat-cirurgia-e-periodontia","9":"first","10":"instock","11":"shipping-taxable","12":"product-type-simple"},"yoast_head":"<!-- This site is optimized with the Yoast SEO plugin v26.8 - https:\/\/yoast.com\/product\/yoast-seo-wordpress\/ -->\n<title>Cimento Cir\u00fargico L\u00edquido - Maquira - Fator Dental<\/title>\n<meta name=\"robots\" content=\"index, follow, max-snippet:-1, max-image-preview:large, max-video-preview:-1\" \/>\n<link rel=\"canonical\" href=\"https:\/\/fatordental.com.br\/index.php\/produto\/cimento-cirurgico-liquido-maquira\/\" \/>\n<meta property=\"og:locale\" content=\"pt_BR\" \/>\n<meta property=\"og:type\" content=\"article\" \/>\n<meta property=\"og:title\" content=\"Cimento Cir\u00fargico L\u00edquido - Maquira - Fator Dental\" \/>\n<meta property=\"og:description\" content=\"Embalagem com 20ml. DETALHES &#8211; Cor: Rosa. &#8211; Composi\u00e7\u00e3o: Eugenol, \u00d3leo de Oliva e Corante Vermelho DC Red 17. &#8211; Validade: 3 anos, a partir da data de fabrica\u00e7\u00e3o. &#8211; [&hellip;]\" \/>\n<meta property=\"og:url\" content=\"https:\/\/fatordental.com.br\/index.php\/produto\/cimento-cirurgico-liquido-maquira\/\" \/>\n<meta property=\"og:site_name\" content=\"Fator Dental\" \/>\n<meta property=\"article:modified_time\" content=\"2023-06-03T19:34:11+00:00\" \/>\n<meta property=\"og:image\" content=\"https:\/\/fatordental.com.br\/wp-content\/uploads\/2023\/06\/cimento-cirurgico-liquido-20ml-maquira.jpg\" \/>\n\t<meta property=\"og:image:width\" content=\"900\" \/>\n\t<meta property=\"og:image:height\" content=\"900\" \/>\n\t<meta property=\"og:image:type\" content=\"image\/jpeg\" \/>\n<meta name=\"twitter:card\" content=\"summary_large_image\" \/>\n<meta name=\"twitter:label1\" content=\"Est. tempo de leitura\" \/>\n\t<meta name=\"twitter:data1\" content=\"1 minuto\" \/>\n<script type=\"application\/ld+json\" class=\"yoast-schema-graph\">{\"@context\":\"https:\/\/schema.org\",\"@graph\":[{\"@type\":\"WebPage\",\"@id\":\"https:\/\/fatordental.com.br\/index.php\/produto\/cimento-cirurgico-liquido-maquira\/\",\"url\":\"https:\/\/fatordental.com.br\/index.php\/produto\/cimento-cirurgico-liquido-maquira\/\",\"name\":\"Cimento Cir\u00fargico L\u00edquido - Maquira - Fator Dental\",\"isPartOf\":{\"@id\":\"https:\/\/fatordental.com.br\/#website\"},\"primaryImageOfPage\":{\"@id\":\"https:\/\/fatordental.com.br\/index.php\/produto\/cimento-cirurgico-liquido-maquira\/#primaryimage\"},\"image\":{\"@id\":\"https:\/\/fatordental.com.br\/index.php\/produto\/cimento-cirurgico-liquido-maquira\/#primaryimage\"},\"thumbnailUrl\":\"https:\/\/fatordental.com.br\/wp-content\/uploads\/2023\/06\/cimento-cirurgico-liquido-20ml-maquira.jpg\",\"datePublished\":\"2023-06-03T19:34:10+00:00\",\"dateModified\":\"2023-06-03T19:34:11+00:00\",\"breadcrumb\":{\"@id\":\"https:\/\/fatordental.com.br\/index.php\/produto\/cimento-cirurgico-liquido-maquira\/#breadcrumb\"},\"inLanguage\":\"pt-BR\",\"potentialAction\":[{\"@type\":\"ReadAction\",\"target\":[\"https:\/\/fatordental.com.br\/index.php\/produto\/cimento-cirurgico-liquido-maquira\/\"]}]},{\"@type\":\"ImageObject\",\"inLanguage\":\"pt-BR\",\"@id\":\"https:\/\/fatordental.com.br\/index.php\/produto\/cimento-cirurgico-liquido-maquira\/#primaryimage\",\"url\":\"https:\/\/fatordental.com.br\/wp-content\/uploads\/2023\/06\/cimento-cirurgico-liquido-20ml-maquira.jpg\",\"contentUrl\":\"https:\/\/fatordental.com.br\/wp-content\/uploads\/2023\/06\/cimento-cirurgico-liquido-20ml-maquira.jpg\",\"width\":900,\"height\":900},{\"@type\":\"BreadcrumbList\",\"@id\":\"https:\/\/fatordental.com.br\/index.php\/produto\/cimento-cirurgico-liquido-maquira\/#breadcrumb\",\"itemListElement\":[{\"@type\":\"ListItem\",\"position\":1,\"name\":\"In\u00edcio\",\"item\":\"https:\/\/fatordental.com.br\/\"},{\"@type\":\"ListItem\",\"position\":2,\"name\":\"Produtos\",\"item\":\"https:\/\/fatordental.com.br\/index.php\/produtos\/\"},{\"@type\":\"ListItem\",\"position\":3,\"name\":\"Cimento Cir\u00fargico L\u00edquido &#8211; Maquira\"}]},{\"@type\":\"WebSite\",\"@id\":\"https:\/\/fatordental.com.br\/#website\",\"url\":\"https:\/\/fatordental.com.br\/\",\"name\":\"Fator Dental\",\"description\":\"Produtos Ondontol\u00f3gicos\",\"publisher\":{\"@id\":\"https:\/\/fatordental.com.br\/#organization\"},\"potentialAction\":[{\"@type\":\"SearchAction\",\"target\":{\"@type\":\"EntryPoint\",\"urlTemplate\":\"https:\/\/fatordental.com.br\/?s={search_term_string}\"},\"query-input\":{\"@type\":\"PropertyValueSpecification\",\"valueRequired\":true,\"valueName\":\"search_term_string\"}}],\"inLanguage\":\"pt-BR\"},{\"@type\":\"Organization\",\"@id\":\"https:\/\/fatordental.com.br\/#organization\",\"name\":\"Fator Dental\",\"url\":\"https:\/\/fatordental.com.br\/\",\"logo\":{\"@type\":\"ImageObject\",\"inLanguage\":\"pt-BR\",\"@id\":\"https:\/\/fatordental.com.br\/#\/schema\/logo\/image\/\",\"url\":\"https:\/\/fatordental.com.br\/wp-content\/uploads\/2023\/02\/logo_fator.png\",\"contentUrl\":\"https:\/\/fatordental.com.br\/wp-content\/uploads\/2023\/02\/logo_fator.png\",\"width\":400,\"height\":256,\"caption\":\"Fator Dental\"},\"image\":{\"@id\":\"https:\/\/fatordental.com.br\/#\/schema\/logo\/image\/\"},\"sameAs\":[\"https:\/\/www.instagram.com\/fatordental\/\"]}]}<\/script>\n<!-- \/ Yoast SEO plugin. -->","yoast_head_json":{"title":"Cimento Cir\u00fargico L\u00edquido - Maquira - Fator Dental","robots":{"index":"index","follow":"follow","max-snippet":"max-snippet:-1","max-image-preview":"max-image-preview:large","max-video-preview":"max-video-preview:-1"},"canonical":"https:\/\/fatordental.com.br\/index.php\/produto\/cimento-cirurgico-liquido-maquira\/","og_locale":"pt_BR","og_type":"article","og_title":"Cimento Cir\u00fargico L\u00edquido - Maquira - Fator Dental","og_description":"Embalagem com 20ml. DETALHES &#8211; Cor: Rosa. &#8211; Composi\u00e7\u00e3o: Eugenol, \u00d3leo de Oliva e Corante Vermelho DC Red 17. &#8211; Validade: 3 anos, a partir da data de fabrica\u00e7\u00e3o. &#8211; [&hellip;]","og_url":"https:\/\/fatordental.com.br\/index.php\/produto\/cimento-cirurgico-liquido-maquira\/","og_site_name":"Fator Dental","article_modified_time":"2023-06-03T19:34:11+00:00","og_image":[{"width":900,"height":900,"url":"https:\/\/fatordental.com.br\/wp-content\/uploads\/2023\/06\/cimento-cirurgico-liquido-20ml-maquira.jpg","type":"image\/jpeg"}],"twitter_card":"summary_large_image","twitter_misc":{"Est. tempo de leitura":"1 minuto"},"schema":{"@context":"https:\/\/schema.org","@graph":[{"@type":"WebPage","@id":"https:\/\/fatordental.com.br\/index.php\/produto\/cimento-cirurgico-liquido-maquira\/","url":"https:\/\/fatordental.com.br\/index.php\/produto\/cimento-cirurgico-liquido-maquira\/","name":"Cimento Cir\u00fargico L\u00edquido - Maquira - Fator Dental","isPartOf":{"@id":"https:\/\/fatordental.com.br\/#website"},"primaryImageOfPage":{"@id":"https:\/\/fatordental.com.br\/index.php\/produto\/cimento-cirurgico-liquido-maquira\/#primaryimage"},"image":{"@id":"https:\/\/fatordental.com.br\/index.php\/produto\/cimento-cirurgico-liquido-maquira\/#primaryimage"},"thumbnailUrl":"https:\/\/fatordental.com.br\/wp-content\/uploads\/2023\/06\/cimento-cirurgico-liquido-20ml-maquira.jpg","datePublished":"2023-06-03T19:34:10+00:00","dateModified":"2023-06-03T19:34:11+00:00","breadcrumb":{"@id":"https:\/\/fatordental.com.br\/index.php\/produto\/cimento-cirurgico-liquido-maquira\/#breadcrumb"},"inLanguage":"pt-BR","potentialAction":[{"@type":"ReadAction","target":["https:\/\/fatordental.com.br\/index.php\/produto\/cimento-cirurgico-liquido-maquira\/"]}]},{"@type":"ImageObject","inLanguage":"pt-BR","@id":"https:\/\/fatordental.com.br\/index.php\/produto\/cimento-cirurgico-liquido-maquira\/#primaryimage","url":"https:\/\/fatordental.com.br\/wp-content\/uploads\/2023\/06\/cimento-cirurgico-liquido-20ml-maquira.jpg","contentUrl":"https:\/\/fatordental.com.br\/wp-content\/uploads\/2023\/06\/cimento-cirurgico-liquido-20ml-maquira.jpg","width":900,"height":900},{"@type":"BreadcrumbList","@id":"https:\/\/fatordental.com.br\/index.php\/produto\/cimento-cirurgico-liquido-maquira\/#breadcrumb","itemListElement":[{"@type":"ListItem","position":1,"name":"In\u00edcio","item":"https:\/\/fatordental.com.br\/"},{"@type":"ListItem","position":2,"name":"Produtos","item":"https:\/\/fatordental.com.br\/index.php\/produtos\/"},{"@type":"ListItem","position":3,"name":"Cimento Cir\u00fargico L\u00edquido &#8211; Maquira"}]},{"@type":"WebSite","@id":"https:\/\/fatordental.com.br\/#website","url":"https:\/\/fatordental.com.br\/","name":"Fator Dental","description":"Produtos Ondontol\u00f3gicos","publisher":{"@id":"https:\/\/fatordental.com.br\/#organization"},"potentialAction":[{"@type":"SearchAction","target":{"@type":"EntryPoint","urlTemplate":"https:\/\/fatordental.com.br\/?s={search_term_string}"},"query-input":{"@type":"PropertyValueSpecification","valueRequired":true,"valueName":"search_term_string"}}],"inLanguage":"pt-BR"},{"@type":"Organization","@id":"https:\/\/fatordental.com.br\/#organization","name":"Fator Dental","url":"https:\/\/fatordental.com.br\/","logo":{"@type":"ImageObject","inLanguage":"pt-BR","@id":"https:\/\/fatordental.com.br\/#\/schema\/logo\/image\/","url":"https:\/\/fatordental.com.br\/wp-content\/uploads\/2023\/02\/logo_fator.png","contentUrl":"https:\/\/fatordental.com.br\/wp-content\/uploads\/2023\/02\/logo_fator.png","width":400,"height":256,"caption":"Fator Dental"},"image":{"@id":"https:\/\/fatordental.com.br\/#\/schema\/logo\/image\/"},"sameAs":["https:\/\/www.instagram.com\/fatordental\/"]}]}},"_links":{"self":[{"href":"https:\/\/fatordental.com.br\/index.php\/wp-json\/wp\/v2\/product\/1245","targetHints":{"allow":["GET"]}}],"collection":[{"href":"https:\/\/fatordental.com.br\/index.php\/wp-json\/wp\/v2\/product"}],"about":[{"href":"https:\/\/fatordental.com.br\/index.php\/wp-json\/wp\/v2\/types\/product"}],"wp:featuredmedia":[{"embeddable":true,"href":"https:\/\/fatordental.com.br\/index.php\/wp-json\/wp\/v2\/media\/1246"}],"wp:attachment":[{"href":"https:\/\/fatordental.com.br\/index.php\/wp-json\/wp\/v2\/media?parent=1245"}],"wp:term":[{"taxonomy":"product_brand","embeddable":true,"href":"https:\/\/fatordental.com.br\/index.php\/wp-json\/wp\/v2\/product_brand?post=1245"},{"taxonomy":"product_cat","embeddable":true,"href":"https:\/\/fatordental.com.br\/index.php\/wp-json\/wp\/v2\/product_cat?post=1245"},{"taxonomy":"product_tag","embeddable":true,"href":"https:\/\/fatordental.com.br\/index.php\/wp-json\/wp\/v2\/product_tag?post=1245"}],"curies":[{"name":"wp","href":"https:\/\/api.w.org\/{rel}","templated":true}]}}