{"id":1228,"date":"2023-06-03T15:13:44","date_gmt":"2023-06-03T18:13:44","guid":{"rendered":"https:\/\/fatordental.com.br\/?post_type=product&#038;p=1228"},"modified":"2023-06-03T15:13:44","modified_gmt":"2023-06-03T18:13:44","slug":"resina-tetric-n-cerambleach-xl-ivoclar-vivadent","status":"publish","type":"product","link":"https:\/\/fatordental.com.br\/index.php\/produto\/resina-tetric-n-cerambleach-xl-ivoclar-vivadent\/","title":{"rendered":"Resina Tetric N-CeramBleach XL &#8211; Ivoclar Vivadent"},"content":{"rendered":"<p class=\"value\"><strong>Embalagem com 5g.<\/strong><\/p>\n<ul>\n<li><strong>DETALHES<\/strong><\/li>\n<\/ul>\n<p>* As nano-part\u00edculas tornam melhores as propriedades do material:<\/p>\n<p>&#8211; Baixa contra\u00e7\u00e3o e stress de contra\u00e7\u00e3o.<br \/>\n&#8211; Alto n\u00edvel de radiopacidade.<br \/>\n&#8211; Baixo desgaste.<br \/>\n&#8211; Polimento r\u00e1pido e f\u00e1cil.<br \/>\n&#8211; Alto brilho.<\/p>\n<p>* Os nano pigmentos de cor s\u00e3o respons\u00e1veis pelo efeito camale\u00e3o exclusivo do material e pelos resultados est\u00e9ticos naturais.<br \/>\n* Os nano-modificadores asseguram \u00f3tima estabilidade, excelente adapta\u00e7\u00e3o na cavidade e convenientes propriedades de manuseio \u2013 n\u00e3o fica pegajoso no instrumento.<br \/>\n* A polimeriza\u00e7\u00e3o ocorre em apenas 10 segundos (? 1.100 mW\/cm2 por incremento).<\/p>\n<p>&nbsp;<\/p>\n<ul>\n<li><strong>APLICA\u00c7\u00c3O\u00a0<\/strong><\/li>\n<\/ul>\n<p><strong>Resina Tetric N-Ceram para que serve?<\/strong><\/p>\n<p>A\u00a0<strong>Resina Tetric N-Ceram\u00a0<a title=\"Ivoclar Vivadent\" href=\"https:\/\/www.dentalcremer.com.br\/super-loja\/ivoclar-vivadent\">Ivoclar Vivadent<\/a><\/strong>\u00a0\u00e9 uma resina composta para restaura\u00e7\u00e3o, sendo para uso universal, aplicada em restaura\u00e7\u00f5es anteriores e posteriores. \u00c9 fotopolimeriz\u00e1vel, radiopaca e nanoh\u00edbrida, al\u00e9m de oferecer um bom polimento e alto brilho.<\/p>\n<p><strong>Quais as indica\u00e7\u00f5es de uso da Resina Tetric N-Ceram?<\/strong><\/p>\n<p>Entre suas indica\u00e7\u00f5es de uso, est\u00e3o:<\/p>\n<ul>\n<li>Restaura\u00e7\u00f5es de Classes I a V;<\/li>\n<li>Restaura\u00e7\u00e3o de dentes dec\u00edduos;<\/li>\n<li>Selamento de fissuras expandidas;<\/li>\n<li>Facetas diretas;<\/li>\n<li>Fixa\u00e7\u00e3o de dentes com mobilidade;<\/li>\n<li>Elimina\u00e7\u00e3o de \u00e1reas retentiva;<\/li>\n<li>Reparos em facetas de comp\u00f3sitos e cer\u00e2mica.<\/li>\n<\/ul>\n","protected":false},"excerpt":{"rendered":"<p>Embalagem com 5g. DETALHES * As nano-part\u00edculas tornam melhores as propriedades do material: &#8211; Baixa contra\u00e7\u00e3o e stress de contra\u00e7\u00e3o. &#8211; Alto n\u00edvel de radiopacidade. &#8211; Baixo desgaste. &#8211; Polimento [&hellip;]<\/p>\n","protected":false},"featured_media":1229,"template":"","meta":[],"product_brand":[],"product_cat":[51,70],"product_tag":[],"class_list":{"0":"post-1228","1":"product","2":"type-product","3":"status-publish","4":"has-post-thumbnail","6":"product_cat-dentistica-e-estetica","7":"product_cat-resina-composta","9":"first","10":"instock","11":"shipping-taxable","12":"product-type-simple"},"yoast_head":"<!-- This site is optimized with the Yoast SEO plugin v26.8 - https:\/\/yoast.com\/product\/yoast-seo-wordpress\/ -->\n<title>Resina Tetric N-CeramBleach XL - Ivoclar Vivadent - Fator Dental<\/title>\n<meta name=\"robots\" content=\"index, follow, max-snippet:-1, max-image-preview:large, max-video-preview:-1\" \/>\n<link rel=\"canonical\" href=\"https:\/\/fatordental.com.br\/index.php\/produto\/resina-tetric-n-cerambleach-xl-ivoclar-vivadent\/\" \/>\n<meta property=\"og:locale\" content=\"pt_BR\" \/>\n<meta property=\"og:type\" content=\"article\" \/>\n<meta property=\"og:title\" content=\"Resina Tetric N-CeramBleach XL - Ivoclar Vivadent - Fator Dental\" \/>\n<meta property=\"og:description\" content=\"Embalagem com 5g. DETALHES * As nano-part\u00edculas tornam melhores as propriedades do material: &#8211; Baixa contra\u00e7\u00e3o e stress de contra\u00e7\u00e3o. &#8211; Alto n\u00edvel de radiopacidade. &#8211; Baixo desgaste. &#8211; Polimento [&hellip;]\" \/>\n<meta property=\"og:url\" content=\"https:\/\/fatordental.com.br\/index.php\/produto\/resina-tetric-n-cerambleach-xl-ivoclar-vivadent\/\" \/>\n<meta property=\"og:site_name\" content=\"Fator Dental\" \/>\n<meta property=\"og:image\" content=\"https:\/\/fatordental.com.br\/wp-content\/uploads\/2023\/06\/resina-tetric-n-ceram-ivoclar-vivadent-120772.jpg\" \/>\n\t<meta property=\"og:image:width\" content=\"550\" \/>\n\t<meta property=\"og:image:height\" content=\"550\" \/>\n\t<meta property=\"og:image:type\" content=\"image\/jpeg\" \/>\n<meta name=\"twitter:card\" content=\"summary_large_image\" \/>\n<meta name=\"twitter:label1\" content=\"Est. tempo de leitura\" \/>\n\t<meta name=\"twitter:data1\" content=\"1 minuto\" \/>\n<script type=\"application\/ld+json\" class=\"yoast-schema-graph\">{\"@context\":\"https:\/\/schema.org\",\"@graph\":[{\"@type\":\"WebPage\",\"@id\":\"https:\/\/fatordental.com.br\/index.php\/produto\/resina-tetric-n-cerambleach-xl-ivoclar-vivadent\/\",\"url\":\"https:\/\/fatordental.com.br\/index.php\/produto\/resina-tetric-n-cerambleach-xl-ivoclar-vivadent\/\",\"name\":\"Resina Tetric N-CeramBleach XL - Ivoclar Vivadent - Fator Dental\",\"isPartOf\":{\"@id\":\"https:\/\/fatordental.com.br\/#website\"},\"primaryImageOfPage\":{\"@id\":\"https:\/\/fatordental.com.br\/index.php\/produto\/resina-tetric-n-cerambleach-xl-ivoclar-vivadent\/#primaryimage\"},\"image\":{\"@id\":\"https:\/\/fatordental.com.br\/index.php\/produto\/resina-tetric-n-cerambleach-xl-ivoclar-vivadent\/#primaryimage\"},\"thumbnailUrl\":\"https:\/\/fatordental.com.br\/wp-content\/uploads\/2023\/06\/resina-tetric-n-ceram-ivoclar-vivadent-120772.jpg\",\"datePublished\":\"2023-06-03T18:13:44+00:00\",\"breadcrumb\":{\"@id\":\"https:\/\/fatordental.com.br\/index.php\/produto\/resina-tetric-n-cerambleach-xl-ivoclar-vivadent\/#breadcrumb\"},\"inLanguage\":\"pt-BR\",\"potentialAction\":[{\"@type\":\"ReadAction\",\"target\":[\"https:\/\/fatordental.com.br\/index.php\/produto\/resina-tetric-n-cerambleach-xl-ivoclar-vivadent\/\"]}]},{\"@type\":\"ImageObject\",\"inLanguage\":\"pt-BR\",\"@id\":\"https:\/\/fatordental.com.br\/index.php\/produto\/resina-tetric-n-cerambleach-xl-ivoclar-vivadent\/#primaryimage\",\"url\":\"https:\/\/fatordental.com.br\/wp-content\/uploads\/2023\/06\/resina-tetric-n-ceram-ivoclar-vivadent-120772.jpg\",\"contentUrl\":\"https:\/\/fatordental.com.br\/wp-content\/uploads\/2023\/06\/resina-tetric-n-ceram-ivoclar-vivadent-120772.jpg\",\"width\":550,\"height\":550},{\"@type\":\"BreadcrumbList\",\"@id\":\"https:\/\/fatordental.com.br\/index.php\/produto\/resina-tetric-n-cerambleach-xl-ivoclar-vivadent\/#breadcrumb\",\"itemListElement\":[{\"@type\":\"ListItem\",\"position\":1,\"name\":\"In\u00edcio\",\"item\":\"https:\/\/fatordental.com.br\/\"},{\"@type\":\"ListItem\",\"position\":2,\"name\":\"Produtos\",\"item\":\"https:\/\/fatordental.com.br\/index.php\/produtos\/\"},{\"@type\":\"ListItem\",\"position\":3,\"name\":\"Resina Tetric N-CeramBleach XL &#8211; Ivoclar Vivadent\"}]},{\"@type\":\"WebSite\",\"@id\":\"https:\/\/fatordental.com.br\/#website\",\"url\":\"https:\/\/fatordental.com.br\/\",\"name\":\"Fator Dental\",\"description\":\"Produtos Ondontol\u00f3gicos\",\"publisher\":{\"@id\":\"https:\/\/fatordental.com.br\/#organization\"},\"potentialAction\":[{\"@type\":\"SearchAction\",\"target\":{\"@type\":\"EntryPoint\",\"urlTemplate\":\"https:\/\/fatordental.com.br\/?s={search_term_string}\"},\"query-input\":{\"@type\":\"PropertyValueSpecification\",\"valueRequired\":true,\"valueName\":\"search_term_string\"}}],\"inLanguage\":\"pt-BR\"},{\"@type\":\"Organization\",\"@id\":\"https:\/\/fatordental.com.br\/#organization\",\"name\":\"Fator Dental\",\"url\":\"https:\/\/fatordental.com.br\/\",\"logo\":{\"@type\":\"ImageObject\",\"inLanguage\":\"pt-BR\",\"@id\":\"https:\/\/fatordental.com.br\/#\/schema\/logo\/image\/\",\"url\":\"https:\/\/fatordental.com.br\/wp-content\/uploads\/2023\/02\/logo_fator.png\",\"contentUrl\":\"https:\/\/fatordental.com.br\/wp-content\/uploads\/2023\/02\/logo_fator.png\",\"width\":400,\"height\":256,\"caption\":\"Fator Dental\"},\"image\":{\"@id\":\"https:\/\/fatordental.com.br\/#\/schema\/logo\/image\/\"},\"sameAs\":[\"https:\/\/www.instagram.com\/fatordental\/\"]}]}<\/script>\n<!-- \/ Yoast SEO plugin. -->","yoast_head_json":{"title":"Resina Tetric N-CeramBleach XL - Ivoclar Vivadent - Fator Dental","robots":{"index":"index","follow":"follow","max-snippet":"max-snippet:-1","max-image-preview":"max-image-preview:large","max-video-preview":"max-video-preview:-1"},"canonical":"https:\/\/fatordental.com.br\/index.php\/produto\/resina-tetric-n-cerambleach-xl-ivoclar-vivadent\/","og_locale":"pt_BR","og_type":"article","og_title":"Resina Tetric N-CeramBleach XL - Ivoclar Vivadent - Fator Dental","og_description":"Embalagem com 5g. DETALHES * As nano-part\u00edculas tornam melhores as propriedades do material: &#8211; Baixa contra\u00e7\u00e3o e stress de contra\u00e7\u00e3o. &#8211; Alto n\u00edvel de radiopacidade. &#8211; Baixo desgaste. &#8211; Polimento [&hellip;]","og_url":"https:\/\/fatordental.com.br\/index.php\/produto\/resina-tetric-n-cerambleach-xl-ivoclar-vivadent\/","og_site_name":"Fator Dental","og_image":[{"width":550,"height":550,"url":"https:\/\/fatordental.com.br\/wp-content\/uploads\/2023\/06\/resina-tetric-n-ceram-ivoclar-vivadent-120772.jpg","type":"image\/jpeg"}],"twitter_card":"summary_large_image","twitter_misc":{"Est. tempo de leitura":"1 minuto"},"schema":{"@context":"https:\/\/schema.org","@graph":[{"@type":"WebPage","@id":"https:\/\/fatordental.com.br\/index.php\/produto\/resina-tetric-n-cerambleach-xl-ivoclar-vivadent\/","url":"https:\/\/fatordental.com.br\/index.php\/produto\/resina-tetric-n-cerambleach-xl-ivoclar-vivadent\/","name":"Resina Tetric N-CeramBleach XL - Ivoclar Vivadent - Fator Dental","isPartOf":{"@id":"https:\/\/fatordental.com.br\/#website"},"primaryImageOfPage":{"@id":"https:\/\/fatordental.com.br\/index.php\/produto\/resina-tetric-n-cerambleach-xl-ivoclar-vivadent\/#primaryimage"},"image":{"@id":"https:\/\/fatordental.com.br\/index.php\/produto\/resina-tetric-n-cerambleach-xl-ivoclar-vivadent\/#primaryimage"},"thumbnailUrl":"https:\/\/fatordental.com.br\/wp-content\/uploads\/2023\/06\/resina-tetric-n-ceram-ivoclar-vivadent-120772.jpg","datePublished":"2023-06-03T18:13:44+00:00","breadcrumb":{"@id":"https:\/\/fatordental.com.br\/index.php\/produto\/resina-tetric-n-cerambleach-xl-ivoclar-vivadent\/#breadcrumb"},"inLanguage":"pt-BR","potentialAction":[{"@type":"ReadAction","target":["https:\/\/fatordental.com.br\/index.php\/produto\/resina-tetric-n-cerambleach-xl-ivoclar-vivadent\/"]}]},{"@type":"ImageObject","inLanguage":"pt-BR","@id":"https:\/\/fatordental.com.br\/index.php\/produto\/resina-tetric-n-cerambleach-xl-ivoclar-vivadent\/#primaryimage","url":"https:\/\/fatordental.com.br\/wp-content\/uploads\/2023\/06\/resina-tetric-n-ceram-ivoclar-vivadent-120772.jpg","contentUrl":"https:\/\/fatordental.com.br\/wp-content\/uploads\/2023\/06\/resina-tetric-n-ceram-ivoclar-vivadent-120772.jpg","width":550,"height":550},{"@type":"BreadcrumbList","@id":"https:\/\/fatordental.com.br\/index.php\/produto\/resina-tetric-n-cerambleach-xl-ivoclar-vivadent\/#breadcrumb","itemListElement":[{"@type":"ListItem","position":1,"name":"In\u00edcio","item":"https:\/\/fatordental.com.br\/"},{"@type":"ListItem","position":2,"name":"Produtos","item":"https:\/\/fatordental.com.br\/index.php\/produtos\/"},{"@type":"ListItem","position":3,"name":"Resina Tetric N-CeramBleach XL &#8211; Ivoclar Vivadent"}]},{"@type":"WebSite","@id":"https:\/\/fatordental.com.br\/#website","url":"https:\/\/fatordental.com.br\/","name":"Fator Dental","description":"Produtos Ondontol\u00f3gicos","publisher":{"@id":"https:\/\/fatordental.com.br\/#organization"},"potentialAction":[{"@type":"SearchAction","target":{"@type":"EntryPoint","urlTemplate":"https:\/\/fatordental.com.br\/?s={search_term_string}"},"query-input":{"@type":"PropertyValueSpecification","valueRequired":true,"valueName":"search_term_string"}}],"inLanguage":"pt-BR"},{"@type":"Organization","@id":"https:\/\/fatordental.com.br\/#organization","name":"Fator Dental","url":"https:\/\/fatordental.com.br\/","logo":{"@type":"ImageObject","inLanguage":"pt-BR","@id":"https:\/\/fatordental.com.br\/#\/schema\/logo\/image\/","url":"https:\/\/fatordental.com.br\/wp-content\/uploads\/2023\/02\/logo_fator.png","contentUrl":"https:\/\/fatordental.com.br\/wp-content\/uploads\/2023\/02\/logo_fator.png","width":400,"height":256,"caption":"Fator Dental"},"image":{"@id":"https:\/\/fatordental.com.br\/#\/schema\/logo\/image\/"},"sameAs":["https:\/\/www.instagram.com\/fatordental\/"]}]}},"_links":{"self":[{"href":"https:\/\/fatordental.com.br\/index.php\/wp-json\/wp\/v2\/product\/1228","targetHints":{"allow":["GET"]}}],"collection":[{"href":"https:\/\/fatordental.com.br\/index.php\/wp-json\/wp\/v2\/product"}],"about":[{"href":"https:\/\/fatordental.com.br\/index.php\/wp-json\/wp\/v2\/types\/product"}],"wp:featuredmedia":[{"embeddable":true,"href":"https:\/\/fatordental.com.br\/index.php\/wp-json\/wp\/v2\/media\/1229"}],"wp:attachment":[{"href":"https:\/\/fatordental.com.br\/index.php\/wp-json\/wp\/v2\/media?parent=1228"}],"wp:term":[{"taxonomy":"product_brand","embeddable":true,"href":"https:\/\/fatordental.com.br\/index.php\/wp-json\/wp\/v2\/product_brand?post=1228"},{"taxonomy":"product_cat","embeddable":true,"href":"https:\/\/fatordental.com.br\/index.php\/wp-json\/wp\/v2\/product_cat?post=1228"},{"taxonomy":"product_tag","embeddable":true,"href":"https:\/\/fatordental.com.br\/index.php\/wp-json\/wp\/v2\/product_tag?post=1228"}],"curies":[{"name":"wp","href":"https:\/\/api.w.org\/{rel}","templated":true}]}}