{"id":1226,"date":"2023-06-03T15:01:32","date_gmt":"2023-06-03T18:01:32","guid":{"rendered":"https:\/\/fatordental.com.br\/?post_type=product&#038;p=1226"},"modified":"2023-06-03T15:01:32","modified_gmt":"2023-06-03T18:01:32","slug":"adesivo-ambar-universal-aps-fgm","status":"publish","type":"product","link":"https:\/\/fatordental.com.br\/index.php\/produto\/adesivo-ambar-universal-aps-fgm\/","title":{"rendered":"Adesivo Ambar Universal APS &#8211; FGM"},"content":{"rendered":"<p class=\"value\"><strong>Embalagem com 5ml.<\/strong><\/p>\n<ul>\n<li><strong>DETALHES<\/strong><\/li>\n<\/ul>\n<p>&#8211; Maior est\u00e9tica com seu aspecto incolor.<br \/>\n&#8211; Versatilidade com m\u00ednima sensibilidade.<br \/>\n&#8211; Adesivo universal: uso sob diferentes protocolos de condicionamento \u00e1cido e em diferentes superf\u00edcies.<br \/>\n&#8211; Sistema APS que entrega um \u00f3timo desempenho em qualquer n\u00edvel de umidade dentin\u00e1ria. Ideal para aplica\u00e7\u00e3o intracanal (altos \u00edndices de adesividade na regi\u00e3o intracanal; melhor polimeriza\u00e7\u00e3o, mesmo na regi\u00e3o apical; maior compatibilidade com cimentos duais).<br \/>\n&#8211; Conta com elevada ades\u00e3o em diferentes modos de aplica\u00e7\u00e3o, como: condicionamento \u00e1cido total, condicionamento seletivo em esmalte e sem condicionamento \u00e1cido.<br \/>\n&#8211; Maior seguran\u00e7a e sa\u00fade atrav\u00e9s do BPA Free.<br \/>\n&#8211; MDP potencializado: o MDP est\u00e1 mais reativo atrav\u00e9s da redistribui\u00e7\u00e3o das concentra\u00e7\u00f5es entre solvente, \u00e1gua e mon\u00f4meros ac\u00eddicos.<br \/>\n&#8211; Sua maior reatividade amplia a capacidade adesiva \u00e0 dentina e aos substratos indiretos, tamb\u00e9m uma melhor estabilidade da pel\u00edcula adesiva.<br \/>\n&#8211; Registro ANVISA: 80172319014.<\/p>\n<p>&nbsp;<\/p>\n<ul>\n<li><strong>APLICA\u00c7\u00c3O<\/strong><\/li>\n<\/ul>\n<p>O\u00a0<strong>Adesivo Ambar Universal APS<\/strong>\u00a0da\u00a0<a href=\"https:\/\/www.dentalcremer.com.br\/super-loja\/fgm.html\" target=\"_blank\" rel=\"noopener\"><strong>FGM<\/strong>\u00a0<\/a>\u00e9 um sistema adesivo fotopolimeriz\u00e1vel autocondicionante para esmalte e dentina. Seu uso \u00e9 indicado para:<\/p>\n<p>* Todas as classes de restaura\u00e7\u00f5es diretas com comp\u00f3sitos (classes I, II, III, IV e V);<br \/>\n* Reparos adesivos em cer\u00e2micas e comp\u00f3sitos;<br \/>\n* Cimenta\u00e7\u00e3o adesiva (em conjunto com cimento resinoso) de pe\u00e7as prot\u00e9ticas (pinos intracanais\/n\u00facleos, coroas, onlays\/inlays, facetas, entre outros) em fibra de vidro, comp\u00f4mero, cer\u00e2micas condicion\u00e1veis e n\u00e3o condicion\u00e1veis, resina e metal;<br \/>\n* Como primer para metal ou cer\u00e2micas (condicion\u00e1veis e n\u00e3o condicion\u00e1veis).<\/p>\n<p>Seu aspecto incolor n\u00e3o influencia na est\u00e9tica dos procedimentos de restaura\u00e7\u00e3o e cimenta\u00e7\u00e3o em que \u00e9 utilizado. Al\u00e9m disso, adere em diferentes superf\u00edcies, como: metais, cer\u00e2micas, resina CAD\/CAM e pinos intracanais.<\/p>\n","protected":false},"excerpt":{"rendered":"<p>Embalagem com 5ml. DETALHES &#8211; Maior est\u00e9tica com seu aspecto incolor. &#8211; Versatilidade com m\u00ednima sensibilidade. &#8211; Adesivo universal: uso sob diferentes protocolos de condicionamento \u00e1cido e em diferentes superf\u00edcies. [&hellip;]<\/p>\n","protected":false},"featured_media":1227,"template":"","meta":[],"product_brand":[],"product_cat":[77,51],"product_tag":[],"class_list":{"0":"post-1226","1":"product","2":"type-product","3":"status-publish","4":"has-post-thumbnail","6":"product_cat-adesivo","7":"product_cat-dentistica-e-estetica","9":"first","10":"instock","11":"shipping-taxable","12":"product-type-simple"},"yoast_head":"<!-- This site is optimized with the Yoast SEO plugin v27.6 - https:\/\/yoast.com\/product\/yoast-seo-wordpress\/ -->\n<title>Adesivo Ambar Universal APS - FGM - Fator Dental<\/title>\n<meta name=\"robots\" content=\"index, follow, max-snippet:-1, max-image-preview:large, max-video-preview:-1\" \/>\n<link rel=\"canonical\" href=\"https:\/\/fatordental.com.br\/index.php\/produto\/adesivo-ambar-universal-aps-fgm\/\" \/>\n<meta property=\"og:locale\" content=\"pt_BR\" \/>\n<meta property=\"og:type\" content=\"article\" \/>\n<meta property=\"og:title\" content=\"Adesivo Ambar Universal APS - FGM - Fator Dental\" \/>\n<meta property=\"og:description\" content=\"Embalagem com 5ml. DETALHES &#8211; Maior est\u00e9tica com seu aspecto incolor. &#8211; Versatilidade com m\u00ednima sensibilidade. &#8211; Adesivo universal: uso sob diferentes protocolos de condicionamento \u00e1cido e em diferentes superf\u00edcies. [&hellip;]\" \/>\n<meta property=\"og:url\" content=\"https:\/\/fatordental.com.br\/index.php\/produto\/adesivo-ambar-universal-aps-fgm\/\" \/>\n<meta property=\"og:site_name\" content=\"Fator Dental\" \/>\n<meta property=\"og:image\" content=\"https:\/\/fatordental.com.br\/wp-content\/uploads\/2023\/06\/embalagem-adesivo-ambar-universal-aps-fgm.jpg\" \/>\n\t<meta property=\"og:image:width\" content=\"900\" \/>\n\t<meta property=\"og:image:height\" content=\"900\" \/>\n\t<meta property=\"og:image:type\" content=\"image\/jpeg\" \/>\n<meta name=\"twitter:card\" content=\"summary_large_image\" \/>\n<meta name=\"twitter:label1\" content=\"Est. tempo de leitura\" \/>\n\t<meta name=\"twitter:data1\" content=\"2 minutos\" \/>\n<script type=\"application\/ld+json\" class=\"yoast-schema-graph\">{\"@context\":\"https:\\\/\\\/schema.org\",\"@graph\":[{\"@type\":\"WebPage\",\"@id\":\"https:\\\/\\\/fatordental.com.br\\\/index.php\\\/produto\\\/adesivo-ambar-universal-aps-fgm\\\/\",\"url\":\"https:\\\/\\\/fatordental.com.br\\\/index.php\\\/produto\\\/adesivo-ambar-universal-aps-fgm\\\/\",\"name\":\"Adesivo Ambar Universal APS - FGM - Fator Dental\",\"isPartOf\":{\"@id\":\"https:\\\/\\\/fatordental.com.br\\\/#website\"},\"primaryImageOfPage\":{\"@id\":\"https:\\\/\\\/fatordental.com.br\\\/index.php\\\/produto\\\/adesivo-ambar-universal-aps-fgm\\\/#primaryimage\"},\"image\":{\"@id\":\"https:\\\/\\\/fatordental.com.br\\\/index.php\\\/produto\\\/adesivo-ambar-universal-aps-fgm\\\/#primaryimage\"},\"thumbnailUrl\":\"https:\\\/\\\/fatordental.com.br\\\/wp-content\\\/uploads\\\/2023\\\/06\\\/embalagem-adesivo-ambar-universal-aps-fgm.jpg\",\"datePublished\":\"2023-06-03T18:01:32+00:00\",\"breadcrumb\":{\"@id\":\"https:\\\/\\\/fatordental.com.br\\\/index.php\\\/produto\\\/adesivo-ambar-universal-aps-fgm\\\/#breadcrumb\"},\"inLanguage\":\"pt-BR\",\"potentialAction\":[{\"@type\":\"ReadAction\",\"target\":[\"https:\\\/\\\/fatordental.com.br\\\/index.php\\\/produto\\\/adesivo-ambar-universal-aps-fgm\\\/\"]}]},{\"@type\":\"ImageObject\",\"inLanguage\":\"pt-BR\",\"@id\":\"https:\\\/\\\/fatordental.com.br\\\/index.php\\\/produto\\\/adesivo-ambar-universal-aps-fgm\\\/#primaryimage\",\"url\":\"https:\\\/\\\/fatordental.com.br\\\/wp-content\\\/uploads\\\/2023\\\/06\\\/embalagem-adesivo-ambar-universal-aps-fgm.jpg\",\"contentUrl\":\"https:\\\/\\\/fatordental.com.br\\\/wp-content\\\/uploads\\\/2023\\\/06\\\/embalagem-adesivo-ambar-universal-aps-fgm.jpg\",\"width\":900,\"height\":900},{\"@type\":\"BreadcrumbList\",\"@id\":\"https:\\\/\\\/fatordental.com.br\\\/index.php\\\/produto\\\/adesivo-ambar-universal-aps-fgm\\\/#breadcrumb\",\"itemListElement\":[{\"@type\":\"ListItem\",\"position\":1,\"name\":\"In\u00edcio\",\"item\":\"https:\\\/\\\/fatordental.com.br\\\/\"},{\"@type\":\"ListItem\",\"position\":2,\"name\":\"Produtos\",\"item\":\"https:\\\/\\\/fatordental.com.br\\\/index.php\\\/produtos\\\/\"},{\"@type\":\"ListItem\",\"position\":3,\"name\":\"Adesivo Ambar Universal APS &#8211; FGM\"}]},{\"@type\":\"WebSite\",\"@id\":\"https:\\\/\\\/fatordental.com.br\\\/#website\",\"url\":\"https:\\\/\\\/fatordental.com.br\\\/\",\"name\":\"Fator Dental\",\"description\":\"Produtos Ondontol\u00f3gicos\",\"publisher\":{\"@id\":\"https:\\\/\\\/fatordental.com.br\\\/#organization\"},\"potentialAction\":[{\"@type\":\"SearchAction\",\"target\":{\"@type\":\"EntryPoint\",\"urlTemplate\":\"https:\\\/\\\/fatordental.com.br\\\/?s={search_term_string}\"},\"query-input\":{\"@type\":\"PropertyValueSpecification\",\"valueRequired\":true,\"valueName\":\"search_term_string\"}}],\"inLanguage\":\"pt-BR\"},{\"@type\":\"Organization\",\"@id\":\"https:\\\/\\\/fatordental.com.br\\\/#organization\",\"name\":\"Fator Dental\",\"url\":\"https:\\\/\\\/fatordental.com.br\\\/\",\"logo\":{\"@type\":\"ImageObject\",\"inLanguage\":\"pt-BR\",\"@id\":\"https:\\\/\\\/fatordental.com.br\\\/#\\\/schema\\\/logo\\\/image\\\/\",\"url\":\"https:\\\/\\\/fatordental.com.br\\\/wp-content\\\/uploads\\\/2023\\\/02\\\/logo_fator.png\",\"contentUrl\":\"https:\\\/\\\/fatordental.com.br\\\/wp-content\\\/uploads\\\/2023\\\/02\\\/logo_fator.png\",\"width\":400,\"height\":256,\"caption\":\"Fator Dental\"},\"image\":{\"@id\":\"https:\\\/\\\/fatordental.com.br\\\/#\\\/schema\\\/logo\\\/image\\\/\"},\"sameAs\":[\"https:\\\/\\\/www.instagram.com\\\/fatordental\\\/\"]}]}<\/script>\n<!-- \/ Yoast SEO plugin. -->","yoast_head_json":{"title":"Adesivo Ambar Universal APS - FGM - Fator Dental","robots":{"index":"index","follow":"follow","max-snippet":"max-snippet:-1","max-image-preview":"max-image-preview:large","max-video-preview":"max-video-preview:-1"},"canonical":"https:\/\/fatordental.com.br\/index.php\/produto\/adesivo-ambar-universal-aps-fgm\/","og_locale":"pt_BR","og_type":"article","og_title":"Adesivo Ambar Universal APS - FGM - Fator Dental","og_description":"Embalagem com 5ml. DETALHES &#8211; Maior est\u00e9tica com seu aspecto incolor. &#8211; Versatilidade com m\u00ednima sensibilidade. &#8211; Adesivo universal: uso sob diferentes protocolos de condicionamento \u00e1cido e em diferentes superf\u00edcies. [&hellip;]","og_url":"https:\/\/fatordental.com.br\/index.php\/produto\/adesivo-ambar-universal-aps-fgm\/","og_site_name":"Fator Dental","og_image":[{"width":900,"height":900,"url":"https:\/\/fatordental.com.br\/wp-content\/uploads\/2023\/06\/embalagem-adesivo-ambar-universal-aps-fgm.jpg","type":"image\/jpeg"}],"twitter_card":"summary_large_image","twitter_misc":{"Est. tempo de leitura":"2 minutos"},"schema":{"@context":"https:\/\/schema.org","@graph":[{"@type":"WebPage","@id":"https:\/\/fatordental.com.br\/index.php\/produto\/adesivo-ambar-universal-aps-fgm\/","url":"https:\/\/fatordental.com.br\/index.php\/produto\/adesivo-ambar-universal-aps-fgm\/","name":"Adesivo Ambar Universal APS - FGM - Fator Dental","isPartOf":{"@id":"https:\/\/fatordental.com.br\/#website"},"primaryImageOfPage":{"@id":"https:\/\/fatordental.com.br\/index.php\/produto\/adesivo-ambar-universal-aps-fgm\/#primaryimage"},"image":{"@id":"https:\/\/fatordental.com.br\/index.php\/produto\/adesivo-ambar-universal-aps-fgm\/#primaryimage"},"thumbnailUrl":"https:\/\/fatordental.com.br\/wp-content\/uploads\/2023\/06\/embalagem-adesivo-ambar-universal-aps-fgm.jpg","datePublished":"2023-06-03T18:01:32+00:00","breadcrumb":{"@id":"https:\/\/fatordental.com.br\/index.php\/produto\/adesivo-ambar-universal-aps-fgm\/#breadcrumb"},"inLanguage":"pt-BR","potentialAction":[{"@type":"ReadAction","target":["https:\/\/fatordental.com.br\/index.php\/produto\/adesivo-ambar-universal-aps-fgm\/"]}]},{"@type":"ImageObject","inLanguage":"pt-BR","@id":"https:\/\/fatordental.com.br\/index.php\/produto\/adesivo-ambar-universal-aps-fgm\/#primaryimage","url":"https:\/\/fatordental.com.br\/wp-content\/uploads\/2023\/06\/embalagem-adesivo-ambar-universal-aps-fgm.jpg","contentUrl":"https:\/\/fatordental.com.br\/wp-content\/uploads\/2023\/06\/embalagem-adesivo-ambar-universal-aps-fgm.jpg","width":900,"height":900},{"@type":"BreadcrumbList","@id":"https:\/\/fatordental.com.br\/index.php\/produto\/adesivo-ambar-universal-aps-fgm\/#breadcrumb","itemListElement":[{"@type":"ListItem","position":1,"name":"In\u00edcio","item":"https:\/\/fatordental.com.br\/"},{"@type":"ListItem","position":2,"name":"Produtos","item":"https:\/\/fatordental.com.br\/index.php\/produtos\/"},{"@type":"ListItem","position":3,"name":"Adesivo Ambar Universal APS &#8211; FGM"}]},{"@type":"WebSite","@id":"https:\/\/fatordental.com.br\/#website","url":"https:\/\/fatordental.com.br\/","name":"Fator Dental","description":"Produtos Ondontol\u00f3gicos","publisher":{"@id":"https:\/\/fatordental.com.br\/#organization"},"potentialAction":[{"@type":"SearchAction","target":{"@type":"EntryPoint","urlTemplate":"https:\/\/fatordental.com.br\/?s={search_term_string}"},"query-input":{"@type":"PropertyValueSpecification","valueRequired":true,"valueName":"search_term_string"}}],"inLanguage":"pt-BR"},{"@type":"Organization","@id":"https:\/\/fatordental.com.br\/#organization","name":"Fator Dental","url":"https:\/\/fatordental.com.br\/","logo":{"@type":"ImageObject","inLanguage":"pt-BR","@id":"https:\/\/fatordental.com.br\/#\/schema\/logo\/image\/","url":"https:\/\/fatordental.com.br\/wp-content\/uploads\/2023\/02\/logo_fator.png","contentUrl":"https:\/\/fatordental.com.br\/wp-content\/uploads\/2023\/02\/logo_fator.png","width":400,"height":256,"caption":"Fator Dental"},"image":{"@id":"https:\/\/fatordental.com.br\/#\/schema\/logo\/image\/"},"sameAs":["https:\/\/www.instagram.com\/fatordental\/"]}]}},"_links":{"self":[{"href":"https:\/\/fatordental.com.br\/index.php\/wp-json\/wp\/v2\/product\/1226","targetHints":{"allow":["GET"]}}],"collection":[{"href":"https:\/\/fatordental.com.br\/index.php\/wp-json\/wp\/v2\/product"}],"about":[{"href":"https:\/\/fatordental.com.br\/index.php\/wp-json\/wp\/v2\/types\/product"}],"wp:featuredmedia":[{"embeddable":true,"href":"https:\/\/fatordental.com.br\/index.php\/wp-json\/wp\/v2\/media\/1227"}],"wp:attachment":[{"href":"https:\/\/fatordental.com.br\/index.php\/wp-json\/wp\/v2\/media?parent=1226"}],"wp:term":[{"taxonomy":"product_brand","embeddable":true,"href":"https:\/\/fatordental.com.br\/index.php\/wp-json\/wp\/v2\/product_brand?post=1226"},{"taxonomy":"product_cat","embeddable":true,"href":"https:\/\/fatordental.com.br\/index.php\/wp-json\/wp\/v2\/product_cat?post=1226"},{"taxonomy":"product_tag","embeddable":true,"href":"https:\/\/fatordental.com.br\/index.php\/wp-json\/wp\/v2\/product_tag?post=1226"}],"curies":[{"name":"wp","href":"https:\/\/api.w.org\/{rel}","templated":true}]}}