{"id":1224,"date":"2023-04-02T18:48:48","date_gmt":"2023-04-02T21:48:48","guid":{"rendered":"https:\/\/fatordental.com.br\/?post_type=product&#038;p=1224"},"modified":"2023-04-02T18:50:30","modified_gmt":"2023-04-02T21:50:30","slug":"resina-harmonize-kerr","status":"publish","type":"product","link":"https:\/\/fatordental.com.br\/index.php\/produto\/resina-harmonize-kerr\/","title":{"rendered":"Resina Harmonize &#8211; Kerr"},"content":{"rendered":"<p class=\"value\"><strong>Resina Nanoh\u00edbrida. Seringa com 4g. <b>Consultar cores dispon\u00edveis.<\/b><\/strong><\/p>\n<ul>\n<li><strong>DETALHES<\/strong><\/li>\n<\/ul>\n<p>&#8211; Resina composta nanoh\u00edbrida universal e fotopolimeriz\u00e1vel.<br \/>\n&#8211; Possui a exclusiva tecnologia ART (tecnologia de resposta adaptativa), que se adapta aos procedimentos cl\u00ednicos, trazendo benef\u00edcios:<\/p>\n<p>* Versatilidade \u2013 Pode ser usada em restaura\u00e7\u00f5es de dentes anteriores e posteriores.<\/p>\n<p>* Efeito camale\u00e3o \u2013 Mimetiza\u00e7\u00e3o superior, imita as estruturas do dente natural.<\/p>\n<p>* Excelente manipula\u00e7\u00e3o \u2013 O aditivo reol\u00f3gico (patenteado pela Kerr) contribui para que a manipula\u00e7\u00e3o seja suave e a resina f\u00e1cil de esculpir, sem ser pegajosa para o instrumento, al\u00e9m de recuperar a viscosidade durante o repouso.<\/p>\n<p>* Polimento e reten\u00e7\u00e3o de brilho consistentes \u2013 Suas part\u00edculas foram desenvolvidas para uma maior reten\u00e7\u00e3o de brilho.<\/p>\n<p>* Resist\u00eancia mec\u00e2nica e baixa contra\u00e7\u00e3o \u2013 Menor incid\u00eancia de sensibilidade p\u00f3s-operat\u00f3ria e menor incid\u00eancia de infiltra\u00e7\u00e3o marginal.<\/p>\n<p>&nbsp;<\/p>\n<ul>\n<li><strong>APLICA\u00c7\u00c3O\u00a0<\/strong><\/li>\n<\/ul>\n<p>A\u00a0<strong>Resina Harmonize\u00a0<\/strong>desenvolvida pela\u00a0<strong>Kerr\u00a0<\/strong>\u00e9 uma resina composta nanoh\u00edbrida universal e fotopolimeriz\u00e1vel, ideal para a restaura\u00e7\u00e3o de dentes posteriores e anteriores.<\/p>\n<p>Fabricada a partir do sistema tecnol\u00f3gico ART (Adaptive Response Technology), a\u00a0<strong>Harmonize<\/strong>\u00a0garante a maior efici\u00eancia mec\u00e2nica e est\u00e9tica do material, resultando em um efeito camale\u00e3o com est\u00e9tica incompar\u00e1vel. Al\u00e9m de versatilidade, excelente manipula\u00e7\u00e3o e polimento e reten\u00e7\u00e3o de brilho consistentes.<\/p>\n","protected":false},"excerpt":{"rendered":"<p>Resina Nanoh\u00edbrida. Seringa com 4g. Consultar cores dispon\u00edveis. DETALHES &#8211; Resina composta nanoh\u00edbrida universal e fotopolimeriz\u00e1vel. &#8211; Possui a exclusiva tecnologia ART (tecnologia de resposta adaptativa), que se adapta aos [&hellip;]<\/p>\n","protected":false},"featured_media":1225,"template":"","meta":[],"product_brand":[],"product_cat":[51,70],"product_tag":[],"class_list":{"0":"post-1224","1":"product","2":"type-product","3":"status-publish","4":"has-post-thumbnail","6":"product_cat-dentistica-e-estetica","7":"product_cat-resina-composta","9":"first","10":"instock","11":"shipping-taxable","12":"product-type-simple"},"yoast_head":"<!-- This site is optimized with the Yoast SEO plugin v26.8 - https:\/\/yoast.com\/product\/yoast-seo-wordpress\/ -->\n<title>Resina Harmonize - Kerr - Fator Dental<\/title>\n<meta name=\"robots\" content=\"index, follow, max-snippet:-1, max-image-preview:large, max-video-preview:-1\" \/>\n<link rel=\"canonical\" href=\"https:\/\/fatordental.com.br\/index.php\/produto\/resina-harmonize-kerr\/\" \/>\n<meta property=\"og:locale\" content=\"pt_BR\" \/>\n<meta property=\"og:type\" content=\"article\" \/>\n<meta property=\"og:title\" content=\"Resina Harmonize - Kerr - Fator Dental\" \/>\n<meta property=\"og:description\" content=\"Resina Nanoh\u00edbrida. Seringa com 4g. Consultar cores dispon\u00edveis. DETALHES &#8211; Resina composta nanoh\u00edbrida universal e fotopolimeriz\u00e1vel. &#8211; Possui a exclusiva tecnologia ART (tecnologia de resposta adaptativa), que se adapta aos [&hellip;]\" \/>\n<meta property=\"og:url\" content=\"https:\/\/fatordental.com.br\/index.php\/produto\/resina-harmonize-kerr\/\" \/>\n<meta property=\"og:site_name\" content=\"Fator Dental\" \/>\n<meta property=\"article:modified_time\" content=\"2023-04-02T21:50:30+00:00\" \/>\n<meta property=\"og:image\" content=\"https:\/\/fatordental.com.br\/wp-content\/uploads\/2023\/04\/resina-harmonize-dentina-a1-kerr-dc-DC25896-01.jpg\" \/>\n\t<meta property=\"og:image:width\" content=\"800\" \/>\n\t<meta property=\"og:image:height\" content=\"800\" \/>\n\t<meta property=\"og:image:type\" content=\"image\/jpeg\" \/>\n<meta name=\"twitter:card\" content=\"summary_large_image\" \/>\n<meta name=\"twitter:label1\" content=\"Est. tempo de leitura\" \/>\n\t<meta name=\"twitter:data1\" content=\"2 minutos\" \/>\n<script type=\"application\/ld+json\" class=\"yoast-schema-graph\">{\"@context\":\"https:\/\/schema.org\",\"@graph\":[{\"@type\":\"WebPage\",\"@id\":\"https:\/\/fatordental.com.br\/index.php\/produto\/resina-harmonize-kerr\/\",\"url\":\"https:\/\/fatordental.com.br\/index.php\/produto\/resina-harmonize-kerr\/\",\"name\":\"Resina Harmonize - Kerr - Fator Dental\",\"isPartOf\":{\"@id\":\"https:\/\/fatordental.com.br\/#website\"},\"primaryImageOfPage\":{\"@id\":\"https:\/\/fatordental.com.br\/index.php\/produto\/resina-harmonize-kerr\/#primaryimage\"},\"image\":{\"@id\":\"https:\/\/fatordental.com.br\/index.php\/produto\/resina-harmonize-kerr\/#primaryimage\"},\"thumbnailUrl\":\"https:\/\/fatordental.com.br\/wp-content\/uploads\/2023\/04\/resina-harmonize-dentina-a1-kerr-dc-DC25896-01.jpg\",\"datePublished\":\"2023-04-02T21:48:48+00:00\",\"dateModified\":\"2023-04-02T21:50:30+00:00\",\"breadcrumb\":{\"@id\":\"https:\/\/fatordental.com.br\/index.php\/produto\/resina-harmonize-kerr\/#breadcrumb\"},\"inLanguage\":\"pt-BR\",\"potentialAction\":[{\"@type\":\"ReadAction\",\"target\":[\"https:\/\/fatordental.com.br\/index.php\/produto\/resina-harmonize-kerr\/\"]}]},{\"@type\":\"ImageObject\",\"inLanguage\":\"pt-BR\",\"@id\":\"https:\/\/fatordental.com.br\/index.php\/produto\/resina-harmonize-kerr\/#primaryimage\",\"url\":\"https:\/\/fatordental.com.br\/wp-content\/uploads\/2023\/04\/resina-harmonize-dentina-a1-kerr-dc-DC25896-01.jpg\",\"contentUrl\":\"https:\/\/fatordental.com.br\/wp-content\/uploads\/2023\/04\/resina-harmonize-dentina-a1-kerr-dc-DC25896-01.jpg\",\"width\":800,\"height\":800},{\"@type\":\"BreadcrumbList\",\"@id\":\"https:\/\/fatordental.com.br\/index.php\/produto\/resina-harmonize-kerr\/#breadcrumb\",\"itemListElement\":[{\"@type\":\"ListItem\",\"position\":1,\"name\":\"In\u00edcio\",\"item\":\"https:\/\/fatordental.com.br\/\"},{\"@type\":\"ListItem\",\"position\":2,\"name\":\"Produtos\",\"item\":\"https:\/\/fatordental.com.br\/index.php\/produtos\/\"},{\"@type\":\"ListItem\",\"position\":3,\"name\":\"Resina Harmonize &#8211; Kerr\"}]},{\"@type\":\"WebSite\",\"@id\":\"https:\/\/fatordental.com.br\/#website\",\"url\":\"https:\/\/fatordental.com.br\/\",\"name\":\"Fator Dental\",\"description\":\"Produtos Ondontol\u00f3gicos\",\"publisher\":{\"@id\":\"https:\/\/fatordental.com.br\/#organization\"},\"potentialAction\":[{\"@type\":\"SearchAction\",\"target\":{\"@type\":\"EntryPoint\",\"urlTemplate\":\"https:\/\/fatordental.com.br\/?s={search_term_string}\"},\"query-input\":{\"@type\":\"PropertyValueSpecification\",\"valueRequired\":true,\"valueName\":\"search_term_string\"}}],\"inLanguage\":\"pt-BR\"},{\"@type\":\"Organization\",\"@id\":\"https:\/\/fatordental.com.br\/#organization\",\"name\":\"Fator Dental\",\"url\":\"https:\/\/fatordental.com.br\/\",\"logo\":{\"@type\":\"ImageObject\",\"inLanguage\":\"pt-BR\",\"@id\":\"https:\/\/fatordental.com.br\/#\/schema\/logo\/image\/\",\"url\":\"https:\/\/fatordental.com.br\/wp-content\/uploads\/2023\/02\/logo_fator.png\",\"contentUrl\":\"https:\/\/fatordental.com.br\/wp-content\/uploads\/2023\/02\/logo_fator.png\",\"width\":400,\"height\":256,\"caption\":\"Fator Dental\"},\"image\":{\"@id\":\"https:\/\/fatordental.com.br\/#\/schema\/logo\/image\/\"},\"sameAs\":[\"https:\/\/www.instagram.com\/fatordental\/\"]}]}<\/script>\n<!-- \/ Yoast SEO plugin. -->","yoast_head_json":{"title":"Resina Harmonize - Kerr - Fator Dental","robots":{"index":"index","follow":"follow","max-snippet":"max-snippet:-1","max-image-preview":"max-image-preview:large","max-video-preview":"max-video-preview:-1"},"canonical":"https:\/\/fatordental.com.br\/index.php\/produto\/resina-harmonize-kerr\/","og_locale":"pt_BR","og_type":"article","og_title":"Resina Harmonize - Kerr - Fator Dental","og_description":"Resina Nanoh\u00edbrida. Seringa com 4g. Consultar cores dispon\u00edveis. DETALHES &#8211; Resina composta nanoh\u00edbrida universal e fotopolimeriz\u00e1vel. &#8211; Possui a exclusiva tecnologia ART (tecnologia de resposta adaptativa), que se adapta aos [&hellip;]","og_url":"https:\/\/fatordental.com.br\/index.php\/produto\/resina-harmonize-kerr\/","og_site_name":"Fator Dental","article_modified_time":"2023-04-02T21:50:30+00:00","og_image":[{"width":800,"height":800,"url":"https:\/\/fatordental.com.br\/wp-content\/uploads\/2023\/04\/resina-harmonize-dentina-a1-kerr-dc-DC25896-01.jpg","type":"image\/jpeg"}],"twitter_card":"summary_large_image","twitter_misc":{"Est. tempo de leitura":"2 minutos"},"schema":{"@context":"https:\/\/schema.org","@graph":[{"@type":"WebPage","@id":"https:\/\/fatordental.com.br\/index.php\/produto\/resina-harmonize-kerr\/","url":"https:\/\/fatordental.com.br\/index.php\/produto\/resina-harmonize-kerr\/","name":"Resina Harmonize - Kerr - Fator Dental","isPartOf":{"@id":"https:\/\/fatordental.com.br\/#website"},"primaryImageOfPage":{"@id":"https:\/\/fatordental.com.br\/index.php\/produto\/resina-harmonize-kerr\/#primaryimage"},"image":{"@id":"https:\/\/fatordental.com.br\/index.php\/produto\/resina-harmonize-kerr\/#primaryimage"},"thumbnailUrl":"https:\/\/fatordental.com.br\/wp-content\/uploads\/2023\/04\/resina-harmonize-dentina-a1-kerr-dc-DC25896-01.jpg","datePublished":"2023-04-02T21:48:48+00:00","dateModified":"2023-04-02T21:50:30+00:00","breadcrumb":{"@id":"https:\/\/fatordental.com.br\/index.php\/produto\/resina-harmonize-kerr\/#breadcrumb"},"inLanguage":"pt-BR","potentialAction":[{"@type":"ReadAction","target":["https:\/\/fatordental.com.br\/index.php\/produto\/resina-harmonize-kerr\/"]}]},{"@type":"ImageObject","inLanguage":"pt-BR","@id":"https:\/\/fatordental.com.br\/index.php\/produto\/resina-harmonize-kerr\/#primaryimage","url":"https:\/\/fatordental.com.br\/wp-content\/uploads\/2023\/04\/resina-harmonize-dentina-a1-kerr-dc-DC25896-01.jpg","contentUrl":"https:\/\/fatordental.com.br\/wp-content\/uploads\/2023\/04\/resina-harmonize-dentina-a1-kerr-dc-DC25896-01.jpg","width":800,"height":800},{"@type":"BreadcrumbList","@id":"https:\/\/fatordental.com.br\/index.php\/produto\/resina-harmonize-kerr\/#breadcrumb","itemListElement":[{"@type":"ListItem","position":1,"name":"In\u00edcio","item":"https:\/\/fatordental.com.br\/"},{"@type":"ListItem","position":2,"name":"Produtos","item":"https:\/\/fatordental.com.br\/index.php\/produtos\/"},{"@type":"ListItem","position":3,"name":"Resina Harmonize &#8211; Kerr"}]},{"@type":"WebSite","@id":"https:\/\/fatordental.com.br\/#website","url":"https:\/\/fatordental.com.br\/","name":"Fator Dental","description":"Produtos Ondontol\u00f3gicos","publisher":{"@id":"https:\/\/fatordental.com.br\/#organization"},"potentialAction":[{"@type":"SearchAction","target":{"@type":"EntryPoint","urlTemplate":"https:\/\/fatordental.com.br\/?s={search_term_string}"},"query-input":{"@type":"PropertyValueSpecification","valueRequired":true,"valueName":"search_term_string"}}],"inLanguage":"pt-BR"},{"@type":"Organization","@id":"https:\/\/fatordental.com.br\/#organization","name":"Fator Dental","url":"https:\/\/fatordental.com.br\/","logo":{"@type":"ImageObject","inLanguage":"pt-BR","@id":"https:\/\/fatordental.com.br\/#\/schema\/logo\/image\/","url":"https:\/\/fatordental.com.br\/wp-content\/uploads\/2023\/02\/logo_fator.png","contentUrl":"https:\/\/fatordental.com.br\/wp-content\/uploads\/2023\/02\/logo_fator.png","width":400,"height":256,"caption":"Fator Dental"},"image":{"@id":"https:\/\/fatordental.com.br\/#\/schema\/logo\/image\/"},"sameAs":["https:\/\/www.instagram.com\/fatordental\/"]}]}},"_links":{"self":[{"href":"https:\/\/fatordental.com.br\/index.php\/wp-json\/wp\/v2\/product\/1224","targetHints":{"allow":["GET"]}}],"collection":[{"href":"https:\/\/fatordental.com.br\/index.php\/wp-json\/wp\/v2\/product"}],"about":[{"href":"https:\/\/fatordental.com.br\/index.php\/wp-json\/wp\/v2\/types\/product"}],"wp:featuredmedia":[{"embeddable":true,"href":"https:\/\/fatordental.com.br\/index.php\/wp-json\/wp\/v2\/media\/1225"}],"wp:attachment":[{"href":"https:\/\/fatordental.com.br\/index.php\/wp-json\/wp\/v2\/media?parent=1224"}],"wp:term":[{"taxonomy":"product_brand","embeddable":true,"href":"https:\/\/fatordental.com.br\/index.php\/wp-json\/wp\/v2\/product_brand?post=1224"},{"taxonomy":"product_cat","embeddable":true,"href":"https:\/\/fatordental.com.br\/index.php\/wp-json\/wp\/v2\/product_cat?post=1224"},{"taxonomy":"product_tag","embeddable":true,"href":"https:\/\/fatordental.com.br\/index.php\/wp-json\/wp\/v2\/product_tag?post=1224"}],"curies":[{"name":"wp","href":"https:\/\/api.w.org\/{rel}","templated":true}]}}