{"id":1222,"date":"2023-04-02T18:41:39","date_gmt":"2023-04-02T21:41:39","guid":{"rendered":"https:\/\/fatordental.com.br\/?post_type=product&#038;p=1222"},"modified":"2023-04-02T18:51:13","modified_gmt":"2023-04-02T21:51:13","slug":"resina-epic-biodinamica","status":"publish","type":"product","link":"https:\/\/fatordental.com.br\/index.php\/produto\/resina-epic-biodinamica\/","title":{"rendered":"Resina Epic &#8211; Biodin\u00e2mica"},"content":{"rendered":"<p class=\"value\"><strong>Resina Nanoh\u00edbrida. Seringa com 4g. <b>Consultar cores dispon\u00edveis.<\/b><\/strong><\/p>\n<ul>\n<li><strong>DETALHES<\/strong><\/li>\n<\/ul>\n<p><span data-contrast=\"auto\">&#8211; Consist\u00eancia: Composta.<\/span><span data-ccp-props=\"{&quot;134233117&quot;:true,&quot;134233118&quot;:true,&quot;201341983&quot;:0,&quot;335559740&quot;:360}\"><br \/>\n<\/span><span data-contrast=\"auto\">&#8211; Carga nanoh\u00edbrida.<\/span><span data-ccp-props=\"{&quot;134233117&quot;:true,&quot;134233118&quot;:true,&quot;201341983&quot;:0,&quot;335559740&quot;:360}\"><br \/>\n<\/span><span data-contrast=\"auto\">&#8211; Fotopolimeriz\u00e1vel. <\/span><span data-ccp-props=\"{&quot;134233117&quot;:true,&quot;134233118&quot;:true,&quot;201341983&quot;:0,&quot;335559740&quot;:360}\"><br \/>\n<\/span><span data-contrast=\"auto\">&#8211; De alta densidade.<\/span><span data-ccp-props=\"{&quot;134233117&quot;:true,&quot;134233118&quot;:true,&quot;201341983&quot;:0,&quot;335559740&quot;:360}\"><br \/>\n<\/span><span data-contrast=\"auto\">&#8211; Composi\u00e7\u00e3o: Matriz de mon\u00f4meros metacr\u00edlicos, carga inorg\u00e2nica, iniciadores, estabilizador, conservante e pigmentos. Conta com composi\u00e7\u00e3o inorg\u00e2nica que equivale a aproximadamente 79% em massa e \u00e9 formada pela mistura de nano e micropart\u00edculas que variam entre 5nm at\u00e9 2\u03bcm.<\/span><span data-ccp-props=\"{&quot;134233117&quot;:true,&quot;134233118&quot;:true,&quot;201341983&quot;:0,&quot;335559740&quot;:360}\"><br \/>\n<\/span><span data-contrast=\"auto\">&#8211; Possui em sua composi\u00e7\u00e3o uma matriz org\u00e2nica monom\u00e9rica cujo processo de polimeriza\u00e7\u00e3o se d\u00e1 por meio da forma\u00e7\u00e3o de radicais livres. A canforoquinona presente na composi\u00e7\u00e3o, \u00e9 ativada pela incid\u00eancia da luz vis\u00edvel com comprimento de onda variando entre 400 e 500 nm (espectro azul) com m\u00e1xima absor\u00e7\u00e3o em 468 nm. Ao ser ativado, esse componente transfere um de seus el\u00e9trons para uma subst\u00e2ncia coadjuvante da fotoinicia\u00e7\u00e3o, resultando na forma\u00e7\u00e3o de radicais livres e desencadeando o processo de polimeriza\u00e7\u00e3o.<\/span><span data-ccp-props=\"{&quot;134233117&quot;:true,&quot;134233118&quot;:true,&quot;201341983&quot;:0,&quot;335559740&quot;:360}\"><br \/>\n<\/span><span data-contrast=\"auto\">V\u00e1rios fatores contribuem para uma\u00a0fotoativa\u00e7\u00e3o\u00a0eficiente: incid\u00eancia de luz no espectro de 400 a 500 nm, pot\u00eancia do aparelho\u00a0fotoativador, dist\u00e2ncia da fonte de luz, tempo de exposi\u00e7\u00e3o e espessura da camada do material.<\/span><span data-ccp-props=\"{&quot;134233117&quot;:true,&quot;134233118&quot;:true,&quot;201341983&quot;:0,&quot;335559740&quot;:360}\"><br \/>\n<\/span><span data-contrast=\"auto\">&#8211; O tempo de polimeriza\u00e7\u00e3o \u00e9 de 40 \u00b1 10 segundos se utilizado um <\/span><a href=\"https:\/\/www.dentalcremer.com.br\/perifericos-e-pecas-de-mao\/fotopolimerizador.html\"><span data-contrast=\"none\">fotopolimerizador<\/span><\/a><span data-contrast=\"auto\">\u00a0com comprimento de onda de 400 a 500 nm, com pico m\u00e1ximo de emiss\u00e3o em 468nm (Luz Azul) e pot\u00eancia m\u00ednima de 2 400mW\/cm , totalizando fornecimento de no m\u00ednimo, 16J de energia se a dist\u00e2ncia do fotopolimerizador for inferior a 5 mm.<\/span><span data-ccp-props=\"{&quot;134233117&quot;:true,&quot;134233118&quot;:true,&quot;201341983&quot;:0,&quot;335559740&quot;:360}\"><br \/>\n<\/span><span data-contrast=\"auto\">&#8211; 3 diferentes opacidades: esmalte, corpo e dentina.<\/span><span data-ccp-props=\"{&quot;134233117&quot;:true,&quot;134233118&quot;:true,&quot;201341983&quot;:0,&quot;335559740&quot;:360}\"><br \/>\n<\/span><span data-contrast=\"auto\">&#8211; Ampla variedade de cores baseadas na escala Vitta, cores de efeito, dentes clareados e pigmentos.<\/span><br \/>\n<span data-contrast=\"auto\">&#8211; F\u00e1cil manipula\u00e7\u00e3o, com consist\u00eancia ideal para inser\u00e7\u00e3o e escultura.<\/span><br \/>\n<span data-contrast=\"auto\">&#8211; Propriedades mec\u00e2nicas que atendem requisitos de restaurador universal para dentes anteriores e posteriores.<\/span><br \/>\n<span data-contrast=\"auto\">&#8211; Polimento de alto brilho \u2013 distribui\u00e7\u00e3o uniforme das part\u00edculas de carga permite que o material apresente alto brilho ap\u00f3s polimento simples e r\u00e1pido.<\/span><br \/>\n<span data-contrast=\"auto\">&#8211; Fluoresc\u00eancia semelhante \u00e0 do dente natural.<\/span><br \/>\n<span data-contrast=\"auto\">&#8211; Radiopaca \u2013 facilita o diagn\u00f3stico de c\u00e1rie secund\u00e1ria e permite o controle da interface dente restaura\u00e7\u00e3o.<\/span><br \/>\n<span data-contrast=\"auto\">&#8211; Estabilidade da cor.<\/span><br \/>\n<span data-contrast=\"auto\">&#8211; Registro ANVISA: 10298550210.<\/span><span data-ccp-props=\"{&quot;134233117&quot;:true,&quot;134233118&quot;:true,&quot;201341983&quot;:0,&quot;335559740&quot;:360}\">\u00a0<\/span><\/p>\n<p>&nbsp;<\/p>\n<ul>\n<li><strong>APLICA\u00c7\u00c3O\u00a0<\/strong><\/li>\n<\/ul>\n<p><span class=\"TextRun SCXW164002789 BCX8\" lang=\"PT-BR\" xml:lang=\"PT-BR\" data-contrast=\"auto\"><span class=\"NormalTextRun SCXW164002789 BCX8\" data-ccp-parastyle=\"paragraph\" data-ccp-parastyle-defn=\"{&quot;ObjectId&quot;:&quot;cf2bcaa3-a83a-4744-a5b4-85ac453e21a4|70&quot;,&quot;ClassId&quot;:1073872969,&quot;Properties&quot;:[469775450,&quot;paragraph&quot;,201340122,&quot;2&quot;,134233614,&quot;true&quot;,469778129,&quot;paragraph&quot;,335572020,&quot;1&quot;,469777841,&quot;Times New Roman&quot;,469777842,&quot;Times New Roman&quot;,469777843,&quot;Times New Roman&quot;,469777844,&quot;Times New Roman&quot;,469769226,&quot;Times New Roman&quot;,268442635,&quot;24&quot;,335559705,&quot;1046&quot;,335559740,&quot;240&quot;,201341983,&quot;0&quot;,134233118,&quot;true&quot;,134233117,&quot;true&quot;,469778324,&quot;Normal&quot;]}\">A\u00a0<\/span><\/span><strong><span class=\"TextRun SCXW164002789 BCX8\" lang=\"PT-BR\" xml:lang=\"PT-BR\" data-contrast=\"auto\"><span class=\"NormalTextRun SCXW164002789 BCX8\" data-ccp-parastyle=\"paragraph\">Resina Epic\u00a0<\/span><\/span><\/strong><span class=\"TextRun SCXW164002789 BCX8\" lang=\"PT-BR\" xml:lang=\"PT-BR\" data-contrast=\"auto\"><span class=\"NormalTextRun SCXW164002789 BCX8\" data-ccp-parastyle=\"paragraph\">da<strong>\u00a0<\/strong><\/span><\/span><span class=\"TextRun SCXW164002789 BCX8\" lang=\"PT-BR\" xml:lang=\"PT-BR\" data-contrast=\"auto\"><span class=\"NormalTextRun SCXW164002789 BCX8\" data-ccp-parastyle=\"paragraph\"><strong>Biodin\u00e2mica<\/strong>\u00a0<\/span><\/span><span class=\"TextRun SCXW164002789 BCX8\" lang=\"PT-BR\" xml:lang=\"PT-BR\" data-contrast=\"auto\"><span class=\"NormalTextRun SCXW164002789 BCX8\" data-ccp-parastyle=\"paragraph\">foi desenvolvida para a realiza\u00e7\u00e3o de restaura\u00e7\u00f5es dent\u00e1rias est\u00e9ticas definitivas, tanto anteriores quanto posteriores, al\u00e9m de fixa\u00e7\u00e3o dos dentes com mobilidade, reparos de pr\u00f3teses e restaura\u00e7\u00f5es indiretas.\u00a0<\/span><span class=\"NormalTextRun SCXW164002789 BCX8\" data-ccp-parastyle=\"paragraph\">Com um sistema de cores completo, possui cores para esmalte, dentina, corpo, efeitos e pigmentos que\u00a0<\/span><span class=\"NormalTextRun SCXW164002789 BCX8\" data-ccp-parastyle=\"paragraph\">atender\u00e3o aos casos com alto desempenho<\/span><span class=\"NormalTextRun SCXW164002789 BCX8\" data-ccp-parastyle=\"paragraph\">.\u00a0<\/span><\/span><span class=\"EOP SCXW164002789 BCX8\" data-ccp-props=\"{&quot;134233117&quot;:true,&quot;134233118&quot;:true,&quot;201341983&quot;:0,&quot;335551550&quot;:6,&quot;335551620&quot;:6,&quot;335559740&quot;:360}\">\u00a0<\/span><\/p>\n","protected":false},"excerpt":{"rendered":"<p>Resina Nanoh\u00edbrida. Seringa com 4g. Consultar cores dispon\u00edveis. DETALHES &#8211; Consist\u00eancia: Composta. &#8211; Carga nanoh\u00edbrida. &#8211; Fotopolimeriz\u00e1vel. &#8211; De alta densidade. &#8211; Composi\u00e7\u00e3o: Matriz de mon\u00f4meros metacr\u00edlicos, carga inorg\u00e2nica, iniciadores, [&hellip;]<\/p>\n","protected":false},"featured_media":1223,"template":"","meta":[],"product_brand":[],"product_cat":[51,70],"product_tag":[],"class_list":{"0":"post-1222","1":"product","2":"type-product","3":"status-publish","4":"has-post-thumbnail","6":"product_cat-dentistica-e-estetica","7":"product_cat-resina-composta","9":"first","10":"instock","11":"shipping-taxable","12":"product-type-simple"},"yoast_head":"<!-- This site is optimized with the Yoast SEO plugin v26.8 - https:\/\/yoast.com\/product\/yoast-seo-wordpress\/ -->\n<title>Resina Epic - Biodin\u00e2mica - Fator Dental<\/title>\n<meta name=\"robots\" content=\"index, follow, max-snippet:-1, max-image-preview:large, max-video-preview:-1\" \/>\n<link rel=\"canonical\" href=\"https:\/\/fatordental.com.br\/index.php\/produto\/resina-epic-biodinamica\/\" \/>\n<meta property=\"og:locale\" content=\"pt_BR\" \/>\n<meta property=\"og:type\" content=\"article\" \/>\n<meta property=\"og:title\" content=\"Resina Epic - Biodin\u00e2mica - Fator Dental\" \/>\n<meta property=\"og:description\" content=\"Resina Nanoh\u00edbrida. Seringa com 4g. Consultar cores dispon\u00edveis. DETALHES &#8211; Consist\u00eancia: Composta. &#8211; Carga nanoh\u00edbrida. &#8211; Fotopolimeriz\u00e1vel. &#8211; De alta densidade. &#8211; Composi\u00e7\u00e3o: Matriz de mon\u00f4meros metacr\u00edlicos, carga inorg\u00e2nica, iniciadores, [&hellip;]\" \/>\n<meta property=\"og:url\" content=\"https:\/\/fatordental.com.br\/index.php\/produto\/resina-epic-biodinamica\/\" \/>\n<meta property=\"og:site_name\" content=\"Fator Dental\" \/>\n<meta property=\"article:modified_time\" content=\"2023-04-02T21:51:13+00:00\" \/>\n<meta property=\"og:image\" content=\"https:\/\/fatordental.com.br\/wp-content\/uploads\/2023\/04\/resina-epic-biodinamica-seringa-dc26954.jpg\" \/>\n\t<meta property=\"og:image:width\" content=\"900\" \/>\n\t<meta property=\"og:image:height\" content=\"900\" \/>\n\t<meta property=\"og:image:type\" content=\"image\/jpeg\" \/>\n<meta name=\"twitter:card\" content=\"summary_large_image\" \/>\n<meta name=\"twitter:label1\" content=\"Est. tempo de leitura\" \/>\n\t<meta name=\"twitter:data1\" content=\"3 minutos\" \/>\n<script type=\"application\/ld+json\" class=\"yoast-schema-graph\">{\"@context\":\"https:\/\/schema.org\",\"@graph\":[{\"@type\":\"WebPage\",\"@id\":\"https:\/\/fatordental.com.br\/index.php\/produto\/resina-epic-biodinamica\/\",\"url\":\"https:\/\/fatordental.com.br\/index.php\/produto\/resina-epic-biodinamica\/\",\"name\":\"Resina Epic - Biodin\u00e2mica - Fator Dental\",\"isPartOf\":{\"@id\":\"https:\/\/fatordental.com.br\/#website\"},\"primaryImageOfPage\":{\"@id\":\"https:\/\/fatordental.com.br\/index.php\/produto\/resina-epic-biodinamica\/#primaryimage\"},\"image\":{\"@id\":\"https:\/\/fatordental.com.br\/index.php\/produto\/resina-epic-biodinamica\/#primaryimage\"},\"thumbnailUrl\":\"https:\/\/fatordental.com.br\/wp-content\/uploads\/2023\/04\/resina-epic-biodinamica-seringa-dc26954.jpg\",\"datePublished\":\"2023-04-02T21:41:39+00:00\",\"dateModified\":\"2023-04-02T21:51:13+00:00\",\"breadcrumb\":{\"@id\":\"https:\/\/fatordental.com.br\/index.php\/produto\/resina-epic-biodinamica\/#breadcrumb\"},\"inLanguage\":\"pt-BR\",\"potentialAction\":[{\"@type\":\"ReadAction\",\"target\":[\"https:\/\/fatordental.com.br\/index.php\/produto\/resina-epic-biodinamica\/\"]}]},{\"@type\":\"ImageObject\",\"inLanguage\":\"pt-BR\",\"@id\":\"https:\/\/fatordental.com.br\/index.php\/produto\/resina-epic-biodinamica\/#primaryimage\",\"url\":\"https:\/\/fatordental.com.br\/wp-content\/uploads\/2023\/04\/resina-epic-biodinamica-seringa-dc26954.jpg\",\"contentUrl\":\"https:\/\/fatordental.com.br\/wp-content\/uploads\/2023\/04\/resina-epic-biodinamica-seringa-dc26954.jpg\",\"width\":900,\"height\":900},{\"@type\":\"BreadcrumbList\",\"@id\":\"https:\/\/fatordental.com.br\/index.php\/produto\/resina-epic-biodinamica\/#breadcrumb\",\"itemListElement\":[{\"@type\":\"ListItem\",\"position\":1,\"name\":\"In\u00edcio\",\"item\":\"https:\/\/fatordental.com.br\/\"},{\"@type\":\"ListItem\",\"position\":2,\"name\":\"Produtos\",\"item\":\"https:\/\/fatordental.com.br\/index.php\/produtos\/\"},{\"@type\":\"ListItem\",\"position\":3,\"name\":\"Resina Epic &#8211; Biodin\u00e2mica\"}]},{\"@type\":\"WebSite\",\"@id\":\"https:\/\/fatordental.com.br\/#website\",\"url\":\"https:\/\/fatordental.com.br\/\",\"name\":\"Fator Dental\",\"description\":\"Produtos Ondontol\u00f3gicos\",\"publisher\":{\"@id\":\"https:\/\/fatordental.com.br\/#organization\"},\"potentialAction\":[{\"@type\":\"SearchAction\",\"target\":{\"@type\":\"EntryPoint\",\"urlTemplate\":\"https:\/\/fatordental.com.br\/?s={search_term_string}\"},\"query-input\":{\"@type\":\"PropertyValueSpecification\",\"valueRequired\":true,\"valueName\":\"search_term_string\"}}],\"inLanguage\":\"pt-BR\"},{\"@type\":\"Organization\",\"@id\":\"https:\/\/fatordental.com.br\/#organization\",\"name\":\"Fator Dental\",\"url\":\"https:\/\/fatordental.com.br\/\",\"logo\":{\"@type\":\"ImageObject\",\"inLanguage\":\"pt-BR\",\"@id\":\"https:\/\/fatordental.com.br\/#\/schema\/logo\/image\/\",\"url\":\"https:\/\/fatordental.com.br\/wp-content\/uploads\/2023\/02\/logo_fator.png\",\"contentUrl\":\"https:\/\/fatordental.com.br\/wp-content\/uploads\/2023\/02\/logo_fator.png\",\"width\":400,\"height\":256,\"caption\":\"Fator Dental\"},\"image\":{\"@id\":\"https:\/\/fatordental.com.br\/#\/schema\/logo\/image\/\"},\"sameAs\":[\"https:\/\/www.instagram.com\/fatordental\/\"]}]}<\/script>\n<!-- \/ Yoast SEO plugin. -->","yoast_head_json":{"title":"Resina Epic - Biodin\u00e2mica - Fator Dental","robots":{"index":"index","follow":"follow","max-snippet":"max-snippet:-1","max-image-preview":"max-image-preview:large","max-video-preview":"max-video-preview:-1"},"canonical":"https:\/\/fatordental.com.br\/index.php\/produto\/resina-epic-biodinamica\/","og_locale":"pt_BR","og_type":"article","og_title":"Resina Epic - Biodin\u00e2mica - Fator Dental","og_description":"Resina Nanoh\u00edbrida. Seringa com 4g. Consultar cores dispon\u00edveis. DETALHES &#8211; Consist\u00eancia: Composta. &#8211; Carga nanoh\u00edbrida. &#8211; Fotopolimeriz\u00e1vel. &#8211; De alta densidade. &#8211; Composi\u00e7\u00e3o: Matriz de mon\u00f4meros metacr\u00edlicos, carga inorg\u00e2nica, iniciadores, [&hellip;]","og_url":"https:\/\/fatordental.com.br\/index.php\/produto\/resina-epic-biodinamica\/","og_site_name":"Fator Dental","article_modified_time":"2023-04-02T21:51:13+00:00","og_image":[{"width":900,"height":900,"url":"https:\/\/fatordental.com.br\/wp-content\/uploads\/2023\/04\/resina-epic-biodinamica-seringa-dc26954.jpg","type":"image\/jpeg"}],"twitter_card":"summary_large_image","twitter_misc":{"Est. tempo de leitura":"3 minutos"},"schema":{"@context":"https:\/\/schema.org","@graph":[{"@type":"WebPage","@id":"https:\/\/fatordental.com.br\/index.php\/produto\/resina-epic-biodinamica\/","url":"https:\/\/fatordental.com.br\/index.php\/produto\/resina-epic-biodinamica\/","name":"Resina Epic - Biodin\u00e2mica - Fator Dental","isPartOf":{"@id":"https:\/\/fatordental.com.br\/#website"},"primaryImageOfPage":{"@id":"https:\/\/fatordental.com.br\/index.php\/produto\/resina-epic-biodinamica\/#primaryimage"},"image":{"@id":"https:\/\/fatordental.com.br\/index.php\/produto\/resina-epic-biodinamica\/#primaryimage"},"thumbnailUrl":"https:\/\/fatordental.com.br\/wp-content\/uploads\/2023\/04\/resina-epic-biodinamica-seringa-dc26954.jpg","datePublished":"2023-04-02T21:41:39+00:00","dateModified":"2023-04-02T21:51:13+00:00","breadcrumb":{"@id":"https:\/\/fatordental.com.br\/index.php\/produto\/resina-epic-biodinamica\/#breadcrumb"},"inLanguage":"pt-BR","potentialAction":[{"@type":"ReadAction","target":["https:\/\/fatordental.com.br\/index.php\/produto\/resina-epic-biodinamica\/"]}]},{"@type":"ImageObject","inLanguage":"pt-BR","@id":"https:\/\/fatordental.com.br\/index.php\/produto\/resina-epic-biodinamica\/#primaryimage","url":"https:\/\/fatordental.com.br\/wp-content\/uploads\/2023\/04\/resina-epic-biodinamica-seringa-dc26954.jpg","contentUrl":"https:\/\/fatordental.com.br\/wp-content\/uploads\/2023\/04\/resina-epic-biodinamica-seringa-dc26954.jpg","width":900,"height":900},{"@type":"BreadcrumbList","@id":"https:\/\/fatordental.com.br\/index.php\/produto\/resina-epic-biodinamica\/#breadcrumb","itemListElement":[{"@type":"ListItem","position":1,"name":"In\u00edcio","item":"https:\/\/fatordental.com.br\/"},{"@type":"ListItem","position":2,"name":"Produtos","item":"https:\/\/fatordental.com.br\/index.php\/produtos\/"},{"@type":"ListItem","position":3,"name":"Resina Epic &#8211; Biodin\u00e2mica"}]},{"@type":"WebSite","@id":"https:\/\/fatordental.com.br\/#website","url":"https:\/\/fatordental.com.br\/","name":"Fator Dental","description":"Produtos Ondontol\u00f3gicos","publisher":{"@id":"https:\/\/fatordental.com.br\/#organization"},"potentialAction":[{"@type":"SearchAction","target":{"@type":"EntryPoint","urlTemplate":"https:\/\/fatordental.com.br\/?s={search_term_string}"},"query-input":{"@type":"PropertyValueSpecification","valueRequired":true,"valueName":"search_term_string"}}],"inLanguage":"pt-BR"},{"@type":"Organization","@id":"https:\/\/fatordental.com.br\/#organization","name":"Fator Dental","url":"https:\/\/fatordental.com.br\/","logo":{"@type":"ImageObject","inLanguage":"pt-BR","@id":"https:\/\/fatordental.com.br\/#\/schema\/logo\/image\/","url":"https:\/\/fatordental.com.br\/wp-content\/uploads\/2023\/02\/logo_fator.png","contentUrl":"https:\/\/fatordental.com.br\/wp-content\/uploads\/2023\/02\/logo_fator.png","width":400,"height":256,"caption":"Fator Dental"},"image":{"@id":"https:\/\/fatordental.com.br\/#\/schema\/logo\/image\/"},"sameAs":["https:\/\/www.instagram.com\/fatordental\/"]}]}},"_links":{"self":[{"href":"https:\/\/fatordental.com.br\/index.php\/wp-json\/wp\/v2\/product\/1222","targetHints":{"allow":["GET"]}}],"collection":[{"href":"https:\/\/fatordental.com.br\/index.php\/wp-json\/wp\/v2\/product"}],"about":[{"href":"https:\/\/fatordental.com.br\/index.php\/wp-json\/wp\/v2\/types\/product"}],"wp:featuredmedia":[{"embeddable":true,"href":"https:\/\/fatordental.com.br\/index.php\/wp-json\/wp\/v2\/media\/1223"}],"wp:attachment":[{"href":"https:\/\/fatordental.com.br\/index.php\/wp-json\/wp\/v2\/media?parent=1222"}],"wp:term":[{"taxonomy":"product_brand","embeddable":true,"href":"https:\/\/fatordental.com.br\/index.php\/wp-json\/wp\/v2\/product_brand?post=1222"},{"taxonomy":"product_cat","embeddable":true,"href":"https:\/\/fatordental.com.br\/index.php\/wp-json\/wp\/v2\/product_cat?post=1222"},{"taxonomy":"product_tag","embeddable":true,"href":"https:\/\/fatordental.com.br\/index.php\/wp-json\/wp\/v2\/product_tag?post=1222"}],"curies":[{"name":"wp","href":"https:\/\/api.w.org\/{rel}","templated":true}]}}