{"id":1220,"date":"2023-04-02T18:28:42","date_gmt":"2023-04-02T21:28:42","guid":{"rendered":"https:\/\/fatordental.com.br\/?post_type=product&#038;p=1220"},"modified":"2023-04-02T18:28:42","modified_gmt":"2023-04-02T21:28:42","slug":"kit-sugador-endodontico-suctor-angelus","status":"publish","type":"product","link":"https:\/\/fatordental.com.br\/index.php\/produto\/kit-sugador-endodontico-suctor-angelus\/","title":{"rendered":"Kit Sugador Endod\u00f4ntico Suctor &#8211; Angelus"},"content":{"rendered":"<p><strong>Embalagem com 10 suctores esterelizados + 10 pontas de aspira\u00e7\u00e3o inicial Endo tips 0.06 + 10 pontas de aspira\u00e7\u00e3o final Endo Tips 0,014.<\/strong><\/p>\n<p>&nbsp;<\/p>\n<ul>\n<li><strong>DETALHES<\/strong><\/li>\n<\/ul>\n<p>&#8211; Autoclav\u00e1vel;<\/p>\n<p>&#8211; Pr\u00e9-angulado;<\/p>\n<p>&#8211; Produzido em copol\u00edmero com rigidez;<\/p>\n<p>&#8211; Material pl\u00e1stico;<\/p>\n<p>&#8211; Design inovador;<\/p>\n<p>&#8211; Duas pontas de aspira\u00e7\u00e3o.<\/p>\n<h3 class=\"vtex-store-components-3-x-productDescription-h3\"><\/h3>\n<h3 class=\"vtex-store-components-3-x-productDescription-h3\">BENEF\u00cdCIOS<\/h3>\n<p>&#8211; Garantia de Biosseguran\u00e7a;<\/p>\n<p>&#8211; Melhor posicionamento na cavidade bucal;<\/p>\n<p>&#8211; Possibilita o afastamento de l\u00e1bios, bochecha e l\u00edngua;<\/p>\n<p>&#8211; N\u00e3o oxida com o uso;<\/p>\n<p>&#8211; F\u00e1cil manipula\u00e7\u00e3o;<\/p>\n<p>&#8211; Permite a troca das pontas durante o procedimento se necess\u00e1rio.<\/p>\n<p>&nbsp;<\/p>\n<ul>\n<li><strong>APLICA\u00c7\u00c3O\u00a0<\/strong><\/li>\n<\/ul>\n<p>Indicado para suc\u00e7\u00e3o de l\u00edquidos de irriga\u00e7\u00e3o endod\u00f4ntica.<\/p>\n","protected":false},"excerpt":{"rendered":"<p>Embalagem com 10 suctores esterelizados + 10 pontas de aspira\u00e7\u00e3o inicial Endo tips 0.06 + 10 pontas de aspira\u00e7\u00e3o final Endo Tips 0,014. &nbsp; DETALHES &#8211; Autoclav\u00e1vel; &#8211; Pr\u00e9-angulado; &#8211; [&hellip;]<\/p>\n","protected":false},"featured_media":1221,"template":"","meta":[],"product_brand":[],"product_cat":[92,35],"product_tag":[],"class_list":{"0":"post-1220","1":"product","2":"type-product","3":"status-publish","4":"has-post-thumbnail","6":"product_cat-descartaveis","7":"product_cat-endodontia","9":"first","10":"instock","11":"shipping-taxable","12":"product-type-simple"},"yoast_head":"<!-- This site is optimized with the Yoast SEO plugin v26.8 - https:\/\/yoast.com\/product\/yoast-seo-wordpress\/ -->\n<title>Kit Sugador Endod\u00f4ntico Suctor - Angelus - Fator Dental<\/title>\n<meta name=\"robots\" content=\"index, follow, max-snippet:-1, max-image-preview:large, max-video-preview:-1\" \/>\n<link rel=\"canonical\" href=\"https:\/\/fatordental.com.br\/index.php\/produto\/kit-sugador-endodontico-suctor-angelus\/\" \/>\n<meta property=\"og:locale\" content=\"pt_BR\" \/>\n<meta property=\"og:type\" content=\"article\" \/>\n<meta property=\"og:title\" content=\"Kit Sugador Endod\u00f4ntico Suctor - Angelus - Fator Dental\" \/>\n<meta property=\"og:description\" content=\"Embalagem com 10 suctores esterelizados + 10 pontas de aspira\u00e7\u00e3o inicial Endo tips 0.06 + 10 pontas de aspira\u00e7\u00e3o final Endo Tips 0,014. &nbsp; DETALHES &#8211; Autoclav\u00e1vel; &#8211; Pr\u00e9-angulado; &#8211; [&hellip;]\" \/>\n<meta property=\"og:url\" content=\"https:\/\/fatordental.com.br\/index.php\/produto\/kit-sugador-endodontico-suctor-angelus\/\" \/>\n<meta property=\"og:site_name\" content=\"Fator Dental\" \/>\n<meta property=\"og:image\" content=\"https:\/\/fatordental.com.br\/wp-content\/uploads\/2023\/04\/sugador-flex-suctor-endodontico-angelus.png\" \/>\n\t<meta property=\"og:image:width\" content=\"800\" \/>\n\t<meta property=\"og:image:height\" content=\"800\" \/>\n\t<meta property=\"og:image:type\" content=\"image\/png\" \/>\n<meta name=\"twitter:card\" content=\"summary_large_image\" \/>\n<meta name=\"twitter:label1\" content=\"Est. tempo de leitura\" \/>\n\t<meta name=\"twitter:data1\" content=\"1 minuto\" \/>\n<script type=\"application\/ld+json\" class=\"yoast-schema-graph\">{\"@context\":\"https:\/\/schema.org\",\"@graph\":[{\"@type\":\"WebPage\",\"@id\":\"https:\/\/fatordental.com.br\/index.php\/produto\/kit-sugador-endodontico-suctor-angelus\/\",\"url\":\"https:\/\/fatordental.com.br\/index.php\/produto\/kit-sugador-endodontico-suctor-angelus\/\",\"name\":\"Kit Sugador Endod\u00f4ntico Suctor - Angelus - Fator Dental\",\"isPartOf\":{\"@id\":\"https:\/\/fatordental.com.br\/#website\"},\"primaryImageOfPage\":{\"@id\":\"https:\/\/fatordental.com.br\/index.php\/produto\/kit-sugador-endodontico-suctor-angelus\/#primaryimage\"},\"image\":{\"@id\":\"https:\/\/fatordental.com.br\/index.php\/produto\/kit-sugador-endodontico-suctor-angelus\/#primaryimage\"},\"thumbnailUrl\":\"https:\/\/fatordental.com.br\/wp-content\/uploads\/2023\/04\/sugador-flex-suctor-endodontico-angelus.png\",\"datePublished\":\"2023-04-02T21:28:42+00:00\",\"breadcrumb\":{\"@id\":\"https:\/\/fatordental.com.br\/index.php\/produto\/kit-sugador-endodontico-suctor-angelus\/#breadcrumb\"},\"inLanguage\":\"pt-BR\",\"potentialAction\":[{\"@type\":\"ReadAction\",\"target\":[\"https:\/\/fatordental.com.br\/index.php\/produto\/kit-sugador-endodontico-suctor-angelus\/\"]}]},{\"@type\":\"ImageObject\",\"inLanguage\":\"pt-BR\",\"@id\":\"https:\/\/fatordental.com.br\/index.php\/produto\/kit-sugador-endodontico-suctor-angelus\/#primaryimage\",\"url\":\"https:\/\/fatordental.com.br\/wp-content\/uploads\/2023\/04\/sugador-flex-suctor-endodontico-angelus.png\",\"contentUrl\":\"https:\/\/fatordental.com.br\/wp-content\/uploads\/2023\/04\/sugador-flex-suctor-endodontico-angelus.png\",\"width\":800,\"height\":800},{\"@type\":\"BreadcrumbList\",\"@id\":\"https:\/\/fatordental.com.br\/index.php\/produto\/kit-sugador-endodontico-suctor-angelus\/#breadcrumb\",\"itemListElement\":[{\"@type\":\"ListItem\",\"position\":1,\"name\":\"In\u00edcio\",\"item\":\"https:\/\/fatordental.com.br\/\"},{\"@type\":\"ListItem\",\"position\":2,\"name\":\"Produtos\",\"item\":\"https:\/\/fatordental.com.br\/index.php\/produtos\/\"},{\"@type\":\"ListItem\",\"position\":3,\"name\":\"Kit Sugador Endod\u00f4ntico Suctor &#8211; Angelus\"}]},{\"@type\":\"WebSite\",\"@id\":\"https:\/\/fatordental.com.br\/#website\",\"url\":\"https:\/\/fatordental.com.br\/\",\"name\":\"Fator Dental\",\"description\":\"Produtos Ondontol\u00f3gicos\",\"publisher\":{\"@id\":\"https:\/\/fatordental.com.br\/#organization\"},\"potentialAction\":[{\"@type\":\"SearchAction\",\"target\":{\"@type\":\"EntryPoint\",\"urlTemplate\":\"https:\/\/fatordental.com.br\/?s={search_term_string}\"},\"query-input\":{\"@type\":\"PropertyValueSpecification\",\"valueRequired\":true,\"valueName\":\"search_term_string\"}}],\"inLanguage\":\"pt-BR\"},{\"@type\":\"Organization\",\"@id\":\"https:\/\/fatordental.com.br\/#organization\",\"name\":\"Fator Dental\",\"url\":\"https:\/\/fatordental.com.br\/\",\"logo\":{\"@type\":\"ImageObject\",\"inLanguage\":\"pt-BR\",\"@id\":\"https:\/\/fatordental.com.br\/#\/schema\/logo\/image\/\",\"url\":\"https:\/\/fatordental.com.br\/wp-content\/uploads\/2023\/02\/logo_fator.png\",\"contentUrl\":\"https:\/\/fatordental.com.br\/wp-content\/uploads\/2023\/02\/logo_fator.png\",\"width\":400,\"height\":256,\"caption\":\"Fator Dental\"},\"image\":{\"@id\":\"https:\/\/fatordental.com.br\/#\/schema\/logo\/image\/\"},\"sameAs\":[\"https:\/\/www.instagram.com\/fatordental\/\"]}]}<\/script>\n<!-- \/ Yoast SEO plugin. -->","yoast_head_json":{"title":"Kit Sugador Endod\u00f4ntico Suctor - Angelus - Fator Dental","robots":{"index":"index","follow":"follow","max-snippet":"max-snippet:-1","max-image-preview":"max-image-preview:large","max-video-preview":"max-video-preview:-1"},"canonical":"https:\/\/fatordental.com.br\/index.php\/produto\/kit-sugador-endodontico-suctor-angelus\/","og_locale":"pt_BR","og_type":"article","og_title":"Kit Sugador Endod\u00f4ntico Suctor - Angelus - Fator Dental","og_description":"Embalagem com 10 suctores esterelizados + 10 pontas de aspira\u00e7\u00e3o inicial Endo tips 0.06 + 10 pontas de aspira\u00e7\u00e3o final Endo Tips 0,014. &nbsp; DETALHES &#8211; Autoclav\u00e1vel; &#8211; Pr\u00e9-angulado; &#8211; [&hellip;]","og_url":"https:\/\/fatordental.com.br\/index.php\/produto\/kit-sugador-endodontico-suctor-angelus\/","og_site_name":"Fator Dental","og_image":[{"width":800,"height":800,"url":"https:\/\/fatordental.com.br\/wp-content\/uploads\/2023\/04\/sugador-flex-suctor-endodontico-angelus.png","type":"image\/png"}],"twitter_card":"summary_large_image","twitter_misc":{"Est. tempo de leitura":"1 minuto"},"schema":{"@context":"https:\/\/schema.org","@graph":[{"@type":"WebPage","@id":"https:\/\/fatordental.com.br\/index.php\/produto\/kit-sugador-endodontico-suctor-angelus\/","url":"https:\/\/fatordental.com.br\/index.php\/produto\/kit-sugador-endodontico-suctor-angelus\/","name":"Kit Sugador Endod\u00f4ntico Suctor - Angelus - Fator Dental","isPartOf":{"@id":"https:\/\/fatordental.com.br\/#website"},"primaryImageOfPage":{"@id":"https:\/\/fatordental.com.br\/index.php\/produto\/kit-sugador-endodontico-suctor-angelus\/#primaryimage"},"image":{"@id":"https:\/\/fatordental.com.br\/index.php\/produto\/kit-sugador-endodontico-suctor-angelus\/#primaryimage"},"thumbnailUrl":"https:\/\/fatordental.com.br\/wp-content\/uploads\/2023\/04\/sugador-flex-suctor-endodontico-angelus.png","datePublished":"2023-04-02T21:28:42+00:00","breadcrumb":{"@id":"https:\/\/fatordental.com.br\/index.php\/produto\/kit-sugador-endodontico-suctor-angelus\/#breadcrumb"},"inLanguage":"pt-BR","potentialAction":[{"@type":"ReadAction","target":["https:\/\/fatordental.com.br\/index.php\/produto\/kit-sugador-endodontico-suctor-angelus\/"]}]},{"@type":"ImageObject","inLanguage":"pt-BR","@id":"https:\/\/fatordental.com.br\/index.php\/produto\/kit-sugador-endodontico-suctor-angelus\/#primaryimage","url":"https:\/\/fatordental.com.br\/wp-content\/uploads\/2023\/04\/sugador-flex-suctor-endodontico-angelus.png","contentUrl":"https:\/\/fatordental.com.br\/wp-content\/uploads\/2023\/04\/sugador-flex-suctor-endodontico-angelus.png","width":800,"height":800},{"@type":"BreadcrumbList","@id":"https:\/\/fatordental.com.br\/index.php\/produto\/kit-sugador-endodontico-suctor-angelus\/#breadcrumb","itemListElement":[{"@type":"ListItem","position":1,"name":"In\u00edcio","item":"https:\/\/fatordental.com.br\/"},{"@type":"ListItem","position":2,"name":"Produtos","item":"https:\/\/fatordental.com.br\/index.php\/produtos\/"},{"@type":"ListItem","position":3,"name":"Kit Sugador Endod\u00f4ntico Suctor &#8211; Angelus"}]},{"@type":"WebSite","@id":"https:\/\/fatordental.com.br\/#website","url":"https:\/\/fatordental.com.br\/","name":"Fator Dental","description":"Produtos Ondontol\u00f3gicos","publisher":{"@id":"https:\/\/fatordental.com.br\/#organization"},"potentialAction":[{"@type":"SearchAction","target":{"@type":"EntryPoint","urlTemplate":"https:\/\/fatordental.com.br\/?s={search_term_string}"},"query-input":{"@type":"PropertyValueSpecification","valueRequired":true,"valueName":"search_term_string"}}],"inLanguage":"pt-BR"},{"@type":"Organization","@id":"https:\/\/fatordental.com.br\/#organization","name":"Fator Dental","url":"https:\/\/fatordental.com.br\/","logo":{"@type":"ImageObject","inLanguage":"pt-BR","@id":"https:\/\/fatordental.com.br\/#\/schema\/logo\/image\/","url":"https:\/\/fatordental.com.br\/wp-content\/uploads\/2023\/02\/logo_fator.png","contentUrl":"https:\/\/fatordental.com.br\/wp-content\/uploads\/2023\/02\/logo_fator.png","width":400,"height":256,"caption":"Fator Dental"},"image":{"@id":"https:\/\/fatordental.com.br\/#\/schema\/logo\/image\/"},"sameAs":["https:\/\/www.instagram.com\/fatordental\/"]}]}},"_links":{"self":[{"href":"https:\/\/fatordental.com.br\/index.php\/wp-json\/wp\/v2\/product\/1220","targetHints":{"allow":["GET"]}}],"collection":[{"href":"https:\/\/fatordental.com.br\/index.php\/wp-json\/wp\/v2\/product"}],"about":[{"href":"https:\/\/fatordental.com.br\/index.php\/wp-json\/wp\/v2\/types\/product"}],"wp:featuredmedia":[{"embeddable":true,"href":"https:\/\/fatordental.com.br\/index.php\/wp-json\/wp\/v2\/media\/1221"}],"wp:attachment":[{"href":"https:\/\/fatordental.com.br\/index.php\/wp-json\/wp\/v2\/media?parent=1220"}],"wp:term":[{"taxonomy":"product_brand","embeddable":true,"href":"https:\/\/fatordental.com.br\/index.php\/wp-json\/wp\/v2\/product_brand?post=1220"},{"taxonomy":"product_cat","embeddable":true,"href":"https:\/\/fatordental.com.br\/index.php\/wp-json\/wp\/v2\/product_cat?post=1220"},{"taxonomy":"product_tag","embeddable":true,"href":"https:\/\/fatordental.com.br\/index.php\/wp-json\/wp\/v2\/product_tag?post=1220"}],"curies":[{"name":"wp","href":"https:\/\/api.w.org\/{rel}","templated":true}]}}