{"id":1212,"date":"2023-04-01T15:10:29","date_gmt":"2023-04-01T18:10:29","guid":{"rendered":"https:\/\/fatordental.com.br\/?post_type=product&#038;p=1212"},"modified":"2023-04-01T15:10:30","modified_gmt":"2023-04-01T18:10:30","slug":"polidor-jiffy-polisher-cup-ultradent","status":"publish","type":"product","link":"https:\/\/fatordental.com.br\/index.php\/produto\/polidor-jiffy-polisher-cup-ultradent\/","title":{"rendered":"Polidor Jiffy Polisher Cup &#8211; Ultradent"},"content":{"rendered":"<p class=\"value\"><strong>Embalagem com 3 unidades. Em formato de 1 Ta\u00e7a Coarse + 1 Ta\u00e7a Medium + 1 Ta\u00e7a Fine.<\/strong><\/p>\n<ul>\n<li><strong>DETALHES<\/strong><\/li>\n<\/ul>\n<p>&#8211; Borrachas abrasivas, impregnadas com s\u00edlica.<br \/>\n&#8211; Dispon\u00edveis em quatro granula\u00e7\u00f5es.<br \/>\n&#8211; Material isento de l\u00e1tex.<br \/>\n&#8211; Autoclav\u00e1veis.<br \/>\n&#8211; Validade Indeterminada.<br \/>\n&#8211; Registro ANVISA: 80279910016.<\/p>\n<p>&nbsp;<\/p>\n<ul>\n<li><strong>APLICA\u00c7\u00c3O\u00a0<\/strong><\/li>\n<\/ul>\n<p>Indicado para contorno, acabamento e polimento de resinas compostas.<\/p>\n","protected":false},"excerpt":{"rendered":"<p>Embalagem com 3 unidades. Em formato de 1 Ta\u00e7a Coarse + 1 Ta\u00e7a Medium + 1 Ta\u00e7a Fine. DETALHES &#8211; Borrachas abrasivas, impregnadas com s\u00edlica. &#8211; Dispon\u00edveis em quatro granula\u00e7\u00f5es. [&hellip;]<\/p>\n","protected":false},"featured_media":1213,"template":"","meta":[],"product_brand":[],"product_cat":[75,51],"product_tag":[],"class_list":{"0":"post-1212","1":"product","2":"type-product","3":"status-publish","4":"has-post-thumbnail","6":"product_cat-acabamento-e-polimento","7":"product_cat-dentistica-e-estetica","9":"first","10":"instock","11":"shipping-taxable","12":"product-type-simple"},"yoast_head":"<!-- This site is optimized with the Yoast SEO plugin v26.8 - https:\/\/yoast.com\/product\/yoast-seo-wordpress\/ -->\n<title>Polidor Jiffy Polisher Cup - Ultradent - Fator Dental<\/title>\n<meta name=\"robots\" content=\"index, follow, max-snippet:-1, max-image-preview:large, max-video-preview:-1\" \/>\n<link rel=\"canonical\" href=\"https:\/\/fatordental.com.br\/index.php\/produto\/polidor-jiffy-polisher-cup-ultradent\/\" \/>\n<meta property=\"og:locale\" content=\"pt_BR\" \/>\n<meta property=\"og:type\" content=\"article\" \/>\n<meta property=\"og:title\" content=\"Polidor Jiffy Polisher Cup - Ultradent - Fator Dental\" \/>\n<meta property=\"og:description\" content=\"Embalagem com 3 unidades. Em formato de 1 Ta\u00e7a Coarse + 1 Ta\u00e7a Medium + 1 Ta\u00e7a Fine. DETALHES &#8211; Borrachas abrasivas, impregnadas com s\u00edlica. &#8211; Dispon\u00edveis em quatro granula\u00e7\u00f5es. [&hellip;]\" \/>\n<meta property=\"og:url\" content=\"https:\/\/fatordental.com.br\/index.php\/produto\/polidor-jiffy-polisher-cup-ultradent\/\" \/>\n<meta property=\"og:site_name\" content=\"Fator Dental\" \/>\n<meta property=\"article:modified_time\" content=\"2023-04-01T18:10:30+00:00\" \/>\n<meta property=\"og:image\" content=\"https:\/\/fatordental.com.br\/wp-content\/uploads\/2023\/04\/109106.jpg\" \/>\n\t<meta property=\"og:image:width\" content=\"900\" \/>\n\t<meta property=\"og:image:height\" content=\"900\" \/>\n\t<meta property=\"og:image:type\" content=\"image\/jpeg\" \/>\n<meta name=\"twitter:card\" content=\"summary_large_image\" \/>\n<meta name=\"twitter:label1\" content=\"Est. tempo de leitura\" \/>\n\t<meta name=\"twitter:data1\" content=\"1 minuto\" \/>\n<script type=\"application\/ld+json\" class=\"yoast-schema-graph\">{\"@context\":\"https:\/\/schema.org\",\"@graph\":[{\"@type\":\"WebPage\",\"@id\":\"https:\/\/fatordental.com.br\/index.php\/produto\/polidor-jiffy-polisher-cup-ultradent\/\",\"url\":\"https:\/\/fatordental.com.br\/index.php\/produto\/polidor-jiffy-polisher-cup-ultradent\/\",\"name\":\"Polidor Jiffy Polisher Cup - Ultradent - Fator Dental\",\"isPartOf\":{\"@id\":\"https:\/\/fatordental.com.br\/#website\"},\"primaryImageOfPage\":{\"@id\":\"https:\/\/fatordental.com.br\/index.php\/produto\/polidor-jiffy-polisher-cup-ultradent\/#primaryimage\"},\"image\":{\"@id\":\"https:\/\/fatordental.com.br\/index.php\/produto\/polidor-jiffy-polisher-cup-ultradent\/#primaryimage\"},\"thumbnailUrl\":\"https:\/\/fatordental.com.br\/wp-content\/uploads\/2023\/04\/109106.jpg\",\"datePublished\":\"2023-04-01T18:10:29+00:00\",\"dateModified\":\"2023-04-01T18:10:30+00:00\",\"breadcrumb\":{\"@id\":\"https:\/\/fatordental.com.br\/index.php\/produto\/polidor-jiffy-polisher-cup-ultradent\/#breadcrumb\"},\"inLanguage\":\"pt-BR\",\"potentialAction\":[{\"@type\":\"ReadAction\",\"target\":[\"https:\/\/fatordental.com.br\/index.php\/produto\/polidor-jiffy-polisher-cup-ultradent\/\"]}]},{\"@type\":\"ImageObject\",\"inLanguage\":\"pt-BR\",\"@id\":\"https:\/\/fatordental.com.br\/index.php\/produto\/polidor-jiffy-polisher-cup-ultradent\/#primaryimage\",\"url\":\"https:\/\/fatordental.com.br\/wp-content\/uploads\/2023\/04\/109106.jpg\",\"contentUrl\":\"https:\/\/fatordental.com.br\/wp-content\/uploads\/2023\/04\/109106.jpg\",\"width\":900,\"height\":900},{\"@type\":\"BreadcrumbList\",\"@id\":\"https:\/\/fatordental.com.br\/index.php\/produto\/polidor-jiffy-polisher-cup-ultradent\/#breadcrumb\",\"itemListElement\":[{\"@type\":\"ListItem\",\"position\":1,\"name\":\"In\u00edcio\",\"item\":\"https:\/\/fatordental.com.br\/\"},{\"@type\":\"ListItem\",\"position\":2,\"name\":\"Produtos\",\"item\":\"https:\/\/fatordental.com.br\/index.php\/produtos\/\"},{\"@type\":\"ListItem\",\"position\":3,\"name\":\"Polidor Jiffy Polisher Cup &#8211; Ultradent\"}]},{\"@type\":\"WebSite\",\"@id\":\"https:\/\/fatordental.com.br\/#website\",\"url\":\"https:\/\/fatordental.com.br\/\",\"name\":\"Fator Dental\",\"description\":\"Produtos Ondontol\u00f3gicos\",\"publisher\":{\"@id\":\"https:\/\/fatordental.com.br\/#organization\"},\"potentialAction\":[{\"@type\":\"SearchAction\",\"target\":{\"@type\":\"EntryPoint\",\"urlTemplate\":\"https:\/\/fatordental.com.br\/?s={search_term_string}\"},\"query-input\":{\"@type\":\"PropertyValueSpecification\",\"valueRequired\":true,\"valueName\":\"search_term_string\"}}],\"inLanguage\":\"pt-BR\"},{\"@type\":\"Organization\",\"@id\":\"https:\/\/fatordental.com.br\/#organization\",\"name\":\"Fator Dental\",\"url\":\"https:\/\/fatordental.com.br\/\",\"logo\":{\"@type\":\"ImageObject\",\"inLanguage\":\"pt-BR\",\"@id\":\"https:\/\/fatordental.com.br\/#\/schema\/logo\/image\/\",\"url\":\"https:\/\/fatordental.com.br\/wp-content\/uploads\/2023\/02\/logo_fator.png\",\"contentUrl\":\"https:\/\/fatordental.com.br\/wp-content\/uploads\/2023\/02\/logo_fator.png\",\"width\":400,\"height\":256,\"caption\":\"Fator Dental\"},\"image\":{\"@id\":\"https:\/\/fatordental.com.br\/#\/schema\/logo\/image\/\"},\"sameAs\":[\"https:\/\/www.instagram.com\/fatordental\/\"]}]}<\/script>\n<!-- \/ Yoast SEO plugin. -->","yoast_head_json":{"title":"Polidor Jiffy Polisher Cup - Ultradent - Fator Dental","robots":{"index":"index","follow":"follow","max-snippet":"max-snippet:-1","max-image-preview":"max-image-preview:large","max-video-preview":"max-video-preview:-1"},"canonical":"https:\/\/fatordental.com.br\/index.php\/produto\/polidor-jiffy-polisher-cup-ultradent\/","og_locale":"pt_BR","og_type":"article","og_title":"Polidor Jiffy Polisher Cup - Ultradent - Fator Dental","og_description":"Embalagem com 3 unidades. Em formato de 1 Ta\u00e7a Coarse + 1 Ta\u00e7a Medium + 1 Ta\u00e7a Fine. DETALHES &#8211; Borrachas abrasivas, impregnadas com s\u00edlica. &#8211; Dispon\u00edveis em quatro granula\u00e7\u00f5es. [&hellip;]","og_url":"https:\/\/fatordental.com.br\/index.php\/produto\/polidor-jiffy-polisher-cup-ultradent\/","og_site_name":"Fator Dental","article_modified_time":"2023-04-01T18:10:30+00:00","og_image":[{"width":900,"height":900,"url":"https:\/\/fatordental.com.br\/wp-content\/uploads\/2023\/04\/109106.jpg","type":"image\/jpeg"}],"twitter_card":"summary_large_image","twitter_misc":{"Est. tempo de leitura":"1 minuto"},"schema":{"@context":"https:\/\/schema.org","@graph":[{"@type":"WebPage","@id":"https:\/\/fatordental.com.br\/index.php\/produto\/polidor-jiffy-polisher-cup-ultradent\/","url":"https:\/\/fatordental.com.br\/index.php\/produto\/polidor-jiffy-polisher-cup-ultradent\/","name":"Polidor Jiffy Polisher Cup - Ultradent - Fator Dental","isPartOf":{"@id":"https:\/\/fatordental.com.br\/#website"},"primaryImageOfPage":{"@id":"https:\/\/fatordental.com.br\/index.php\/produto\/polidor-jiffy-polisher-cup-ultradent\/#primaryimage"},"image":{"@id":"https:\/\/fatordental.com.br\/index.php\/produto\/polidor-jiffy-polisher-cup-ultradent\/#primaryimage"},"thumbnailUrl":"https:\/\/fatordental.com.br\/wp-content\/uploads\/2023\/04\/109106.jpg","datePublished":"2023-04-01T18:10:29+00:00","dateModified":"2023-04-01T18:10:30+00:00","breadcrumb":{"@id":"https:\/\/fatordental.com.br\/index.php\/produto\/polidor-jiffy-polisher-cup-ultradent\/#breadcrumb"},"inLanguage":"pt-BR","potentialAction":[{"@type":"ReadAction","target":["https:\/\/fatordental.com.br\/index.php\/produto\/polidor-jiffy-polisher-cup-ultradent\/"]}]},{"@type":"ImageObject","inLanguage":"pt-BR","@id":"https:\/\/fatordental.com.br\/index.php\/produto\/polidor-jiffy-polisher-cup-ultradent\/#primaryimage","url":"https:\/\/fatordental.com.br\/wp-content\/uploads\/2023\/04\/109106.jpg","contentUrl":"https:\/\/fatordental.com.br\/wp-content\/uploads\/2023\/04\/109106.jpg","width":900,"height":900},{"@type":"BreadcrumbList","@id":"https:\/\/fatordental.com.br\/index.php\/produto\/polidor-jiffy-polisher-cup-ultradent\/#breadcrumb","itemListElement":[{"@type":"ListItem","position":1,"name":"In\u00edcio","item":"https:\/\/fatordental.com.br\/"},{"@type":"ListItem","position":2,"name":"Produtos","item":"https:\/\/fatordental.com.br\/index.php\/produtos\/"},{"@type":"ListItem","position":3,"name":"Polidor Jiffy Polisher Cup &#8211; Ultradent"}]},{"@type":"WebSite","@id":"https:\/\/fatordental.com.br\/#website","url":"https:\/\/fatordental.com.br\/","name":"Fator Dental","description":"Produtos Ondontol\u00f3gicos","publisher":{"@id":"https:\/\/fatordental.com.br\/#organization"},"potentialAction":[{"@type":"SearchAction","target":{"@type":"EntryPoint","urlTemplate":"https:\/\/fatordental.com.br\/?s={search_term_string}"},"query-input":{"@type":"PropertyValueSpecification","valueRequired":true,"valueName":"search_term_string"}}],"inLanguage":"pt-BR"},{"@type":"Organization","@id":"https:\/\/fatordental.com.br\/#organization","name":"Fator Dental","url":"https:\/\/fatordental.com.br\/","logo":{"@type":"ImageObject","inLanguage":"pt-BR","@id":"https:\/\/fatordental.com.br\/#\/schema\/logo\/image\/","url":"https:\/\/fatordental.com.br\/wp-content\/uploads\/2023\/02\/logo_fator.png","contentUrl":"https:\/\/fatordental.com.br\/wp-content\/uploads\/2023\/02\/logo_fator.png","width":400,"height":256,"caption":"Fator Dental"},"image":{"@id":"https:\/\/fatordental.com.br\/#\/schema\/logo\/image\/"},"sameAs":["https:\/\/www.instagram.com\/fatordental\/"]}]}},"_links":{"self":[{"href":"https:\/\/fatordental.com.br\/index.php\/wp-json\/wp\/v2\/product\/1212","targetHints":{"allow":["GET"]}}],"collection":[{"href":"https:\/\/fatordental.com.br\/index.php\/wp-json\/wp\/v2\/product"}],"about":[{"href":"https:\/\/fatordental.com.br\/index.php\/wp-json\/wp\/v2\/types\/product"}],"wp:featuredmedia":[{"embeddable":true,"href":"https:\/\/fatordental.com.br\/index.php\/wp-json\/wp\/v2\/media\/1213"}],"wp:attachment":[{"href":"https:\/\/fatordental.com.br\/index.php\/wp-json\/wp\/v2\/media?parent=1212"}],"wp:term":[{"taxonomy":"product_brand","embeddable":true,"href":"https:\/\/fatordental.com.br\/index.php\/wp-json\/wp\/v2\/product_brand?post=1212"},{"taxonomy":"product_cat","embeddable":true,"href":"https:\/\/fatordental.com.br\/index.php\/wp-json\/wp\/v2\/product_cat?post=1212"},{"taxonomy":"product_tag","embeddable":true,"href":"https:\/\/fatordental.com.br\/index.php\/wp-json\/wp\/v2\/product_tag?post=1212"}],"curies":[{"name":"wp","href":"https:\/\/api.w.org\/{rel}","templated":true}]}}