{"id":1167,"date":"2023-03-25T18:02:56","date_gmt":"2023-03-25T21:02:56","guid":{"rendered":"https:\/\/fatordental.com.br\/?post_type=product&#038;p=1167"},"modified":"2023-03-25T18:02:56","modified_gmt":"2023-03-25T21:02:56","slug":"bioplic-2x2g-biodinamica","status":"publish","type":"product","link":"https:\/\/fatordental.com.br\/index.php\/produto\/bioplic-2x2g-biodinamica\/","title":{"rendered":"Bioplic 2x2g &#8211; Biodin\u00e2mica"},"content":{"rendered":"<p class=\"value\"><strong>Kit com 2 seringas de Bioplic com 2g.<\/strong><\/p>\n<p>&nbsp;<\/p>\n<ul>\n<li><strong>DETALHES<\/strong><\/li>\n<\/ul>\n<p><span data-contrast=\"auto\">&#8211; Fotopolimeriz\u00e1vel.<\/span><br \/>\n<span data-contrast=\"auto\">&#8211; Est\u00e9tico.<\/span><br \/>\n<span data-contrast=\"auto\">&#8211; Apresenta compatibilidade com materiais resinosos, pois n\u00e3o cont\u00e9m Eugenol.<\/span><br \/>\n<span data-contrast=\"auto\">&#8211; Adquire consist\u00eancia borrach\u00f3ide ap\u00f3s fotopolimeriza\u00e7\u00e3o.<\/span><br \/>\n<span data-contrast=\"auto\">&#8211; Conta com eficiente capacidade seladora.<\/span><br \/>\n<span data-contrast=\"auto\">&#8211; Promove a\u00e7\u00e3o profil\u00e1tica contra a c\u00e1rie por contar com fl\u00faor em sua composi\u00e7\u00e3o.<\/span><br \/>\n<span data-contrast=\"auto\">&#8211; Pode ser utilizado como restaurador provis\u00f3rio no paciente por at\u00e9 30 dias.<\/span><br \/>\n<span data-contrast=\"auto\">&#8211; De f\u00e1cil remo\u00e7\u00e3o, n\u00e3o necessita do uso de brocas para sua remo\u00e7\u00e3o.<\/span><br \/>\n<span data-contrast=\"auto\">&#8211; Excelente selamento marginal.<\/span><br \/>\n<span data-contrast=\"auto\">&#8211; Composi\u00e7\u00e3o: grupos metacrilatos, carga org\u00e2nica, di\u00f3xido de sil\u00edcio, catalisadores e estabilizador.<\/span><br \/>\n<span data-contrast=\"auto\">&#8211; Rendimento aproximado: 50 aplica\u00e7\u00f5es.<\/span><br \/>\n<span data-contrast=\"auto\">&#8211; Validade: 3 anos a partir da data de fabrica\u00e7\u00e3o.<\/span><br \/>\n<span data-contrast=\"auto\">&#8211; Registro ANVISA: 10298550053.<\/span><span data-ccp-props=\"{&quot;134233117&quot;:true,&quot;134233118&quot;:true,&quot;201341983&quot;:0,&quot;335559740&quot;:240,&quot;469777462&quot;:[3544],&quot;469777927&quot;:[0],&quot;469777928&quot;:[1]}\">\u00a0<\/span><\/p>\n<p>&nbsp;<\/p>\n<ul>\n<li><strong>APLICA\u00c7\u00c3O\u00a0<\/strong><\/li>\n<\/ul>\n<p><span data-contrast=\"auto\">O\u00a0<\/span><strong><span data-contrast=\"auto\">Bioplic\u00a0<\/span><\/strong><span data-contrast=\"auto\">\u00e9 um material restaurador tempor\u00e1rio fotopolimeriz\u00e1vel da\u00a0<\/span><a href=\"https:\/\/www.dentalcremer.com.br\/super-loja\/biodinamica.html\" target=\"_blank\" rel=\"noopener\"><strong>Biodin\u00e2mica<\/strong><\/a><span data-contrast=\"auto\">\u00a0que apresenta versatilidade de uso. Seu uso \u00e9 indicado como restaurador tempor\u00e1rio em\u00a0<\/span><a href=\"https:\/\/www.dentalcremer.com.br\/endodontia.html\" target=\"_blank\" rel=\"noopener\"><strong><span data-contrast=\"none\">Endodontia<\/span><\/strong><\/a><span data-contrast=\"auto\">, Pr\u00f3tese e\u00a0<\/span><a href=\"https:\/\/www.dentalcremer.com.br\/dentistica-e-estetica.html\" target=\"_blank\" rel=\"noopener\"><strong><span data-contrast=\"none\">Dent\u00edstica<\/span><\/strong><\/a><span data-contrast=\"auto\">, para vedar temporariamente as cavidades; Em vedamento tempor\u00e1rio de parafusos sobre implante; Confec\u00e7\u00e3o de matriz para escultura oclusal dos dentes posteriores restaurados com resinas compostas.<\/span><span data-ccp-props=\"{&quot;134233117&quot;:true,&quot;134233118&quot;:true,&quot;201341983&quot;:0,&quot;335559740&quot;:240}\">\u00a0<\/span><\/p>\n","protected":false},"excerpt":{"rendered":"<p>Kit com 2 seringas de Bioplic com 2g. &nbsp; DETALHES &#8211; Fotopolimeriz\u00e1vel. &#8211; Est\u00e9tico. &#8211; Apresenta compatibilidade com materiais resinosos, pois n\u00e3o cont\u00e9m Eugenol. &#8211; Adquire consist\u00eancia borrach\u00f3ide ap\u00f3s fotopolimeriza\u00e7\u00e3o. [&hellip;]<\/p>\n","protected":false},"featured_media":1168,"template":"","meta":[],"product_brand":[],"product_cat":[15,40,44],"product_tag":[],"class_list":{"0":"post-1167","1":"product","2":"type-product","3":"status-publish","4":"has-post-thumbnail","6":"product_cat-sem-categoria","7":"product_cat-cimentos","8":"product_cat-restaurador-provisorio","10":"first","11":"instock","12":"shipping-taxable","13":"product-type-simple"},"yoast_head":"<!-- This site is optimized with the Yoast SEO plugin v26.8 - https:\/\/yoast.com\/product\/yoast-seo-wordpress\/ -->\n<title>Bioplic 2x2g - Biodin\u00e2mica - Fator Dental<\/title>\n<meta name=\"robots\" content=\"index, follow, max-snippet:-1, max-image-preview:large, max-video-preview:-1\" \/>\n<link rel=\"canonical\" href=\"https:\/\/fatordental.com.br\/index.php\/produto\/bioplic-2x2g-biodinamica\/\" \/>\n<meta property=\"og:locale\" content=\"pt_BR\" \/>\n<meta property=\"og:type\" content=\"article\" \/>\n<meta property=\"og:title\" content=\"Bioplic 2x2g - Biodin\u00e2mica - Fator Dental\" \/>\n<meta property=\"og:description\" content=\"Kit com 2 seringas de Bioplic com 2g. &nbsp; DETALHES &#8211; Fotopolimeriz\u00e1vel. &#8211; Est\u00e9tico. &#8211; Apresenta compatibilidade com materiais resinosos, pois n\u00e3o cont\u00e9m Eugenol. &#8211; Adquire consist\u00eancia borrach\u00f3ide ap\u00f3s fotopolimeriza\u00e7\u00e3o. [&hellip;]\" \/>\n<meta property=\"og:url\" content=\"https:\/\/fatordental.com.br\/index.php\/produto\/bioplic-2x2g-biodinamica\/\" \/>\n<meta property=\"og:site_name\" content=\"Fator Dental\" \/>\n<meta property=\"og:image\" content=\"https:\/\/fatordental.com.br\/wp-content\/uploads\/2023\/03\/bioplic-biodinamica-1650458009664-0.png\" \/>\n\t<meta property=\"og:image:width\" content=\"800\" \/>\n\t<meta property=\"og:image:height\" content=\"800\" \/>\n\t<meta property=\"og:image:type\" content=\"image\/png\" \/>\n<meta name=\"twitter:card\" content=\"summary_large_image\" \/>\n<meta name=\"twitter:label1\" content=\"Est. tempo de leitura\" \/>\n\t<meta name=\"twitter:data1\" content=\"1 minuto\" \/>\n<script type=\"application\/ld+json\" class=\"yoast-schema-graph\">{\"@context\":\"https:\/\/schema.org\",\"@graph\":[{\"@type\":\"WebPage\",\"@id\":\"https:\/\/fatordental.com.br\/index.php\/produto\/bioplic-2x2g-biodinamica\/\",\"url\":\"https:\/\/fatordental.com.br\/index.php\/produto\/bioplic-2x2g-biodinamica\/\",\"name\":\"Bioplic 2x2g - Biodin\u00e2mica - Fator Dental\",\"isPartOf\":{\"@id\":\"https:\/\/fatordental.com.br\/#website\"},\"primaryImageOfPage\":{\"@id\":\"https:\/\/fatordental.com.br\/index.php\/produto\/bioplic-2x2g-biodinamica\/#primaryimage\"},\"image\":{\"@id\":\"https:\/\/fatordental.com.br\/index.php\/produto\/bioplic-2x2g-biodinamica\/#primaryimage\"},\"thumbnailUrl\":\"https:\/\/fatordental.com.br\/wp-content\/uploads\/2023\/03\/bioplic-biodinamica-1650458009664-0.png\",\"datePublished\":\"2023-03-25T21:02:56+00:00\",\"breadcrumb\":{\"@id\":\"https:\/\/fatordental.com.br\/index.php\/produto\/bioplic-2x2g-biodinamica\/#breadcrumb\"},\"inLanguage\":\"pt-BR\",\"potentialAction\":[{\"@type\":\"ReadAction\",\"target\":[\"https:\/\/fatordental.com.br\/index.php\/produto\/bioplic-2x2g-biodinamica\/\"]}]},{\"@type\":\"ImageObject\",\"inLanguage\":\"pt-BR\",\"@id\":\"https:\/\/fatordental.com.br\/index.php\/produto\/bioplic-2x2g-biodinamica\/#primaryimage\",\"url\":\"https:\/\/fatordental.com.br\/wp-content\/uploads\/2023\/03\/bioplic-biodinamica-1650458009664-0.png\",\"contentUrl\":\"https:\/\/fatordental.com.br\/wp-content\/uploads\/2023\/03\/bioplic-biodinamica-1650458009664-0.png\",\"width\":800,\"height\":800},{\"@type\":\"BreadcrumbList\",\"@id\":\"https:\/\/fatordental.com.br\/index.php\/produto\/bioplic-2x2g-biodinamica\/#breadcrumb\",\"itemListElement\":[{\"@type\":\"ListItem\",\"position\":1,\"name\":\"In\u00edcio\",\"item\":\"https:\/\/fatordental.com.br\/\"},{\"@type\":\"ListItem\",\"position\":2,\"name\":\"Produtos\",\"item\":\"https:\/\/fatordental.com.br\/index.php\/produtos\/\"},{\"@type\":\"ListItem\",\"position\":3,\"name\":\"Bioplic 2x2g &#8211; Biodin\u00e2mica\"}]},{\"@type\":\"WebSite\",\"@id\":\"https:\/\/fatordental.com.br\/#website\",\"url\":\"https:\/\/fatordental.com.br\/\",\"name\":\"Fator Dental\",\"description\":\"Produtos Ondontol\u00f3gicos\",\"publisher\":{\"@id\":\"https:\/\/fatordental.com.br\/#organization\"},\"potentialAction\":[{\"@type\":\"SearchAction\",\"target\":{\"@type\":\"EntryPoint\",\"urlTemplate\":\"https:\/\/fatordental.com.br\/?s={search_term_string}\"},\"query-input\":{\"@type\":\"PropertyValueSpecification\",\"valueRequired\":true,\"valueName\":\"search_term_string\"}}],\"inLanguage\":\"pt-BR\"},{\"@type\":\"Organization\",\"@id\":\"https:\/\/fatordental.com.br\/#organization\",\"name\":\"Fator Dental\",\"url\":\"https:\/\/fatordental.com.br\/\",\"logo\":{\"@type\":\"ImageObject\",\"inLanguage\":\"pt-BR\",\"@id\":\"https:\/\/fatordental.com.br\/#\/schema\/logo\/image\/\",\"url\":\"https:\/\/fatordental.com.br\/wp-content\/uploads\/2023\/02\/logo_fator.png\",\"contentUrl\":\"https:\/\/fatordental.com.br\/wp-content\/uploads\/2023\/02\/logo_fator.png\",\"width\":400,\"height\":256,\"caption\":\"Fator Dental\"},\"image\":{\"@id\":\"https:\/\/fatordental.com.br\/#\/schema\/logo\/image\/\"},\"sameAs\":[\"https:\/\/www.instagram.com\/fatordental\/\"]}]}<\/script>\n<!-- \/ Yoast SEO plugin. -->","yoast_head_json":{"title":"Bioplic 2x2g - Biodin\u00e2mica - Fator Dental","robots":{"index":"index","follow":"follow","max-snippet":"max-snippet:-1","max-image-preview":"max-image-preview:large","max-video-preview":"max-video-preview:-1"},"canonical":"https:\/\/fatordental.com.br\/index.php\/produto\/bioplic-2x2g-biodinamica\/","og_locale":"pt_BR","og_type":"article","og_title":"Bioplic 2x2g - Biodin\u00e2mica - Fator Dental","og_description":"Kit com 2 seringas de Bioplic com 2g. &nbsp; DETALHES &#8211; Fotopolimeriz\u00e1vel. &#8211; Est\u00e9tico. &#8211; Apresenta compatibilidade com materiais resinosos, pois n\u00e3o cont\u00e9m Eugenol. &#8211; Adquire consist\u00eancia borrach\u00f3ide ap\u00f3s fotopolimeriza\u00e7\u00e3o. [&hellip;]","og_url":"https:\/\/fatordental.com.br\/index.php\/produto\/bioplic-2x2g-biodinamica\/","og_site_name":"Fator Dental","og_image":[{"width":800,"height":800,"url":"https:\/\/fatordental.com.br\/wp-content\/uploads\/2023\/03\/bioplic-biodinamica-1650458009664-0.png","type":"image\/png"}],"twitter_card":"summary_large_image","twitter_misc":{"Est. tempo de leitura":"1 minuto"},"schema":{"@context":"https:\/\/schema.org","@graph":[{"@type":"WebPage","@id":"https:\/\/fatordental.com.br\/index.php\/produto\/bioplic-2x2g-biodinamica\/","url":"https:\/\/fatordental.com.br\/index.php\/produto\/bioplic-2x2g-biodinamica\/","name":"Bioplic 2x2g - Biodin\u00e2mica - Fator Dental","isPartOf":{"@id":"https:\/\/fatordental.com.br\/#website"},"primaryImageOfPage":{"@id":"https:\/\/fatordental.com.br\/index.php\/produto\/bioplic-2x2g-biodinamica\/#primaryimage"},"image":{"@id":"https:\/\/fatordental.com.br\/index.php\/produto\/bioplic-2x2g-biodinamica\/#primaryimage"},"thumbnailUrl":"https:\/\/fatordental.com.br\/wp-content\/uploads\/2023\/03\/bioplic-biodinamica-1650458009664-0.png","datePublished":"2023-03-25T21:02:56+00:00","breadcrumb":{"@id":"https:\/\/fatordental.com.br\/index.php\/produto\/bioplic-2x2g-biodinamica\/#breadcrumb"},"inLanguage":"pt-BR","potentialAction":[{"@type":"ReadAction","target":["https:\/\/fatordental.com.br\/index.php\/produto\/bioplic-2x2g-biodinamica\/"]}]},{"@type":"ImageObject","inLanguage":"pt-BR","@id":"https:\/\/fatordental.com.br\/index.php\/produto\/bioplic-2x2g-biodinamica\/#primaryimage","url":"https:\/\/fatordental.com.br\/wp-content\/uploads\/2023\/03\/bioplic-biodinamica-1650458009664-0.png","contentUrl":"https:\/\/fatordental.com.br\/wp-content\/uploads\/2023\/03\/bioplic-biodinamica-1650458009664-0.png","width":800,"height":800},{"@type":"BreadcrumbList","@id":"https:\/\/fatordental.com.br\/index.php\/produto\/bioplic-2x2g-biodinamica\/#breadcrumb","itemListElement":[{"@type":"ListItem","position":1,"name":"In\u00edcio","item":"https:\/\/fatordental.com.br\/"},{"@type":"ListItem","position":2,"name":"Produtos","item":"https:\/\/fatordental.com.br\/index.php\/produtos\/"},{"@type":"ListItem","position":3,"name":"Bioplic 2x2g &#8211; Biodin\u00e2mica"}]},{"@type":"WebSite","@id":"https:\/\/fatordental.com.br\/#website","url":"https:\/\/fatordental.com.br\/","name":"Fator Dental","description":"Produtos Ondontol\u00f3gicos","publisher":{"@id":"https:\/\/fatordental.com.br\/#organization"},"potentialAction":[{"@type":"SearchAction","target":{"@type":"EntryPoint","urlTemplate":"https:\/\/fatordental.com.br\/?s={search_term_string}"},"query-input":{"@type":"PropertyValueSpecification","valueRequired":true,"valueName":"search_term_string"}}],"inLanguage":"pt-BR"},{"@type":"Organization","@id":"https:\/\/fatordental.com.br\/#organization","name":"Fator Dental","url":"https:\/\/fatordental.com.br\/","logo":{"@type":"ImageObject","inLanguage":"pt-BR","@id":"https:\/\/fatordental.com.br\/#\/schema\/logo\/image\/","url":"https:\/\/fatordental.com.br\/wp-content\/uploads\/2023\/02\/logo_fator.png","contentUrl":"https:\/\/fatordental.com.br\/wp-content\/uploads\/2023\/02\/logo_fator.png","width":400,"height":256,"caption":"Fator Dental"},"image":{"@id":"https:\/\/fatordental.com.br\/#\/schema\/logo\/image\/"},"sameAs":["https:\/\/www.instagram.com\/fatordental\/"]}]}},"_links":{"self":[{"href":"https:\/\/fatordental.com.br\/index.php\/wp-json\/wp\/v2\/product\/1167","targetHints":{"allow":["GET"]}}],"collection":[{"href":"https:\/\/fatordental.com.br\/index.php\/wp-json\/wp\/v2\/product"}],"about":[{"href":"https:\/\/fatordental.com.br\/index.php\/wp-json\/wp\/v2\/types\/product"}],"wp:featuredmedia":[{"embeddable":true,"href":"https:\/\/fatordental.com.br\/index.php\/wp-json\/wp\/v2\/media\/1168"}],"wp:attachment":[{"href":"https:\/\/fatordental.com.br\/index.php\/wp-json\/wp\/v2\/media?parent=1167"}],"wp:term":[{"taxonomy":"product_brand","embeddable":true,"href":"https:\/\/fatordental.com.br\/index.php\/wp-json\/wp\/v2\/product_brand?post=1167"},{"taxonomy":"product_cat","embeddable":true,"href":"https:\/\/fatordental.com.br\/index.php\/wp-json\/wp\/v2\/product_cat?post=1167"},{"taxonomy":"product_tag","embeddable":true,"href":"https:\/\/fatordental.com.br\/index.php\/wp-json\/wp\/v2\/product_tag?post=1167"}],"curies":[{"name":"wp","href":"https:\/\/api.w.org\/{rel}","templated":true}]}}