{"id":1165,"date":"2023-03-25T17:52:54","date_gmt":"2023-03-25T20:52:54","guid":{"rendered":"https:\/\/fatordental.com.br\/?post_type=product&#038;p=1165"},"modified":"2023-03-25T17:52:55","modified_gmt":"2023-03-25T20:52:55","slug":"pasta-de-polimento-diamond-excel-fgm","status":"publish","type":"product","link":"https:\/\/fatordental.com.br\/index.php\/produto\/pasta-de-polimento-diamond-excel-fgm\/","title":{"rendered":"Pasta de Polimento Diamond Excel &#8211; FGM"},"content":{"rendered":"<p class=\"value\"><strong>Embalagem com 1 seringa com 2g + ponteira.<\/strong><\/p>\n<p>&nbsp;<\/p>\n<ul>\n<li><strong>DETALHES<\/strong><\/li>\n<\/ul>\n<p>&#8211; Composi\u00e7\u00e3o com ingredientes especialmente selecionados para auxiliar na lubrifica\u00e7\u00e3o durante o polimento (o que minimiza a gera\u00e7\u00e3o de calor durante o procedimento).<br \/>\n&#8211; Efeito tixotr\u00f3pico: N\u00e3o escorre do local aplicado.<br \/>\n&#8211; Sol\u00favel em \u00e1gua: F\u00e1cil remo\u00e7\u00e3o ao final do tratamento.<br \/>\n&#8211; Registro ANVISA: 80172310017.<\/p>\n<p>&nbsp;<\/p>\n<ul>\n<li><strong>APLICA\u00c7\u00c3O\u00a0<\/strong><\/li>\n<\/ul>\n<p>Refer\u00eancia em versatilidade, a\u00a0<strong>Diamond Excel\u00a0<\/strong>fabricada pela\u00a0<strong>FGM\u00a0<\/strong>\u00e9 uma pasta de polimento \u00e0 base de diamante micronizado com granula\u00e7\u00e3o extrafina (2 a 4 m\u00edcrons). Universal, pode ser utilizada em todos os materiais restauradores, como\u00a0<a href=\"https:\/\/estudantes.dentalcremer.com.br\/dentistica-e-estetica\/resina-composta.html\" target=\"_blank\" rel=\"noopener\">resinas<\/a>\u00a0e porcelanas e em esmalte dental para obter polimento e brilho surpreendentes ao final dos procedimentos realizados em consult\u00f3rios odontol\u00f3gicos e laborat\u00f3rios prot\u00e9ticos.<\/p>\n<h2><strong>Modo de Usar Pasta de Polimento Diamond Excel<\/strong><\/h2>\n<p>1. Prepare a regi\u00e3o a ser polida deixando-a lisa e no formato final desejado. Se necess\u00e1rio, utilize\u00a0<a href=\"https:\/\/estudantes.dentalcremer.com.br\/disco-de-lixa-diamond-pro-fgm-dc10525.html\" target=\"_blank\" rel=\"noopener\">Discos de Lixa Diamond Pro<\/a>\u00a0ou a\u00a0<a href=\"https:\/\/estudantes.dentalcremer.com.br\/pasta-de-polimento-diamond-ac-i-e-ac-ii-fgm-213683.html\" target=\"_blank\" rel=\"noopener\">Pasta de Granula\u00e7\u00e3o Diamond ACI e ACII<\/a>\u00a0para acabamento pr\u00e9vio do polimento. Esta etapa \u00e9 de fundamental import\u00e2ncia, pois a obten\u00e7\u00e3o de brilho tem forte depend\u00eancia da condi\u00e7\u00e3o ideal da superf\u00edcie.<\/p>\n<p>2. Deposite uma pequena quantidade de pasta sobre um\u00a0<a href=\"https:\/\/estudantes.dentalcremer.com.br\/disco-de-feltro-diamond-fgm-432206.html\" target=\"_blank\" rel=\"noopener\">Disco de Feltro Diamond<\/a>\u00a0ou\u00a0<a href=\"https:\/\/estudantes.dentalcremer.com.br\/disco-de-feltro-diamond-flex-fgm-dc10519.html\" target=\"_blank\" rel=\"noopener\">Diamond Flex<\/a>\u00a0ou diretamente sobre o dente ou material restaurador e proceda o polimento. Repita o procedimento, se necess\u00e1rio, at\u00e9 obter o efeito desejado.<\/p>\n","protected":false},"excerpt":{"rendered":"<p>Embalagem com 1 seringa com 2g + ponteira. &nbsp; DETALHES &#8211; Composi\u00e7\u00e3o com ingredientes especialmente selecionados para auxiliar na lubrifica\u00e7\u00e3o durante o polimento (o que minimiza a gera\u00e7\u00e3o de calor [&hellip;]<\/p>\n","protected":false},"featured_media":1166,"template":"","meta":[],"product_brand":[],"product_cat":[37,51],"product_tag":[],"class_list":{"0":"post-1165","1":"product","2":"type-product","3":"status-publish","4":"has-post-thumbnail","6":"product_cat-condicionador-acido","7":"product_cat-dentistica-e-estetica","9":"first","10":"instock","11":"shipping-taxable","12":"product-type-simple"},"yoast_head":"<!-- This site is optimized with the Yoast SEO plugin v26.8 - https:\/\/yoast.com\/product\/yoast-seo-wordpress\/ -->\n<title>Pasta de Polimento Diamond Excel - FGM - Fator Dental<\/title>\n<meta name=\"robots\" content=\"index, follow, max-snippet:-1, max-image-preview:large, max-video-preview:-1\" \/>\n<link rel=\"canonical\" href=\"https:\/\/fatordental.com.br\/index.php\/produto\/pasta-de-polimento-diamond-excel-fgm\/\" \/>\n<meta property=\"og:locale\" content=\"pt_BR\" \/>\n<meta property=\"og:type\" content=\"article\" \/>\n<meta property=\"og:title\" content=\"Pasta de Polimento Diamond Excel - FGM - Fator Dental\" \/>\n<meta property=\"og:description\" content=\"Embalagem com 1 seringa com 2g + ponteira. &nbsp; DETALHES &#8211; Composi\u00e7\u00e3o com ingredientes especialmente selecionados para auxiliar na lubrifica\u00e7\u00e3o durante o polimento (o que minimiza a gera\u00e7\u00e3o de calor [&hellip;]\" \/>\n<meta property=\"og:url\" content=\"https:\/\/fatordental.com.br\/index.php\/produto\/pasta-de-polimento-diamond-excel-fgm\/\" \/>\n<meta property=\"og:site_name\" content=\"Fator Dental\" \/>\n<meta property=\"article:modified_time\" content=\"2023-03-25T20:52:55+00:00\" \/>\n<meta property=\"og:image\" content=\"https:\/\/fatordental.com.br\/wp-content\/uploads\/2023\/03\/embalagem-pasta-polimento-universal-diamond-excel-fgm-213652.jpg\" \/>\n\t<meta property=\"og:image:width\" content=\"900\" \/>\n\t<meta property=\"og:image:height\" content=\"900\" \/>\n\t<meta property=\"og:image:type\" content=\"image\/jpeg\" \/>\n<meta name=\"twitter:card\" content=\"summary_large_image\" \/>\n<meta name=\"twitter:label1\" content=\"Est. tempo de leitura\" \/>\n\t<meta name=\"twitter:data1\" content=\"2 minutos\" \/>\n<script type=\"application\/ld+json\" class=\"yoast-schema-graph\">{\"@context\":\"https:\/\/schema.org\",\"@graph\":[{\"@type\":\"WebPage\",\"@id\":\"https:\/\/fatordental.com.br\/index.php\/produto\/pasta-de-polimento-diamond-excel-fgm\/\",\"url\":\"https:\/\/fatordental.com.br\/index.php\/produto\/pasta-de-polimento-diamond-excel-fgm\/\",\"name\":\"Pasta de Polimento Diamond Excel - FGM - Fator Dental\",\"isPartOf\":{\"@id\":\"https:\/\/fatordental.com.br\/#website\"},\"primaryImageOfPage\":{\"@id\":\"https:\/\/fatordental.com.br\/index.php\/produto\/pasta-de-polimento-diamond-excel-fgm\/#primaryimage\"},\"image\":{\"@id\":\"https:\/\/fatordental.com.br\/index.php\/produto\/pasta-de-polimento-diamond-excel-fgm\/#primaryimage\"},\"thumbnailUrl\":\"https:\/\/fatordental.com.br\/wp-content\/uploads\/2023\/03\/embalagem-pasta-polimento-universal-diamond-excel-fgm-213652.jpg\",\"datePublished\":\"2023-03-25T20:52:54+00:00\",\"dateModified\":\"2023-03-25T20:52:55+00:00\",\"breadcrumb\":{\"@id\":\"https:\/\/fatordental.com.br\/index.php\/produto\/pasta-de-polimento-diamond-excel-fgm\/#breadcrumb\"},\"inLanguage\":\"pt-BR\",\"potentialAction\":[{\"@type\":\"ReadAction\",\"target\":[\"https:\/\/fatordental.com.br\/index.php\/produto\/pasta-de-polimento-diamond-excel-fgm\/\"]}]},{\"@type\":\"ImageObject\",\"inLanguage\":\"pt-BR\",\"@id\":\"https:\/\/fatordental.com.br\/index.php\/produto\/pasta-de-polimento-diamond-excel-fgm\/#primaryimage\",\"url\":\"https:\/\/fatordental.com.br\/wp-content\/uploads\/2023\/03\/embalagem-pasta-polimento-universal-diamond-excel-fgm-213652.jpg\",\"contentUrl\":\"https:\/\/fatordental.com.br\/wp-content\/uploads\/2023\/03\/embalagem-pasta-polimento-universal-diamond-excel-fgm-213652.jpg\",\"width\":900,\"height\":900},{\"@type\":\"BreadcrumbList\",\"@id\":\"https:\/\/fatordental.com.br\/index.php\/produto\/pasta-de-polimento-diamond-excel-fgm\/#breadcrumb\",\"itemListElement\":[{\"@type\":\"ListItem\",\"position\":1,\"name\":\"In\u00edcio\",\"item\":\"https:\/\/fatordental.com.br\/\"},{\"@type\":\"ListItem\",\"position\":2,\"name\":\"Produtos\",\"item\":\"https:\/\/fatordental.com.br\/index.php\/produtos\/\"},{\"@type\":\"ListItem\",\"position\":3,\"name\":\"Pasta de Polimento Diamond Excel &#8211; FGM\"}]},{\"@type\":\"WebSite\",\"@id\":\"https:\/\/fatordental.com.br\/#website\",\"url\":\"https:\/\/fatordental.com.br\/\",\"name\":\"Fator Dental\",\"description\":\"Produtos Ondontol\u00f3gicos\",\"publisher\":{\"@id\":\"https:\/\/fatordental.com.br\/#organization\"},\"potentialAction\":[{\"@type\":\"SearchAction\",\"target\":{\"@type\":\"EntryPoint\",\"urlTemplate\":\"https:\/\/fatordental.com.br\/?s={search_term_string}\"},\"query-input\":{\"@type\":\"PropertyValueSpecification\",\"valueRequired\":true,\"valueName\":\"search_term_string\"}}],\"inLanguage\":\"pt-BR\"},{\"@type\":\"Organization\",\"@id\":\"https:\/\/fatordental.com.br\/#organization\",\"name\":\"Fator Dental\",\"url\":\"https:\/\/fatordental.com.br\/\",\"logo\":{\"@type\":\"ImageObject\",\"inLanguage\":\"pt-BR\",\"@id\":\"https:\/\/fatordental.com.br\/#\/schema\/logo\/image\/\",\"url\":\"https:\/\/fatordental.com.br\/wp-content\/uploads\/2023\/02\/logo_fator.png\",\"contentUrl\":\"https:\/\/fatordental.com.br\/wp-content\/uploads\/2023\/02\/logo_fator.png\",\"width\":400,\"height\":256,\"caption\":\"Fator Dental\"},\"image\":{\"@id\":\"https:\/\/fatordental.com.br\/#\/schema\/logo\/image\/\"},\"sameAs\":[\"https:\/\/www.instagram.com\/fatordental\/\"]}]}<\/script>\n<!-- \/ Yoast SEO plugin. -->","yoast_head_json":{"title":"Pasta de Polimento Diamond Excel - FGM - Fator Dental","robots":{"index":"index","follow":"follow","max-snippet":"max-snippet:-1","max-image-preview":"max-image-preview:large","max-video-preview":"max-video-preview:-1"},"canonical":"https:\/\/fatordental.com.br\/index.php\/produto\/pasta-de-polimento-diamond-excel-fgm\/","og_locale":"pt_BR","og_type":"article","og_title":"Pasta de Polimento Diamond Excel - FGM - Fator Dental","og_description":"Embalagem com 1 seringa com 2g + ponteira. &nbsp; DETALHES &#8211; Composi\u00e7\u00e3o com ingredientes especialmente selecionados para auxiliar na lubrifica\u00e7\u00e3o durante o polimento (o que minimiza a gera\u00e7\u00e3o de calor [&hellip;]","og_url":"https:\/\/fatordental.com.br\/index.php\/produto\/pasta-de-polimento-diamond-excel-fgm\/","og_site_name":"Fator Dental","article_modified_time":"2023-03-25T20:52:55+00:00","og_image":[{"width":900,"height":900,"url":"https:\/\/fatordental.com.br\/wp-content\/uploads\/2023\/03\/embalagem-pasta-polimento-universal-diamond-excel-fgm-213652.jpg","type":"image\/jpeg"}],"twitter_card":"summary_large_image","twitter_misc":{"Est. tempo de leitura":"2 minutos"},"schema":{"@context":"https:\/\/schema.org","@graph":[{"@type":"WebPage","@id":"https:\/\/fatordental.com.br\/index.php\/produto\/pasta-de-polimento-diamond-excel-fgm\/","url":"https:\/\/fatordental.com.br\/index.php\/produto\/pasta-de-polimento-diamond-excel-fgm\/","name":"Pasta de Polimento Diamond Excel - FGM - Fator Dental","isPartOf":{"@id":"https:\/\/fatordental.com.br\/#website"},"primaryImageOfPage":{"@id":"https:\/\/fatordental.com.br\/index.php\/produto\/pasta-de-polimento-diamond-excel-fgm\/#primaryimage"},"image":{"@id":"https:\/\/fatordental.com.br\/index.php\/produto\/pasta-de-polimento-diamond-excel-fgm\/#primaryimage"},"thumbnailUrl":"https:\/\/fatordental.com.br\/wp-content\/uploads\/2023\/03\/embalagem-pasta-polimento-universal-diamond-excel-fgm-213652.jpg","datePublished":"2023-03-25T20:52:54+00:00","dateModified":"2023-03-25T20:52:55+00:00","breadcrumb":{"@id":"https:\/\/fatordental.com.br\/index.php\/produto\/pasta-de-polimento-diamond-excel-fgm\/#breadcrumb"},"inLanguage":"pt-BR","potentialAction":[{"@type":"ReadAction","target":["https:\/\/fatordental.com.br\/index.php\/produto\/pasta-de-polimento-diamond-excel-fgm\/"]}]},{"@type":"ImageObject","inLanguage":"pt-BR","@id":"https:\/\/fatordental.com.br\/index.php\/produto\/pasta-de-polimento-diamond-excel-fgm\/#primaryimage","url":"https:\/\/fatordental.com.br\/wp-content\/uploads\/2023\/03\/embalagem-pasta-polimento-universal-diamond-excel-fgm-213652.jpg","contentUrl":"https:\/\/fatordental.com.br\/wp-content\/uploads\/2023\/03\/embalagem-pasta-polimento-universal-diamond-excel-fgm-213652.jpg","width":900,"height":900},{"@type":"BreadcrumbList","@id":"https:\/\/fatordental.com.br\/index.php\/produto\/pasta-de-polimento-diamond-excel-fgm\/#breadcrumb","itemListElement":[{"@type":"ListItem","position":1,"name":"In\u00edcio","item":"https:\/\/fatordental.com.br\/"},{"@type":"ListItem","position":2,"name":"Produtos","item":"https:\/\/fatordental.com.br\/index.php\/produtos\/"},{"@type":"ListItem","position":3,"name":"Pasta de Polimento Diamond Excel &#8211; FGM"}]},{"@type":"WebSite","@id":"https:\/\/fatordental.com.br\/#website","url":"https:\/\/fatordental.com.br\/","name":"Fator Dental","description":"Produtos Ondontol\u00f3gicos","publisher":{"@id":"https:\/\/fatordental.com.br\/#organization"},"potentialAction":[{"@type":"SearchAction","target":{"@type":"EntryPoint","urlTemplate":"https:\/\/fatordental.com.br\/?s={search_term_string}"},"query-input":{"@type":"PropertyValueSpecification","valueRequired":true,"valueName":"search_term_string"}}],"inLanguage":"pt-BR"},{"@type":"Organization","@id":"https:\/\/fatordental.com.br\/#organization","name":"Fator Dental","url":"https:\/\/fatordental.com.br\/","logo":{"@type":"ImageObject","inLanguage":"pt-BR","@id":"https:\/\/fatordental.com.br\/#\/schema\/logo\/image\/","url":"https:\/\/fatordental.com.br\/wp-content\/uploads\/2023\/02\/logo_fator.png","contentUrl":"https:\/\/fatordental.com.br\/wp-content\/uploads\/2023\/02\/logo_fator.png","width":400,"height":256,"caption":"Fator Dental"},"image":{"@id":"https:\/\/fatordental.com.br\/#\/schema\/logo\/image\/"},"sameAs":["https:\/\/www.instagram.com\/fatordental\/"]}]}},"_links":{"self":[{"href":"https:\/\/fatordental.com.br\/index.php\/wp-json\/wp\/v2\/product\/1165","targetHints":{"allow":["GET"]}}],"collection":[{"href":"https:\/\/fatordental.com.br\/index.php\/wp-json\/wp\/v2\/product"}],"about":[{"href":"https:\/\/fatordental.com.br\/index.php\/wp-json\/wp\/v2\/types\/product"}],"wp:featuredmedia":[{"embeddable":true,"href":"https:\/\/fatordental.com.br\/index.php\/wp-json\/wp\/v2\/media\/1166"}],"wp:attachment":[{"href":"https:\/\/fatordental.com.br\/index.php\/wp-json\/wp\/v2\/media?parent=1165"}],"wp:term":[{"taxonomy":"product_brand","embeddable":true,"href":"https:\/\/fatordental.com.br\/index.php\/wp-json\/wp\/v2\/product_brand?post=1165"},{"taxonomy":"product_cat","embeddable":true,"href":"https:\/\/fatordental.com.br\/index.php\/wp-json\/wp\/v2\/product_cat?post=1165"},{"taxonomy":"product_tag","embeddable":true,"href":"https:\/\/fatordental.com.br\/index.php\/wp-json\/wp\/v2\/product_tag?post=1165"}],"curies":[{"name":"wp","href":"https:\/\/api.w.org\/{rel}","templated":true}]}}