{"id":1104,"date":"2023-02-21T16:19:25","date_gmt":"2023-02-21T19:19:25","guid":{"rendered":"https:\/\/fatordental.com.br\/?post_type=product&#038;p=1104"},"modified":"2023-02-21T16:22:18","modified_gmt":"2023-02-21T19:22:18","slug":"caixa-para-aparelho-concha-sortida-com-10-orthomundi","status":"publish","type":"product","link":"https:\/\/fatordental.com.br\/index.php\/produto\/caixa-para-aparelho-concha-sortida-com-10-orthomundi\/","title":{"rendered":"Caixa Para Aparelho Concha Sortida Com 10 &#8211; Orthomundi"},"content":{"rendered":"<p class=\"value\"><strong>Embalagem com 10 unidades. Cores sortidas.<\/strong><\/p>\n<ul>\n<li><strong>DETALHES<\/strong><\/li>\n<\/ul>\n<p>&#8211; Cores sortidas: Azul, amarelo, verde, laranja e rosa.<br \/>\n&#8211; Com al\u00e7a para suporte.<\/p>\n<ul>\n<li><strong>APLICA\u00c7\u00c3O<\/strong><\/li>\n<\/ul>\n<p>Para armazenamento de aparelho dent\u00e1rio e moldeiras.<\/p>\n","protected":false},"excerpt":{"rendered":"<p>Embalagem com 10 unidades. Cores sortidas. DETALHES &#8211; Cores sortidas: Azul, amarelo, verde, laranja e rosa. &#8211; Com al\u00e7a para suporte. APLICA\u00c7\u00c3O Para armazenamento de aparelho dent\u00e1rio e moldeiras.<\/p>\n","protected":false},"featured_media":1105,"template":"","meta":[],"product_brand":[],"product_cat":[129,128],"product_tag":[],"class_list":{"0":"post-1104","1":"product","2":"type-product","3":"status-publish","4":"has-post-thumbnail","6":"product_cat-caixas-diversas","7":"product_cat-ortodontia","9":"first","10":"instock","11":"shipping-taxable","12":"product-type-simple"},"yoast_head":"<!-- This site is optimized with the Yoast SEO plugin v27.6 - https:\/\/yoast.com\/product\/yoast-seo-wordpress\/ -->\n<title>Caixa Para Aparelho Concha Sortida Com 10 - Orthomundi - Fator Dental<\/title>\n<meta name=\"robots\" content=\"index, follow, max-snippet:-1, max-image-preview:large, max-video-preview:-1\" \/>\n<link rel=\"canonical\" href=\"https:\/\/fatordental.com.br\/index.php\/produto\/caixa-para-aparelho-concha-sortida-com-10-orthomundi\/\" \/>\n<meta property=\"og:locale\" content=\"pt_BR\" \/>\n<meta property=\"og:type\" content=\"article\" \/>\n<meta property=\"og:title\" content=\"Caixa Para Aparelho Concha Sortida Com 10 - Orthomundi - Fator Dental\" \/>\n<meta property=\"og:description\" content=\"Embalagem com 10 unidades. Cores sortidas. DETALHES &#8211; Cores sortidas: Azul, amarelo, verde, laranja e rosa. &#8211; Com al\u00e7a para suporte. APLICA\u00c7\u00c3O Para armazenamento de aparelho dent\u00e1rio e moldeiras.\" \/>\n<meta property=\"og:url\" content=\"https:\/\/fatordental.com.br\/index.php\/produto\/caixa-para-aparelho-concha-sortida-com-10-orthomundi\/\" \/>\n<meta property=\"og:site_name\" content=\"Fator Dental\" \/>\n<meta property=\"article:modified_time\" content=\"2023-02-21T19:22:18+00:00\" \/>\n<meta property=\"og:image\" content=\"https:\/\/fatordental.com.br\/wp-content\/uploads\/2023\/02\/WhatsApp-Image-2023-01-31-at-15.20.59.jpeg\" \/>\n\t<meta property=\"og:image:width\" content=\"460\" \/>\n\t<meta property=\"og:image:height\" content=\"256\" \/>\n\t<meta property=\"og:image:type\" content=\"image\/jpeg\" \/>\n<meta name=\"twitter:card\" content=\"summary_large_image\" \/>\n<meta name=\"twitter:label1\" content=\"Est. tempo de leitura\" \/>\n\t<meta name=\"twitter:data1\" content=\"1 minuto\" \/>\n<script type=\"application\/ld+json\" class=\"yoast-schema-graph\">{\"@context\":\"https:\\\/\\\/schema.org\",\"@graph\":[{\"@type\":\"WebPage\",\"@id\":\"https:\\\/\\\/fatordental.com.br\\\/index.php\\\/produto\\\/caixa-para-aparelho-concha-sortida-com-10-orthomundi\\\/\",\"url\":\"https:\\\/\\\/fatordental.com.br\\\/index.php\\\/produto\\\/caixa-para-aparelho-concha-sortida-com-10-orthomundi\\\/\",\"name\":\"Caixa Para Aparelho Concha Sortida Com 10 - Orthomundi - Fator Dental\",\"isPartOf\":{\"@id\":\"https:\\\/\\\/fatordental.com.br\\\/#website\"},\"primaryImageOfPage\":{\"@id\":\"https:\\\/\\\/fatordental.com.br\\\/index.php\\\/produto\\\/caixa-para-aparelho-concha-sortida-com-10-orthomundi\\\/#primaryimage\"},\"image\":{\"@id\":\"https:\\\/\\\/fatordental.com.br\\\/index.php\\\/produto\\\/caixa-para-aparelho-concha-sortida-com-10-orthomundi\\\/#primaryimage\"},\"thumbnailUrl\":\"https:\\\/\\\/fatordental.com.br\\\/wp-content\\\/uploads\\\/2023\\\/02\\\/WhatsApp-Image-2023-01-31-at-15.20.59.jpeg\",\"datePublished\":\"2023-02-21T19:19:25+00:00\",\"dateModified\":\"2023-02-21T19:22:18+00:00\",\"breadcrumb\":{\"@id\":\"https:\\\/\\\/fatordental.com.br\\\/index.php\\\/produto\\\/caixa-para-aparelho-concha-sortida-com-10-orthomundi\\\/#breadcrumb\"},\"inLanguage\":\"pt-BR\",\"potentialAction\":[{\"@type\":\"ReadAction\",\"target\":[\"https:\\\/\\\/fatordental.com.br\\\/index.php\\\/produto\\\/caixa-para-aparelho-concha-sortida-com-10-orthomundi\\\/\"]}]},{\"@type\":\"ImageObject\",\"inLanguage\":\"pt-BR\",\"@id\":\"https:\\\/\\\/fatordental.com.br\\\/index.php\\\/produto\\\/caixa-para-aparelho-concha-sortida-com-10-orthomundi\\\/#primaryimage\",\"url\":\"https:\\\/\\\/fatordental.com.br\\\/wp-content\\\/uploads\\\/2023\\\/02\\\/WhatsApp-Image-2023-01-31-at-15.20.59.jpeg\",\"contentUrl\":\"https:\\\/\\\/fatordental.com.br\\\/wp-content\\\/uploads\\\/2023\\\/02\\\/WhatsApp-Image-2023-01-31-at-15.20.59.jpeg\",\"width\":460,\"height\":256},{\"@type\":\"BreadcrumbList\",\"@id\":\"https:\\\/\\\/fatordental.com.br\\\/index.php\\\/produto\\\/caixa-para-aparelho-concha-sortida-com-10-orthomundi\\\/#breadcrumb\",\"itemListElement\":[{\"@type\":\"ListItem\",\"position\":1,\"name\":\"In\u00edcio\",\"item\":\"https:\\\/\\\/fatordental.com.br\\\/\"},{\"@type\":\"ListItem\",\"position\":2,\"name\":\"Produtos\",\"item\":\"https:\\\/\\\/fatordental.com.br\\\/index.php\\\/produtos\\\/\"},{\"@type\":\"ListItem\",\"position\":3,\"name\":\"Caixa Para Aparelho Concha Sortida Com 10 &#8211; Orthomundi\"}]},{\"@type\":\"WebSite\",\"@id\":\"https:\\\/\\\/fatordental.com.br\\\/#website\",\"url\":\"https:\\\/\\\/fatordental.com.br\\\/\",\"name\":\"Fator Dental\",\"description\":\"Produtos Ondontol\u00f3gicos\",\"publisher\":{\"@id\":\"https:\\\/\\\/fatordental.com.br\\\/#organization\"},\"potentialAction\":[{\"@type\":\"SearchAction\",\"target\":{\"@type\":\"EntryPoint\",\"urlTemplate\":\"https:\\\/\\\/fatordental.com.br\\\/?s={search_term_string}\"},\"query-input\":{\"@type\":\"PropertyValueSpecification\",\"valueRequired\":true,\"valueName\":\"search_term_string\"}}],\"inLanguage\":\"pt-BR\"},{\"@type\":\"Organization\",\"@id\":\"https:\\\/\\\/fatordental.com.br\\\/#organization\",\"name\":\"Fator Dental\",\"url\":\"https:\\\/\\\/fatordental.com.br\\\/\",\"logo\":{\"@type\":\"ImageObject\",\"inLanguage\":\"pt-BR\",\"@id\":\"https:\\\/\\\/fatordental.com.br\\\/#\\\/schema\\\/logo\\\/image\\\/\",\"url\":\"https:\\\/\\\/fatordental.com.br\\\/wp-content\\\/uploads\\\/2023\\\/02\\\/logo_fator.png\",\"contentUrl\":\"https:\\\/\\\/fatordental.com.br\\\/wp-content\\\/uploads\\\/2023\\\/02\\\/logo_fator.png\",\"width\":400,\"height\":256,\"caption\":\"Fator Dental\"},\"image\":{\"@id\":\"https:\\\/\\\/fatordental.com.br\\\/#\\\/schema\\\/logo\\\/image\\\/\"},\"sameAs\":[\"https:\\\/\\\/www.instagram.com\\\/fatordental\\\/\"]}]}<\/script>\n<!-- \/ Yoast SEO plugin. -->","yoast_head_json":{"title":"Caixa Para Aparelho Concha Sortida Com 10 - Orthomundi - Fator Dental","robots":{"index":"index","follow":"follow","max-snippet":"max-snippet:-1","max-image-preview":"max-image-preview:large","max-video-preview":"max-video-preview:-1"},"canonical":"https:\/\/fatordental.com.br\/index.php\/produto\/caixa-para-aparelho-concha-sortida-com-10-orthomundi\/","og_locale":"pt_BR","og_type":"article","og_title":"Caixa Para Aparelho Concha Sortida Com 10 - Orthomundi - Fator Dental","og_description":"Embalagem com 10 unidades. Cores sortidas. DETALHES &#8211; Cores sortidas: Azul, amarelo, verde, laranja e rosa. &#8211; Com al\u00e7a para suporte. APLICA\u00c7\u00c3O Para armazenamento de aparelho dent\u00e1rio e moldeiras.","og_url":"https:\/\/fatordental.com.br\/index.php\/produto\/caixa-para-aparelho-concha-sortida-com-10-orthomundi\/","og_site_name":"Fator Dental","article_modified_time":"2023-02-21T19:22:18+00:00","og_image":[{"width":460,"height":256,"url":"https:\/\/fatordental.com.br\/wp-content\/uploads\/2023\/02\/WhatsApp-Image-2023-01-31-at-15.20.59.jpeg","type":"image\/jpeg"}],"twitter_card":"summary_large_image","twitter_misc":{"Est. tempo de leitura":"1 minuto"},"schema":{"@context":"https:\/\/schema.org","@graph":[{"@type":"WebPage","@id":"https:\/\/fatordental.com.br\/index.php\/produto\/caixa-para-aparelho-concha-sortida-com-10-orthomundi\/","url":"https:\/\/fatordental.com.br\/index.php\/produto\/caixa-para-aparelho-concha-sortida-com-10-orthomundi\/","name":"Caixa Para Aparelho Concha Sortida Com 10 - Orthomundi - Fator Dental","isPartOf":{"@id":"https:\/\/fatordental.com.br\/#website"},"primaryImageOfPage":{"@id":"https:\/\/fatordental.com.br\/index.php\/produto\/caixa-para-aparelho-concha-sortida-com-10-orthomundi\/#primaryimage"},"image":{"@id":"https:\/\/fatordental.com.br\/index.php\/produto\/caixa-para-aparelho-concha-sortida-com-10-orthomundi\/#primaryimage"},"thumbnailUrl":"https:\/\/fatordental.com.br\/wp-content\/uploads\/2023\/02\/WhatsApp-Image-2023-01-31-at-15.20.59.jpeg","datePublished":"2023-02-21T19:19:25+00:00","dateModified":"2023-02-21T19:22:18+00:00","breadcrumb":{"@id":"https:\/\/fatordental.com.br\/index.php\/produto\/caixa-para-aparelho-concha-sortida-com-10-orthomundi\/#breadcrumb"},"inLanguage":"pt-BR","potentialAction":[{"@type":"ReadAction","target":["https:\/\/fatordental.com.br\/index.php\/produto\/caixa-para-aparelho-concha-sortida-com-10-orthomundi\/"]}]},{"@type":"ImageObject","inLanguage":"pt-BR","@id":"https:\/\/fatordental.com.br\/index.php\/produto\/caixa-para-aparelho-concha-sortida-com-10-orthomundi\/#primaryimage","url":"https:\/\/fatordental.com.br\/wp-content\/uploads\/2023\/02\/WhatsApp-Image-2023-01-31-at-15.20.59.jpeg","contentUrl":"https:\/\/fatordental.com.br\/wp-content\/uploads\/2023\/02\/WhatsApp-Image-2023-01-31-at-15.20.59.jpeg","width":460,"height":256},{"@type":"BreadcrumbList","@id":"https:\/\/fatordental.com.br\/index.php\/produto\/caixa-para-aparelho-concha-sortida-com-10-orthomundi\/#breadcrumb","itemListElement":[{"@type":"ListItem","position":1,"name":"In\u00edcio","item":"https:\/\/fatordental.com.br\/"},{"@type":"ListItem","position":2,"name":"Produtos","item":"https:\/\/fatordental.com.br\/index.php\/produtos\/"},{"@type":"ListItem","position":3,"name":"Caixa Para Aparelho Concha Sortida Com 10 &#8211; Orthomundi"}]},{"@type":"WebSite","@id":"https:\/\/fatordental.com.br\/#website","url":"https:\/\/fatordental.com.br\/","name":"Fator Dental","description":"Produtos Ondontol\u00f3gicos","publisher":{"@id":"https:\/\/fatordental.com.br\/#organization"},"potentialAction":[{"@type":"SearchAction","target":{"@type":"EntryPoint","urlTemplate":"https:\/\/fatordental.com.br\/?s={search_term_string}"},"query-input":{"@type":"PropertyValueSpecification","valueRequired":true,"valueName":"search_term_string"}}],"inLanguage":"pt-BR"},{"@type":"Organization","@id":"https:\/\/fatordental.com.br\/#organization","name":"Fator Dental","url":"https:\/\/fatordental.com.br\/","logo":{"@type":"ImageObject","inLanguage":"pt-BR","@id":"https:\/\/fatordental.com.br\/#\/schema\/logo\/image\/","url":"https:\/\/fatordental.com.br\/wp-content\/uploads\/2023\/02\/logo_fator.png","contentUrl":"https:\/\/fatordental.com.br\/wp-content\/uploads\/2023\/02\/logo_fator.png","width":400,"height":256,"caption":"Fator Dental"},"image":{"@id":"https:\/\/fatordental.com.br\/#\/schema\/logo\/image\/"},"sameAs":["https:\/\/www.instagram.com\/fatordental\/"]}]}},"_links":{"self":[{"href":"https:\/\/fatordental.com.br\/index.php\/wp-json\/wp\/v2\/product\/1104","targetHints":{"allow":["GET"]}}],"collection":[{"href":"https:\/\/fatordental.com.br\/index.php\/wp-json\/wp\/v2\/product"}],"about":[{"href":"https:\/\/fatordental.com.br\/index.php\/wp-json\/wp\/v2\/types\/product"}],"wp:featuredmedia":[{"embeddable":true,"href":"https:\/\/fatordental.com.br\/index.php\/wp-json\/wp\/v2\/media\/1105"}],"wp:attachment":[{"href":"https:\/\/fatordental.com.br\/index.php\/wp-json\/wp\/v2\/media?parent=1104"}],"wp:term":[{"taxonomy":"product_brand","embeddable":true,"href":"https:\/\/fatordental.com.br\/index.php\/wp-json\/wp\/v2\/product_brand?post=1104"},{"taxonomy":"product_cat","embeddable":true,"href":"https:\/\/fatordental.com.br\/index.php\/wp-json\/wp\/v2\/product_cat?post=1104"},{"taxonomy":"product_tag","embeddable":true,"href":"https:\/\/fatordental.com.br\/index.php\/wp-json\/wp\/v2\/product_tag?post=1104"}],"curies":[{"name":"wp","href":"https:\/\/api.w.org\/{rel}","templated":true}]}}