{"id":1096,"date":"2023-02-21T15:47:28","date_gmt":"2023-02-21T18:47:28","guid":{"rendered":"https:\/\/fatordental.com.br\/?post_type=product&#038;p=1096"},"modified":"2023-02-21T15:47:28","modified_gmt":"2023-02-21T18:47:28","slug":"resina-applic-ea2-maquira","status":"publish","type":"product","link":"https:\/\/fatordental.com.br\/index.php\/produto\/resina-applic-ea2-maquira\/","title":{"rendered":"Resina Applic EA2 &#8211; Maquira"},"content":{"rendered":"<p><strong>Resina Nanoh\u00edbrida. Seringa com 4g.<\/strong><\/p>\n<ul>\n<li><strong>DETALHES<\/strong><\/li>\n<\/ul>\n<p>&#8211; Composi\u00e7\u00e3o: Grupos dimetacrilatos, catalisadores, carga org\u00e2nica, di\u00f3xido de sil\u00edcio, fluoreto de s\u00f3dio, etanol, Carbopol, BHT e \u00f3xido de ferro.<br \/>\n&#8211; Preenchimento: 2mm.<br \/>\n&#8211; Consist\u00eancia: Composta.<br \/>\n&#8211; Applic Resina Composta \u00e9 um comp\u00f3sito nanoh\u00edbrido (contem part\u00edculas de carga micro e nanom\u00e9tricas) e radiopaco, com um sistema de cores simplificado (oferece cores para esmalte, dentina e incisal), e que se destinada \u00e0 restaura\u00e7\u00e3o funcional e est\u00e9tica de dentes anteriores e posteriores;<br \/>\n&#8211; Apresenta part\u00edculas na faixa de 40nm a 2,0\u00b5m com tamanho m\u00e9dio de part\u00edculas de 0,7\u00b5m, conte\u00fado total de carga inorg\u00e2nica em peso entre 77 e 78%;<br \/>\n&#8211; F\u00e1cil identifica\u00e7\u00e3o das cores atrav\u00e9s das letras E (esmalte), D (dentina) e I (incisal);<br \/>\n&#8211; Suas propriedades mec\u00e2nicas atendem requisitos de restaura\u00e7\u00f5es em dentes anteriores e posteiores;<br \/>\n&#8211; Excelente radiopacidade;<br \/>\n&#8211; Fotopolimeriza\u00e7\u00e3o: 20 segundos para as cores de esmalte e incisal e 40 segundos para as cores de dentina;<br \/>\n&#8211; Excelente consist\u00eancia, f\u00e1cil manuseio, n\u00e3o puxa fio;<br \/>\n&#8211; Embalagem ergon\u00f4mica: tampa acoplada ao corpo da seringa;<br \/>\n&#8211; Reduzida sensiblidade a luz.<br \/>\n&#8211; Validade: 2 anos ap\u00f3s a data de fabrica\u00e7\u00e3o.<br \/>\n&#8211; Registro ANVISA: 80322400091.<\/p>\n<ul>\n<li><strong>APLICA\u00c7\u00c3O<\/strong><\/li>\n<\/ul>\n<p>&#8211; Restaura\u00e7\u00f5es oclusais, proximais e ocluso-proximais de tamanho pequeno e m\u00e9dio;<br \/>\n&#8211; Restaura\u00e7\u00f5es de dentes anteriores classe III, IV e V;<br \/>\n&#8211; Facetas diretas em resinas compostas;<br \/>\n&#8211; Colagem de fragmento de dentes;<br \/>\n&#8211; Redu\u00e7\u00e3o ou fechamento de diastemas;<br \/>\n&#8211; Corrigir e\/ou alterar a forma e \/ou a cor de um ou v\u00e1rios dentes;<br \/>\n&#8211; Defeitos estruturais: amelog\u00eanese imperfeita, hipoplasias de esmalte, les\u00f5es cervicais n\u00e3o cariosas;<br \/>\n&#8211; Restaura\u00e7\u00e3o de dentes dec\u00edduos.<\/p>\n","protected":false},"excerpt":{"rendered":"<p>Resina Nanoh\u00edbrida. Seringa com 4g. DETALHES &#8211; Composi\u00e7\u00e3o: Grupos dimetacrilatos, catalisadores, carga org\u00e2nica, di\u00f3xido de sil\u00edcio, fluoreto de s\u00f3dio, etanol, Carbopol, BHT e \u00f3xido de ferro. &#8211; Preenchimento: 2mm. &#8211; [&hellip;]<\/p>\n","protected":false},"featured_media":1095,"template":"","meta":[],"product_brand":[],"product_cat":[51,70],"product_tag":[],"class_list":{"0":"post-1096","1":"product","2":"type-product","3":"status-publish","4":"has-post-thumbnail","6":"product_cat-dentistica-e-estetica","7":"product_cat-resina-composta","9":"first","10":"instock","11":"shipping-taxable","12":"product-type-simple"},"yoast_head":"<!-- This site is optimized with the Yoast SEO plugin v26.8 - https:\/\/yoast.com\/product\/yoast-seo-wordpress\/ -->\n<title>Resina Applic EA2 - Maquira - Fator Dental<\/title>\n<meta name=\"robots\" content=\"index, follow, max-snippet:-1, max-image-preview:large, max-video-preview:-1\" \/>\n<link rel=\"canonical\" href=\"https:\/\/fatordental.com.br\/index.php\/produto\/resina-applic-ea2-maquira\/\" \/>\n<meta property=\"og:locale\" content=\"pt_BR\" \/>\n<meta property=\"og:type\" content=\"article\" \/>\n<meta property=\"og:title\" content=\"Resina Applic EA2 - Maquira - Fator Dental\" \/>\n<meta property=\"og:description\" content=\"Resina Nanoh\u00edbrida. Seringa com 4g. DETALHES &#8211; Composi\u00e7\u00e3o: Grupos dimetacrilatos, catalisadores, carga org\u00e2nica, di\u00f3xido de sil\u00edcio, fluoreto de s\u00f3dio, etanol, Carbopol, BHT e \u00f3xido de ferro. &#8211; Preenchimento: 2mm. &#8211; [&hellip;]\" \/>\n<meta property=\"og:url\" content=\"https:\/\/fatordental.com.br\/index.php\/produto\/resina-applic-ea2-maquira\/\" \/>\n<meta property=\"og:site_name\" content=\"Fator Dental\" \/>\n<meta property=\"og:image\" content=\"https:\/\/fatordental.com.br\/wp-content\/uploads\/2023\/02\/DC27148.jpg\" \/>\n\t<meta property=\"og:image:width\" content=\"900\" \/>\n\t<meta property=\"og:image:height\" content=\"900\" \/>\n\t<meta property=\"og:image:type\" content=\"image\/jpeg\" \/>\n<meta name=\"twitter:card\" content=\"summary_large_image\" \/>\n<meta name=\"twitter:label1\" content=\"Est. tempo de leitura\" \/>\n\t<meta name=\"twitter:data1\" content=\"2 minutos\" \/>\n<script type=\"application\/ld+json\" class=\"yoast-schema-graph\">{\"@context\":\"https:\/\/schema.org\",\"@graph\":[{\"@type\":\"WebPage\",\"@id\":\"https:\/\/fatordental.com.br\/index.php\/produto\/resina-applic-ea2-maquira\/\",\"url\":\"https:\/\/fatordental.com.br\/index.php\/produto\/resina-applic-ea2-maquira\/\",\"name\":\"Resina Applic EA2 - Maquira - Fator Dental\",\"isPartOf\":{\"@id\":\"https:\/\/fatordental.com.br\/#website\"},\"primaryImageOfPage\":{\"@id\":\"https:\/\/fatordental.com.br\/index.php\/produto\/resina-applic-ea2-maquira\/#primaryimage\"},\"image\":{\"@id\":\"https:\/\/fatordental.com.br\/index.php\/produto\/resina-applic-ea2-maquira\/#primaryimage\"},\"thumbnailUrl\":\"https:\/\/fatordental.com.br\/wp-content\/uploads\/2023\/02\/DC27148.jpg\",\"datePublished\":\"2023-02-21T18:47:28+00:00\",\"breadcrumb\":{\"@id\":\"https:\/\/fatordental.com.br\/index.php\/produto\/resina-applic-ea2-maquira\/#breadcrumb\"},\"inLanguage\":\"pt-BR\",\"potentialAction\":[{\"@type\":\"ReadAction\",\"target\":[\"https:\/\/fatordental.com.br\/index.php\/produto\/resina-applic-ea2-maquira\/\"]}]},{\"@type\":\"ImageObject\",\"inLanguage\":\"pt-BR\",\"@id\":\"https:\/\/fatordental.com.br\/index.php\/produto\/resina-applic-ea2-maquira\/#primaryimage\",\"url\":\"https:\/\/fatordental.com.br\/wp-content\/uploads\/2023\/02\/DC27148.jpg\",\"contentUrl\":\"https:\/\/fatordental.com.br\/wp-content\/uploads\/2023\/02\/DC27148.jpg\",\"width\":900,\"height\":900},{\"@type\":\"BreadcrumbList\",\"@id\":\"https:\/\/fatordental.com.br\/index.php\/produto\/resina-applic-ea2-maquira\/#breadcrumb\",\"itemListElement\":[{\"@type\":\"ListItem\",\"position\":1,\"name\":\"In\u00edcio\",\"item\":\"https:\/\/fatordental.com.br\/\"},{\"@type\":\"ListItem\",\"position\":2,\"name\":\"Produtos\",\"item\":\"https:\/\/fatordental.com.br\/index.php\/produtos\/\"},{\"@type\":\"ListItem\",\"position\":3,\"name\":\"Resina Applic EA2 &#8211; Maquira\"}]},{\"@type\":\"WebSite\",\"@id\":\"https:\/\/fatordental.com.br\/#website\",\"url\":\"https:\/\/fatordental.com.br\/\",\"name\":\"Fator Dental\",\"description\":\"Produtos Ondontol\u00f3gicos\",\"publisher\":{\"@id\":\"https:\/\/fatordental.com.br\/#organization\"},\"potentialAction\":[{\"@type\":\"SearchAction\",\"target\":{\"@type\":\"EntryPoint\",\"urlTemplate\":\"https:\/\/fatordental.com.br\/?s={search_term_string}\"},\"query-input\":{\"@type\":\"PropertyValueSpecification\",\"valueRequired\":true,\"valueName\":\"search_term_string\"}}],\"inLanguage\":\"pt-BR\"},{\"@type\":\"Organization\",\"@id\":\"https:\/\/fatordental.com.br\/#organization\",\"name\":\"Fator Dental\",\"url\":\"https:\/\/fatordental.com.br\/\",\"logo\":{\"@type\":\"ImageObject\",\"inLanguage\":\"pt-BR\",\"@id\":\"https:\/\/fatordental.com.br\/#\/schema\/logo\/image\/\",\"url\":\"https:\/\/fatordental.com.br\/wp-content\/uploads\/2023\/02\/logo_fator.png\",\"contentUrl\":\"https:\/\/fatordental.com.br\/wp-content\/uploads\/2023\/02\/logo_fator.png\",\"width\":400,\"height\":256,\"caption\":\"Fator Dental\"},\"image\":{\"@id\":\"https:\/\/fatordental.com.br\/#\/schema\/logo\/image\/\"},\"sameAs\":[\"https:\/\/www.instagram.com\/fatordental\/\"]}]}<\/script>\n<!-- \/ Yoast SEO plugin. -->","yoast_head_json":{"title":"Resina Applic EA2 - Maquira - Fator Dental","robots":{"index":"index","follow":"follow","max-snippet":"max-snippet:-1","max-image-preview":"max-image-preview:large","max-video-preview":"max-video-preview:-1"},"canonical":"https:\/\/fatordental.com.br\/index.php\/produto\/resina-applic-ea2-maquira\/","og_locale":"pt_BR","og_type":"article","og_title":"Resina Applic EA2 - Maquira - Fator Dental","og_description":"Resina Nanoh\u00edbrida. Seringa com 4g. DETALHES &#8211; Composi\u00e7\u00e3o: Grupos dimetacrilatos, catalisadores, carga org\u00e2nica, di\u00f3xido de sil\u00edcio, fluoreto de s\u00f3dio, etanol, Carbopol, BHT e \u00f3xido de ferro. &#8211; Preenchimento: 2mm. &#8211; [&hellip;]","og_url":"https:\/\/fatordental.com.br\/index.php\/produto\/resina-applic-ea2-maquira\/","og_site_name":"Fator Dental","og_image":[{"width":900,"height":900,"url":"https:\/\/fatordental.com.br\/wp-content\/uploads\/2023\/02\/DC27148.jpg","type":"image\/jpeg"}],"twitter_card":"summary_large_image","twitter_misc":{"Est. tempo de leitura":"2 minutos"},"schema":{"@context":"https:\/\/schema.org","@graph":[{"@type":"WebPage","@id":"https:\/\/fatordental.com.br\/index.php\/produto\/resina-applic-ea2-maquira\/","url":"https:\/\/fatordental.com.br\/index.php\/produto\/resina-applic-ea2-maquira\/","name":"Resina Applic EA2 - Maquira - Fator Dental","isPartOf":{"@id":"https:\/\/fatordental.com.br\/#website"},"primaryImageOfPage":{"@id":"https:\/\/fatordental.com.br\/index.php\/produto\/resina-applic-ea2-maquira\/#primaryimage"},"image":{"@id":"https:\/\/fatordental.com.br\/index.php\/produto\/resina-applic-ea2-maquira\/#primaryimage"},"thumbnailUrl":"https:\/\/fatordental.com.br\/wp-content\/uploads\/2023\/02\/DC27148.jpg","datePublished":"2023-02-21T18:47:28+00:00","breadcrumb":{"@id":"https:\/\/fatordental.com.br\/index.php\/produto\/resina-applic-ea2-maquira\/#breadcrumb"},"inLanguage":"pt-BR","potentialAction":[{"@type":"ReadAction","target":["https:\/\/fatordental.com.br\/index.php\/produto\/resina-applic-ea2-maquira\/"]}]},{"@type":"ImageObject","inLanguage":"pt-BR","@id":"https:\/\/fatordental.com.br\/index.php\/produto\/resina-applic-ea2-maquira\/#primaryimage","url":"https:\/\/fatordental.com.br\/wp-content\/uploads\/2023\/02\/DC27148.jpg","contentUrl":"https:\/\/fatordental.com.br\/wp-content\/uploads\/2023\/02\/DC27148.jpg","width":900,"height":900},{"@type":"BreadcrumbList","@id":"https:\/\/fatordental.com.br\/index.php\/produto\/resina-applic-ea2-maquira\/#breadcrumb","itemListElement":[{"@type":"ListItem","position":1,"name":"In\u00edcio","item":"https:\/\/fatordental.com.br\/"},{"@type":"ListItem","position":2,"name":"Produtos","item":"https:\/\/fatordental.com.br\/index.php\/produtos\/"},{"@type":"ListItem","position":3,"name":"Resina Applic EA2 &#8211; Maquira"}]},{"@type":"WebSite","@id":"https:\/\/fatordental.com.br\/#website","url":"https:\/\/fatordental.com.br\/","name":"Fator Dental","description":"Produtos Ondontol\u00f3gicos","publisher":{"@id":"https:\/\/fatordental.com.br\/#organization"},"potentialAction":[{"@type":"SearchAction","target":{"@type":"EntryPoint","urlTemplate":"https:\/\/fatordental.com.br\/?s={search_term_string}"},"query-input":{"@type":"PropertyValueSpecification","valueRequired":true,"valueName":"search_term_string"}}],"inLanguage":"pt-BR"},{"@type":"Organization","@id":"https:\/\/fatordental.com.br\/#organization","name":"Fator Dental","url":"https:\/\/fatordental.com.br\/","logo":{"@type":"ImageObject","inLanguage":"pt-BR","@id":"https:\/\/fatordental.com.br\/#\/schema\/logo\/image\/","url":"https:\/\/fatordental.com.br\/wp-content\/uploads\/2023\/02\/logo_fator.png","contentUrl":"https:\/\/fatordental.com.br\/wp-content\/uploads\/2023\/02\/logo_fator.png","width":400,"height":256,"caption":"Fator Dental"},"image":{"@id":"https:\/\/fatordental.com.br\/#\/schema\/logo\/image\/"},"sameAs":["https:\/\/www.instagram.com\/fatordental\/"]}]}},"_links":{"self":[{"href":"https:\/\/fatordental.com.br\/index.php\/wp-json\/wp\/v2\/product\/1096","targetHints":{"allow":["GET"]}}],"collection":[{"href":"https:\/\/fatordental.com.br\/index.php\/wp-json\/wp\/v2\/product"}],"about":[{"href":"https:\/\/fatordental.com.br\/index.php\/wp-json\/wp\/v2\/types\/product"}],"wp:featuredmedia":[{"embeddable":true,"href":"https:\/\/fatordental.com.br\/index.php\/wp-json\/wp\/v2\/media\/1095"}],"wp:attachment":[{"href":"https:\/\/fatordental.com.br\/index.php\/wp-json\/wp\/v2\/media?parent=1096"}],"wp:term":[{"taxonomy":"product_brand","embeddable":true,"href":"https:\/\/fatordental.com.br\/index.php\/wp-json\/wp\/v2\/product_brand?post=1096"},{"taxonomy":"product_cat","embeddable":true,"href":"https:\/\/fatordental.com.br\/index.php\/wp-json\/wp\/v2\/product_cat?post=1096"},{"taxonomy":"product_tag","embeddable":true,"href":"https:\/\/fatordental.com.br\/index.php\/wp-json\/wp\/v2\/product_tag?post=1096"}],"curies":[{"name":"wp","href":"https:\/\/api.w.org\/{rel}","templated":true}]}}