{"id":1092,"date":"2023-02-21T15:38:33","date_gmt":"2023-02-21T18:38:33","guid":{"rendered":"https:\/\/fatordental.com.br\/?post_type=product&#038;p=1092"},"modified":"2023-02-21T15:38:33","modified_gmt":"2023-02-21T18:38:33","slug":"clareador-whiteness-perborato-fgm","status":"publish","type":"product","link":"https:\/\/fatordental.com.br\/index.php\/produto\/clareador-whiteness-perborato-fgm\/","title":{"rendered":"Clareador Whiteness Perborato &#8211; FGM"},"content":{"rendered":"<p class=\"value\"><strong>Per\u00f3xido de Hidrog\u00eanio \u00e0 20%. Kit com 1 Perborato de S\u00f3dio em p\u00f3 10g, 1 Per\u00f3xido de Hidrog\u00eanio em l\u00edquido 8g e 1 colher dosadora para o p\u00f3.<\/strong><\/p>\n<ul>\n<li><strong>DETALHES<\/strong><\/li>\n<\/ul>\n<p>&#8211; \u00c0 base de perborato de s\u00f3dio e per\u00f3xido de hidrog\u00eanio a 20%.<br \/>\n&#8211; Maior versatilidade na manipula\u00e7\u00e3o da pasta com per\u00f3xido de hidrog\u00eanio (que acompanha o produto), soro fisiol\u00f3gico ou \u00e1gua destilada.<br \/>\n&#8211; Consist\u00eancia com uma viscosidade ideal ap\u00f3s manipula\u00e7\u00e3o.<br \/>\n&#8211; F\u00e1cil homogeneiza\u00e7\u00e3o e aplica\u00e7\u00e3o.<br \/>\n&#8211; PH alcalino.<\/p>\n<ul>\n<li><strong>APLICA\u00c7\u00c3O<\/strong><\/li>\n<\/ul>\n<p>O\u00a0<strong>Clareador Whiteness Perborato<\/strong>\u00a0da\u00a0<a href=\"https:\/\/www.dentalcremer.com.br\/super-loja\/fgm.html\" target=\"_blank\" rel=\"noopener\"><strong>FGM<\/strong><\/a>\u00a0apresenta \u00f3timo poder de clareamento para uso exclusivo em dentes n\u00e3o vitais escurecidos atrav\u00e9s da t\u00e9cnica Walking Bleach (aplica\u00e7\u00e3o e manuten\u00e7\u00e3o no interior da c\u00e2mara pulpar). Sua forma de apresenta\u00e7\u00e3o permite manipula\u00e7\u00e3o de duas viscosidades distintas (1:1 ou 2:1), ficando a prefer\u00eancia do profissional.<\/p>\n<p>De f\u00e1cil homogeneiza\u00e7\u00e3o e excelente consist\u00eancia, o produto tamb\u00e9m apresenta pH alcalino que minimiza efeitos colaterais.<\/p>\n<h2><strong>Orienta\u00e7\u00f5es de aplica\u00e7\u00e3o do Clareador Whiteness Perborato da FGM<\/strong><\/h2>\n<p>* Propor\u00e7\u00e3o ideal para preencher uma cavidade \u00e9 de 1 por\u00e7\u00e3o de p\u00f3 para 1 gota de l\u00edquido. Mas tamb\u00e9m pode-se utilizar a propor\u00e7\u00e3o de 2:1 para uma massa mais viscosa.<br \/>\n* O p\u00f3 permite mistura com \u00e1gua destilada ou soro fisiol\u00f3gico ao inv\u00e9s do per\u00f3xido de hidrog\u00eanio para um pH ainda mais elevado.<br \/>\n* Depois de realizar a mistura, aplicar o produto dentro da c\u00e2mara pulpar com a ajuda de uma esp\u00e1tula pequena.<\/p>\n","protected":false},"excerpt":{"rendered":"<p>Per\u00f3xido de Hidrog\u00eanio \u00e0 20%. Kit com 1 Perborato de S\u00f3dio em p\u00f3 10g, 1 Per\u00f3xido de Hidrog\u00eanio em l\u00edquido 8g e 1 colher dosadora para o p\u00f3. DETALHES &#8211; [&hellip;]<\/p>\n","protected":false},"featured_media":1093,"template":"","meta":[],"product_brand":[],"product_cat":[55,51],"product_tag":[],"class_list":{"0":"post-1092","1":"product","2":"type-product","3":"status-publish","4":"has-post-thumbnail","6":"product_cat-clareador-de-consultorio","7":"product_cat-dentistica-e-estetica","9":"first","10":"instock","11":"shipping-taxable","12":"product-type-simple"},"yoast_head":"<!-- This site is optimized with the Yoast SEO plugin v26.8 - https:\/\/yoast.com\/product\/yoast-seo-wordpress\/ -->\n<title>Clareador Whiteness Perborato - FGM - Fator Dental<\/title>\n<meta name=\"robots\" content=\"index, follow, max-snippet:-1, max-image-preview:large, max-video-preview:-1\" \/>\n<link rel=\"canonical\" href=\"https:\/\/fatordental.com.br\/index.php\/produto\/clareador-whiteness-perborato-fgm\/\" \/>\n<meta property=\"og:locale\" content=\"pt_BR\" \/>\n<meta property=\"og:type\" content=\"article\" \/>\n<meta property=\"og:title\" content=\"Clareador Whiteness Perborato - FGM - Fator Dental\" \/>\n<meta property=\"og:description\" content=\"Per\u00f3xido de Hidrog\u00eanio \u00e0 20%. Kit com 1 Perborato de S\u00f3dio em p\u00f3 10g, 1 Per\u00f3xido de Hidrog\u00eanio em l\u00edquido 8g e 1 colher dosadora para o p\u00f3. DETALHES &#8211; [&hellip;]\" \/>\n<meta property=\"og:url\" content=\"https:\/\/fatordental.com.br\/index.php\/produto\/clareador-whiteness-perborato-fgm\/\" \/>\n<meta property=\"og:site_name\" content=\"Fator Dental\" \/>\n<meta property=\"og:image\" content=\"https:\/\/fatordental.com.br\/wp-content\/uploads\/2023\/02\/clareador-whiteness-perborato-fgm-387483.jpg\" \/>\n\t<meta property=\"og:image:width\" content=\"900\" \/>\n\t<meta property=\"og:image:height\" content=\"900\" \/>\n\t<meta property=\"og:image:type\" content=\"image\/jpeg\" \/>\n<meta name=\"twitter:card\" content=\"summary_large_image\" \/>\n<meta name=\"twitter:label1\" content=\"Est. tempo de leitura\" \/>\n\t<meta name=\"twitter:data1\" content=\"2 minutos\" \/>\n<script type=\"application\/ld+json\" class=\"yoast-schema-graph\">{\"@context\":\"https:\/\/schema.org\",\"@graph\":[{\"@type\":\"WebPage\",\"@id\":\"https:\/\/fatordental.com.br\/index.php\/produto\/clareador-whiteness-perborato-fgm\/\",\"url\":\"https:\/\/fatordental.com.br\/index.php\/produto\/clareador-whiteness-perborato-fgm\/\",\"name\":\"Clareador Whiteness Perborato - FGM - Fator Dental\",\"isPartOf\":{\"@id\":\"https:\/\/fatordental.com.br\/#website\"},\"primaryImageOfPage\":{\"@id\":\"https:\/\/fatordental.com.br\/index.php\/produto\/clareador-whiteness-perborato-fgm\/#primaryimage\"},\"image\":{\"@id\":\"https:\/\/fatordental.com.br\/index.php\/produto\/clareador-whiteness-perborato-fgm\/#primaryimage\"},\"thumbnailUrl\":\"https:\/\/fatordental.com.br\/wp-content\/uploads\/2023\/02\/clareador-whiteness-perborato-fgm-387483.jpg\",\"datePublished\":\"2023-02-21T18:38:33+00:00\",\"breadcrumb\":{\"@id\":\"https:\/\/fatordental.com.br\/index.php\/produto\/clareador-whiteness-perborato-fgm\/#breadcrumb\"},\"inLanguage\":\"pt-BR\",\"potentialAction\":[{\"@type\":\"ReadAction\",\"target\":[\"https:\/\/fatordental.com.br\/index.php\/produto\/clareador-whiteness-perborato-fgm\/\"]}]},{\"@type\":\"ImageObject\",\"inLanguage\":\"pt-BR\",\"@id\":\"https:\/\/fatordental.com.br\/index.php\/produto\/clareador-whiteness-perborato-fgm\/#primaryimage\",\"url\":\"https:\/\/fatordental.com.br\/wp-content\/uploads\/2023\/02\/clareador-whiteness-perborato-fgm-387483.jpg\",\"contentUrl\":\"https:\/\/fatordental.com.br\/wp-content\/uploads\/2023\/02\/clareador-whiteness-perborato-fgm-387483.jpg\",\"width\":900,\"height\":900},{\"@type\":\"BreadcrumbList\",\"@id\":\"https:\/\/fatordental.com.br\/index.php\/produto\/clareador-whiteness-perborato-fgm\/#breadcrumb\",\"itemListElement\":[{\"@type\":\"ListItem\",\"position\":1,\"name\":\"In\u00edcio\",\"item\":\"https:\/\/fatordental.com.br\/\"},{\"@type\":\"ListItem\",\"position\":2,\"name\":\"Produtos\",\"item\":\"https:\/\/fatordental.com.br\/index.php\/produtos\/\"},{\"@type\":\"ListItem\",\"position\":3,\"name\":\"Clareador Whiteness Perborato &#8211; FGM\"}]},{\"@type\":\"WebSite\",\"@id\":\"https:\/\/fatordental.com.br\/#website\",\"url\":\"https:\/\/fatordental.com.br\/\",\"name\":\"Fator Dental\",\"description\":\"Produtos Ondontol\u00f3gicos\",\"publisher\":{\"@id\":\"https:\/\/fatordental.com.br\/#organization\"},\"potentialAction\":[{\"@type\":\"SearchAction\",\"target\":{\"@type\":\"EntryPoint\",\"urlTemplate\":\"https:\/\/fatordental.com.br\/?s={search_term_string}\"},\"query-input\":{\"@type\":\"PropertyValueSpecification\",\"valueRequired\":true,\"valueName\":\"search_term_string\"}}],\"inLanguage\":\"pt-BR\"},{\"@type\":\"Organization\",\"@id\":\"https:\/\/fatordental.com.br\/#organization\",\"name\":\"Fator Dental\",\"url\":\"https:\/\/fatordental.com.br\/\",\"logo\":{\"@type\":\"ImageObject\",\"inLanguage\":\"pt-BR\",\"@id\":\"https:\/\/fatordental.com.br\/#\/schema\/logo\/image\/\",\"url\":\"https:\/\/fatordental.com.br\/wp-content\/uploads\/2023\/02\/logo_fator.png\",\"contentUrl\":\"https:\/\/fatordental.com.br\/wp-content\/uploads\/2023\/02\/logo_fator.png\",\"width\":400,\"height\":256,\"caption\":\"Fator Dental\"},\"image\":{\"@id\":\"https:\/\/fatordental.com.br\/#\/schema\/logo\/image\/\"},\"sameAs\":[\"https:\/\/www.instagram.com\/fatordental\/\"]}]}<\/script>\n<!-- \/ Yoast SEO plugin. -->","yoast_head_json":{"title":"Clareador Whiteness Perborato - FGM - Fator Dental","robots":{"index":"index","follow":"follow","max-snippet":"max-snippet:-1","max-image-preview":"max-image-preview:large","max-video-preview":"max-video-preview:-1"},"canonical":"https:\/\/fatordental.com.br\/index.php\/produto\/clareador-whiteness-perborato-fgm\/","og_locale":"pt_BR","og_type":"article","og_title":"Clareador Whiteness Perborato - FGM - Fator Dental","og_description":"Per\u00f3xido de Hidrog\u00eanio \u00e0 20%. Kit com 1 Perborato de S\u00f3dio em p\u00f3 10g, 1 Per\u00f3xido de Hidrog\u00eanio em l\u00edquido 8g e 1 colher dosadora para o p\u00f3. DETALHES &#8211; [&hellip;]","og_url":"https:\/\/fatordental.com.br\/index.php\/produto\/clareador-whiteness-perborato-fgm\/","og_site_name":"Fator Dental","og_image":[{"width":900,"height":900,"url":"https:\/\/fatordental.com.br\/wp-content\/uploads\/2023\/02\/clareador-whiteness-perborato-fgm-387483.jpg","type":"image\/jpeg"}],"twitter_card":"summary_large_image","twitter_misc":{"Est. tempo de leitura":"2 minutos"},"schema":{"@context":"https:\/\/schema.org","@graph":[{"@type":"WebPage","@id":"https:\/\/fatordental.com.br\/index.php\/produto\/clareador-whiteness-perborato-fgm\/","url":"https:\/\/fatordental.com.br\/index.php\/produto\/clareador-whiteness-perborato-fgm\/","name":"Clareador Whiteness Perborato - FGM - Fator Dental","isPartOf":{"@id":"https:\/\/fatordental.com.br\/#website"},"primaryImageOfPage":{"@id":"https:\/\/fatordental.com.br\/index.php\/produto\/clareador-whiteness-perborato-fgm\/#primaryimage"},"image":{"@id":"https:\/\/fatordental.com.br\/index.php\/produto\/clareador-whiteness-perborato-fgm\/#primaryimage"},"thumbnailUrl":"https:\/\/fatordental.com.br\/wp-content\/uploads\/2023\/02\/clareador-whiteness-perborato-fgm-387483.jpg","datePublished":"2023-02-21T18:38:33+00:00","breadcrumb":{"@id":"https:\/\/fatordental.com.br\/index.php\/produto\/clareador-whiteness-perborato-fgm\/#breadcrumb"},"inLanguage":"pt-BR","potentialAction":[{"@type":"ReadAction","target":["https:\/\/fatordental.com.br\/index.php\/produto\/clareador-whiteness-perborato-fgm\/"]}]},{"@type":"ImageObject","inLanguage":"pt-BR","@id":"https:\/\/fatordental.com.br\/index.php\/produto\/clareador-whiteness-perborato-fgm\/#primaryimage","url":"https:\/\/fatordental.com.br\/wp-content\/uploads\/2023\/02\/clareador-whiteness-perborato-fgm-387483.jpg","contentUrl":"https:\/\/fatordental.com.br\/wp-content\/uploads\/2023\/02\/clareador-whiteness-perborato-fgm-387483.jpg","width":900,"height":900},{"@type":"BreadcrumbList","@id":"https:\/\/fatordental.com.br\/index.php\/produto\/clareador-whiteness-perborato-fgm\/#breadcrumb","itemListElement":[{"@type":"ListItem","position":1,"name":"In\u00edcio","item":"https:\/\/fatordental.com.br\/"},{"@type":"ListItem","position":2,"name":"Produtos","item":"https:\/\/fatordental.com.br\/index.php\/produtos\/"},{"@type":"ListItem","position":3,"name":"Clareador Whiteness Perborato &#8211; FGM"}]},{"@type":"WebSite","@id":"https:\/\/fatordental.com.br\/#website","url":"https:\/\/fatordental.com.br\/","name":"Fator Dental","description":"Produtos Ondontol\u00f3gicos","publisher":{"@id":"https:\/\/fatordental.com.br\/#organization"},"potentialAction":[{"@type":"SearchAction","target":{"@type":"EntryPoint","urlTemplate":"https:\/\/fatordental.com.br\/?s={search_term_string}"},"query-input":{"@type":"PropertyValueSpecification","valueRequired":true,"valueName":"search_term_string"}}],"inLanguage":"pt-BR"},{"@type":"Organization","@id":"https:\/\/fatordental.com.br\/#organization","name":"Fator Dental","url":"https:\/\/fatordental.com.br\/","logo":{"@type":"ImageObject","inLanguage":"pt-BR","@id":"https:\/\/fatordental.com.br\/#\/schema\/logo\/image\/","url":"https:\/\/fatordental.com.br\/wp-content\/uploads\/2023\/02\/logo_fator.png","contentUrl":"https:\/\/fatordental.com.br\/wp-content\/uploads\/2023\/02\/logo_fator.png","width":400,"height":256,"caption":"Fator Dental"},"image":{"@id":"https:\/\/fatordental.com.br\/#\/schema\/logo\/image\/"},"sameAs":["https:\/\/www.instagram.com\/fatordental\/"]}]}},"_links":{"self":[{"href":"https:\/\/fatordental.com.br\/index.php\/wp-json\/wp\/v2\/product\/1092","targetHints":{"allow":["GET"]}}],"collection":[{"href":"https:\/\/fatordental.com.br\/index.php\/wp-json\/wp\/v2\/product"}],"about":[{"href":"https:\/\/fatordental.com.br\/index.php\/wp-json\/wp\/v2\/types\/product"}],"wp:featuredmedia":[{"embeddable":true,"href":"https:\/\/fatordental.com.br\/index.php\/wp-json\/wp\/v2\/media\/1093"}],"wp:attachment":[{"href":"https:\/\/fatordental.com.br\/index.php\/wp-json\/wp\/v2\/media?parent=1092"}],"wp:term":[{"taxonomy":"product_brand","embeddable":true,"href":"https:\/\/fatordental.com.br\/index.php\/wp-json\/wp\/v2\/product_brand?post=1092"},{"taxonomy":"product_cat","embeddable":true,"href":"https:\/\/fatordental.com.br\/index.php\/wp-json\/wp\/v2\/product_cat?post=1092"},{"taxonomy":"product_tag","embeddable":true,"href":"https:\/\/fatordental.com.br\/index.php\/wp-json\/wp\/v2\/product_tag?post=1092"}],"curies":[{"name":"wp","href":"https:\/\/api.w.org\/{rel}","templated":true}]}}