{"id":1088,"date":"2023-02-21T15:24:02","date_gmt":"2023-02-21T18:24:02","guid":{"rendered":"https:\/\/fatordental.com.br\/?post_type=product&#038;p=1088"},"modified":"2023-02-21T15:24:03","modified_gmt":"2023-02-21T18:24:03","slug":"barreira-gengival-potenza-blocco-3-seringa-azul-phs","status":"publish","type":"product","link":"https:\/\/fatordental.com.br\/index.php\/produto\/barreira-gengival-potenza-blocco-3-seringa-azul-phs\/","title":{"rendered":"Barreira Gengival Potenza Blocco 3 Seringa azul &#8211; PHS"},"content":{"rendered":"<p class=\"value\"><strong>Embalagem com 3 seringas de 2,5g cada + 6 ponteiras.<\/strong><\/p>\n<p>&nbsp;<\/p>\n<ul>\n<li><strong>DETALHES<\/strong><\/li>\n<\/ul>\n<p>&#8211; Resina fotopolimeriz\u00e1vel.<br \/>\n&#8211; N\u00e3o irrita a os tecidos gengivais.<br \/>\n&#8211; Possui viscosidade e tixotropia adequados para permitir f\u00e1cil e perfeita cobertura dos tecidos moles, sem escorrer para regi\u00f5es indesej\u00e1veis.<br \/>\n&#8211; Excelente poder de veda\u00e7\u00e3o.<br \/>\n&#8211; Ader\u00eancia m\u00ednima e perfeita sobre a gengiva.<br \/>\n&#8211; N\u00e3o solta da gengiva a menos que for\u00e7ada. Sai por inteiro no momento de retir\u00e1-lo.<br \/>\n&#8211; Manter o produto em sua embalagem original sempre bem fechada.<br \/>\n&#8211; Proteger da incid\u00eancia de luz solar direta.<br \/>\n&#8211; Armazene o produto em temperaturas de 5 a 30\u00b0C.<br \/>\n&#8211; N\u00e3o congelar o produto.<br \/>\n&#8211; Validade: 2 anos.<br \/>\n&#8211; Registro ANVISA: 81199270009.<\/p>\n<ul>\n<li><strong>APLICA\u00c7\u00c3O<\/strong><\/li>\n<\/ul>\n<p>Potenza Blocco \u00e9 uma resina fotopolimeriz\u00e1vel ideal para proteger os tecidos moles que envolvem o dente, evitando o contato dos mesmo com os produtos utilizados no procedimento cl\u00ednico que podem causar irrita\u00e7\u00e3o, como por exemplo o clareamento dental de consult\u00f3rio que utiliza o Per\u00f3xido de Hidrog\u00eanio em concentra\u00e7\u00f5es mais altas para melhorar a performance do resultado. Potenza Blocco tamb\u00e9m pode ser utilizado para procedimentos que envolvem isolamento absoluto.<\/p>\n","protected":false},"excerpt":{"rendered":"<p>Embalagem com 3 seringas de 2,5g cada + 6 ponteiras. &nbsp; DETALHES &#8211; Resina fotopolimeriz\u00e1vel. &#8211; N\u00e3o irrita a os tecidos gengivais. &#8211; Possui viscosidade e tixotropia adequados para permitir [&hellip;]<\/p>\n","protected":false},"featured_media":1089,"template":"","meta":[],"product_brand":[],"product_cat":[96,51],"product_tag":[],"class_list":{"0":"post-1088","1":"product","2":"type-product","3":"status-publish","4":"has-post-thumbnail","6":"product_cat-barreira-gengival","7":"product_cat-dentistica-e-estetica","9":"first","10":"instock","11":"shipping-taxable","12":"product-type-simple"},"yoast_head":"<!-- This site is optimized with the Yoast SEO plugin v26.8 - https:\/\/yoast.com\/product\/yoast-seo-wordpress\/ -->\n<title>Barreira Gengival Potenza Blocco 3 Seringa azul - PHS - Fator Dental<\/title>\n<meta name=\"robots\" content=\"index, follow, max-snippet:-1, max-image-preview:large, max-video-preview:-1\" \/>\n<link rel=\"canonical\" href=\"https:\/\/fatordental.com.br\/index.php\/produto\/barreira-gengival-potenza-blocco-3-seringa-azul-phs\/\" \/>\n<meta property=\"og:locale\" content=\"pt_BR\" \/>\n<meta property=\"og:type\" content=\"article\" \/>\n<meta property=\"og:title\" content=\"Barreira Gengival Potenza Blocco 3 Seringa azul - PHS - Fator Dental\" \/>\n<meta property=\"og:description\" content=\"Embalagem com 3 seringas de 2,5g cada + 6 ponteiras. &nbsp; DETALHES &#8211; Resina fotopolimeriz\u00e1vel. &#8211; N\u00e3o irrita a os tecidos gengivais. &#8211; Possui viscosidade e tixotropia adequados para permitir [&hellip;]\" \/>\n<meta property=\"og:url\" content=\"https:\/\/fatordental.com.br\/index.php\/produto\/barreira-gengival-potenza-blocco-3-seringa-azul-phs\/\" \/>\n<meta property=\"og:site_name\" content=\"Fator Dental\" \/>\n<meta property=\"article:modified_time\" content=\"2023-02-21T18:24:03+00:00\" \/>\n<meta property=\"og:image\" content=\"https:\/\/fatordental.com.br\/wp-content\/uploads\/2023\/02\/BARREIRA-GENGIVAL.jpeg\" \/>\n\t<meta property=\"og:image:width\" content=\"800\" \/>\n\t<meta property=\"og:image:height\" content=\"800\" \/>\n\t<meta property=\"og:image:type\" content=\"image\/jpeg\" \/>\n<meta name=\"twitter:card\" content=\"summary_large_image\" \/>\n<meta name=\"twitter:label1\" content=\"Est. tempo de leitura\" \/>\n\t<meta name=\"twitter:data1\" content=\"1 minuto\" \/>\n<script type=\"application\/ld+json\" class=\"yoast-schema-graph\">{\"@context\":\"https:\/\/schema.org\",\"@graph\":[{\"@type\":\"WebPage\",\"@id\":\"https:\/\/fatordental.com.br\/index.php\/produto\/barreira-gengival-potenza-blocco-3-seringa-azul-phs\/\",\"url\":\"https:\/\/fatordental.com.br\/index.php\/produto\/barreira-gengival-potenza-blocco-3-seringa-azul-phs\/\",\"name\":\"Barreira Gengival Potenza Blocco 3 Seringa azul - PHS - Fator Dental\",\"isPartOf\":{\"@id\":\"https:\/\/fatordental.com.br\/#website\"},\"primaryImageOfPage\":{\"@id\":\"https:\/\/fatordental.com.br\/index.php\/produto\/barreira-gengival-potenza-blocco-3-seringa-azul-phs\/#primaryimage\"},\"image\":{\"@id\":\"https:\/\/fatordental.com.br\/index.php\/produto\/barreira-gengival-potenza-blocco-3-seringa-azul-phs\/#primaryimage\"},\"thumbnailUrl\":\"https:\/\/fatordental.com.br\/wp-content\/uploads\/2023\/02\/BARREIRA-GENGIVAL.jpeg\",\"datePublished\":\"2023-02-21T18:24:02+00:00\",\"dateModified\":\"2023-02-21T18:24:03+00:00\",\"breadcrumb\":{\"@id\":\"https:\/\/fatordental.com.br\/index.php\/produto\/barreira-gengival-potenza-blocco-3-seringa-azul-phs\/#breadcrumb\"},\"inLanguage\":\"pt-BR\",\"potentialAction\":[{\"@type\":\"ReadAction\",\"target\":[\"https:\/\/fatordental.com.br\/index.php\/produto\/barreira-gengival-potenza-blocco-3-seringa-azul-phs\/\"]}]},{\"@type\":\"ImageObject\",\"inLanguage\":\"pt-BR\",\"@id\":\"https:\/\/fatordental.com.br\/index.php\/produto\/barreira-gengival-potenza-blocco-3-seringa-azul-phs\/#primaryimage\",\"url\":\"https:\/\/fatordental.com.br\/wp-content\/uploads\/2023\/02\/BARREIRA-GENGIVAL.jpeg\",\"contentUrl\":\"https:\/\/fatordental.com.br\/wp-content\/uploads\/2023\/02\/BARREIRA-GENGIVAL.jpeg\",\"width\":800,\"height\":800},{\"@type\":\"BreadcrumbList\",\"@id\":\"https:\/\/fatordental.com.br\/index.php\/produto\/barreira-gengival-potenza-blocco-3-seringa-azul-phs\/#breadcrumb\",\"itemListElement\":[{\"@type\":\"ListItem\",\"position\":1,\"name\":\"In\u00edcio\",\"item\":\"https:\/\/fatordental.com.br\/\"},{\"@type\":\"ListItem\",\"position\":2,\"name\":\"Produtos\",\"item\":\"https:\/\/fatordental.com.br\/index.php\/produtos\/\"},{\"@type\":\"ListItem\",\"position\":3,\"name\":\"Barreira Gengival Potenza Blocco 3 Seringa azul &#8211; PHS\"}]},{\"@type\":\"WebSite\",\"@id\":\"https:\/\/fatordental.com.br\/#website\",\"url\":\"https:\/\/fatordental.com.br\/\",\"name\":\"Fator Dental\",\"description\":\"Produtos Ondontol\u00f3gicos\",\"publisher\":{\"@id\":\"https:\/\/fatordental.com.br\/#organization\"},\"potentialAction\":[{\"@type\":\"SearchAction\",\"target\":{\"@type\":\"EntryPoint\",\"urlTemplate\":\"https:\/\/fatordental.com.br\/?s={search_term_string}\"},\"query-input\":{\"@type\":\"PropertyValueSpecification\",\"valueRequired\":true,\"valueName\":\"search_term_string\"}}],\"inLanguage\":\"pt-BR\"},{\"@type\":\"Organization\",\"@id\":\"https:\/\/fatordental.com.br\/#organization\",\"name\":\"Fator Dental\",\"url\":\"https:\/\/fatordental.com.br\/\",\"logo\":{\"@type\":\"ImageObject\",\"inLanguage\":\"pt-BR\",\"@id\":\"https:\/\/fatordental.com.br\/#\/schema\/logo\/image\/\",\"url\":\"https:\/\/fatordental.com.br\/wp-content\/uploads\/2023\/02\/logo_fator.png\",\"contentUrl\":\"https:\/\/fatordental.com.br\/wp-content\/uploads\/2023\/02\/logo_fator.png\",\"width\":400,\"height\":256,\"caption\":\"Fator Dental\"},\"image\":{\"@id\":\"https:\/\/fatordental.com.br\/#\/schema\/logo\/image\/\"},\"sameAs\":[\"https:\/\/www.instagram.com\/fatordental\/\"]}]}<\/script>\n<!-- \/ Yoast SEO plugin. -->","yoast_head_json":{"title":"Barreira Gengival Potenza Blocco 3 Seringa azul - PHS - Fator Dental","robots":{"index":"index","follow":"follow","max-snippet":"max-snippet:-1","max-image-preview":"max-image-preview:large","max-video-preview":"max-video-preview:-1"},"canonical":"https:\/\/fatordental.com.br\/index.php\/produto\/barreira-gengival-potenza-blocco-3-seringa-azul-phs\/","og_locale":"pt_BR","og_type":"article","og_title":"Barreira Gengival Potenza Blocco 3 Seringa azul - PHS - Fator Dental","og_description":"Embalagem com 3 seringas de 2,5g cada + 6 ponteiras. &nbsp; DETALHES &#8211; Resina fotopolimeriz\u00e1vel. &#8211; N\u00e3o irrita a os tecidos gengivais. &#8211; Possui viscosidade e tixotropia adequados para permitir [&hellip;]","og_url":"https:\/\/fatordental.com.br\/index.php\/produto\/barreira-gengival-potenza-blocco-3-seringa-azul-phs\/","og_site_name":"Fator Dental","article_modified_time":"2023-02-21T18:24:03+00:00","og_image":[{"width":800,"height":800,"url":"https:\/\/fatordental.com.br\/wp-content\/uploads\/2023\/02\/BARREIRA-GENGIVAL.jpeg","type":"image\/jpeg"}],"twitter_card":"summary_large_image","twitter_misc":{"Est. tempo de leitura":"1 minuto"},"schema":{"@context":"https:\/\/schema.org","@graph":[{"@type":"WebPage","@id":"https:\/\/fatordental.com.br\/index.php\/produto\/barreira-gengival-potenza-blocco-3-seringa-azul-phs\/","url":"https:\/\/fatordental.com.br\/index.php\/produto\/barreira-gengival-potenza-blocco-3-seringa-azul-phs\/","name":"Barreira Gengival Potenza Blocco 3 Seringa azul - PHS - Fator Dental","isPartOf":{"@id":"https:\/\/fatordental.com.br\/#website"},"primaryImageOfPage":{"@id":"https:\/\/fatordental.com.br\/index.php\/produto\/barreira-gengival-potenza-blocco-3-seringa-azul-phs\/#primaryimage"},"image":{"@id":"https:\/\/fatordental.com.br\/index.php\/produto\/barreira-gengival-potenza-blocco-3-seringa-azul-phs\/#primaryimage"},"thumbnailUrl":"https:\/\/fatordental.com.br\/wp-content\/uploads\/2023\/02\/BARREIRA-GENGIVAL.jpeg","datePublished":"2023-02-21T18:24:02+00:00","dateModified":"2023-02-21T18:24:03+00:00","breadcrumb":{"@id":"https:\/\/fatordental.com.br\/index.php\/produto\/barreira-gengival-potenza-blocco-3-seringa-azul-phs\/#breadcrumb"},"inLanguage":"pt-BR","potentialAction":[{"@type":"ReadAction","target":["https:\/\/fatordental.com.br\/index.php\/produto\/barreira-gengival-potenza-blocco-3-seringa-azul-phs\/"]}]},{"@type":"ImageObject","inLanguage":"pt-BR","@id":"https:\/\/fatordental.com.br\/index.php\/produto\/barreira-gengival-potenza-blocco-3-seringa-azul-phs\/#primaryimage","url":"https:\/\/fatordental.com.br\/wp-content\/uploads\/2023\/02\/BARREIRA-GENGIVAL.jpeg","contentUrl":"https:\/\/fatordental.com.br\/wp-content\/uploads\/2023\/02\/BARREIRA-GENGIVAL.jpeg","width":800,"height":800},{"@type":"BreadcrumbList","@id":"https:\/\/fatordental.com.br\/index.php\/produto\/barreira-gengival-potenza-blocco-3-seringa-azul-phs\/#breadcrumb","itemListElement":[{"@type":"ListItem","position":1,"name":"In\u00edcio","item":"https:\/\/fatordental.com.br\/"},{"@type":"ListItem","position":2,"name":"Produtos","item":"https:\/\/fatordental.com.br\/index.php\/produtos\/"},{"@type":"ListItem","position":3,"name":"Barreira Gengival Potenza Blocco 3 Seringa azul &#8211; PHS"}]},{"@type":"WebSite","@id":"https:\/\/fatordental.com.br\/#website","url":"https:\/\/fatordental.com.br\/","name":"Fator Dental","description":"Produtos Ondontol\u00f3gicos","publisher":{"@id":"https:\/\/fatordental.com.br\/#organization"},"potentialAction":[{"@type":"SearchAction","target":{"@type":"EntryPoint","urlTemplate":"https:\/\/fatordental.com.br\/?s={search_term_string}"},"query-input":{"@type":"PropertyValueSpecification","valueRequired":true,"valueName":"search_term_string"}}],"inLanguage":"pt-BR"},{"@type":"Organization","@id":"https:\/\/fatordental.com.br\/#organization","name":"Fator Dental","url":"https:\/\/fatordental.com.br\/","logo":{"@type":"ImageObject","inLanguage":"pt-BR","@id":"https:\/\/fatordental.com.br\/#\/schema\/logo\/image\/","url":"https:\/\/fatordental.com.br\/wp-content\/uploads\/2023\/02\/logo_fator.png","contentUrl":"https:\/\/fatordental.com.br\/wp-content\/uploads\/2023\/02\/logo_fator.png","width":400,"height":256,"caption":"Fator Dental"},"image":{"@id":"https:\/\/fatordental.com.br\/#\/schema\/logo\/image\/"},"sameAs":["https:\/\/www.instagram.com\/fatordental\/"]}]}},"_links":{"self":[{"href":"https:\/\/fatordental.com.br\/index.php\/wp-json\/wp\/v2\/product\/1088","targetHints":{"allow":["GET"]}}],"collection":[{"href":"https:\/\/fatordental.com.br\/index.php\/wp-json\/wp\/v2\/product"}],"about":[{"href":"https:\/\/fatordental.com.br\/index.php\/wp-json\/wp\/v2\/types\/product"}],"wp:featuredmedia":[{"embeddable":true,"href":"https:\/\/fatordental.com.br\/index.php\/wp-json\/wp\/v2\/media\/1089"}],"wp:attachment":[{"href":"https:\/\/fatordental.com.br\/index.php\/wp-json\/wp\/v2\/media?parent=1088"}],"wp:term":[{"taxonomy":"product_brand","embeddable":true,"href":"https:\/\/fatordental.com.br\/index.php\/wp-json\/wp\/v2\/product_brand?post=1088"},{"taxonomy":"product_cat","embeddable":true,"href":"https:\/\/fatordental.com.br\/index.php\/wp-json\/wp\/v2\/product_cat?post=1088"},{"taxonomy":"product_tag","embeddable":true,"href":"https:\/\/fatordental.com.br\/index.php\/wp-json\/wp\/v2\/product_tag?post=1088"}],"curies":[{"name":"wp","href":"https:\/\/api.w.org\/{rel}","templated":true}]}}