{"id":1084,"date":"2023-02-21T14:56:31","date_gmt":"2023-02-21T17:56:31","guid":{"rendered":"https:\/\/fatordental.com.br\/?post_type=product&#038;p=1084"},"modified":"2023-02-21T14:56:32","modified_gmt":"2023-02-21T17:56:32","slug":"kit-resina-z100-adesivo-adper-single-bond-2-3m","status":"publish","type":"product","link":"https:\/\/fatordental.com.br\/index.php\/produto\/kit-resina-z100-adesivo-adper-single-bond-2-3m\/","title":{"rendered":"Kit Resina Z100 + Adesivo Adper Single Bond 2 &#8211; 3M"},"content":{"rendered":"<p class=\"value\"><strong>Kit com 4 seringas da Resina Z100 de 4g nas cores A1, A2, A3 e A3.5 (sendo 1 de cada) e 1 frasco de 6g do Adesivo Adper Single Bond 2.<\/strong><\/p>\n<ul>\n<li><strong>DETALHES<\/strong><\/li>\n<\/ul>\n<p><strong>Resina Z100<\/strong><\/p>\n<p><span class=\"TextRun SCXW162794413 BCX8\" lang=\"PT-BR\" xml:lang=\"PT-BR\" data-contrast=\"auto\"><span class=\"NormalTextRun SCXW162794413 BCX8\">&#8211; Consist\u00eancia: Composta.<\/span><\/span><span class=\"LineBreakBlob BlobObject DragDrop SCXW162794413 BCX8\"><span class=\"SCXW162794413 BCX8\">\u00a0<\/span><br class=\"SCXW162794413 BCX8\" \/><\/span><\/p>\n<p><span class=\"TextRun SCXW162794413 BCX8\" lang=\"PT-BR\" xml:lang=\"PT-BR\" data-contrast=\"auto\"><span class=\"NormalTextRun SCXW162794413 BCX8\">&#8211; Preenchimento: 2,5mm.<\/span><\/span><span class=\"LineBreakBlob BlobObject DragDrop SCXW162794413 BCX8\"><span class=\"SCXW162794413 BCX8\">\u00a0<\/span><br class=\"SCXW162794413 BCX8\" \/><\/span><\/p>\n<p><span class=\"TextRun SCXW162794413 BCX8\" lang=\"PT-BR\" xml:lang=\"PT-BR\" data-contrast=\"auto\"><span class=\"NormalTextRun SCXW162794413 BCX8\">&#8211; Restaurador universal <\/span><span class=\"NormalTextRun SpellingErrorV2Themed SCXW162794413 BCX8\">microh\u00edbrido<\/span><span class=\"NormalTextRun SCXW162794413 BCX8\">.<\/span><\/span><span class=\"LineBreakBlob BlobObject DragDrop SCXW162794413 BCX8\"><span class=\"SCXW162794413 BCX8\">\u00a0<\/span><br class=\"SCXW162794413 BCX8\" \/><\/span><\/p>\n<p><span class=\"TextRun SCXW162794413 BCX8\" lang=\"PT-BR\" xml:lang=\"PT-BR\" data-contrast=\"auto\"><span class=\"NormalTextRun SCXW162794413 BCX8\">&#8211; Composi\u00e7\u00e3o: TEGDMA, <\/span><span class=\"NormalTextRun SpellingErrorV2Themed SCXW162794413 BCX8\">BisGMA<\/span><span class=\"NormalTextRun SCXW162794413 BCX8\">, Cer\u00e2mica silanizada tratada, 2-Benzotriazolil-4-metilfenol.<\/span><\/span><span class=\"LineBreakBlob BlobObject DragDrop SCXW162794413 BCX8\"><span class=\"SCXW162794413 BCX8\">\u00a0<\/span><br class=\"SCXW162794413 BCX8\" \/><\/span><\/p>\n<p><span class=\"TextRun SCXW162794413 BCX8\" lang=\"PT-BR\" xml:lang=\"PT-BR\" data-contrast=\"auto\"><span class=\"NormalTextRun SCXW162794413 BCX8\">&#8211; Elevada resist\u00eancia ao desgaste<\/span><span class=\"NormalTextRun SCXW162794413 BCX8\">\u00a0para uso\u00a0<\/span><span class=\"NormalTextRun SCXW162794413 BCX8\">em \u00e1reas extensas e\u00a0<\/span><span class=\"NormalTextRun SCXW162794413 BCX8\">de<\/span>\u00a0<span class=\"NormalTextRun SCXW162794413 BCX8\">elevado<\/span><span class=\"NormalTextRun SCXW162794413 BCX8\">\u00a0esfor\u00e7o mastigat\u00f3rio<\/span><span class=\"NormalTextRun SCXW162794413 BCX8\">.<\/span><\/span><span class=\"LineBreakBlob BlobObject DragDrop SCXW162794413 BCX8\"><span class=\"SCXW162794413 BCX8\">\u00a0<\/span><br class=\"SCXW162794413 BCX8\" \/><\/span><\/p>\n<p><span class=\"TextRun SCXW162794413 BCX8\" lang=\"PT-BR\" xml:lang=\"PT-BR\" data-contrast=\"auto\"><span class=\"NormalTextRun SCXW162794413 BCX8\">\u00a0&#8211; El<\/span><span class=\"NormalTextRun SCXW162794413 BCX8\">evada dureza<\/span><span class=\"NormalTextRun SCXW162794413 BCX8\">.<\/span><\/span><span class=\"LineBreakBlob BlobObject DragDrop SCXW162794413 BCX8\"><span class=\"SCXW162794413 BCX8\">\u00a0<\/span><br class=\"SCXW162794413 BCX8\" \/><\/span><\/p>\n<p><span class=\"TextRun SCXW162794413 BCX8\" lang=\"PT-BR\" xml:lang=\"PT-BR\" data-contrast=\"auto\"><span class=\"NormalTextRun SCXW162794413 BCX8\">&#8211; R<\/span><span class=\"NormalTextRun SCXW162794413 BCX8\">esist\u00eancia \u00e0 compress\u00e3o e \u00e0 fratura<\/span><span class=\"NormalTextRun SCXW162794413 BCX8\">.<\/span><\/span><span class=\"LineBreakBlob BlobObject DragDrop SCXW162794413 BCX8\"><span class=\"SCXW162794413 BCX8\">\u00a0<\/span><br class=\"SCXW162794413 BCX8\" \/><\/span><\/p>\n<p><span class=\"TextRun SCXW162794413 BCX8\" lang=\"PT-BR\" xml:lang=\"PT-BR\" data-contrast=\"auto\"><span class=\"NormalTextRun SCXW162794413 BCX8\">&#8211; Efeito camale\u00f4nico<\/span><span class=\"NormalTextRun SCXW162794413 BCX8\">\u00a0que<\/span><span class=\"NormalTextRun SCXW162794413 BCX8\">\u00a0imita as estruturas dentais<\/span><span class=\"NormalTextRun SCXW162794413 BCX8\">.<\/span><\/span><span class=\"LineBreakBlob BlobObject DragDrop SCXW162794413 BCX8\"><span class=\"SCXW162794413 BCX8\">\u00a0<\/span><br class=\"SCXW162794413 BCX8\" \/><\/span><\/p>\n<p><span class=\"TextRun SCXW162794413 BCX8\" lang=\"PT-BR\" xml:lang=\"PT-BR\" data-contrast=\"auto\"><span class=\"NormalTextRun SCXW162794413 BCX8\">&#8211; Proporciona f\u00e1cil c<\/span><span class=\"NormalTextRun SCXW162794413 BCX8\">onfec\u00e7\u00e3o de restaura\u00e7\u00f5es com boa est\u00e9tica, atrav\u00e9s de t\u00e9cnica simplificada<\/span><span class=\"NormalTextRun SCXW162794413 BCX8\">.<\/span><\/span><span class=\"LineBreakBlob BlobObject DragDrop SCXW162794413 BCX8\"><span class=\"SCXW162794413 BCX8\">\u00a0<\/span><br class=\"SCXW162794413 BCX8\" \/><\/span><\/p>\n<p><span class=\"TextRun SCXW162794413 BCX8\" lang=\"PT-BR\" xml:lang=\"PT-BR\" data-contrast=\"auto\"><span class=\"NormalTextRun SCXW162794413 BCX8\">&#8211; Carga em zirc\u00f4nia e s\u00edlica <\/span><span class=\"NormalTextRun SCXW162794413 BCX8\">para<\/span><span class=\"NormalTextRun SCXW162794413 BCX8\">\u00a0elevadas propriedades mec\u00e2nicas.<\/span><\/span><span class=\"LineBreakBlob BlobObject DragDrop SCXW162794413 BCX8\"><span class=\"SCXW162794413 BCX8\">\u00a0<\/span><br class=\"SCXW162794413 BCX8\" \/><\/span><\/p>\n<p><span class=\"TextRun SCXW162794413 BCX8\" lang=\"PT-BR\" xml:lang=\"PT-BR\" data-contrast=\"auto\"><span class=\"NormalTextRun SCXW162794413 BCX8\">\u00a0&#8211; Sistema de cores simplificad<\/span><span class=\"NormalTextRun SCXW162794413 BCX8\">o.<\/span><\/span><span class=\"LineBreakBlob BlobObject DragDrop SCXW162794413 BCX8\"><span class=\"SCXW162794413 BCX8\">\u00a0<\/span><br class=\"SCXW162794413 BCX8\" \/><\/span><\/p>\n<p><span class=\"TextRun SCXW162794413 BCX8\" lang=\"PT-BR\" xml:lang=\"PT-BR\" data-contrast=\"auto\"><span class=\"NormalTextRun SCXW162794413 BCX8\">&#8211; Maior fluoresc\u00eancia.<\/span><\/span><span class=\"LineBreakBlob BlobObject DragDrop SCXW162794413 BCX8\"><span class=\"SCXW162794413 BCX8\">\u00a0<\/span><\/span><span class=\"LineBreakBlob BlobObject DragDrop SCXW162794413 BCX8\"><br class=\"SCXW162794413 BCX8\" \/><\/span><\/p>\n<p><span class=\"TextRun SCXW162794413 BCX8\" lang=\"PT-BR\" xml:lang=\"PT-BR\" data-contrast=\"auto\"><span class=\"NormalTextRun SCXW162794413 BCX8\">&#8211; Registro ANVISA: 80284930215.<\/span><\/span><span class=\"EOP SCXW162794413 BCX8\" data-ccp-props=\"{&quot;201341983&quot;:0,&quot;335559739&quot;:160,&quot;335559740&quot;:259}\">\u00a0<\/span><\/p>\n<p><strong><span class=\"EOP SCXW162794413 BCX8\" data-ccp-props=\"{&quot;201341983&quot;:0,&quot;335559739&quot;:160,&quot;335559740&quot;:259}\">Adesivo Adper Single Bond 2<\/span><\/strong><\/p>\n<p><span class=\"EOP SCXW162794413 BCX8\" data-ccp-props=\"{&quot;201341983&quot;:0,&quot;335559739&quot;:160,&quot;335559740&quot;:259}\">&#8211; Pr\u00e1tico: primer e adesivo em um s\u00f3 frasco.<br \/>\n<\/span><\/p>\n<p><span class=\"EOP SCXW162794413 BCX8\" data-ccp-props=\"{&quot;201341983&quot;:0,&quot;335559739&quot;:160,&quot;335559740&quot;:259}\">&#8211; Solvente \u00e0 base de \u00e1gua e \u00e1lcool: n\u00e3o evapora como a acetona.<br \/>\n<\/span><\/p>\n<p><span class=\"EOP SCXW162794413 BCX8\" data-ccp-props=\"{&quot;201341983&quot;:0,&quot;335559739&quot;:160,&quot;335559740&quot;:259}\">&#8211; Alto rendimento: o frasco de 6g rende at\u00e9 280 gotas = 280 restaura\u00e7\u00f5es.<br \/>\n<\/span><\/p>\n<p><span class=\"EOP SCXW162794413 BCX8\" data-ccp-props=\"{&quot;201341983&quot;:0,&quot;335559739&quot;:160,&quot;335559740&quot;:259}\">&#8211; N\u00e3o \u00e9 necess\u00e1rio agitar o frasco antes do uso.<br \/>\n<\/span><\/p>\n<p><span class=\"EOP SCXW162794413 BCX8\" data-ccp-props=\"{&quot;201341983&quot;:0,&quot;335559739&quot;:160,&quot;335559740&quot;:259}\">&#8211; Menor sensibilidade t\u00e9cnica, menor sensibilidade p\u00f3s-operat\u00f3ria.<br \/>\n<\/span><\/p>\n<p><span class=\"EOP SCXW162794413 BCX8\" data-ccp-props=\"{&quot;201341983&quot;:0,&quot;335559739&quot;:160,&quot;335559740&quot;:259}\">&#8211; Frasco com tampa &#8220;flip top&#8221;: evita desperd\u00edcio e pode ser manuseado apenas com uma m\u00e3o das m\u00e3os.<br \/>\n<\/span><\/p>\n<p><span class=\"EOP SCXW162794413 BCX8\" data-ccp-props=\"{&quot;201341983&quot;:0,&quot;335559739&quot;:160,&quot;335559740&quot;:259}\">&#8211; Excelente ades\u00e3o \u00e0 dentina e ao esmalte.<\/span><\/p>\n<ul>\n<li><strong>APLICA\u00c7\u00c3O<\/strong><\/li>\n<\/ul>\n<p><span data-contrast=\"auto\">A\u00a0<\/span><strong><span data-contrast=\"auto\">Resina Z100\u2122\u00a0<\/span><\/strong><span data-contrast=\"auto\">da\u00a0<\/span><a href=\"https:\/\/www.dentalcremer.com.br\/super-loja\/3m.html\" target=\"_blank\" rel=\"noopener\"><strong>3M<\/strong><\/a>\u00a0<span data-contrast=\"auto\">\u00e9 uma resina microh\u00edbrida cl\u00e1ssica da marca que conta com alta resist\u00eancia ao desgaste e dureza. Seu efeito camale\u00f4nico se assemelha as estruturas dentais e prop\u00f5e ao profissional maior facilidade na confec\u00e7\u00e3o de restaura\u00e7\u00f5es com \u00f3tima est\u00e9tica. Entre suas indica\u00e7\u00f5es de uso, est\u00e3o:<\/span><span data-ccp-props=\"{&quot;134233117&quot;:true,&quot;134233118&quot;:true,&quot;201341983&quot;:0,&quot;335559740&quot;:240}\">\u00a0<\/span><\/p>\n<p><span data-contrast=\"auto\">* Restaura\u00e7\u00f5es diretas em dentes anteriores e posteriores em Classes I, II, III, IV e V, incluindo superf\u00edcies oclusais.<\/span><br \/>\n<span data-contrast=\"auto\">* Restaura\u00e7\u00f5es indiretas (inlays, onlays e facetas).<\/span><br \/>\n<span data-contrast=\"auto\">* Esplintagem de dentes com mobilidade.<\/span><br \/>\n<span data-contrast=\"auto\">* Fechamento de diastemas.<\/span><br \/>\n<span data-contrast=\"auto\">* Confec\u00e7\u00e3o de n\u00facleos de preenchimento.<\/span><br \/>\n<span data-contrast=\"auto\">* Moldagens de transfer\u00eancia (copings e transferentes de implantes).<\/span><span data-ccp-props=\"{&quot;134233117&quot;:true,&quot;134233118&quot;:true,&quot;201341983&quot;:0,&quot;335559740&quot;:240}\">\u00a0<\/span><\/p>\n<p><span data-ccp-props=\"{&quot;134233117&quot;:true,&quot;134233118&quot;:true,&quot;201341983&quot;:0,&quot;335559740&quot;:240}\">E o\u00a0<strong>Adesivo Adper Single Bond 2 3M\u00a0<\/strong>\u00e9 um sistema adesivo fotopolimeriz\u00e1vel com nanotecnologia, suas cargas proporcionam \u00f3tima ades\u00e3o \u00e0 dentina e ao esmalte dos dentes em procedimentos de restaura\u00e7\u00f5es diretas e indiretas. Pode ser usado em diferentes t\u00e9cnicas adesivas, como restaura\u00e7\u00f5es das classes I, II, III,\u00a0IV\u00a0e V; reparos em porcelana e resinas; dessensibiliza\u00e7\u00e3o de ra\u00edzes expostas; cimenta\u00e7\u00e3o de restaura\u00e7\u00f5es indiretas e cimenta\u00e7\u00e3o de facetas e como cimento resinoso adesivo, em coroas, pinos intraradiculares, inlays e onlays.<\/span><\/p>\n","protected":false},"excerpt":{"rendered":"<p>Kit com 4 seringas da Resina Z100 de 4g nas cores A1, A2, A3 e A3.5 (sendo 1 de cada) e 1 frasco de 6g do Adesivo Adper Single Bond [&hellip;]<\/p>\n","protected":false},"featured_media":1085,"template":"","meta":[],"product_brand":[],"product_cat":[51,70],"product_tag":[],"class_list":{"0":"post-1084","1":"product","2":"type-product","3":"status-publish","4":"has-post-thumbnail","6":"product_cat-dentistica-e-estetica","7":"product_cat-resina-composta","9":"first","10":"instock","11":"shipping-taxable","12":"product-type-simple"},"yoast_head":"<!-- This site is optimized with the Yoast SEO plugin v26.8 - https:\/\/yoast.com\/product\/yoast-seo-wordpress\/ -->\n<title>Kit Resina Z100 + Adesivo Adper Single Bond 2 - 3M - Fator Dental<\/title>\n<meta name=\"robots\" content=\"index, follow, max-snippet:-1, max-image-preview:large, max-video-preview:-1\" \/>\n<link rel=\"canonical\" href=\"https:\/\/fatordental.com.br\/index.php\/produto\/kit-resina-z100-adesivo-adper-single-bond-2-3m\/\" \/>\n<meta property=\"og:locale\" content=\"pt_BR\" \/>\n<meta property=\"og:type\" content=\"article\" \/>\n<meta property=\"og:title\" content=\"Kit Resina Z100 + Adesivo Adper Single Bond 2 - 3M - Fator Dental\" \/>\n<meta property=\"og:description\" content=\"Kit com 4 seringas da Resina Z100 de 4g nas cores A1, A2, A3 e A3.5 (sendo 1 de cada) e 1 frasco de 6g do Adesivo Adper Single Bond [&hellip;]\" \/>\n<meta property=\"og:url\" content=\"https:\/\/fatordental.com.br\/index.php\/produto\/kit-resina-z100-adesivo-adper-single-bond-2-3m\/\" \/>\n<meta property=\"og:site_name\" content=\"Fator Dental\" \/>\n<meta property=\"article:modified_time\" content=\"2023-02-21T17:56:32+00:00\" \/>\n<meta property=\"og:image\" content=\"https:\/\/fatordental.com.br\/wp-content\/uploads\/2023\/02\/kit-resina-z100-adesivo-adper-single-bond-2-6g-3m.jpg\" \/>\n\t<meta property=\"og:image:width\" content=\"800\" \/>\n\t<meta property=\"og:image:height\" content=\"800\" \/>\n\t<meta property=\"og:image:type\" content=\"image\/jpeg\" \/>\n<meta name=\"twitter:card\" content=\"summary_large_image\" \/>\n<meta name=\"twitter:label1\" content=\"Est. tempo de leitura\" \/>\n\t<meta name=\"twitter:data1\" content=\"3 minutos\" \/>\n<script type=\"application\/ld+json\" class=\"yoast-schema-graph\">{\"@context\":\"https:\/\/schema.org\",\"@graph\":[{\"@type\":\"WebPage\",\"@id\":\"https:\/\/fatordental.com.br\/index.php\/produto\/kit-resina-z100-adesivo-adper-single-bond-2-3m\/\",\"url\":\"https:\/\/fatordental.com.br\/index.php\/produto\/kit-resina-z100-adesivo-adper-single-bond-2-3m\/\",\"name\":\"Kit Resina Z100 + Adesivo Adper Single Bond 2 - 3M - Fator Dental\",\"isPartOf\":{\"@id\":\"https:\/\/fatordental.com.br\/#website\"},\"primaryImageOfPage\":{\"@id\":\"https:\/\/fatordental.com.br\/index.php\/produto\/kit-resina-z100-adesivo-adper-single-bond-2-3m\/#primaryimage\"},\"image\":{\"@id\":\"https:\/\/fatordental.com.br\/index.php\/produto\/kit-resina-z100-adesivo-adper-single-bond-2-3m\/#primaryimage\"},\"thumbnailUrl\":\"https:\/\/fatordental.com.br\/wp-content\/uploads\/2023\/02\/kit-resina-z100-adesivo-adper-single-bond-2-6g-3m.jpg\",\"datePublished\":\"2023-02-21T17:56:31+00:00\",\"dateModified\":\"2023-02-21T17:56:32+00:00\",\"breadcrumb\":{\"@id\":\"https:\/\/fatordental.com.br\/index.php\/produto\/kit-resina-z100-adesivo-adper-single-bond-2-3m\/#breadcrumb\"},\"inLanguage\":\"pt-BR\",\"potentialAction\":[{\"@type\":\"ReadAction\",\"target\":[\"https:\/\/fatordental.com.br\/index.php\/produto\/kit-resina-z100-adesivo-adper-single-bond-2-3m\/\"]}]},{\"@type\":\"ImageObject\",\"inLanguage\":\"pt-BR\",\"@id\":\"https:\/\/fatordental.com.br\/index.php\/produto\/kit-resina-z100-adesivo-adper-single-bond-2-3m\/#primaryimage\",\"url\":\"https:\/\/fatordental.com.br\/wp-content\/uploads\/2023\/02\/kit-resina-z100-adesivo-adper-single-bond-2-6g-3m.jpg\",\"contentUrl\":\"https:\/\/fatordental.com.br\/wp-content\/uploads\/2023\/02\/kit-resina-z100-adesivo-adper-single-bond-2-6g-3m.jpg\",\"width\":800,\"height\":800},{\"@type\":\"BreadcrumbList\",\"@id\":\"https:\/\/fatordental.com.br\/index.php\/produto\/kit-resina-z100-adesivo-adper-single-bond-2-3m\/#breadcrumb\",\"itemListElement\":[{\"@type\":\"ListItem\",\"position\":1,\"name\":\"In\u00edcio\",\"item\":\"https:\/\/fatordental.com.br\/\"},{\"@type\":\"ListItem\",\"position\":2,\"name\":\"Produtos\",\"item\":\"https:\/\/fatordental.com.br\/index.php\/produtos\/\"},{\"@type\":\"ListItem\",\"position\":3,\"name\":\"Kit Resina Z100 + Adesivo Adper Single Bond 2 &#8211; 3M\"}]},{\"@type\":\"WebSite\",\"@id\":\"https:\/\/fatordental.com.br\/#website\",\"url\":\"https:\/\/fatordental.com.br\/\",\"name\":\"Fator Dental\",\"description\":\"Produtos Ondontol\u00f3gicos\",\"publisher\":{\"@id\":\"https:\/\/fatordental.com.br\/#organization\"},\"potentialAction\":[{\"@type\":\"SearchAction\",\"target\":{\"@type\":\"EntryPoint\",\"urlTemplate\":\"https:\/\/fatordental.com.br\/?s={search_term_string}\"},\"query-input\":{\"@type\":\"PropertyValueSpecification\",\"valueRequired\":true,\"valueName\":\"search_term_string\"}}],\"inLanguage\":\"pt-BR\"},{\"@type\":\"Organization\",\"@id\":\"https:\/\/fatordental.com.br\/#organization\",\"name\":\"Fator Dental\",\"url\":\"https:\/\/fatordental.com.br\/\",\"logo\":{\"@type\":\"ImageObject\",\"inLanguage\":\"pt-BR\",\"@id\":\"https:\/\/fatordental.com.br\/#\/schema\/logo\/image\/\",\"url\":\"https:\/\/fatordental.com.br\/wp-content\/uploads\/2023\/02\/logo_fator.png\",\"contentUrl\":\"https:\/\/fatordental.com.br\/wp-content\/uploads\/2023\/02\/logo_fator.png\",\"width\":400,\"height\":256,\"caption\":\"Fator Dental\"},\"image\":{\"@id\":\"https:\/\/fatordental.com.br\/#\/schema\/logo\/image\/\"},\"sameAs\":[\"https:\/\/www.instagram.com\/fatordental\/\"]}]}<\/script>\n<!-- \/ Yoast SEO plugin. -->","yoast_head_json":{"title":"Kit Resina Z100 + Adesivo Adper Single Bond 2 - 3M - Fator Dental","robots":{"index":"index","follow":"follow","max-snippet":"max-snippet:-1","max-image-preview":"max-image-preview:large","max-video-preview":"max-video-preview:-1"},"canonical":"https:\/\/fatordental.com.br\/index.php\/produto\/kit-resina-z100-adesivo-adper-single-bond-2-3m\/","og_locale":"pt_BR","og_type":"article","og_title":"Kit Resina Z100 + Adesivo Adper Single Bond 2 - 3M - Fator Dental","og_description":"Kit com 4 seringas da Resina Z100 de 4g nas cores A1, A2, A3 e A3.5 (sendo 1 de cada) e 1 frasco de 6g do Adesivo Adper Single Bond [&hellip;]","og_url":"https:\/\/fatordental.com.br\/index.php\/produto\/kit-resina-z100-adesivo-adper-single-bond-2-3m\/","og_site_name":"Fator Dental","article_modified_time":"2023-02-21T17:56:32+00:00","og_image":[{"width":800,"height":800,"url":"https:\/\/fatordental.com.br\/wp-content\/uploads\/2023\/02\/kit-resina-z100-adesivo-adper-single-bond-2-6g-3m.jpg","type":"image\/jpeg"}],"twitter_card":"summary_large_image","twitter_misc":{"Est. tempo de leitura":"3 minutos"},"schema":{"@context":"https:\/\/schema.org","@graph":[{"@type":"WebPage","@id":"https:\/\/fatordental.com.br\/index.php\/produto\/kit-resina-z100-adesivo-adper-single-bond-2-3m\/","url":"https:\/\/fatordental.com.br\/index.php\/produto\/kit-resina-z100-adesivo-adper-single-bond-2-3m\/","name":"Kit Resina Z100 + Adesivo Adper Single Bond 2 - 3M - Fator Dental","isPartOf":{"@id":"https:\/\/fatordental.com.br\/#website"},"primaryImageOfPage":{"@id":"https:\/\/fatordental.com.br\/index.php\/produto\/kit-resina-z100-adesivo-adper-single-bond-2-3m\/#primaryimage"},"image":{"@id":"https:\/\/fatordental.com.br\/index.php\/produto\/kit-resina-z100-adesivo-adper-single-bond-2-3m\/#primaryimage"},"thumbnailUrl":"https:\/\/fatordental.com.br\/wp-content\/uploads\/2023\/02\/kit-resina-z100-adesivo-adper-single-bond-2-6g-3m.jpg","datePublished":"2023-02-21T17:56:31+00:00","dateModified":"2023-02-21T17:56:32+00:00","breadcrumb":{"@id":"https:\/\/fatordental.com.br\/index.php\/produto\/kit-resina-z100-adesivo-adper-single-bond-2-3m\/#breadcrumb"},"inLanguage":"pt-BR","potentialAction":[{"@type":"ReadAction","target":["https:\/\/fatordental.com.br\/index.php\/produto\/kit-resina-z100-adesivo-adper-single-bond-2-3m\/"]}]},{"@type":"ImageObject","inLanguage":"pt-BR","@id":"https:\/\/fatordental.com.br\/index.php\/produto\/kit-resina-z100-adesivo-adper-single-bond-2-3m\/#primaryimage","url":"https:\/\/fatordental.com.br\/wp-content\/uploads\/2023\/02\/kit-resina-z100-adesivo-adper-single-bond-2-6g-3m.jpg","contentUrl":"https:\/\/fatordental.com.br\/wp-content\/uploads\/2023\/02\/kit-resina-z100-adesivo-adper-single-bond-2-6g-3m.jpg","width":800,"height":800},{"@type":"BreadcrumbList","@id":"https:\/\/fatordental.com.br\/index.php\/produto\/kit-resina-z100-adesivo-adper-single-bond-2-3m\/#breadcrumb","itemListElement":[{"@type":"ListItem","position":1,"name":"In\u00edcio","item":"https:\/\/fatordental.com.br\/"},{"@type":"ListItem","position":2,"name":"Produtos","item":"https:\/\/fatordental.com.br\/index.php\/produtos\/"},{"@type":"ListItem","position":3,"name":"Kit Resina Z100 + Adesivo Adper Single Bond 2 &#8211; 3M"}]},{"@type":"WebSite","@id":"https:\/\/fatordental.com.br\/#website","url":"https:\/\/fatordental.com.br\/","name":"Fator Dental","description":"Produtos Ondontol\u00f3gicos","publisher":{"@id":"https:\/\/fatordental.com.br\/#organization"},"potentialAction":[{"@type":"SearchAction","target":{"@type":"EntryPoint","urlTemplate":"https:\/\/fatordental.com.br\/?s={search_term_string}"},"query-input":{"@type":"PropertyValueSpecification","valueRequired":true,"valueName":"search_term_string"}}],"inLanguage":"pt-BR"},{"@type":"Organization","@id":"https:\/\/fatordental.com.br\/#organization","name":"Fator Dental","url":"https:\/\/fatordental.com.br\/","logo":{"@type":"ImageObject","inLanguage":"pt-BR","@id":"https:\/\/fatordental.com.br\/#\/schema\/logo\/image\/","url":"https:\/\/fatordental.com.br\/wp-content\/uploads\/2023\/02\/logo_fator.png","contentUrl":"https:\/\/fatordental.com.br\/wp-content\/uploads\/2023\/02\/logo_fator.png","width":400,"height":256,"caption":"Fator Dental"},"image":{"@id":"https:\/\/fatordental.com.br\/#\/schema\/logo\/image\/"},"sameAs":["https:\/\/www.instagram.com\/fatordental\/"]}]}},"_links":{"self":[{"href":"https:\/\/fatordental.com.br\/index.php\/wp-json\/wp\/v2\/product\/1084","targetHints":{"allow":["GET"]}}],"collection":[{"href":"https:\/\/fatordental.com.br\/index.php\/wp-json\/wp\/v2\/product"}],"about":[{"href":"https:\/\/fatordental.com.br\/index.php\/wp-json\/wp\/v2\/types\/product"}],"wp:featuredmedia":[{"embeddable":true,"href":"https:\/\/fatordental.com.br\/index.php\/wp-json\/wp\/v2\/media\/1085"}],"wp:attachment":[{"href":"https:\/\/fatordental.com.br\/index.php\/wp-json\/wp\/v2\/media?parent=1084"}],"wp:term":[{"taxonomy":"product_brand","embeddable":true,"href":"https:\/\/fatordental.com.br\/index.php\/wp-json\/wp\/v2\/product_brand?post=1084"},{"taxonomy":"product_cat","embeddable":true,"href":"https:\/\/fatordental.com.br\/index.php\/wp-json\/wp\/v2\/product_cat?post=1084"},{"taxonomy":"product_tag","embeddable":true,"href":"https:\/\/fatordental.com.br\/index.php\/wp-json\/wp\/v2\/product_tag?post=1084"}],"curies":[{"name":"wp","href":"https:\/\/api.w.org\/{rel}","templated":true}]}}