{"id":1076,"date":"2023-02-20T13:57:56","date_gmt":"2023-02-20T16:57:56","guid":{"rendered":"https:\/\/fatordental.com.br\/?post_type=product&#038;p=1076"},"modified":"2023-02-20T13:57:56","modified_gmt":"2023-02-20T16:57:56","slug":"pigmento-para-resina-foto-epic-branco-biodinamica","status":"publish","type":"product","link":"https:\/\/fatordental.com.br\/index.php\/produto\/pigmento-para-resina-foto-epic-branco-biodinamica\/","title":{"rendered":"Pigmento para Resina Foto Epic Branco &#8211; Biodin\u00e2mica"},"content":{"rendered":"<p class=\"value\"><strong>Serinha de 2g.<\/strong><\/p>\n<ul>\n<li><strong>DETALHES<\/strong><\/li>\n<\/ul>\n<p>&#8211; Pode ser usado em resinas compostas e em dentes naturais.<br \/>\n&#8211; Para restaura\u00e7\u00f5es diretas, indiretas e substrato dent\u00e1rio.<br \/>\n&#8211; \u00d3tima mimetiza\u00e7\u00e3o.<br \/>\n&#8211; Fotopolimeriz\u00e1vel.<br \/>\n&#8211; Cores dispon\u00edveis permitem reproduzir o aspecto natural do dente.<br \/>\n&#8211; Validade: 36 meses.<br \/>\n&#8211; Registro ANVISA: 10298550210.<\/p>\n<ul>\n<li><strong>APLICA\u00c7\u00c3O<\/strong><\/li>\n<\/ul>\n<p>Pigmento fotopolimeriz\u00e1vel para caracteriza\u00e7\u00e3o de restaura\u00e7\u00f5es em resina composta.<\/p>\n","protected":false},"excerpt":{"rendered":"<p>Serinha de 2g. DETALHES &#8211; Pode ser usado em resinas compostas e em dentes naturais. &#8211; Para restaura\u00e7\u00f5es diretas, indiretas e substrato dent\u00e1rio. &#8211; \u00d3tima mimetiza\u00e7\u00e3o. &#8211; Fotopolimeriz\u00e1vel. &#8211; Cores [&hellip;]<\/p>\n","protected":false},"featured_media":1075,"template":"","meta":[],"product_brand":[],"product_cat":[51,70],"product_tag":[],"class_list":{"0":"post-1076","1":"product","2":"type-product","3":"status-publish","4":"has-post-thumbnail","6":"product_cat-dentistica-e-estetica","7":"product_cat-resina-composta","9":"first","10":"instock","11":"shipping-taxable","12":"product-type-simple"},"yoast_head":"<!-- This site is optimized with the Yoast SEO plugin v26.8 - https:\/\/yoast.com\/product\/yoast-seo-wordpress\/ -->\n<title>Pigmento para Resina Foto Epic Branco - Biodin\u00e2mica - Fator Dental<\/title>\n<meta name=\"robots\" content=\"index, follow, max-snippet:-1, max-image-preview:large, max-video-preview:-1\" \/>\n<link rel=\"canonical\" href=\"https:\/\/fatordental.com.br\/index.php\/produto\/pigmento-para-resina-foto-epic-branco-biodinamica\/\" \/>\n<meta property=\"og:locale\" content=\"pt_BR\" \/>\n<meta property=\"og:type\" content=\"article\" \/>\n<meta property=\"og:title\" content=\"Pigmento para Resina Foto Epic Branco - Biodin\u00e2mica - Fator Dental\" \/>\n<meta property=\"og:description\" content=\"Serinha de 2g. DETALHES &#8211; Pode ser usado em resinas compostas e em dentes naturais. &#8211; Para restaura\u00e7\u00f5es diretas, indiretas e substrato dent\u00e1rio. &#8211; \u00d3tima mimetiza\u00e7\u00e3o. &#8211; Fotopolimeriz\u00e1vel. &#8211; Cores [&hellip;]\" \/>\n<meta property=\"og:url\" content=\"https:\/\/fatordental.com.br\/index.php\/produto\/pigmento-para-resina-foto-epic-branco-biodinamica\/\" \/>\n<meta property=\"og:site_name\" content=\"Fator Dental\" \/>\n<meta property=\"og:image\" content=\"https:\/\/fatordental.com.br\/wp-content\/uploads\/2023\/02\/pigmento-epic-biodinamica-DC26955.jpg\" \/>\n\t<meta property=\"og:image:width\" content=\"800\" \/>\n\t<meta property=\"og:image:height\" content=\"800\" \/>\n\t<meta property=\"og:image:type\" content=\"image\/jpeg\" \/>\n<meta name=\"twitter:card\" content=\"summary_large_image\" \/>\n<meta name=\"twitter:label1\" content=\"Est. tempo de leitura\" \/>\n\t<meta name=\"twitter:data1\" content=\"1 minuto\" \/>\n<script type=\"application\/ld+json\" class=\"yoast-schema-graph\">{\"@context\":\"https:\/\/schema.org\",\"@graph\":[{\"@type\":\"WebPage\",\"@id\":\"https:\/\/fatordental.com.br\/index.php\/produto\/pigmento-para-resina-foto-epic-branco-biodinamica\/\",\"url\":\"https:\/\/fatordental.com.br\/index.php\/produto\/pigmento-para-resina-foto-epic-branco-biodinamica\/\",\"name\":\"Pigmento para Resina Foto Epic Branco - Biodin\u00e2mica - Fator Dental\",\"isPartOf\":{\"@id\":\"https:\/\/fatordental.com.br\/#website\"},\"primaryImageOfPage\":{\"@id\":\"https:\/\/fatordental.com.br\/index.php\/produto\/pigmento-para-resina-foto-epic-branco-biodinamica\/#primaryimage\"},\"image\":{\"@id\":\"https:\/\/fatordental.com.br\/index.php\/produto\/pigmento-para-resina-foto-epic-branco-biodinamica\/#primaryimage\"},\"thumbnailUrl\":\"https:\/\/fatordental.com.br\/wp-content\/uploads\/2023\/02\/pigmento-epic-biodinamica-DC26955.jpg\",\"datePublished\":\"2023-02-20T16:57:56+00:00\",\"breadcrumb\":{\"@id\":\"https:\/\/fatordental.com.br\/index.php\/produto\/pigmento-para-resina-foto-epic-branco-biodinamica\/#breadcrumb\"},\"inLanguage\":\"pt-BR\",\"potentialAction\":[{\"@type\":\"ReadAction\",\"target\":[\"https:\/\/fatordental.com.br\/index.php\/produto\/pigmento-para-resina-foto-epic-branco-biodinamica\/\"]}]},{\"@type\":\"ImageObject\",\"inLanguage\":\"pt-BR\",\"@id\":\"https:\/\/fatordental.com.br\/index.php\/produto\/pigmento-para-resina-foto-epic-branco-biodinamica\/#primaryimage\",\"url\":\"https:\/\/fatordental.com.br\/wp-content\/uploads\/2023\/02\/pigmento-epic-biodinamica-DC26955.jpg\",\"contentUrl\":\"https:\/\/fatordental.com.br\/wp-content\/uploads\/2023\/02\/pigmento-epic-biodinamica-DC26955.jpg\",\"width\":800,\"height\":800},{\"@type\":\"BreadcrumbList\",\"@id\":\"https:\/\/fatordental.com.br\/index.php\/produto\/pigmento-para-resina-foto-epic-branco-biodinamica\/#breadcrumb\",\"itemListElement\":[{\"@type\":\"ListItem\",\"position\":1,\"name\":\"In\u00edcio\",\"item\":\"https:\/\/fatordental.com.br\/\"},{\"@type\":\"ListItem\",\"position\":2,\"name\":\"Produtos\",\"item\":\"https:\/\/fatordental.com.br\/index.php\/produtos\/\"},{\"@type\":\"ListItem\",\"position\":3,\"name\":\"Pigmento para Resina Foto Epic Branco &#8211; Biodin\u00e2mica\"}]},{\"@type\":\"WebSite\",\"@id\":\"https:\/\/fatordental.com.br\/#website\",\"url\":\"https:\/\/fatordental.com.br\/\",\"name\":\"Fator Dental\",\"description\":\"Produtos Ondontol\u00f3gicos\",\"publisher\":{\"@id\":\"https:\/\/fatordental.com.br\/#organization\"},\"potentialAction\":[{\"@type\":\"SearchAction\",\"target\":{\"@type\":\"EntryPoint\",\"urlTemplate\":\"https:\/\/fatordental.com.br\/?s={search_term_string}\"},\"query-input\":{\"@type\":\"PropertyValueSpecification\",\"valueRequired\":true,\"valueName\":\"search_term_string\"}}],\"inLanguage\":\"pt-BR\"},{\"@type\":\"Organization\",\"@id\":\"https:\/\/fatordental.com.br\/#organization\",\"name\":\"Fator Dental\",\"url\":\"https:\/\/fatordental.com.br\/\",\"logo\":{\"@type\":\"ImageObject\",\"inLanguage\":\"pt-BR\",\"@id\":\"https:\/\/fatordental.com.br\/#\/schema\/logo\/image\/\",\"url\":\"https:\/\/fatordental.com.br\/wp-content\/uploads\/2023\/02\/logo_fator.png\",\"contentUrl\":\"https:\/\/fatordental.com.br\/wp-content\/uploads\/2023\/02\/logo_fator.png\",\"width\":400,\"height\":256,\"caption\":\"Fator Dental\"},\"image\":{\"@id\":\"https:\/\/fatordental.com.br\/#\/schema\/logo\/image\/\"},\"sameAs\":[\"https:\/\/www.instagram.com\/fatordental\/\"]}]}<\/script>\n<!-- \/ Yoast SEO plugin. -->","yoast_head_json":{"title":"Pigmento para Resina Foto Epic Branco - Biodin\u00e2mica - Fator Dental","robots":{"index":"index","follow":"follow","max-snippet":"max-snippet:-1","max-image-preview":"max-image-preview:large","max-video-preview":"max-video-preview:-1"},"canonical":"https:\/\/fatordental.com.br\/index.php\/produto\/pigmento-para-resina-foto-epic-branco-biodinamica\/","og_locale":"pt_BR","og_type":"article","og_title":"Pigmento para Resina Foto Epic Branco - Biodin\u00e2mica - Fator Dental","og_description":"Serinha de 2g. DETALHES &#8211; Pode ser usado em resinas compostas e em dentes naturais. &#8211; Para restaura\u00e7\u00f5es diretas, indiretas e substrato dent\u00e1rio. &#8211; \u00d3tima mimetiza\u00e7\u00e3o. &#8211; Fotopolimeriz\u00e1vel. &#8211; Cores [&hellip;]","og_url":"https:\/\/fatordental.com.br\/index.php\/produto\/pigmento-para-resina-foto-epic-branco-biodinamica\/","og_site_name":"Fator Dental","og_image":[{"width":800,"height":800,"url":"https:\/\/fatordental.com.br\/wp-content\/uploads\/2023\/02\/pigmento-epic-biodinamica-DC26955.jpg","type":"image\/jpeg"}],"twitter_card":"summary_large_image","twitter_misc":{"Est. tempo de leitura":"1 minuto"},"schema":{"@context":"https:\/\/schema.org","@graph":[{"@type":"WebPage","@id":"https:\/\/fatordental.com.br\/index.php\/produto\/pigmento-para-resina-foto-epic-branco-biodinamica\/","url":"https:\/\/fatordental.com.br\/index.php\/produto\/pigmento-para-resina-foto-epic-branco-biodinamica\/","name":"Pigmento para Resina Foto Epic Branco - Biodin\u00e2mica - Fator Dental","isPartOf":{"@id":"https:\/\/fatordental.com.br\/#website"},"primaryImageOfPage":{"@id":"https:\/\/fatordental.com.br\/index.php\/produto\/pigmento-para-resina-foto-epic-branco-biodinamica\/#primaryimage"},"image":{"@id":"https:\/\/fatordental.com.br\/index.php\/produto\/pigmento-para-resina-foto-epic-branco-biodinamica\/#primaryimage"},"thumbnailUrl":"https:\/\/fatordental.com.br\/wp-content\/uploads\/2023\/02\/pigmento-epic-biodinamica-DC26955.jpg","datePublished":"2023-02-20T16:57:56+00:00","breadcrumb":{"@id":"https:\/\/fatordental.com.br\/index.php\/produto\/pigmento-para-resina-foto-epic-branco-biodinamica\/#breadcrumb"},"inLanguage":"pt-BR","potentialAction":[{"@type":"ReadAction","target":["https:\/\/fatordental.com.br\/index.php\/produto\/pigmento-para-resina-foto-epic-branco-biodinamica\/"]}]},{"@type":"ImageObject","inLanguage":"pt-BR","@id":"https:\/\/fatordental.com.br\/index.php\/produto\/pigmento-para-resina-foto-epic-branco-biodinamica\/#primaryimage","url":"https:\/\/fatordental.com.br\/wp-content\/uploads\/2023\/02\/pigmento-epic-biodinamica-DC26955.jpg","contentUrl":"https:\/\/fatordental.com.br\/wp-content\/uploads\/2023\/02\/pigmento-epic-biodinamica-DC26955.jpg","width":800,"height":800},{"@type":"BreadcrumbList","@id":"https:\/\/fatordental.com.br\/index.php\/produto\/pigmento-para-resina-foto-epic-branco-biodinamica\/#breadcrumb","itemListElement":[{"@type":"ListItem","position":1,"name":"In\u00edcio","item":"https:\/\/fatordental.com.br\/"},{"@type":"ListItem","position":2,"name":"Produtos","item":"https:\/\/fatordental.com.br\/index.php\/produtos\/"},{"@type":"ListItem","position":3,"name":"Pigmento para Resina Foto Epic Branco &#8211; Biodin\u00e2mica"}]},{"@type":"WebSite","@id":"https:\/\/fatordental.com.br\/#website","url":"https:\/\/fatordental.com.br\/","name":"Fator Dental","description":"Produtos Ondontol\u00f3gicos","publisher":{"@id":"https:\/\/fatordental.com.br\/#organization"},"potentialAction":[{"@type":"SearchAction","target":{"@type":"EntryPoint","urlTemplate":"https:\/\/fatordental.com.br\/?s={search_term_string}"},"query-input":{"@type":"PropertyValueSpecification","valueRequired":true,"valueName":"search_term_string"}}],"inLanguage":"pt-BR"},{"@type":"Organization","@id":"https:\/\/fatordental.com.br\/#organization","name":"Fator Dental","url":"https:\/\/fatordental.com.br\/","logo":{"@type":"ImageObject","inLanguage":"pt-BR","@id":"https:\/\/fatordental.com.br\/#\/schema\/logo\/image\/","url":"https:\/\/fatordental.com.br\/wp-content\/uploads\/2023\/02\/logo_fator.png","contentUrl":"https:\/\/fatordental.com.br\/wp-content\/uploads\/2023\/02\/logo_fator.png","width":400,"height":256,"caption":"Fator Dental"},"image":{"@id":"https:\/\/fatordental.com.br\/#\/schema\/logo\/image\/"},"sameAs":["https:\/\/www.instagram.com\/fatordental\/"]}]}},"_links":{"self":[{"href":"https:\/\/fatordental.com.br\/index.php\/wp-json\/wp\/v2\/product\/1076","targetHints":{"allow":["GET"]}}],"collection":[{"href":"https:\/\/fatordental.com.br\/index.php\/wp-json\/wp\/v2\/product"}],"about":[{"href":"https:\/\/fatordental.com.br\/index.php\/wp-json\/wp\/v2\/types\/product"}],"wp:featuredmedia":[{"embeddable":true,"href":"https:\/\/fatordental.com.br\/index.php\/wp-json\/wp\/v2\/media\/1075"}],"wp:attachment":[{"href":"https:\/\/fatordental.com.br\/index.php\/wp-json\/wp\/v2\/media?parent=1076"}],"wp:term":[{"taxonomy":"product_brand","embeddable":true,"href":"https:\/\/fatordental.com.br\/index.php\/wp-json\/wp\/v2\/product_brand?post=1076"},{"taxonomy":"product_cat","embeddable":true,"href":"https:\/\/fatordental.com.br\/index.php\/wp-json\/wp\/v2\/product_cat?post=1076"},{"taxonomy":"product_tag","embeddable":true,"href":"https:\/\/fatordental.com.br\/index.php\/wp-json\/wp\/v2\/product_tag?post=1076"}],"curies":[{"name":"wp","href":"https:\/\/api.w.org\/{rel}","templated":true}]}}