{"id":1070,"date":"2023-02-20T13:46:49","date_gmt":"2023-02-20T16:46:49","guid":{"rendered":"https:\/\/fatordental.com.br\/?post_type=product&#038;p=1070"},"modified":"2023-02-20T13:46:49","modified_gmt":"2023-02-20T16:46:49","slug":"rolete-algodao-no-2-cremer","status":"publish","type":"product","link":"https:\/\/fatordental.com.br\/index.php\/produto\/rolete-algodao-no-2-cremer\/","title":{"rendered":"Rolete Algod\u00e3o n\u00ba 2 &#8211; Cremer"},"content":{"rendered":"<p class=\"value\"><strong>Embalagem com 100 unidades.\u00a0<\/strong><\/p>\n<ul>\n<li><strong>DETALHES<\/strong><\/li>\n<\/ul>\n<p>&#8211; Confeccionado com fibras 100% algod\u00e3o.<br \/>\n&#8211; Macio e com \u00f3timo poder de absor\u00e7\u00e3o.\u00a0 \u00a0 \u00a0 \u00a0 \u00a0 \u00a0 \u00a0 \u00a0 \u00a0 \u00a0 \u00a0 \u00a0 \u00a0 \u00a0 \u00a0 \u00a0 \u00a0 \u00a0 \u00a0 \u00a0 \u00a0 \u00a0 \u00a0 \u00a0 \u00a0 \u00a0 \u00a0 \u00a0 \u00a0 \u00a0 \u00a0 \u00a0 \u00a0 \u00a0 \u00a0 \u00a0 \u00a0 \u00a0 \u00a0 \u00a0 \u00a0 \u00a0 \u00a0 \u00a0 \u00a0 \u00a0 \u00a0 \u00a0 \u00a0 \u00a0 \u00a0 \u00a0 \u00a0 \u00a0 \u00a0 \u00a0 \u00a0 \u00a0 \u00a0 \u00a0 \u00a0 \u00a0 \u00a0 \u00a0 \u00a0 &#8211;\u00a0N\u00famero 2: Mais espesso e macio.<\/p>\n<ul>\n<li><strong>APLICA\u00c7\u00c3O<\/strong><\/li>\n<\/ul>\n<p><span class=\"TextRun SCXW111184674 BCX0\" lang=\"PT-BR\" xml:lang=\"PT-BR\" data-contrast=\"auto\"><span class=\"NormalTextRun SCXW111184674 BCX0\" data-ccp-charstyle=\"normaltextrun\" data-ccp-charstyle-defn=\"{&quot;ObjectId&quot;:&quot;ef029f88-b535-46bb-88a6-776eabe1de6d|6&quot;,&quot;ClassId&quot;:1073872969,&quot;Properties&quot;:[134233614,&quot;true&quot;,201340122,&quot;1&quot;,469775450,&quot;normaltextrun&quot;,469778129,&quot;normaltextrun&quot;,469778324,&quot;Default Paragraph Font&quot;]}\">O\u00a0<\/span><\/span><strong><span class=\"TextRun Highlight SCXW111184674 BCX0\" lang=\"PT-BR\" xml:lang=\"PT-BR\" data-contrast=\"auto\"><span class=\"NormalTextRun SCXW111184674 BCX0\" data-ccp-parastyle=\"paragraph\" data-ccp-parastyle-defn=\"{&quot;ObjectId&quot;:&quot;ef029f88-b535-46bb-88a6-776eabe1de6d|5&quot;,&quot;ClassId&quot;:1073872969,&quot;Properties&quot;:[134233117,&quot;true&quot;,134233118,&quot;true&quot;,134233614,&quot;true&quot;,201340122,&quot;2&quot;,201341983,&quot;0&quot;,268442635,&quot;24&quot;,335559705,&quot;1046&quot;,335559740,&quot;240&quot;,469769226,&quot;Times New Roman&quot;,469775450,&quot;paragraph&quot;,469777841,&quot;Times New Roman&quot;,469777842,&quot;Times New Roman&quot;,469777843,&quot;Times New Roman&quot;,469777844,&quot;Times New Roman&quot;,469778129,&quot;paragraph&quot;,469778324,&quot;Normal&quot;]}\">Rolo Dental\u00a0<\/span><\/span><\/strong><span class=\"TextRun Highlight SCXW111184674 BCX0\" lang=\"PT-BR\" xml:lang=\"PT-BR\" data-contrast=\"auto\"><span class=\"NormalTextRun SCXW111184674 BCX0\" data-ccp-parastyle=\"paragraph\">da<\/span><span class=\"NormalTextRun SCXW111184674 BCX0\" data-ccp-parastyle=\"paragraph\">\u00a0<\/span><\/span><strong><span class=\"TextRun Highlight SCXW111184674 BCX0\" lang=\"PT-BR\" xml:lang=\"PT-BR\" data-contrast=\"auto\"><span class=\"NormalTextRun SCXW111184674 BCX0\" data-ccp-parastyle=\"paragraph\">Cremer<\/span><\/span><\/strong><span class=\"TextRun Highlight SCXW111184674 BCX0\" lang=\"PT-BR\" xml:lang=\"PT-BR\" data-contrast=\"auto\"><span class=\"NormalTextRun SCXW111184674 BCX0\" data-ccp-parastyle=\"paragraph\">\u00a0\u00e9\u00a0<\/span><span class=\"NormalTextRun SCXW111184674 BCX0\" data-ccp-parastyle=\"paragraph\">Indicado para afastamento da bochecha e absor\u00e7\u00e3o de l\u00edquidos em tratamento<\/span><span class=\"NormalTextRun SCXW111184674 BCX0\" data-ccp-parastyle=\"paragraph\">s<\/span><span class=\"NormalTextRun SCXW111184674 BCX0\" data-ccp-parastyle=\"paragraph\">\u00a0odontol\u00f3gico<\/span><span class=\"NormalTextRun SCXW111184674 BCX0\" data-ccp-parastyle=\"paragraph\">s<\/span><span class=\"NormalTextRun SCXW111184674 BCX0\" data-ccp-parastyle=\"paragraph\">.<\/span><\/span><\/p>\n","protected":false},"excerpt":{"rendered":"<p>Embalagem com 100 unidades.\u00a0 DETALHES &#8211; Confeccionado com fibras 100% algod\u00e3o. &#8211; Macio e com \u00f3timo poder de absor\u00e7\u00e3o.\u00a0 \u00a0 \u00a0 \u00a0 \u00a0 \u00a0 \u00a0 \u00a0 \u00a0 \u00a0 \u00a0 \u00a0 [&hellip;]<\/p>\n","protected":false},"featured_media":1071,"template":"","meta":[],"product_brand":[],"product_cat":[93,92],"product_tag":[],"class_list":{"0":"post-1070","1":"product","2":"type-product","3":"status-publish","4":"has-post-thumbnail","6":"product_cat-algodao","7":"product_cat-descartaveis","9":"first","10":"instock","11":"shipping-taxable","12":"product-type-simple"},"yoast_head":"<!-- This site is optimized with the Yoast SEO plugin v26.8 - https:\/\/yoast.com\/product\/yoast-seo-wordpress\/ -->\n<title>Rolete Algod\u00e3o n\u00ba 2 - Cremer - Fator Dental<\/title>\n<meta name=\"robots\" content=\"index, follow, max-snippet:-1, max-image-preview:large, max-video-preview:-1\" \/>\n<link rel=\"canonical\" href=\"https:\/\/fatordental.com.br\/index.php\/produto\/rolete-algodao-no-2-cremer\/\" \/>\n<meta property=\"og:locale\" content=\"pt_BR\" \/>\n<meta property=\"og:type\" content=\"article\" \/>\n<meta property=\"og:title\" content=\"Rolete Algod\u00e3o n\u00ba 2 - Cremer - Fator Dental\" \/>\n<meta property=\"og:description\" content=\"Embalagem com 100 unidades.\u00a0 DETALHES &#8211; Confeccionado com fibras 100% algod\u00e3o. &#8211; Macio e com \u00f3timo poder de absor\u00e7\u00e3o.\u00a0 \u00a0 \u00a0 \u00a0 \u00a0 \u00a0 \u00a0 \u00a0 \u00a0 \u00a0 \u00a0 \u00a0 [&hellip;]\" \/>\n<meta property=\"og:url\" content=\"https:\/\/fatordental.com.br\/index.php\/produto\/rolete-algodao-no-2-cremer\/\" \/>\n<meta property=\"og:site_name\" content=\"Fator Dental\" \/>\n<meta property=\"og:image\" content=\"https:\/\/fatordental.com.br\/wp-content\/uploads\/2023\/02\/algodao-rolete-n-2-cremer-dc-514063-02.jpg\" \/>\n\t<meta property=\"og:image:width\" content=\"800\" \/>\n\t<meta property=\"og:image:height\" content=\"800\" \/>\n\t<meta property=\"og:image:type\" content=\"image\/jpeg\" \/>\n<meta name=\"twitter:card\" content=\"summary_large_image\" \/>\n<meta name=\"twitter:label1\" content=\"Est. tempo de leitura\" \/>\n\t<meta name=\"twitter:data1\" content=\"1 minuto\" \/>\n<script type=\"application\/ld+json\" class=\"yoast-schema-graph\">{\"@context\":\"https:\/\/schema.org\",\"@graph\":[{\"@type\":\"WebPage\",\"@id\":\"https:\/\/fatordental.com.br\/index.php\/produto\/rolete-algodao-no-2-cremer\/\",\"url\":\"https:\/\/fatordental.com.br\/index.php\/produto\/rolete-algodao-no-2-cremer\/\",\"name\":\"Rolete Algod\u00e3o n\u00ba 2 - Cremer - Fator Dental\",\"isPartOf\":{\"@id\":\"https:\/\/fatordental.com.br\/#website\"},\"primaryImageOfPage\":{\"@id\":\"https:\/\/fatordental.com.br\/index.php\/produto\/rolete-algodao-no-2-cremer\/#primaryimage\"},\"image\":{\"@id\":\"https:\/\/fatordental.com.br\/index.php\/produto\/rolete-algodao-no-2-cremer\/#primaryimage\"},\"thumbnailUrl\":\"https:\/\/fatordental.com.br\/wp-content\/uploads\/2023\/02\/algodao-rolete-n-2-cremer-dc-514063-02.jpg\",\"datePublished\":\"2023-02-20T16:46:49+00:00\",\"breadcrumb\":{\"@id\":\"https:\/\/fatordental.com.br\/index.php\/produto\/rolete-algodao-no-2-cremer\/#breadcrumb\"},\"inLanguage\":\"pt-BR\",\"potentialAction\":[{\"@type\":\"ReadAction\",\"target\":[\"https:\/\/fatordental.com.br\/index.php\/produto\/rolete-algodao-no-2-cremer\/\"]}]},{\"@type\":\"ImageObject\",\"inLanguage\":\"pt-BR\",\"@id\":\"https:\/\/fatordental.com.br\/index.php\/produto\/rolete-algodao-no-2-cremer\/#primaryimage\",\"url\":\"https:\/\/fatordental.com.br\/wp-content\/uploads\/2023\/02\/algodao-rolete-n-2-cremer-dc-514063-02.jpg\",\"contentUrl\":\"https:\/\/fatordental.com.br\/wp-content\/uploads\/2023\/02\/algodao-rolete-n-2-cremer-dc-514063-02.jpg\",\"width\":800,\"height\":800},{\"@type\":\"BreadcrumbList\",\"@id\":\"https:\/\/fatordental.com.br\/index.php\/produto\/rolete-algodao-no-2-cremer\/#breadcrumb\",\"itemListElement\":[{\"@type\":\"ListItem\",\"position\":1,\"name\":\"In\u00edcio\",\"item\":\"https:\/\/fatordental.com.br\/\"},{\"@type\":\"ListItem\",\"position\":2,\"name\":\"Produtos\",\"item\":\"https:\/\/fatordental.com.br\/index.php\/produtos\/\"},{\"@type\":\"ListItem\",\"position\":3,\"name\":\"Rolete Algod\u00e3o n\u00ba 2 &#8211; Cremer\"}]},{\"@type\":\"WebSite\",\"@id\":\"https:\/\/fatordental.com.br\/#website\",\"url\":\"https:\/\/fatordental.com.br\/\",\"name\":\"Fator Dental\",\"description\":\"Produtos Ondontol\u00f3gicos\",\"publisher\":{\"@id\":\"https:\/\/fatordental.com.br\/#organization\"},\"potentialAction\":[{\"@type\":\"SearchAction\",\"target\":{\"@type\":\"EntryPoint\",\"urlTemplate\":\"https:\/\/fatordental.com.br\/?s={search_term_string}\"},\"query-input\":{\"@type\":\"PropertyValueSpecification\",\"valueRequired\":true,\"valueName\":\"search_term_string\"}}],\"inLanguage\":\"pt-BR\"},{\"@type\":\"Organization\",\"@id\":\"https:\/\/fatordental.com.br\/#organization\",\"name\":\"Fator Dental\",\"url\":\"https:\/\/fatordental.com.br\/\",\"logo\":{\"@type\":\"ImageObject\",\"inLanguage\":\"pt-BR\",\"@id\":\"https:\/\/fatordental.com.br\/#\/schema\/logo\/image\/\",\"url\":\"https:\/\/fatordental.com.br\/wp-content\/uploads\/2023\/02\/logo_fator.png\",\"contentUrl\":\"https:\/\/fatordental.com.br\/wp-content\/uploads\/2023\/02\/logo_fator.png\",\"width\":400,\"height\":256,\"caption\":\"Fator Dental\"},\"image\":{\"@id\":\"https:\/\/fatordental.com.br\/#\/schema\/logo\/image\/\"},\"sameAs\":[\"https:\/\/www.instagram.com\/fatordental\/\"]}]}<\/script>\n<!-- \/ Yoast SEO plugin. -->","yoast_head_json":{"title":"Rolete Algod\u00e3o n\u00ba 2 - Cremer - Fator Dental","robots":{"index":"index","follow":"follow","max-snippet":"max-snippet:-1","max-image-preview":"max-image-preview:large","max-video-preview":"max-video-preview:-1"},"canonical":"https:\/\/fatordental.com.br\/index.php\/produto\/rolete-algodao-no-2-cremer\/","og_locale":"pt_BR","og_type":"article","og_title":"Rolete Algod\u00e3o n\u00ba 2 - Cremer - Fator Dental","og_description":"Embalagem com 100 unidades.\u00a0 DETALHES &#8211; Confeccionado com fibras 100% algod\u00e3o. &#8211; Macio e com \u00f3timo poder de absor\u00e7\u00e3o.\u00a0 \u00a0 \u00a0 \u00a0 \u00a0 \u00a0 \u00a0 \u00a0 \u00a0 \u00a0 \u00a0 \u00a0 [&hellip;]","og_url":"https:\/\/fatordental.com.br\/index.php\/produto\/rolete-algodao-no-2-cremer\/","og_site_name":"Fator Dental","og_image":[{"width":800,"height":800,"url":"https:\/\/fatordental.com.br\/wp-content\/uploads\/2023\/02\/algodao-rolete-n-2-cremer-dc-514063-02.jpg","type":"image\/jpeg"}],"twitter_card":"summary_large_image","twitter_misc":{"Est. tempo de leitura":"1 minuto"},"schema":{"@context":"https:\/\/schema.org","@graph":[{"@type":"WebPage","@id":"https:\/\/fatordental.com.br\/index.php\/produto\/rolete-algodao-no-2-cremer\/","url":"https:\/\/fatordental.com.br\/index.php\/produto\/rolete-algodao-no-2-cremer\/","name":"Rolete Algod\u00e3o n\u00ba 2 - Cremer - Fator Dental","isPartOf":{"@id":"https:\/\/fatordental.com.br\/#website"},"primaryImageOfPage":{"@id":"https:\/\/fatordental.com.br\/index.php\/produto\/rolete-algodao-no-2-cremer\/#primaryimage"},"image":{"@id":"https:\/\/fatordental.com.br\/index.php\/produto\/rolete-algodao-no-2-cremer\/#primaryimage"},"thumbnailUrl":"https:\/\/fatordental.com.br\/wp-content\/uploads\/2023\/02\/algodao-rolete-n-2-cremer-dc-514063-02.jpg","datePublished":"2023-02-20T16:46:49+00:00","breadcrumb":{"@id":"https:\/\/fatordental.com.br\/index.php\/produto\/rolete-algodao-no-2-cremer\/#breadcrumb"},"inLanguage":"pt-BR","potentialAction":[{"@type":"ReadAction","target":["https:\/\/fatordental.com.br\/index.php\/produto\/rolete-algodao-no-2-cremer\/"]}]},{"@type":"ImageObject","inLanguage":"pt-BR","@id":"https:\/\/fatordental.com.br\/index.php\/produto\/rolete-algodao-no-2-cremer\/#primaryimage","url":"https:\/\/fatordental.com.br\/wp-content\/uploads\/2023\/02\/algodao-rolete-n-2-cremer-dc-514063-02.jpg","contentUrl":"https:\/\/fatordental.com.br\/wp-content\/uploads\/2023\/02\/algodao-rolete-n-2-cremer-dc-514063-02.jpg","width":800,"height":800},{"@type":"BreadcrumbList","@id":"https:\/\/fatordental.com.br\/index.php\/produto\/rolete-algodao-no-2-cremer\/#breadcrumb","itemListElement":[{"@type":"ListItem","position":1,"name":"In\u00edcio","item":"https:\/\/fatordental.com.br\/"},{"@type":"ListItem","position":2,"name":"Produtos","item":"https:\/\/fatordental.com.br\/index.php\/produtos\/"},{"@type":"ListItem","position":3,"name":"Rolete Algod\u00e3o n\u00ba 2 &#8211; Cremer"}]},{"@type":"WebSite","@id":"https:\/\/fatordental.com.br\/#website","url":"https:\/\/fatordental.com.br\/","name":"Fator Dental","description":"Produtos Ondontol\u00f3gicos","publisher":{"@id":"https:\/\/fatordental.com.br\/#organization"},"potentialAction":[{"@type":"SearchAction","target":{"@type":"EntryPoint","urlTemplate":"https:\/\/fatordental.com.br\/?s={search_term_string}"},"query-input":{"@type":"PropertyValueSpecification","valueRequired":true,"valueName":"search_term_string"}}],"inLanguage":"pt-BR"},{"@type":"Organization","@id":"https:\/\/fatordental.com.br\/#organization","name":"Fator Dental","url":"https:\/\/fatordental.com.br\/","logo":{"@type":"ImageObject","inLanguage":"pt-BR","@id":"https:\/\/fatordental.com.br\/#\/schema\/logo\/image\/","url":"https:\/\/fatordental.com.br\/wp-content\/uploads\/2023\/02\/logo_fator.png","contentUrl":"https:\/\/fatordental.com.br\/wp-content\/uploads\/2023\/02\/logo_fator.png","width":400,"height":256,"caption":"Fator Dental"},"image":{"@id":"https:\/\/fatordental.com.br\/#\/schema\/logo\/image\/"},"sameAs":["https:\/\/www.instagram.com\/fatordental\/"]}]}},"_links":{"self":[{"href":"https:\/\/fatordental.com.br\/index.php\/wp-json\/wp\/v2\/product\/1070","targetHints":{"allow":["GET"]}}],"collection":[{"href":"https:\/\/fatordental.com.br\/index.php\/wp-json\/wp\/v2\/product"}],"about":[{"href":"https:\/\/fatordental.com.br\/index.php\/wp-json\/wp\/v2\/types\/product"}],"wp:featuredmedia":[{"embeddable":true,"href":"https:\/\/fatordental.com.br\/index.php\/wp-json\/wp\/v2\/media\/1071"}],"wp:attachment":[{"href":"https:\/\/fatordental.com.br\/index.php\/wp-json\/wp\/v2\/media?parent=1070"}],"wp:term":[{"taxonomy":"product_brand","embeddable":true,"href":"https:\/\/fatordental.com.br\/index.php\/wp-json\/wp\/v2\/product_brand?post=1070"},{"taxonomy":"product_cat","embeddable":true,"href":"https:\/\/fatordental.com.br\/index.php\/wp-json\/wp\/v2\/product_cat?post=1070"},{"taxonomy":"product_tag","embeddable":true,"href":"https:\/\/fatordental.com.br\/index.php\/wp-json\/wp\/v2\/product_tag?post=1070"}],"curies":[{"name":"wp","href":"https:\/\/api.w.org\/{rel}","templated":true}]}}