{"id":1060,"date":"2023-02-20T13:23:24","date_gmt":"2023-02-20T16:23:24","guid":{"rendered":"https:\/\/fatordental.com.br\/?post_type=product&#038;p=1060"},"modified":"2023-02-20T13:23:24","modified_gmt":"2023-02-20T16:23:24","slug":"cimento-resinoso-allcem-core-a1-fgm","status":"publish","type":"product","link":"https:\/\/fatordental.com.br\/index.php\/produto\/cimento-resinoso-allcem-core-a1-fgm\/","title":{"rendered":"Cimento Resinoso Allcem Core A1 &#8211; FGM"},"content":{"rendered":"<p class=\"value\"><strong>Embalagem com 6g (corpo duplo) + 8 ponteiras.<\/strong><\/p>\n<ul>\n<li>DETALHES<\/li>\n<\/ul>\n<p>&#8211; Produto 3 em 1: realiza 3 procedimentos em um s\u00f3 material.<br \/>\n&#8211; Permite diagn\u00f3stico radiogr\u00e1fico atrav\u00e9s da radiopacidade.<br \/>\n&#8211; Elevada resist\u00eancia \u00e0 flex\u00e3o e \u00e0 compress\u00e3o.<br \/>\n&#8211; Proporciona maior praticidade atrav\u00e9s da aplica\u00e7\u00e3o uniforme do produto.<br \/>\n&#8211; \u00d3tima ades\u00e3o \u00e0 dentina, esmalte, blocos de CAD\/CAM, porcelana, resina, cer\u00e2mica e metal.<br \/>\n&#8211; Apresenta 62% de carga em peso para maior estabilidade da reabilita\u00e7\u00e3o.<br \/>\n&#8211; Escoamento balanceado.<br \/>\n&#8211; Cura dual: Polimeriza\u00e7\u00e3o qu\u00edmica em ambientes onde a luz n\u00e3o alcan\u00e7a plenamente e fotopolimeriza\u00e7\u00e3o para facilitar o trabalho ao construir o munh\u00e3o.<br \/>\n&#8211; Op\u00e7\u00f5es de cores para atender \u00e0s demandas est\u00e9ticas.<\/p>\n<ul>\n<li><strong>APLICA\u00c7\u00c3O<\/strong><\/li>\n<\/ul>\n<p>O<strong>\u00a0Cimento Resinoso Allcem Core<\/strong>\u00a0\u00e9 um produto 3 em 1 da\u00a0<a href=\"https:\/\/www.dentalcremer.com.br\/super-loja\/fgm.html\" target=\"_blank\" rel=\"noopener\"><strong>FGM<\/strong><\/a>\u00a0que busca simplificar a reabilita\u00e7\u00e3o de dentes com grande perda estrutural, al\u00e9m de otimizar o trabalho do cirurgi\u00e3o-dentista. Seu uso \u00e9 indicado para realizar a confec\u00e7\u00e3o de munh\u00e3o ou n\u00facleos de preenchimento, cimenta\u00e7\u00e3o adesiva de pinos intrarradiculares em fibra de vidro (White Post, FGM), carbono, quartzo e pinos met\u00e1licos, tamb\u00e9m para cimenta\u00e7\u00e3o de coroas prot\u00e9ticas.<\/p>\n<p>Com excelentes propriedades, o\u00a0<strong>Allcem Core<\/strong>\u00a0apresenta alta resist\u00eancia mec\u00e2nica, viscosidade ideal e radiopacidade que possibilita a inspe\u00e7\u00e3o de eventuais excessos subgengivais.<\/p>\n","protected":false},"excerpt":{"rendered":"<p>Embalagem com 6g (corpo duplo) + 8 ponteiras. DETALHES &#8211; Produto 3 em 1: realiza 3 procedimentos em um s\u00f3 material. &#8211; Permite diagn\u00f3stico radiogr\u00e1fico atrav\u00e9s da radiopacidade. &#8211; Elevada [&hellip;]<\/p>\n","protected":false},"featured_media":1061,"template":"","meta":[],"product_brand":[],"product_cat":[41,40],"product_tag":[],"class_list":{"0":"post-1060","1":"product","2":"type-product","3":"status-publish","4":"has-post-thumbnail","6":"product_cat-cimento-resinoso","7":"product_cat-cimentos","9":"first","10":"instock","11":"shipping-taxable","12":"product-type-simple"},"yoast_head":"<!-- This site is optimized with the Yoast SEO plugin v26.8 - https:\/\/yoast.com\/product\/yoast-seo-wordpress\/ -->\n<title>Cimento Resinoso Allcem Core A1 - FGM - Fator Dental<\/title>\n<meta name=\"robots\" content=\"index, follow, max-snippet:-1, max-image-preview:large, max-video-preview:-1\" \/>\n<link rel=\"canonical\" href=\"https:\/\/fatordental.com.br\/index.php\/produto\/cimento-resinoso-allcem-core-a1-fgm\/\" \/>\n<meta property=\"og:locale\" content=\"pt_BR\" \/>\n<meta property=\"og:type\" content=\"article\" \/>\n<meta property=\"og:title\" content=\"Cimento Resinoso Allcem Core A1 - FGM - Fator Dental\" \/>\n<meta property=\"og:description\" content=\"Embalagem com 6g (corpo duplo) + 8 ponteiras. DETALHES &#8211; Produto 3 em 1: realiza 3 procedimentos em um s\u00f3 material. &#8211; Permite diagn\u00f3stico radiogr\u00e1fico atrav\u00e9s da radiopacidade. &#8211; Elevada [&hellip;]\" \/>\n<meta property=\"og:url\" content=\"https:\/\/fatordental.com.br\/index.php\/produto\/cimento-resinoso-allcem-core-a1-fgm\/\" \/>\n<meta property=\"og:site_name\" content=\"Fator Dental\" \/>\n<meta property=\"og:image\" content=\"https:\/\/fatordental.com.br\/wp-content\/uploads\/2023\/02\/embalagem2-cimento-resinoso-allcem-core-fgm-DC28022.jpg\" \/>\n\t<meta property=\"og:image:width\" content=\"900\" \/>\n\t<meta property=\"og:image:height\" content=\"900\" \/>\n\t<meta property=\"og:image:type\" content=\"image\/jpeg\" \/>\n<meta name=\"twitter:card\" content=\"summary_large_image\" \/>\n<meta name=\"twitter:label1\" content=\"Est. tempo de leitura\" \/>\n\t<meta name=\"twitter:data1\" content=\"2 minutos\" \/>\n<script type=\"application\/ld+json\" class=\"yoast-schema-graph\">{\"@context\":\"https:\/\/schema.org\",\"@graph\":[{\"@type\":\"WebPage\",\"@id\":\"https:\/\/fatordental.com.br\/index.php\/produto\/cimento-resinoso-allcem-core-a1-fgm\/\",\"url\":\"https:\/\/fatordental.com.br\/index.php\/produto\/cimento-resinoso-allcem-core-a1-fgm\/\",\"name\":\"Cimento Resinoso Allcem Core A1 - FGM - Fator Dental\",\"isPartOf\":{\"@id\":\"https:\/\/fatordental.com.br\/#website\"},\"primaryImageOfPage\":{\"@id\":\"https:\/\/fatordental.com.br\/index.php\/produto\/cimento-resinoso-allcem-core-a1-fgm\/#primaryimage\"},\"image\":{\"@id\":\"https:\/\/fatordental.com.br\/index.php\/produto\/cimento-resinoso-allcem-core-a1-fgm\/#primaryimage\"},\"thumbnailUrl\":\"https:\/\/fatordental.com.br\/wp-content\/uploads\/2023\/02\/embalagem2-cimento-resinoso-allcem-core-fgm-DC28022.jpg\",\"datePublished\":\"2023-02-20T16:23:24+00:00\",\"breadcrumb\":{\"@id\":\"https:\/\/fatordental.com.br\/index.php\/produto\/cimento-resinoso-allcem-core-a1-fgm\/#breadcrumb\"},\"inLanguage\":\"pt-BR\",\"potentialAction\":[{\"@type\":\"ReadAction\",\"target\":[\"https:\/\/fatordental.com.br\/index.php\/produto\/cimento-resinoso-allcem-core-a1-fgm\/\"]}]},{\"@type\":\"ImageObject\",\"inLanguage\":\"pt-BR\",\"@id\":\"https:\/\/fatordental.com.br\/index.php\/produto\/cimento-resinoso-allcem-core-a1-fgm\/#primaryimage\",\"url\":\"https:\/\/fatordental.com.br\/wp-content\/uploads\/2023\/02\/embalagem2-cimento-resinoso-allcem-core-fgm-DC28022.jpg\",\"contentUrl\":\"https:\/\/fatordental.com.br\/wp-content\/uploads\/2023\/02\/embalagem2-cimento-resinoso-allcem-core-fgm-DC28022.jpg\",\"width\":900,\"height\":900},{\"@type\":\"BreadcrumbList\",\"@id\":\"https:\/\/fatordental.com.br\/index.php\/produto\/cimento-resinoso-allcem-core-a1-fgm\/#breadcrumb\",\"itemListElement\":[{\"@type\":\"ListItem\",\"position\":1,\"name\":\"In\u00edcio\",\"item\":\"https:\/\/fatordental.com.br\/\"},{\"@type\":\"ListItem\",\"position\":2,\"name\":\"Produtos\",\"item\":\"https:\/\/fatordental.com.br\/index.php\/produtos\/\"},{\"@type\":\"ListItem\",\"position\":3,\"name\":\"Cimento Resinoso Allcem Core A1 &#8211; FGM\"}]},{\"@type\":\"WebSite\",\"@id\":\"https:\/\/fatordental.com.br\/#website\",\"url\":\"https:\/\/fatordental.com.br\/\",\"name\":\"Fator Dental\",\"description\":\"Produtos Ondontol\u00f3gicos\",\"publisher\":{\"@id\":\"https:\/\/fatordental.com.br\/#organization\"},\"potentialAction\":[{\"@type\":\"SearchAction\",\"target\":{\"@type\":\"EntryPoint\",\"urlTemplate\":\"https:\/\/fatordental.com.br\/?s={search_term_string}\"},\"query-input\":{\"@type\":\"PropertyValueSpecification\",\"valueRequired\":true,\"valueName\":\"search_term_string\"}}],\"inLanguage\":\"pt-BR\"},{\"@type\":\"Organization\",\"@id\":\"https:\/\/fatordental.com.br\/#organization\",\"name\":\"Fator Dental\",\"url\":\"https:\/\/fatordental.com.br\/\",\"logo\":{\"@type\":\"ImageObject\",\"inLanguage\":\"pt-BR\",\"@id\":\"https:\/\/fatordental.com.br\/#\/schema\/logo\/image\/\",\"url\":\"https:\/\/fatordental.com.br\/wp-content\/uploads\/2023\/02\/logo_fator.png\",\"contentUrl\":\"https:\/\/fatordental.com.br\/wp-content\/uploads\/2023\/02\/logo_fator.png\",\"width\":400,\"height\":256,\"caption\":\"Fator Dental\"},\"image\":{\"@id\":\"https:\/\/fatordental.com.br\/#\/schema\/logo\/image\/\"},\"sameAs\":[\"https:\/\/www.instagram.com\/fatordental\/\"]}]}<\/script>\n<!-- \/ Yoast SEO plugin. -->","yoast_head_json":{"title":"Cimento Resinoso Allcem Core A1 - FGM - Fator Dental","robots":{"index":"index","follow":"follow","max-snippet":"max-snippet:-1","max-image-preview":"max-image-preview:large","max-video-preview":"max-video-preview:-1"},"canonical":"https:\/\/fatordental.com.br\/index.php\/produto\/cimento-resinoso-allcem-core-a1-fgm\/","og_locale":"pt_BR","og_type":"article","og_title":"Cimento Resinoso Allcem Core A1 - FGM - Fator Dental","og_description":"Embalagem com 6g (corpo duplo) + 8 ponteiras. DETALHES &#8211; Produto 3 em 1: realiza 3 procedimentos em um s\u00f3 material. &#8211; Permite diagn\u00f3stico radiogr\u00e1fico atrav\u00e9s da radiopacidade. &#8211; Elevada [&hellip;]","og_url":"https:\/\/fatordental.com.br\/index.php\/produto\/cimento-resinoso-allcem-core-a1-fgm\/","og_site_name":"Fator Dental","og_image":[{"width":900,"height":900,"url":"https:\/\/fatordental.com.br\/wp-content\/uploads\/2023\/02\/embalagem2-cimento-resinoso-allcem-core-fgm-DC28022.jpg","type":"image\/jpeg"}],"twitter_card":"summary_large_image","twitter_misc":{"Est. tempo de leitura":"2 minutos"},"schema":{"@context":"https:\/\/schema.org","@graph":[{"@type":"WebPage","@id":"https:\/\/fatordental.com.br\/index.php\/produto\/cimento-resinoso-allcem-core-a1-fgm\/","url":"https:\/\/fatordental.com.br\/index.php\/produto\/cimento-resinoso-allcem-core-a1-fgm\/","name":"Cimento Resinoso Allcem Core A1 - FGM - Fator Dental","isPartOf":{"@id":"https:\/\/fatordental.com.br\/#website"},"primaryImageOfPage":{"@id":"https:\/\/fatordental.com.br\/index.php\/produto\/cimento-resinoso-allcem-core-a1-fgm\/#primaryimage"},"image":{"@id":"https:\/\/fatordental.com.br\/index.php\/produto\/cimento-resinoso-allcem-core-a1-fgm\/#primaryimage"},"thumbnailUrl":"https:\/\/fatordental.com.br\/wp-content\/uploads\/2023\/02\/embalagem2-cimento-resinoso-allcem-core-fgm-DC28022.jpg","datePublished":"2023-02-20T16:23:24+00:00","breadcrumb":{"@id":"https:\/\/fatordental.com.br\/index.php\/produto\/cimento-resinoso-allcem-core-a1-fgm\/#breadcrumb"},"inLanguage":"pt-BR","potentialAction":[{"@type":"ReadAction","target":["https:\/\/fatordental.com.br\/index.php\/produto\/cimento-resinoso-allcem-core-a1-fgm\/"]}]},{"@type":"ImageObject","inLanguage":"pt-BR","@id":"https:\/\/fatordental.com.br\/index.php\/produto\/cimento-resinoso-allcem-core-a1-fgm\/#primaryimage","url":"https:\/\/fatordental.com.br\/wp-content\/uploads\/2023\/02\/embalagem2-cimento-resinoso-allcem-core-fgm-DC28022.jpg","contentUrl":"https:\/\/fatordental.com.br\/wp-content\/uploads\/2023\/02\/embalagem2-cimento-resinoso-allcem-core-fgm-DC28022.jpg","width":900,"height":900},{"@type":"BreadcrumbList","@id":"https:\/\/fatordental.com.br\/index.php\/produto\/cimento-resinoso-allcem-core-a1-fgm\/#breadcrumb","itemListElement":[{"@type":"ListItem","position":1,"name":"In\u00edcio","item":"https:\/\/fatordental.com.br\/"},{"@type":"ListItem","position":2,"name":"Produtos","item":"https:\/\/fatordental.com.br\/index.php\/produtos\/"},{"@type":"ListItem","position":3,"name":"Cimento Resinoso Allcem Core A1 &#8211; FGM"}]},{"@type":"WebSite","@id":"https:\/\/fatordental.com.br\/#website","url":"https:\/\/fatordental.com.br\/","name":"Fator Dental","description":"Produtos Ondontol\u00f3gicos","publisher":{"@id":"https:\/\/fatordental.com.br\/#organization"},"potentialAction":[{"@type":"SearchAction","target":{"@type":"EntryPoint","urlTemplate":"https:\/\/fatordental.com.br\/?s={search_term_string}"},"query-input":{"@type":"PropertyValueSpecification","valueRequired":true,"valueName":"search_term_string"}}],"inLanguage":"pt-BR"},{"@type":"Organization","@id":"https:\/\/fatordental.com.br\/#organization","name":"Fator Dental","url":"https:\/\/fatordental.com.br\/","logo":{"@type":"ImageObject","inLanguage":"pt-BR","@id":"https:\/\/fatordental.com.br\/#\/schema\/logo\/image\/","url":"https:\/\/fatordental.com.br\/wp-content\/uploads\/2023\/02\/logo_fator.png","contentUrl":"https:\/\/fatordental.com.br\/wp-content\/uploads\/2023\/02\/logo_fator.png","width":400,"height":256,"caption":"Fator Dental"},"image":{"@id":"https:\/\/fatordental.com.br\/#\/schema\/logo\/image\/"},"sameAs":["https:\/\/www.instagram.com\/fatordental\/"]}]}},"_links":{"self":[{"href":"https:\/\/fatordental.com.br\/index.php\/wp-json\/wp\/v2\/product\/1060","targetHints":{"allow":["GET"]}}],"collection":[{"href":"https:\/\/fatordental.com.br\/index.php\/wp-json\/wp\/v2\/product"}],"about":[{"href":"https:\/\/fatordental.com.br\/index.php\/wp-json\/wp\/v2\/types\/product"}],"wp:featuredmedia":[{"embeddable":true,"href":"https:\/\/fatordental.com.br\/index.php\/wp-json\/wp\/v2\/media\/1061"}],"wp:attachment":[{"href":"https:\/\/fatordental.com.br\/index.php\/wp-json\/wp\/v2\/media?parent=1060"}],"wp:term":[{"taxonomy":"product_brand","embeddable":true,"href":"https:\/\/fatordental.com.br\/index.php\/wp-json\/wp\/v2\/product_brand?post=1060"},{"taxonomy":"product_cat","embeddable":true,"href":"https:\/\/fatordental.com.br\/index.php\/wp-json\/wp\/v2\/product_cat?post=1060"},{"taxonomy":"product_tag","embeddable":true,"href":"https:\/\/fatordental.com.br\/index.php\/wp-json\/wp\/v2\/product_tag?post=1060"}],"curies":[{"name":"wp","href":"https:\/\/api.w.org\/{rel}","templated":true}]}}