{"id":1052,"date":"2023-02-20T11:30:34","date_gmt":"2023-02-20T14:30:34","guid":{"rendered":"https:\/\/fatordental.com.br\/?post_type=product&#038;p=1052"},"modified":"2023-02-20T11:30:34","modified_gmt":"2023-02-20T14:30:34","slug":"moldeira-total-perfurada-de-plastico-no-05-maquira","status":"publish","type":"product","link":"https:\/\/fatordental.com.br\/index.php\/produto\/moldeira-total-perfurada-de-plastico-no-05-maquira\/","title":{"rendered":"Moldeira Total Perfurada de Pl\u00e1stico N\u00ba 05 &#8211; Maquira"},"content":{"rendered":"<p class=\"value\"><strong>Embalagem com 2 unidades (1 inferior e 1 superior).<\/strong><\/p>\n<ul>\n<li><strong>DETALHES<\/strong><\/li>\n<\/ul>\n<p>&#8211; Produto autoclav\u00e1vel, esteriliza\u00e7\u00e3o em autoclave at\u00e9 134\u00b0C.<\/p>\n<p>&#8211; Moldeira total, apresenta bordas arredondadas e lisas, canaletas de reten\u00e7\u00e3o internas extras e perfura\u00e7\u00f5es verticais que aumentam a reten\u00e7\u00e3o do material.<\/p>\n<p>&#8211; Moldeira pl\u00e1stica dispon\u00edvel na cor branca.<\/p>\n<p>&#8211; Composi\u00e7\u00e3o: nylon com fibra de vidro e pigmento branco.<\/p>\n<p>&#8211; Armazenamento: nas embalagens para esteriliza\u00e7\u00e3o em local limpo, ao abrigo da luz solar direta e da umidade. Temperatura inferior a 30\u00baC. Umidade inferior a 75 UR.<\/p>\n<p>&#8211; Validade: indeterminada. Ap\u00f3s aberto o produto possui validade de 50 ciclos de esteriliza\u00e7\u00e3o.<\/p>\n<p>&#8211; Registro ANVISA: 80322400024.<\/p>\n<ul>\n<li><strong>APLICA\u00c7\u00c3O<\/strong><\/li>\n<\/ul>\n<p>A\u00a0<strong>Moldeira Total Perfurada de Pl\u00e1stico<\/strong>\u00a0da\u00a0<a title=\"Maquira\" href=\"https:\/\/www.dentalcremer.com.br\/super-loja\/maquira\"><strong>Maquira<\/strong>\u00a0<\/a>\u00e9 ideal para voc\u00ea que procura\u00a0<strong>moldeira odontol\u00f3gica<\/strong>\u00a0com bordas arredondadas e lisas, canaletas de reten\u00e7\u00e3o internas extras e perfura\u00e7\u00f5es verticais que aumentam a reten\u00e7\u00e3o do material.<\/p>\n<p>Fabricada em modelo infantil e para adultos, essa\u00a0<strong>moldeira pl\u00e1stica Maquira<\/strong>\u00a0\u00e9 utilizada para reproduzir moldes de impress\u00e3o dos dentes, utilizando alginatos ou qualquer outro material de impress\u00e3o onde a reprodu\u00e7\u00e3o detalhada e estabilidade dimensional sejam importantes.<\/p>\n<h3>Quais as orienta\u00e7\u00f5es de uso da Moldeira Total Perfurada de Pl\u00e1stico Maquira?<\/h3>\n<p>Com o intuito de reproduzir a arcada do paciente por meio do material de moldagem, a moldeira odontol\u00f3gica conta com o seguinte modo de uso:<\/p>\n<ol>\n<li>Selecionar o tipo de moldeira de acordo com a arcada a ser moldada (superior ou inferior) e o tamanho que se adapte melhor ao paciente sem que o machuque.<\/li>\n<li>O preenchimento da moldeira deve ser feito rapidamente, devido ao tempo de presa ser curto.<\/li>\n<li>Transferir o material misturado para moldeira com o aux\u00edlio de uma esp\u00e1tula, sendo colocado na parte posterior da moldeira e empurrado para a parte anterior.<\/li>\n<li>Segurar a moldeira firmemente em posi\u00e7\u00e3o, at\u00e9 o material se geleificar.<\/li>\n<li>Deixar o molde na boca por dois minutos adicionais para diminuir as deforma\u00e7\u00f5es permanentes.<\/li>\n<li>Remover o molde e a moldeira com um movimento firme e \u00fanico.<\/li>\n<\/ol>\n<h3>Quais os tamanhos das Moldeiras de Pl\u00e1stico Total Perfurada da Maquira?<\/h3>\n<p>As moldeiras de tamanhos 1 a 4 s\u00e3o de modelo infantil, enquanto os tamanhos de 5 a 8 s\u00e3o classificadas como adulto.<\/p>\n","protected":false},"excerpt":{"rendered":"<p>Embalagem com 2 unidades (1 inferior e 1 superior). DETALHES &#8211; Produto autoclav\u00e1vel, esteriliza\u00e7\u00e3o em autoclave at\u00e9 134\u00b0C. &#8211; Moldeira total, apresenta bordas arredondadas e lisas, canaletas de reten\u00e7\u00e3o internas [&hellip;]<\/p>\n","protected":false},"featured_media":1053,"template":"","meta":[],"product_brand":[],"product_cat":[31,126],"product_tag":[],"class_list":{"0":"post-1052","1":"product","2":"type-product","3":"status-publish","4":"has-post-thumbnail","6":"product_cat-moldagem-e-modelo","7":"product_cat-moldeira-para-moldagem","9":"first","10":"instock","11":"shipping-taxable","12":"product-type-simple"},"yoast_head":"<!-- This site is optimized with the Yoast SEO plugin v26.8 - https:\/\/yoast.com\/product\/yoast-seo-wordpress\/ -->\n<title>Moldeira Total Perfurada de Pl\u00e1stico N\u00ba 05 - Maquira - Fator Dental<\/title>\n<meta name=\"robots\" content=\"index, follow, max-snippet:-1, max-image-preview:large, max-video-preview:-1\" \/>\n<link rel=\"canonical\" href=\"https:\/\/fatordental.com.br\/index.php\/produto\/moldeira-total-perfurada-de-plastico-no-05-maquira\/\" \/>\n<meta property=\"og:locale\" content=\"pt_BR\" \/>\n<meta property=\"og:type\" content=\"article\" \/>\n<meta property=\"og:title\" content=\"Moldeira Total Perfurada de Pl\u00e1stico N\u00ba 05 - Maquira - Fator Dental\" \/>\n<meta property=\"og:description\" content=\"Embalagem com 2 unidades (1 inferior e 1 superior). DETALHES &#8211; Produto autoclav\u00e1vel, esteriliza\u00e7\u00e3o em autoclave at\u00e9 134\u00b0C. &#8211; Moldeira total, apresenta bordas arredondadas e lisas, canaletas de reten\u00e7\u00e3o internas [&hellip;]\" \/>\n<meta property=\"og:url\" content=\"https:\/\/fatordental.com.br\/index.php\/produto\/moldeira-total-perfurada-de-plastico-no-05-maquira\/\" \/>\n<meta property=\"og:site_name\" content=\"Fator Dental\" \/>\n<meta property=\"og:image\" content=\"https:\/\/fatordental.com.br\/wp-content\/uploads\/2023\/02\/moldeira-total-adu-perf-plast-n5-supinf-2un.jpg\" \/>\n\t<meta property=\"og:image:width\" content=\"550\" \/>\n\t<meta property=\"og:image:height\" content=\"550\" \/>\n\t<meta property=\"og:image:type\" content=\"image\/jpeg\" \/>\n<meta name=\"twitter:card\" content=\"summary_large_image\" \/>\n<meta name=\"twitter:label1\" content=\"Est. tempo de leitura\" \/>\n\t<meta name=\"twitter:data1\" content=\"2 minutos\" \/>\n<script type=\"application\/ld+json\" class=\"yoast-schema-graph\">{\"@context\":\"https:\/\/schema.org\",\"@graph\":[{\"@type\":\"WebPage\",\"@id\":\"https:\/\/fatordental.com.br\/index.php\/produto\/moldeira-total-perfurada-de-plastico-no-05-maquira\/\",\"url\":\"https:\/\/fatordental.com.br\/index.php\/produto\/moldeira-total-perfurada-de-plastico-no-05-maquira\/\",\"name\":\"Moldeira Total Perfurada de Pl\u00e1stico N\u00ba 05 - Maquira - Fator Dental\",\"isPartOf\":{\"@id\":\"https:\/\/fatordental.com.br\/#website\"},\"primaryImageOfPage\":{\"@id\":\"https:\/\/fatordental.com.br\/index.php\/produto\/moldeira-total-perfurada-de-plastico-no-05-maquira\/#primaryimage\"},\"image\":{\"@id\":\"https:\/\/fatordental.com.br\/index.php\/produto\/moldeira-total-perfurada-de-plastico-no-05-maquira\/#primaryimage\"},\"thumbnailUrl\":\"https:\/\/fatordental.com.br\/wp-content\/uploads\/2023\/02\/moldeira-total-adu-perf-plast-n5-supinf-2un.jpg\",\"datePublished\":\"2023-02-20T14:30:34+00:00\",\"breadcrumb\":{\"@id\":\"https:\/\/fatordental.com.br\/index.php\/produto\/moldeira-total-perfurada-de-plastico-no-05-maquira\/#breadcrumb\"},\"inLanguage\":\"pt-BR\",\"potentialAction\":[{\"@type\":\"ReadAction\",\"target\":[\"https:\/\/fatordental.com.br\/index.php\/produto\/moldeira-total-perfurada-de-plastico-no-05-maquira\/\"]}]},{\"@type\":\"ImageObject\",\"inLanguage\":\"pt-BR\",\"@id\":\"https:\/\/fatordental.com.br\/index.php\/produto\/moldeira-total-perfurada-de-plastico-no-05-maquira\/#primaryimage\",\"url\":\"https:\/\/fatordental.com.br\/wp-content\/uploads\/2023\/02\/moldeira-total-adu-perf-plast-n5-supinf-2un.jpg\",\"contentUrl\":\"https:\/\/fatordental.com.br\/wp-content\/uploads\/2023\/02\/moldeira-total-adu-perf-plast-n5-supinf-2un.jpg\",\"width\":550,\"height\":550},{\"@type\":\"BreadcrumbList\",\"@id\":\"https:\/\/fatordental.com.br\/index.php\/produto\/moldeira-total-perfurada-de-plastico-no-05-maquira\/#breadcrumb\",\"itemListElement\":[{\"@type\":\"ListItem\",\"position\":1,\"name\":\"In\u00edcio\",\"item\":\"https:\/\/fatordental.com.br\/\"},{\"@type\":\"ListItem\",\"position\":2,\"name\":\"Produtos\",\"item\":\"https:\/\/fatordental.com.br\/index.php\/produtos\/\"},{\"@type\":\"ListItem\",\"position\":3,\"name\":\"Moldeira Total Perfurada de Pl\u00e1stico N\u00ba 05 &#8211; Maquira\"}]},{\"@type\":\"WebSite\",\"@id\":\"https:\/\/fatordental.com.br\/#website\",\"url\":\"https:\/\/fatordental.com.br\/\",\"name\":\"Fator Dental\",\"description\":\"Produtos Ondontol\u00f3gicos\",\"publisher\":{\"@id\":\"https:\/\/fatordental.com.br\/#organization\"},\"potentialAction\":[{\"@type\":\"SearchAction\",\"target\":{\"@type\":\"EntryPoint\",\"urlTemplate\":\"https:\/\/fatordental.com.br\/?s={search_term_string}\"},\"query-input\":{\"@type\":\"PropertyValueSpecification\",\"valueRequired\":true,\"valueName\":\"search_term_string\"}}],\"inLanguage\":\"pt-BR\"},{\"@type\":\"Organization\",\"@id\":\"https:\/\/fatordental.com.br\/#organization\",\"name\":\"Fator Dental\",\"url\":\"https:\/\/fatordental.com.br\/\",\"logo\":{\"@type\":\"ImageObject\",\"inLanguage\":\"pt-BR\",\"@id\":\"https:\/\/fatordental.com.br\/#\/schema\/logo\/image\/\",\"url\":\"https:\/\/fatordental.com.br\/wp-content\/uploads\/2023\/02\/logo_fator.png\",\"contentUrl\":\"https:\/\/fatordental.com.br\/wp-content\/uploads\/2023\/02\/logo_fator.png\",\"width\":400,\"height\":256,\"caption\":\"Fator Dental\"},\"image\":{\"@id\":\"https:\/\/fatordental.com.br\/#\/schema\/logo\/image\/\"},\"sameAs\":[\"https:\/\/www.instagram.com\/fatordental\/\"]}]}<\/script>\n<!-- \/ Yoast SEO plugin. -->","yoast_head_json":{"title":"Moldeira Total Perfurada de Pl\u00e1stico N\u00ba 05 - Maquira - Fator Dental","robots":{"index":"index","follow":"follow","max-snippet":"max-snippet:-1","max-image-preview":"max-image-preview:large","max-video-preview":"max-video-preview:-1"},"canonical":"https:\/\/fatordental.com.br\/index.php\/produto\/moldeira-total-perfurada-de-plastico-no-05-maquira\/","og_locale":"pt_BR","og_type":"article","og_title":"Moldeira Total Perfurada de Pl\u00e1stico N\u00ba 05 - Maquira - Fator Dental","og_description":"Embalagem com 2 unidades (1 inferior e 1 superior). DETALHES &#8211; Produto autoclav\u00e1vel, esteriliza\u00e7\u00e3o em autoclave at\u00e9 134\u00b0C. &#8211; Moldeira total, apresenta bordas arredondadas e lisas, canaletas de reten\u00e7\u00e3o internas [&hellip;]","og_url":"https:\/\/fatordental.com.br\/index.php\/produto\/moldeira-total-perfurada-de-plastico-no-05-maquira\/","og_site_name":"Fator Dental","og_image":[{"width":550,"height":550,"url":"https:\/\/fatordental.com.br\/wp-content\/uploads\/2023\/02\/moldeira-total-adu-perf-plast-n5-supinf-2un.jpg","type":"image\/jpeg"}],"twitter_card":"summary_large_image","twitter_misc":{"Est. tempo de leitura":"2 minutos"},"schema":{"@context":"https:\/\/schema.org","@graph":[{"@type":"WebPage","@id":"https:\/\/fatordental.com.br\/index.php\/produto\/moldeira-total-perfurada-de-plastico-no-05-maquira\/","url":"https:\/\/fatordental.com.br\/index.php\/produto\/moldeira-total-perfurada-de-plastico-no-05-maquira\/","name":"Moldeira Total Perfurada de Pl\u00e1stico N\u00ba 05 - Maquira - Fator Dental","isPartOf":{"@id":"https:\/\/fatordental.com.br\/#website"},"primaryImageOfPage":{"@id":"https:\/\/fatordental.com.br\/index.php\/produto\/moldeira-total-perfurada-de-plastico-no-05-maquira\/#primaryimage"},"image":{"@id":"https:\/\/fatordental.com.br\/index.php\/produto\/moldeira-total-perfurada-de-plastico-no-05-maquira\/#primaryimage"},"thumbnailUrl":"https:\/\/fatordental.com.br\/wp-content\/uploads\/2023\/02\/moldeira-total-adu-perf-plast-n5-supinf-2un.jpg","datePublished":"2023-02-20T14:30:34+00:00","breadcrumb":{"@id":"https:\/\/fatordental.com.br\/index.php\/produto\/moldeira-total-perfurada-de-plastico-no-05-maquira\/#breadcrumb"},"inLanguage":"pt-BR","potentialAction":[{"@type":"ReadAction","target":["https:\/\/fatordental.com.br\/index.php\/produto\/moldeira-total-perfurada-de-plastico-no-05-maquira\/"]}]},{"@type":"ImageObject","inLanguage":"pt-BR","@id":"https:\/\/fatordental.com.br\/index.php\/produto\/moldeira-total-perfurada-de-plastico-no-05-maquira\/#primaryimage","url":"https:\/\/fatordental.com.br\/wp-content\/uploads\/2023\/02\/moldeira-total-adu-perf-plast-n5-supinf-2un.jpg","contentUrl":"https:\/\/fatordental.com.br\/wp-content\/uploads\/2023\/02\/moldeira-total-adu-perf-plast-n5-supinf-2un.jpg","width":550,"height":550},{"@type":"BreadcrumbList","@id":"https:\/\/fatordental.com.br\/index.php\/produto\/moldeira-total-perfurada-de-plastico-no-05-maquira\/#breadcrumb","itemListElement":[{"@type":"ListItem","position":1,"name":"In\u00edcio","item":"https:\/\/fatordental.com.br\/"},{"@type":"ListItem","position":2,"name":"Produtos","item":"https:\/\/fatordental.com.br\/index.php\/produtos\/"},{"@type":"ListItem","position":3,"name":"Moldeira Total Perfurada de Pl\u00e1stico N\u00ba 05 &#8211; Maquira"}]},{"@type":"WebSite","@id":"https:\/\/fatordental.com.br\/#website","url":"https:\/\/fatordental.com.br\/","name":"Fator Dental","description":"Produtos Ondontol\u00f3gicos","publisher":{"@id":"https:\/\/fatordental.com.br\/#organization"},"potentialAction":[{"@type":"SearchAction","target":{"@type":"EntryPoint","urlTemplate":"https:\/\/fatordental.com.br\/?s={search_term_string}"},"query-input":{"@type":"PropertyValueSpecification","valueRequired":true,"valueName":"search_term_string"}}],"inLanguage":"pt-BR"},{"@type":"Organization","@id":"https:\/\/fatordental.com.br\/#organization","name":"Fator Dental","url":"https:\/\/fatordental.com.br\/","logo":{"@type":"ImageObject","inLanguage":"pt-BR","@id":"https:\/\/fatordental.com.br\/#\/schema\/logo\/image\/","url":"https:\/\/fatordental.com.br\/wp-content\/uploads\/2023\/02\/logo_fator.png","contentUrl":"https:\/\/fatordental.com.br\/wp-content\/uploads\/2023\/02\/logo_fator.png","width":400,"height":256,"caption":"Fator Dental"},"image":{"@id":"https:\/\/fatordental.com.br\/#\/schema\/logo\/image\/"},"sameAs":["https:\/\/www.instagram.com\/fatordental\/"]}]}},"_links":{"self":[{"href":"https:\/\/fatordental.com.br\/index.php\/wp-json\/wp\/v2\/product\/1052","targetHints":{"allow":["GET"]}}],"collection":[{"href":"https:\/\/fatordental.com.br\/index.php\/wp-json\/wp\/v2\/product"}],"about":[{"href":"https:\/\/fatordental.com.br\/index.php\/wp-json\/wp\/v2\/types\/product"}],"wp:featuredmedia":[{"embeddable":true,"href":"https:\/\/fatordental.com.br\/index.php\/wp-json\/wp\/v2\/media\/1053"}],"wp:attachment":[{"href":"https:\/\/fatordental.com.br\/index.php\/wp-json\/wp\/v2\/media?parent=1052"}],"wp:term":[{"taxonomy":"product_brand","embeddable":true,"href":"https:\/\/fatordental.com.br\/index.php\/wp-json\/wp\/v2\/product_brand?post=1052"},{"taxonomy":"product_cat","embeddable":true,"href":"https:\/\/fatordental.com.br\/index.php\/wp-json\/wp\/v2\/product_cat?post=1052"},{"taxonomy":"product_tag","embeddable":true,"href":"https:\/\/fatordental.com.br\/index.php\/wp-json\/wp\/v2\/product_tag?post=1052"}],"curies":[{"name":"wp","href":"https:\/\/api.w.org\/{rel}","templated":true}]}}