{"id":1049,"date":"2023-02-20T11:17:46","date_gmt":"2023-02-20T14:17:46","guid":{"rendered":"https:\/\/fatordental.com.br\/?post_type=product&#038;p=1049"},"modified":"2023-02-20T11:17:46","modified_gmt":"2023-02-20T14:17:46","slug":"seringa-hipodermica-sem-agulha-5ml-luer-lock-ultradent","status":"publish","type":"product","link":"https:\/\/fatordental.com.br\/index.php\/produto\/seringa-hipodermica-sem-agulha-5ml-luer-lock-ultradent\/","title":{"rendered":"Seringa Hipod\u00e9rmica Sem Agulha 5ml Luer Lock &#8211; Ultradent"},"content":{"rendered":"<p><strong>01 unidade.<\/strong><\/p>\n<ul>\n<li><strong>DETALHES<\/strong><\/li>\n<\/ul>\n<p>&#8211; Descart\u00e1vel, de uso \u00fanico..<br \/>\n&#8211; Seringa de pl\u00e1stico descart\u00e1vel e transparente de 5ml.<br \/>\n&#8211; Com rosca Luer Lock para uma fixa\u00e7\u00e3o segura da ponta.<\/p>\n<ul>\n<li><strong>APLICA\u00c7\u00c3O<\/strong><\/li>\n<\/ul>\n<p>Indicada para ara irrigar e aplicar solu\u00e7\u00f5es.<\/p>\n","protected":false},"excerpt":{"rendered":"<p>01 unidade. DETALHES &#8211; Descart\u00e1vel, de uso \u00fanico.. &#8211; Seringa de pl\u00e1stico descart\u00e1vel e transparente de 5ml. &#8211; Com rosca Luer Lock para uma fixa\u00e7\u00e3o segura da ponta. APLICA\u00c7\u00c3O Indicada [&hellip;]<\/p>\n","protected":false},"featured_media":1051,"template":"","meta":[],"product_brand":[],"product_cat":[92,125],"product_tag":[],"class_list":{"0":"post-1049","1":"product","2":"type-product","3":"status-publish","4":"has-post-thumbnail","6":"product_cat-descartaveis","7":"product_cat-seringa-descartavel","9":"first","10":"instock","11":"shipping-taxable","12":"product-type-simple"},"yoast_head":"<!-- This site is optimized with the Yoast SEO plugin v27.6 - https:\/\/yoast.com\/product\/yoast-seo-wordpress\/ -->\n<title>Seringa Hipod\u00e9rmica Sem Agulha 5ml Luer Lock - Ultradent - Fator Dental<\/title>\n<meta name=\"robots\" content=\"index, follow, max-snippet:-1, max-image-preview:large, max-video-preview:-1\" \/>\n<link rel=\"canonical\" href=\"https:\/\/fatordental.com.br\/index.php\/produto\/seringa-hipodermica-sem-agulha-5ml-luer-lock-ultradent\/\" \/>\n<meta property=\"og:locale\" content=\"pt_BR\" \/>\n<meta property=\"og:type\" content=\"article\" \/>\n<meta property=\"og:title\" content=\"Seringa Hipod\u00e9rmica Sem Agulha 5ml Luer Lock - Ultradent - Fator Dental\" \/>\n<meta property=\"og:description\" content=\"01 unidade. DETALHES &#8211; Descart\u00e1vel, de uso \u00fanico.. &#8211; Seringa de pl\u00e1stico descart\u00e1vel e transparente de 5ml. &#8211; Com rosca Luer Lock para uma fixa\u00e7\u00e3o segura da ponta. APLICA\u00c7\u00c3O Indicada [&hellip;]\" \/>\n<meta property=\"og:url\" content=\"https:\/\/fatordental.com.br\/index.php\/produto\/seringa-hipodermica-sem-agulha-5ml-luer-lock-ultradent\/\" \/>\n<meta property=\"og:site_name\" content=\"Fator Dental\" \/>\n<meta property=\"og:image\" content=\"https:\/\/fatordental.com.br\/wp-content\/uploads\/2023\/02\/114782.jpg\" \/>\n\t<meta property=\"og:image:width\" content=\"900\" \/>\n\t<meta property=\"og:image:height\" content=\"900\" \/>\n\t<meta property=\"og:image:type\" content=\"image\/jpeg\" \/>\n<meta name=\"twitter:card\" content=\"summary_large_image\" \/>\n<meta name=\"twitter:label1\" content=\"Est. tempo de leitura\" \/>\n\t<meta name=\"twitter:data1\" content=\"1 minuto\" \/>\n<script type=\"application\/ld+json\" class=\"yoast-schema-graph\">{\"@context\":\"https:\\\/\\\/schema.org\",\"@graph\":[{\"@type\":\"WebPage\",\"@id\":\"https:\\\/\\\/fatordental.com.br\\\/index.php\\\/produto\\\/seringa-hipodermica-sem-agulha-5ml-luer-lock-ultradent\\\/\",\"url\":\"https:\\\/\\\/fatordental.com.br\\\/index.php\\\/produto\\\/seringa-hipodermica-sem-agulha-5ml-luer-lock-ultradent\\\/\",\"name\":\"Seringa Hipod\u00e9rmica Sem Agulha 5ml Luer Lock - Ultradent - Fator Dental\",\"isPartOf\":{\"@id\":\"https:\\\/\\\/fatordental.com.br\\\/#website\"},\"primaryImageOfPage\":{\"@id\":\"https:\\\/\\\/fatordental.com.br\\\/index.php\\\/produto\\\/seringa-hipodermica-sem-agulha-5ml-luer-lock-ultradent\\\/#primaryimage\"},\"image\":{\"@id\":\"https:\\\/\\\/fatordental.com.br\\\/index.php\\\/produto\\\/seringa-hipodermica-sem-agulha-5ml-luer-lock-ultradent\\\/#primaryimage\"},\"thumbnailUrl\":\"https:\\\/\\\/fatordental.com.br\\\/wp-content\\\/uploads\\\/2023\\\/02\\\/114782.jpg\",\"datePublished\":\"2023-02-20T14:17:46+00:00\",\"breadcrumb\":{\"@id\":\"https:\\\/\\\/fatordental.com.br\\\/index.php\\\/produto\\\/seringa-hipodermica-sem-agulha-5ml-luer-lock-ultradent\\\/#breadcrumb\"},\"inLanguage\":\"pt-BR\",\"potentialAction\":[{\"@type\":\"ReadAction\",\"target\":[\"https:\\\/\\\/fatordental.com.br\\\/index.php\\\/produto\\\/seringa-hipodermica-sem-agulha-5ml-luer-lock-ultradent\\\/\"]}]},{\"@type\":\"ImageObject\",\"inLanguage\":\"pt-BR\",\"@id\":\"https:\\\/\\\/fatordental.com.br\\\/index.php\\\/produto\\\/seringa-hipodermica-sem-agulha-5ml-luer-lock-ultradent\\\/#primaryimage\",\"url\":\"https:\\\/\\\/fatordental.com.br\\\/wp-content\\\/uploads\\\/2023\\\/02\\\/114782.jpg\",\"contentUrl\":\"https:\\\/\\\/fatordental.com.br\\\/wp-content\\\/uploads\\\/2023\\\/02\\\/114782.jpg\",\"width\":900,\"height\":900},{\"@type\":\"BreadcrumbList\",\"@id\":\"https:\\\/\\\/fatordental.com.br\\\/index.php\\\/produto\\\/seringa-hipodermica-sem-agulha-5ml-luer-lock-ultradent\\\/#breadcrumb\",\"itemListElement\":[{\"@type\":\"ListItem\",\"position\":1,\"name\":\"In\u00edcio\",\"item\":\"https:\\\/\\\/fatordental.com.br\\\/\"},{\"@type\":\"ListItem\",\"position\":2,\"name\":\"Produtos\",\"item\":\"https:\\\/\\\/fatordental.com.br\\\/index.php\\\/produtos\\\/\"},{\"@type\":\"ListItem\",\"position\":3,\"name\":\"Seringa Hipod\u00e9rmica Sem Agulha 5ml Luer Lock &#8211; Ultradent\"}]},{\"@type\":\"WebSite\",\"@id\":\"https:\\\/\\\/fatordental.com.br\\\/#website\",\"url\":\"https:\\\/\\\/fatordental.com.br\\\/\",\"name\":\"Fator Dental\",\"description\":\"Produtos Ondontol\u00f3gicos\",\"publisher\":{\"@id\":\"https:\\\/\\\/fatordental.com.br\\\/#organization\"},\"potentialAction\":[{\"@type\":\"SearchAction\",\"target\":{\"@type\":\"EntryPoint\",\"urlTemplate\":\"https:\\\/\\\/fatordental.com.br\\\/?s={search_term_string}\"},\"query-input\":{\"@type\":\"PropertyValueSpecification\",\"valueRequired\":true,\"valueName\":\"search_term_string\"}}],\"inLanguage\":\"pt-BR\"},{\"@type\":\"Organization\",\"@id\":\"https:\\\/\\\/fatordental.com.br\\\/#organization\",\"name\":\"Fator Dental\",\"url\":\"https:\\\/\\\/fatordental.com.br\\\/\",\"logo\":{\"@type\":\"ImageObject\",\"inLanguage\":\"pt-BR\",\"@id\":\"https:\\\/\\\/fatordental.com.br\\\/#\\\/schema\\\/logo\\\/image\\\/\",\"url\":\"https:\\\/\\\/fatordental.com.br\\\/wp-content\\\/uploads\\\/2023\\\/02\\\/logo_fator.png\",\"contentUrl\":\"https:\\\/\\\/fatordental.com.br\\\/wp-content\\\/uploads\\\/2023\\\/02\\\/logo_fator.png\",\"width\":400,\"height\":256,\"caption\":\"Fator Dental\"},\"image\":{\"@id\":\"https:\\\/\\\/fatordental.com.br\\\/#\\\/schema\\\/logo\\\/image\\\/\"},\"sameAs\":[\"https:\\\/\\\/www.instagram.com\\\/fatordental\\\/\"]}]}<\/script>\n<!-- \/ Yoast SEO plugin. -->","yoast_head_json":{"title":"Seringa Hipod\u00e9rmica Sem Agulha 5ml Luer Lock - Ultradent - Fator Dental","robots":{"index":"index","follow":"follow","max-snippet":"max-snippet:-1","max-image-preview":"max-image-preview:large","max-video-preview":"max-video-preview:-1"},"canonical":"https:\/\/fatordental.com.br\/index.php\/produto\/seringa-hipodermica-sem-agulha-5ml-luer-lock-ultradent\/","og_locale":"pt_BR","og_type":"article","og_title":"Seringa Hipod\u00e9rmica Sem Agulha 5ml Luer Lock - Ultradent - Fator Dental","og_description":"01 unidade. DETALHES &#8211; Descart\u00e1vel, de uso \u00fanico.. &#8211; Seringa de pl\u00e1stico descart\u00e1vel e transparente de 5ml. &#8211; Com rosca Luer Lock para uma fixa\u00e7\u00e3o segura da ponta. APLICA\u00c7\u00c3O Indicada [&hellip;]","og_url":"https:\/\/fatordental.com.br\/index.php\/produto\/seringa-hipodermica-sem-agulha-5ml-luer-lock-ultradent\/","og_site_name":"Fator Dental","og_image":[{"width":900,"height":900,"url":"https:\/\/fatordental.com.br\/wp-content\/uploads\/2023\/02\/114782.jpg","type":"image\/jpeg"}],"twitter_card":"summary_large_image","twitter_misc":{"Est. tempo de leitura":"1 minuto"},"schema":{"@context":"https:\/\/schema.org","@graph":[{"@type":"WebPage","@id":"https:\/\/fatordental.com.br\/index.php\/produto\/seringa-hipodermica-sem-agulha-5ml-luer-lock-ultradent\/","url":"https:\/\/fatordental.com.br\/index.php\/produto\/seringa-hipodermica-sem-agulha-5ml-luer-lock-ultradent\/","name":"Seringa Hipod\u00e9rmica Sem Agulha 5ml Luer Lock - Ultradent - Fator Dental","isPartOf":{"@id":"https:\/\/fatordental.com.br\/#website"},"primaryImageOfPage":{"@id":"https:\/\/fatordental.com.br\/index.php\/produto\/seringa-hipodermica-sem-agulha-5ml-luer-lock-ultradent\/#primaryimage"},"image":{"@id":"https:\/\/fatordental.com.br\/index.php\/produto\/seringa-hipodermica-sem-agulha-5ml-luer-lock-ultradent\/#primaryimage"},"thumbnailUrl":"https:\/\/fatordental.com.br\/wp-content\/uploads\/2023\/02\/114782.jpg","datePublished":"2023-02-20T14:17:46+00:00","breadcrumb":{"@id":"https:\/\/fatordental.com.br\/index.php\/produto\/seringa-hipodermica-sem-agulha-5ml-luer-lock-ultradent\/#breadcrumb"},"inLanguage":"pt-BR","potentialAction":[{"@type":"ReadAction","target":["https:\/\/fatordental.com.br\/index.php\/produto\/seringa-hipodermica-sem-agulha-5ml-luer-lock-ultradent\/"]}]},{"@type":"ImageObject","inLanguage":"pt-BR","@id":"https:\/\/fatordental.com.br\/index.php\/produto\/seringa-hipodermica-sem-agulha-5ml-luer-lock-ultradent\/#primaryimage","url":"https:\/\/fatordental.com.br\/wp-content\/uploads\/2023\/02\/114782.jpg","contentUrl":"https:\/\/fatordental.com.br\/wp-content\/uploads\/2023\/02\/114782.jpg","width":900,"height":900},{"@type":"BreadcrumbList","@id":"https:\/\/fatordental.com.br\/index.php\/produto\/seringa-hipodermica-sem-agulha-5ml-luer-lock-ultradent\/#breadcrumb","itemListElement":[{"@type":"ListItem","position":1,"name":"In\u00edcio","item":"https:\/\/fatordental.com.br\/"},{"@type":"ListItem","position":2,"name":"Produtos","item":"https:\/\/fatordental.com.br\/index.php\/produtos\/"},{"@type":"ListItem","position":3,"name":"Seringa Hipod\u00e9rmica Sem Agulha 5ml Luer Lock &#8211; Ultradent"}]},{"@type":"WebSite","@id":"https:\/\/fatordental.com.br\/#website","url":"https:\/\/fatordental.com.br\/","name":"Fator Dental","description":"Produtos Ondontol\u00f3gicos","publisher":{"@id":"https:\/\/fatordental.com.br\/#organization"},"potentialAction":[{"@type":"SearchAction","target":{"@type":"EntryPoint","urlTemplate":"https:\/\/fatordental.com.br\/?s={search_term_string}"},"query-input":{"@type":"PropertyValueSpecification","valueRequired":true,"valueName":"search_term_string"}}],"inLanguage":"pt-BR"},{"@type":"Organization","@id":"https:\/\/fatordental.com.br\/#organization","name":"Fator Dental","url":"https:\/\/fatordental.com.br\/","logo":{"@type":"ImageObject","inLanguage":"pt-BR","@id":"https:\/\/fatordental.com.br\/#\/schema\/logo\/image\/","url":"https:\/\/fatordental.com.br\/wp-content\/uploads\/2023\/02\/logo_fator.png","contentUrl":"https:\/\/fatordental.com.br\/wp-content\/uploads\/2023\/02\/logo_fator.png","width":400,"height":256,"caption":"Fator Dental"},"image":{"@id":"https:\/\/fatordental.com.br\/#\/schema\/logo\/image\/"},"sameAs":["https:\/\/www.instagram.com\/fatordental\/"]}]}},"_links":{"self":[{"href":"https:\/\/fatordental.com.br\/index.php\/wp-json\/wp\/v2\/product\/1049","targetHints":{"allow":["GET"]}}],"collection":[{"href":"https:\/\/fatordental.com.br\/index.php\/wp-json\/wp\/v2\/product"}],"about":[{"href":"https:\/\/fatordental.com.br\/index.php\/wp-json\/wp\/v2\/types\/product"}],"wp:featuredmedia":[{"embeddable":true,"href":"https:\/\/fatordental.com.br\/index.php\/wp-json\/wp\/v2\/media\/1051"}],"wp:attachment":[{"href":"https:\/\/fatordental.com.br\/index.php\/wp-json\/wp\/v2\/media?parent=1049"}],"wp:term":[{"taxonomy":"product_brand","embeddable":true,"href":"https:\/\/fatordental.com.br\/index.php\/wp-json\/wp\/v2\/product_brand?post=1049"},{"taxonomy":"product_cat","embeddable":true,"href":"https:\/\/fatordental.com.br\/index.php\/wp-json\/wp\/v2\/product_cat?post=1049"},{"taxonomy":"product_tag","embeddable":true,"href":"https:\/\/fatordental.com.br\/index.php\/wp-json\/wp\/v2\/product_tag?post=1049"}],"curies":[{"name":"wp","href":"https:\/\/api.w.org\/{rel}","templated":true}]}}