{"id":1043,"date":"2023-02-20T11:06:03","date_gmt":"2023-02-20T14:06:03","guid":{"rendered":"https:\/\/fatordental.com.br\/?post_type=product&#038;p=1043"},"modified":"2023-02-20T11:06:03","modified_gmt":"2023-02-20T14:06:03","slug":"kit-completo-para-resina-microdont","status":"publish","type":"product","link":"https:\/\/fatordental.com.br\/index.php\/produto\/kit-completo-para-resina-microdont\/","title":{"rendered":"Kit Completo para Resina &#8211; Microdont"},"content":{"rendered":"<p class=\"value\"><strong>Kit com 12 unidades + broqueiro.<\/strong><\/p>\n<ul>\n<li><strong>DETALHES<\/strong><\/li>\n<\/ul>\n<p><span class=\"TextRun SCXW168740214 BCX8\" lang=\"PT-BR\" xml:lang=\"PT-BR\" data-contrast=\"auto\"><span class=\"NormalTextRun SCXW168740214 BCX8\" data-ccp-charstyle=\"normaltextrun\" data-ccp-charstyle-defn=\"{&quot;ObjectId&quot;:&quot;39b23b54-43a2-4261-9128-a49a2de8f4f6|57&quot;,&quot;ClassId&quot;:1073872969,&quot;Properties&quot;:[469775450,&quot;normaltextrun&quot;,201340122,&quot;1&quot;,134233614,&quot;true&quot;,469778129,&quot;normaltextrun&quot;,335572020,&quot;1&quot;,469778324,&quot;Default Paragraph Font&quot;]}\">&#8211;<\/span>\u00a0<span class=\"NormalTextRun SCXW168740214 BCX8\" data-ccp-parastyle=\"paragraph\">Kit de Polimento de Resina Completo<\/span><span class=\"NormalTextRun SCXW168740214 BCX8\" data-ccp-parastyle=\"paragraph\">.<\/span><\/span><span class=\"LineBreakBlob BlobObject DragDrop SCXW168740214 BCX8\"><span class=\"SCXW168740214 BCX8\"><br \/>\n<\/span>&#8211; Os itens do kit s\u00e3o CA (Canta \u00c2ngulo).<br class=\"SCXW168740214 BCX8\" \/><\/span><span class=\"TextRun SCXW168740214 BCX8\" lang=\"PT-BR\" xml:lang=\"PT-BR\" data-contrast=\"auto\"><span class=\"NormalTextRun SCXW168740214 BCX8\" data-ccp-parastyle=\"paragraph\">&#8211; Conta com 1 <\/span><span class=\"NormalTextRun SpellingErrorV2Themed SCXW168740214 BCX8\" data-ccp-parastyle=\"paragraph\">b<\/span><span class=\"NormalTextRun SpellingErrorV2Themed SCXW168740214 BCX8\" data-ccp-parastyle=\"paragraph\">roqueiro<\/span><span class=\"NormalTextRun SCXW168740214 BCX8\" data-ccp-parastyle=\"paragraph\">\u00a0acr\u00edlico\u00a0<\/span><span class=\"NormalTextRun SpellingErrorV2Themed SCXW168740214 BCX8\" data-ccp-parastyle=\"paragraph\">autoclav\u00e1vel<\/span><span class=\"NormalTextRun SCXW168740214 BCX8\" data-ccp-parastyle=\"paragraph\">.<\/span><\/span><span class=\"LineBreakBlob BlobObject DragDrop SCXW168740214 BCX8\"><span class=\"SCXW168740214 BCX8\">\u00a0<\/span><br class=\"SCXW168740214 BCX8\" \/><\/span><span class=\"TextRun SCXW168740214 BCX8\" lang=\"PT-BR\" xml:lang=\"PT-BR\" data-contrast=\"auto\"><span class=\"NormalTextRun SCXW168740214 BCX8\" data-ccp-parastyle=\"paragraph\">&#8211; Pontas fabricadas em silicone.<\/span><\/span><span class=\"LineBreakBlob BlobObject DragDrop SCXW168740214 BCX8\"><span class=\"SCXW168740214 BCX8\">\u00a0<\/span><br class=\"SCXW168740214 BCX8\" \/><\/span><span class=\"TextRun SCXW168740214 BCX8\" lang=\"PT-BR\" xml:lang=\"PT-BR\" data-contrast=\"auto\"><span class=\"NormalTextRun SCXW168740214 BCX8\" data-ccp-parastyle=\"paragraph\">&#8211; <\/span><span class=\"NormalTextRun SCXW168740214 BCX8\" data-ccp-parastyle=\"paragraph\">Granula\u00e7\u00f5es:<\/span><span class=\"NormalTextRun SCXW168740214 BCX8\" data-ccp-parastyle=\"paragraph\">\u00a0verde (grossa), amarelo (<\/span><span class=\"NormalTextRun SCXW168740214 BCX8\" data-ccp-parastyle=\"paragraph\">m\u00e9dia<\/span><span class=\"NormalTextRun SCXW168740214 BCX8\" data-ccp-parastyle=\"paragraph\">) e branco (fina).<\/span><\/span><span class=\"LineBreakBlob BlobObject DragDrop SCXW168740214 BCX8\"><span class=\"SCXW168740214 BCX8\">\u00a0<\/span><br class=\"SCXW168740214 BCX8\" \/><\/span><span class=\"TextRun SCXW168740214 BCX8\" lang=\"PT-BR\" xml:lang=\"PT-BR\" data-contrast=\"auto\"><span class=\"NormalTextRun SCXW168740214 BCX8\" data-ccp-parastyle=\"paragraph\">&#8211; Refer\u00eancia <\/span><span class=\"NormalTextRun SpellingErrorV2Themed SCXW168740214 BCX8\" data-ccp-parastyle=\"paragraph\">Microdont<\/span><span class=\"NormalTextRun SCXW168740214 BCX8\" data-ccp-parastyle=\"paragraph\">:\u00a0<\/span><span class=\"NormalTextRun SCXW168740214 BCX8\" data-ccp-parastyle=\"paragraph\">10218.034<\/span><span class=\"NormalTextRun SCXW168740214 BCX8\" data-ccp-parastyle=\"paragraph\">.<\/span><\/span><span class=\"EOP SCXW168740214 BCX8\" data-ccp-props=\"{&quot;134233117&quot;:true,&quot;134233118&quot;:true,&quot;201341983&quot;:0,&quot;335559740&quot;:240,&quot;469777462&quot;:[3544],&quot;469777927&quot;:[0],&quot;469777928&quot;:[1]}\">\u00a0<\/span><\/p>\n<ul>\n<li><strong>APLICA\u00c7\u00c3O<\/strong><\/li>\n<\/ul>\n<p><span class=\"TextRun SCXW44046207 BCX8\" lang=\"PT-BR\" xml:lang=\"PT-BR\" data-contrast=\"auto\"><span class=\"NormalTextRun SCXW44046207 BCX8\" data-ccp-charstyle=\"normaltextrun\" data-ccp-charstyle-defn=\"{&quot;ObjectId&quot;:&quot;39b23b54-43a2-4261-9128-a49a2de8f4f6|57&quot;,&quot;ClassId&quot;:1073872969,&quot;Properties&quot;:[469775450,&quot;normaltextrun&quot;,201340122,&quot;1&quot;,134233614,&quot;true&quot;,469778129,&quot;normaltextrun&quot;,335572020,&quot;1&quot;,469778324,&quot;Default Paragraph Font&quot;]}\">O<\/span>\u00a0<\/span><strong><span class=\"TextRun SCXW44046207 BCX8\" lang=\"PT-BR\" xml:lang=\"PT-BR\" data-contrast=\"auto\"><span class=\"NormalTextRun SCXW44046207 BCX8\" data-ccp-charstyle=\"normaltextrun\">Kit Completo para Resina<\/span>\u00a0<\/span><\/strong><span class=\"TextRun SCXW44046207 BCX8\" lang=\"PT-BR\" xml:lang=\"PT-BR\" data-contrast=\"auto\"><span class=\"NormalTextRun SCXW44046207 BCX8\" data-ccp-charstyle=\"normaltextrun\">da\u00a0<\/span><\/span><strong><span class=\"TextRun SCXW44046207 BCX8\" lang=\"PT-BR\" xml:lang=\"PT-BR\" data-contrast=\"auto\"><span class=\"NormalTextRun SpellingErrorV2Themed SCXW44046207 BCX8\" data-ccp-parastyle=\"paragraph\" data-ccp-parastyle-defn=\"{&quot;ObjectId&quot;:&quot;39b23b54-43a2-4261-9128-a49a2de8f4f6|56&quot;,&quot;ClassId&quot;:1073872969,&quot;Properties&quot;:[469775450,&quot;paragraph&quot;,201340122,&quot;2&quot;,134233614,&quot;true&quot;,469778129,&quot;paragraph&quot;,335572020,&quot;1&quot;,469777841,&quot;Times New Roman&quot;,469777842,&quot;Times New Roman&quot;,469777843,&quot;Times New Roman&quot;,469777844,&quot;Times New Roman&quot;,469769226,&quot;Times New Roman&quot;,268442635,&quot;24&quot;,335559705,&quot;1046&quot;,335559740,&quot;240&quot;,201341983,&quot;0&quot;,134233118,&quot;true&quot;,134233117,&quot;true&quot;,469778324,&quot;Normal&quot;]}\">Microdont<\/span>\u00a0<\/span><\/strong><span class=\"TextRun SCXW44046207 BCX8\" lang=\"PT-BR\" xml:lang=\"PT-BR\" data-contrast=\"auto\"><span class=\"NormalTextRun SCXW44046207 BCX8\" data-ccp-charstyle=\"normaltextrun\">\u00e9 ideal para o profissional que busca kit de pontas de silicone para resina, sendo seu uso indicado para acabamento e polimento tanto em\u00a0<\/span><span class=\"NormalTextRun SCXW44046207 BCX8\" data-ccp-charstyle=\"normaltextrun\">trabalhos em\u00a0<\/span><span class=\"NormalTextRun SCXW44046207 BCX8\" data-ccp-charstyle=\"normaltextrun\">consult\u00f3rios odontol\u00f3gicos, como tamb\u00e9m em laborat\u00f3rios de pr\u00f3teses.\u00a0<\/span><span class=\"NormalTextRun SCXW44046207 BCX8\" data-ccp-charstyle=\"normaltextrun\">Os polidores da\u00a0<\/span><span class=\"NormalTextRun SpellingErrorV2Themed SCXW44046207 BCX8\" data-ccp-charstyle=\"normaltextrun\">Microdont<\/span><span class=\"NormalTextRun SCXW44046207 BCX8\" data-ccp-charstyle=\"normaltextrun\">\u00a0s\u00e3o confeccionados em silicone, material inerte e que busca proporcionar seguran\u00e7a para utiliza\u00e7\u00e3o na \u00e1rea da sa\u00fade.<\/span><\/span><span class=\"EOP SCXW44046207 BCX8\" data-ccp-props=\"{&quot;134233117&quot;:true,&quot;134233118&quot;:true,&quot;201341983&quot;:0,&quot;335559740&quot;:240}\">\u00a0<\/span><\/p>\n","protected":false},"excerpt":{"rendered":"<p>Kit com 12 unidades + broqueiro. DETALHES &#8211;\u00a0Kit de Polimento de Resina Completo. &#8211; Os itens do kit s\u00e3o CA (Canta \u00c2ngulo).&#8211; Conta com 1 broqueiro\u00a0acr\u00edlico\u00a0autoclav\u00e1vel.\u00a0&#8211; Pontas fabricadas em silicone.\u00a0&#8211; [&hellip;]<\/p>\n","protected":false},"featured_media":1044,"template":"","meta":[],"product_brand":[],"product_cat":[75,51],"product_tag":[],"class_list":{"0":"post-1043","1":"product","2":"type-product","3":"status-publish","4":"has-post-thumbnail","6":"product_cat-acabamento-e-polimento","7":"product_cat-dentistica-e-estetica","9":"first","10":"instock","11":"shipping-taxable","12":"product-type-simple"},"yoast_head":"<!-- This site is optimized with the Yoast SEO plugin v26.8 - https:\/\/yoast.com\/product\/yoast-seo-wordpress\/ -->\n<title>Kit Completo para Resina - Microdont - Fator Dental<\/title>\n<meta name=\"robots\" content=\"index, follow, max-snippet:-1, max-image-preview:large, max-video-preview:-1\" \/>\n<link rel=\"canonical\" href=\"https:\/\/fatordental.com.br\/index.php\/produto\/kit-completo-para-resina-microdont\/\" \/>\n<meta property=\"og:locale\" content=\"pt_BR\" \/>\n<meta property=\"og:type\" content=\"article\" \/>\n<meta property=\"og:title\" content=\"Kit Completo para Resina - Microdont - Fator Dental\" \/>\n<meta property=\"og:description\" content=\"Kit com 12 unidades + broqueiro. DETALHES &#8211;\u00a0Kit de Polimento de Resina Completo. &#8211; Os itens do kit s\u00e3o CA (Canta \u00c2ngulo).&#8211; Conta com 1 broqueiro\u00a0acr\u00edlico\u00a0autoclav\u00e1vel.\u00a0&#8211; Pontas fabricadas em silicone.\u00a0&#8211; [&hellip;]\" \/>\n<meta property=\"og:url\" content=\"https:\/\/fatordental.com.br\/index.php\/produto\/kit-completo-para-resina-microdont\/\" \/>\n<meta property=\"og:site_name\" content=\"Fator Dental\" \/>\n<meta property=\"og:image\" content=\"https:\/\/fatordental.com.br\/wp-content\/uploads\/2023\/02\/2-kit-completo-resina-microdont-608502.jpg\" \/>\n\t<meta property=\"og:image:width\" content=\"800\" \/>\n\t<meta property=\"og:image:height\" content=\"800\" \/>\n\t<meta property=\"og:image:type\" content=\"image\/jpeg\" \/>\n<meta name=\"twitter:card\" content=\"summary_large_image\" \/>\n<meta name=\"twitter:label1\" content=\"Est. tempo de leitura\" \/>\n\t<meta name=\"twitter:data1\" content=\"1 minuto\" \/>\n<script type=\"application\/ld+json\" class=\"yoast-schema-graph\">{\"@context\":\"https:\/\/schema.org\",\"@graph\":[{\"@type\":\"WebPage\",\"@id\":\"https:\/\/fatordental.com.br\/index.php\/produto\/kit-completo-para-resina-microdont\/\",\"url\":\"https:\/\/fatordental.com.br\/index.php\/produto\/kit-completo-para-resina-microdont\/\",\"name\":\"Kit Completo para Resina - Microdont - Fator Dental\",\"isPartOf\":{\"@id\":\"https:\/\/fatordental.com.br\/#website\"},\"primaryImageOfPage\":{\"@id\":\"https:\/\/fatordental.com.br\/index.php\/produto\/kit-completo-para-resina-microdont\/#primaryimage\"},\"image\":{\"@id\":\"https:\/\/fatordental.com.br\/index.php\/produto\/kit-completo-para-resina-microdont\/#primaryimage\"},\"thumbnailUrl\":\"https:\/\/fatordental.com.br\/wp-content\/uploads\/2023\/02\/2-kit-completo-resina-microdont-608502.jpg\",\"datePublished\":\"2023-02-20T14:06:03+00:00\",\"breadcrumb\":{\"@id\":\"https:\/\/fatordental.com.br\/index.php\/produto\/kit-completo-para-resina-microdont\/#breadcrumb\"},\"inLanguage\":\"pt-BR\",\"potentialAction\":[{\"@type\":\"ReadAction\",\"target\":[\"https:\/\/fatordental.com.br\/index.php\/produto\/kit-completo-para-resina-microdont\/\"]}]},{\"@type\":\"ImageObject\",\"inLanguage\":\"pt-BR\",\"@id\":\"https:\/\/fatordental.com.br\/index.php\/produto\/kit-completo-para-resina-microdont\/#primaryimage\",\"url\":\"https:\/\/fatordental.com.br\/wp-content\/uploads\/2023\/02\/2-kit-completo-resina-microdont-608502.jpg\",\"contentUrl\":\"https:\/\/fatordental.com.br\/wp-content\/uploads\/2023\/02\/2-kit-completo-resina-microdont-608502.jpg\",\"width\":800,\"height\":800},{\"@type\":\"BreadcrumbList\",\"@id\":\"https:\/\/fatordental.com.br\/index.php\/produto\/kit-completo-para-resina-microdont\/#breadcrumb\",\"itemListElement\":[{\"@type\":\"ListItem\",\"position\":1,\"name\":\"In\u00edcio\",\"item\":\"https:\/\/fatordental.com.br\/\"},{\"@type\":\"ListItem\",\"position\":2,\"name\":\"Produtos\",\"item\":\"https:\/\/fatordental.com.br\/index.php\/produtos\/\"},{\"@type\":\"ListItem\",\"position\":3,\"name\":\"Kit Completo para Resina &#8211; Microdont\"}]},{\"@type\":\"WebSite\",\"@id\":\"https:\/\/fatordental.com.br\/#website\",\"url\":\"https:\/\/fatordental.com.br\/\",\"name\":\"Fator Dental\",\"description\":\"Produtos Ondontol\u00f3gicos\",\"publisher\":{\"@id\":\"https:\/\/fatordental.com.br\/#organization\"},\"potentialAction\":[{\"@type\":\"SearchAction\",\"target\":{\"@type\":\"EntryPoint\",\"urlTemplate\":\"https:\/\/fatordental.com.br\/?s={search_term_string}\"},\"query-input\":{\"@type\":\"PropertyValueSpecification\",\"valueRequired\":true,\"valueName\":\"search_term_string\"}}],\"inLanguage\":\"pt-BR\"},{\"@type\":\"Organization\",\"@id\":\"https:\/\/fatordental.com.br\/#organization\",\"name\":\"Fator Dental\",\"url\":\"https:\/\/fatordental.com.br\/\",\"logo\":{\"@type\":\"ImageObject\",\"inLanguage\":\"pt-BR\",\"@id\":\"https:\/\/fatordental.com.br\/#\/schema\/logo\/image\/\",\"url\":\"https:\/\/fatordental.com.br\/wp-content\/uploads\/2023\/02\/logo_fator.png\",\"contentUrl\":\"https:\/\/fatordental.com.br\/wp-content\/uploads\/2023\/02\/logo_fator.png\",\"width\":400,\"height\":256,\"caption\":\"Fator Dental\"},\"image\":{\"@id\":\"https:\/\/fatordental.com.br\/#\/schema\/logo\/image\/\"},\"sameAs\":[\"https:\/\/www.instagram.com\/fatordental\/\"]}]}<\/script>\n<!-- \/ Yoast SEO plugin. -->","yoast_head_json":{"title":"Kit Completo para Resina - Microdont - Fator Dental","robots":{"index":"index","follow":"follow","max-snippet":"max-snippet:-1","max-image-preview":"max-image-preview:large","max-video-preview":"max-video-preview:-1"},"canonical":"https:\/\/fatordental.com.br\/index.php\/produto\/kit-completo-para-resina-microdont\/","og_locale":"pt_BR","og_type":"article","og_title":"Kit Completo para Resina - Microdont - Fator Dental","og_description":"Kit com 12 unidades + broqueiro. DETALHES &#8211;\u00a0Kit de Polimento de Resina Completo. &#8211; Os itens do kit s\u00e3o CA (Canta \u00c2ngulo).&#8211; Conta com 1 broqueiro\u00a0acr\u00edlico\u00a0autoclav\u00e1vel.\u00a0&#8211; Pontas fabricadas em silicone.\u00a0&#8211; [&hellip;]","og_url":"https:\/\/fatordental.com.br\/index.php\/produto\/kit-completo-para-resina-microdont\/","og_site_name":"Fator Dental","og_image":[{"width":800,"height":800,"url":"https:\/\/fatordental.com.br\/wp-content\/uploads\/2023\/02\/2-kit-completo-resina-microdont-608502.jpg","type":"image\/jpeg"}],"twitter_card":"summary_large_image","twitter_misc":{"Est. tempo de leitura":"1 minuto"},"schema":{"@context":"https:\/\/schema.org","@graph":[{"@type":"WebPage","@id":"https:\/\/fatordental.com.br\/index.php\/produto\/kit-completo-para-resina-microdont\/","url":"https:\/\/fatordental.com.br\/index.php\/produto\/kit-completo-para-resina-microdont\/","name":"Kit Completo para Resina - Microdont - Fator Dental","isPartOf":{"@id":"https:\/\/fatordental.com.br\/#website"},"primaryImageOfPage":{"@id":"https:\/\/fatordental.com.br\/index.php\/produto\/kit-completo-para-resina-microdont\/#primaryimage"},"image":{"@id":"https:\/\/fatordental.com.br\/index.php\/produto\/kit-completo-para-resina-microdont\/#primaryimage"},"thumbnailUrl":"https:\/\/fatordental.com.br\/wp-content\/uploads\/2023\/02\/2-kit-completo-resina-microdont-608502.jpg","datePublished":"2023-02-20T14:06:03+00:00","breadcrumb":{"@id":"https:\/\/fatordental.com.br\/index.php\/produto\/kit-completo-para-resina-microdont\/#breadcrumb"},"inLanguage":"pt-BR","potentialAction":[{"@type":"ReadAction","target":["https:\/\/fatordental.com.br\/index.php\/produto\/kit-completo-para-resina-microdont\/"]}]},{"@type":"ImageObject","inLanguage":"pt-BR","@id":"https:\/\/fatordental.com.br\/index.php\/produto\/kit-completo-para-resina-microdont\/#primaryimage","url":"https:\/\/fatordental.com.br\/wp-content\/uploads\/2023\/02\/2-kit-completo-resina-microdont-608502.jpg","contentUrl":"https:\/\/fatordental.com.br\/wp-content\/uploads\/2023\/02\/2-kit-completo-resina-microdont-608502.jpg","width":800,"height":800},{"@type":"BreadcrumbList","@id":"https:\/\/fatordental.com.br\/index.php\/produto\/kit-completo-para-resina-microdont\/#breadcrumb","itemListElement":[{"@type":"ListItem","position":1,"name":"In\u00edcio","item":"https:\/\/fatordental.com.br\/"},{"@type":"ListItem","position":2,"name":"Produtos","item":"https:\/\/fatordental.com.br\/index.php\/produtos\/"},{"@type":"ListItem","position":3,"name":"Kit Completo para Resina &#8211; Microdont"}]},{"@type":"WebSite","@id":"https:\/\/fatordental.com.br\/#website","url":"https:\/\/fatordental.com.br\/","name":"Fator Dental","description":"Produtos Ondontol\u00f3gicos","publisher":{"@id":"https:\/\/fatordental.com.br\/#organization"},"potentialAction":[{"@type":"SearchAction","target":{"@type":"EntryPoint","urlTemplate":"https:\/\/fatordental.com.br\/?s={search_term_string}"},"query-input":{"@type":"PropertyValueSpecification","valueRequired":true,"valueName":"search_term_string"}}],"inLanguage":"pt-BR"},{"@type":"Organization","@id":"https:\/\/fatordental.com.br\/#organization","name":"Fator Dental","url":"https:\/\/fatordental.com.br\/","logo":{"@type":"ImageObject","inLanguage":"pt-BR","@id":"https:\/\/fatordental.com.br\/#\/schema\/logo\/image\/","url":"https:\/\/fatordental.com.br\/wp-content\/uploads\/2023\/02\/logo_fator.png","contentUrl":"https:\/\/fatordental.com.br\/wp-content\/uploads\/2023\/02\/logo_fator.png","width":400,"height":256,"caption":"Fator Dental"},"image":{"@id":"https:\/\/fatordental.com.br\/#\/schema\/logo\/image\/"},"sameAs":["https:\/\/www.instagram.com\/fatordental\/"]}]}},"_links":{"self":[{"href":"https:\/\/fatordental.com.br\/index.php\/wp-json\/wp\/v2\/product\/1043","targetHints":{"allow":["GET"]}}],"collection":[{"href":"https:\/\/fatordental.com.br\/index.php\/wp-json\/wp\/v2\/product"}],"about":[{"href":"https:\/\/fatordental.com.br\/index.php\/wp-json\/wp\/v2\/types\/product"}],"wp:featuredmedia":[{"embeddable":true,"href":"https:\/\/fatordental.com.br\/index.php\/wp-json\/wp\/v2\/media\/1044"}],"wp:attachment":[{"href":"https:\/\/fatordental.com.br\/index.php\/wp-json\/wp\/v2\/media?parent=1043"}],"wp:term":[{"taxonomy":"product_brand","embeddable":true,"href":"https:\/\/fatordental.com.br\/index.php\/wp-json\/wp\/v2\/product_brand?post=1043"},{"taxonomy":"product_cat","embeddable":true,"href":"https:\/\/fatordental.com.br\/index.php\/wp-json\/wp\/v2\/product_cat?post=1043"},{"taxonomy":"product_tag","embeddable":true,"href":"https:\/\/fatordental.com.br\/index.php\/wp-json\/wp\/v2\/product_tag?post=1043"}],"curies":[{"name":"wp","href":"https:\/\/api.w.org\/{rel}","templated":true}]}}