{"id":1041,"date":"2023-02-20T10:58:23","date_gmt":"2023-02-20T13:58:23","guid":{"rendered":"https:\/\/fatordental.com.br\/?post_type=product&#038;p=1041"},"modified":"2023-02-20T10:58:24","modified_gmt":"2023-02-20T13:58:24","slug":"polidor-jiffy-polisher-cups-medio-amarelo-ultradent","status":"publish","type":"product","link":"https:\/\/fatordental.com.br\/index.php\/produto\/polidor-jiffy-polisher-cups-medio-amarelo-ultradent\/","title":{"rendered":"Polidor Jiffy Polisher Cups Medio amarelo &#8211; Ultradent"},"content":{"rendered":"<p class=\"value\"><strong>Embalagem com 3 unidades em formato de ta\u00e7a.<\/strong><\/p>\n<ul>\n<li><strong>DETALHES<\/strong><\/li>\n<\/ul>\n<p>&#8211; Material sem L\u00e1tex.<br \/>\n&#8211; Autoclav\u00e1vel.<br \/>\n&#8211; Os polidores s\u00e3o de silicone, impregnados com carbeto de sil\u00edcio e part\u00edculas de \u00f3xido de alum\u00ednio para o acabamento e polimento de restaura\u00e7\u00f5es em resina composta.<br \/>\n&#8211; Desenvolvidos com encaixe para contra \u00e2ngulo.<\/p>\n<ul>\n<li><strong>APLICA\u00c7\u00c3O<\/strong><\/li>\n<\/ul>\n<p>Excelentes para contorno, acabamento e polimento. Para utilizar ap\u00f3s a escultura e alisamento das restaura\u00e7\u00f5es em resina composta com pontas diamantadas e brocas sulcadas de carboneto, discos de lixa, entre outros.<\/p>\n","protected":false},"excerpt":{"rendered":"<p>Embalagem com 3 unidades em formato de ta\u00e7a. DETALHES &#8211; Material sem L\u00e1tex. &#8211; Autoclav\u00e1vel. &#8211; Os polidores s\u00e3o de silicone, impregnados com carbeto de sil\u00edcio e part\u00edculas de \u00f3xido [&hellip;]<\/p>\n","protected":false},"featured_media":1042,"template":"","meta":[],"product_brand":[],"product_cat":[75,51],"product_tag":[],"class_list":{"0":"post-1041","1":"product","2":"type-product","3":"status-publish","4":"has-post-thumbnail","6":"product_cat-acabamento-e-polimento","7":"product_cat-dentistica-e-estetica","9":"first","10":"instock","11":"shipping-taxable","12":"product-type-simple"},"yoast_head":"<!-- This site is optimized with the Yoast SEO plugin v26.8 - https:\/\/yoast.com\/product\/yoast-seo-wordpress\/ -->\n<title>Polidor Jiffy Polisher Cups Medio amarelo - Ultradent - Fator Dental<\/title>\n<meta name=\"robots\" content=\"index, follow, max-snippet:-1, max-image-preview:large, max-video-preview:-1\" \/>\n<link rel=\"canonical\" href=\"https:\/\/fatordental.com.br\/index.php\/produto\/polidor-jiffy-polisher-cups-medio-amarelo-ultradent\/\" \/>\n<meta property=\"og:locale\" content=\"pt_BR\" \/>\n<meta property=\"og:type\" content=\"article\" \/>\n<meta property=\"og:title\" content=\"Polidor Jiffy Polisher Cups Medio amarelo - Ultradent - Fator Dental\" \/>\n<meta property=\"og:description\" content=\"Embalagem com 3 unidades em formato de ta\u00e7a. DETALHES &#8211; Material sem L\u00e1tex. &#8211; Autoclav\u00e1vel. &#8211; Os polidores s\u00e3o de silicone, impregnados com carbeto de sil\u00edcio e part\u00edculas de \u00f3xido [&hellip;]\" \/>\n<meta property=\"og:url\" content=\"https:\/\/fatordental.com.br\/index.php\/produto\/polidor-jiffy-polisher-cups-medio-amarelo-ultradent\/\" \/>\n<meta property=\"og:site_name\" content=\"Fator Dental\" \/>\n<meta property=\"article:modified_time\" content=\"2023-02-20T13:58:24+00:00\" \/>\n<meta property=\"og:image\" content=\"https:\/\/fatordental.com.br\/wp-content\/uploads\/2023\/02\/polidor-jiffy-polisher-taca-media-amarela-485158.jpg\" \/>\n\t<meta property=\"og:image:width\" content=\"900\" \/>\n\t<meta property=\"og:image:height\" content=\"900\" \/>\n\t<meta property=\"og:image:type\" content=\"image\/jpeg\" \/>\n<meta name=\"twitter:card\" content=\"summary_large_image\" \/>\n<meta name=\"twitter:label1\" content=\"Est. tempo de leitura\" \/>\n\t<meta name=\"twitter:data1\" content=\"1 minuto\" \/>\n<script type=\"application\/ld+json\" class=\"yoast-schema-graph\">{\"@context\":\"https:\/\/schema.org\",\"@graph\":[{\"@type\":\"WebPage\",\"@id\":\"https:\/\/fatordental.com.br\/index.php\/produto\/polidor-jiffy-polisher-cups-medio-amarelo-ultradent\/\",\"url\":\"https:\/\/fatordental.com.br\/index.php\/produto\/polidor-jiffy-polisher-cups-medio-amarelo-ultradent\/\",\"name\":\"Polidor Jiffy Polisher Cups Medio amarelo - Ultradent - Fator Dental\",\"isPartOf\":{\"@id\":\"https:\/\/fatordental.com.br\/#website\"},\"primaryImageOfPage\":{\"@id\":\"https:\/\/fatordental.com.br\/index.php\/produto\/polidor-jiffy-polisher-cups-medio-amarelo-ultradent\/#primaryimage\"},\"image\":{\"@id\":\"https:\/\/fatordental.com.br\/index.php\/produto\/polidor-jiffy-polisher-cups-medio-amarelo-ultradent\/#primaryimage\"},\"thumbnailUrl\":\"https:\/\/fatordental.com.br\/wp-content\/uploads\/2023\/02\/polidor-jiffy-polisher-taca-media-amarela-485158.jpg\",\"datePublished\":\"2023-02-20T13:58:23+00:00\",\"dateModified\":\"2023-02-20T13:58:24+00:00\",\"breadcrumb\":{\"@id\":\"https:\/\/fatordental.com.br\/index.php\/produto\/polidor-jiffy-polisher-cups-medio-amarelo-ultradent\/#breadcrumb\"},\"inLanguage\":\"pt-BR\",\"potentialAction\":[{\"@type\":\"ReadAction\",\"target\":[\"https:\/\/fatordental.com.br\/index.php\/produto\/polidor-jiffy-polisher-cups-medio-amarelo-ultradent\/\"]}]},{\"@type\":\"ImageObject\",\"inLanguage\":\"pt-BR\",\"@id\":\"https:\/\/fatordental.com.br\/index.php\/produto\/polidor-jiffy-polisher-cups-medio-amarelo-ultradent\/#primaryimage\",\"url\":\"https:\/\/fatordental.com.br\/wp-content\/uploads\/2023\/02\/polidor-jiffy-polisher-taca-media-amarela-485158.jpg\",\"contentUrl\":\"https:\/\/fatordental.com.br\/wp-content\/uploads\/2023\/02\/polidor-jiffy-polisher-taca-media-amarela-485158.jpg\",\"width\":900,\"height\":900},{\"@type\":\"BreadcrumbList\",\"@id\":\"https:\/\/fatordental.com.br\/index.php\/produto\/polidor-jiffy-polisher-cups-medio-amarelo-ultradent\/#breadcrumb\",\"itemListElement\":[{\"@type\":\"ListItem\",\"position\":1,\"name\":\"In\u00edcio\",\"item\":\"https:\/\/fatordental.com.br\/\"},{\"@type\":\"ListItem\",\"position\":2,\"name\":\"Produtos\",\"item\":\"https:\/\/fatordental.com.br\/index.php\/produtos\/\"},{\"@type\":\"ListItem\",\"position\":3,\"name\":\"Polidor Jiffy Polisher Cups Medio amarelo &#8211; Ultradent\"}]},{\"@type\":\"WebSite\",\"@id\":\"https:\/\/fatordental.com.br\/#website\",\"url\":\"https:\/\/fatordental.com.br\/\",\"name\":\"Fator Dental\",\"description\":\"Produtos Ondontol\u00f3gicos\",\"publisher\":{\"@id\":\"https:\/\/fatordental.com.br\/#organization\"},\"potentialAction\":[{\"@type\":\"SearchAction\",\"target\":{\"@type\":\"EntryPoint\",\"urlTemplate\":\"https:\/\/fatordental.com.br\/?s={search_term_string}\"},\"query-input\":{\"@type\":\"PropertyValueSpecification\",\"valueRequired\":true,\"valueName\":\"search_term_string\"}}],\"inLanguage\":\"pt-BR\"},{\"@type\":\"Organization\",\"@id\":\"https:\/\/fatordental.com.br\/#organization\",\"name\":\"Fator Dental\",\"url\":\"https:\/\/fatordental.com.br\/\",\"logo\":{\"@type\":\"ImageObject\",\"inLanguage\":\"pt-BR\",\"@id\":\"https:\/\/fatordental.com.br\/#\/schema\/logo\/image\/\",\"url\":\"https:\/\/fatordental.com.br\/wp-content\/uploads\/2023\/02\/logo_fator.png\",\"contentUrl\":\"https:\/\/fatordental.com.br\/wp-content\/uploads\/2023\/02\/logo_fator.png\",\"width\":400,\"height\":256,\"caption\":\"Fator Dental\"},\"image\":{\"@id\":\"https:\/\/fatordental.com.br\/#\/schema\/logo\/image\/\"},\"sameAs\":[\"https:\/\/www.instagram.com\/fatordental\/\"]}]}<\/script>\n<!-- \/ Yoast SEO plugin. -->","yoast_head_json":{"title":"Polidor Jiffy Polisher Cups Medio amarelo - Ultradent - Fator Dental","robots":{"index":"index","follow":"follow","max-snippet":"max-snippet:-1","max-image-preview":"max-image-preview:large","max-video-preview":"max-video-preview:-1"},"canonical":"https:\/\/fatordental.com.br\/index.php\/produto\/polidor-jiffy-polisher-cups-medio-amarelo-ultradent\/","og_locale":"pt_BR","og_type":"article","og_title":"Polidor Jiffy Polisher Cups Medio amarelo - Ultradent - Fator Dental","og_description":"Embalagem com 3 unidades em formato de ta\u00e7a. DETALHES &#8211; Material sem L\u00e1tex. &#8211; Autoclav\u00e1vel. &#8211; Os polidores s\u00e3o de silicone, impregnados com carbeto de sil\u00edcio e part\u00edculas de \u00f3xido [&hellip;]","og_url":"https:\/\/fatordental.com.br\/index.php\/produto\/polidor-jiffy-polisher-cups-medio-amarelo-ultradent\/","og_site_name":"Fator Dental","article_modified_time":"2023-02-20T13:58:24+00:00","og_image":[{"width":900,"height":900,"url":"https:\/\/fatordental.com.br\/wp-content\/uploads\/2023\/02\/polidor-jiffy-polisher-taca-media-amarela-485158.jpg","type":"image\/jpeg"}],"twitter_card":"summary_large_image","twitter_misc":{"Est. tempo de leitura":"1 minuto"},"schema":{"@context":"https:\/\/schema.org","@graph":[{"@type":"WebPage","@id":"https:\/\/fatordental.com.br\/index.php\/produto\/polidor-jiffy-polisher-cups-medio-amarelo-ultradent\/","url":"https:\/\/fatordental.com.br\/index.php\/produto\/polidor-jiffy-polisher-cups-medio-amarelo-ultradent\/","name":"Polidor Jiffy Polisher Cups Medio amarelo - Ultradent - Fator Dental","isPartOf":{"@id":"https:\/\/fatordental.com.br\/#website"},"primaryImageOfPage":{"@id":"https:\/\/fatordental.com.br\/index.php\/produto\/polidor-jiffy-polisher-cups-medio-amarelo-ultradent\/#primaryimage"},"image":{"@id":"https:\/\/fatordental.com.br\/index.php\/produto\/polidor-jiffy-polisher-cups-medio-amarelo-ultradent\/#primaryimage"},"thumbnailUrl":"https:\/\/fatordental.com.br\/wp-content\/uploads\/2023\/02\/polidor-jiffy-polisher-taca-media-amarela-485158.jpg","datePublished":"2023-02-20T13:58:23+00:00","dateModified":"2023-02-20T13:58:24+00:00","breadcrumb":{"@id":"https:\/\/fatordental.com.br\/index.php\/produto\/polidor-jiffy-polisher-cups-medio-amarelo-ultradent\/#breadcrumb"},"inLanguage":"pt-BR","potentialAction":[{"@type":"ReadAction","target":["https:\/\/fatordental.com.br\/index.php\/produto\/polidor-jiffy-polisher-cups-medio-amarelo-ultradent\/"]}]},{"@type":"ImageObject","inLanguage":"pt-BR","@id":"https:\/\/fatordental.com.br\/index.php\/produto\/polidor-jiffy-polisher-cups-medio-amarelo-ultradent\/#primaryimage","url":"https:\/\/fatordental.com.br\/wp-content\/uploads\/2023\/02\/polidor-jiffy-polisher-taca-media-amarela-485158.jpg","contentUrl":"https:\/\/fatordental.com.br\/wp-content\/uploads\/2023\/02\/polidor-jiffy-polisher-taca-media-amarela-485158.jpg","width":900,"height":900},{"@type":"BreadcrumbList","@id":"https:\/\/fatordental.com.br\/index.php\/produto\/polidor-jiffy-polisher-cups-medio-amarelo-ultradent\/#breadcrumb","itemListElement":[{"@type":"ListItem","position":1,"name":"In\u00edcio","item":"https:\/\/fatordental.com.br\/"},{"@type":"ListItem","position":2,"name":"Produtos","item":"https:\/\/fatordental.com.br\/index.php\/produtos\/"},{"@type":"ListItem","position":3,"name":"Polidor Jiffy Polisher Cups Medio amarelo &#8211; Ultradent"}]},{"@type":"WebSite","@id":"https:\/\/fatordental.com.br\/#website","url":"https:\/\/fatordental.com.br\/","name":"Fator Dental","description":"Produtos Ondontol\u00f3gicos","publisher":{"@id":"https:\/\/fatordental.com.br\/#organization"},"potentialAction":[{"@type":"SearchAction","target":{"@type":"EntryPoint","urlTemplate":"https:\/\/fatordental.com.br\/?s={search_term_string}"},"query-input":{"@type":"PropertyValueSpecification","valueRequired":true,"valueName":"search_term_string"}}],"inLanguage":"pt-BR"},{"@type":"Organization","@id":"https:\/\/fatordental.com.br\/#organization","name":"Fator Dental","url":"https:\/\/fatordental.com.br\/","logo":{"@type":"ImageObject","inLanguage":"pt-BR","@id":"https:\/\/fatordental.com.br\/#\/schema\/logo\/image\/","url":"https:\/\/fatordental.com.br\/wp-content\/uploads\/2023\/02\/logo_fator.png","contentUrl":"https:\/\/fatordental.com.br\/wp-content\/uploads\/2023\/02\/logo_fator.png","width":400,"height":256,"caption":"Fator Dental"},"image":{"@id":"https:\/\/fatordental.com.br\/#\/schema\/logo\/image\/"},"sameAs":["https:\/\/www.instagram.com\/fatordental\/"]}]}},"_links":{"self":[{"href":"https:\/\/fatordental.com.br\/index.php\/wp-json\/wp\/v2\/product\/1041","targetHints":{"allow":["GET"]}}],"collection":[{"href":"https:\/\/fatordental.com.br\/index.php\/wp-json\/wp\/v2\/product"}],"about":[{"href":"https:\/\/fatordental.com.br\/index.php\/wp-json\/wp\/v2\/types\/product"}],"wp:featuredmedia":[{"embeddable":true,"href":"https:\/\/fatordental.com.br\/index.php\/wp-json\/wp\/v2\/media\/1042"}],"wp:attachment":[{"href":"https:\/\/fatordental.com.br\/index.php\/wp-json\/wp\/v2\/media?parent=1041"}],"wp:term":[{"taxonomy":"product_brand","embeddable":true,"href":"https:\/\/fatordental.com.br\/index.php\/wp-json\/wp\/v2\/product_brand?post=1041"},{"taxonomy":"product_cat","embeddable":true,"href":"https:\/\/fatordental.com.br\/index.php\/wp-json\/wp\/v2\/product_cat?post=1041"},{"taxonomy":"product_tag","embeddable":true,"href":"https:\/\/fatordental.com.br\/index.php\/wp-json\/wp\/v2\/product_tag?post=1041"}],"curies":[{"name":"wp","href":"https:\/\/api.w.org\/{rel}","templated":true}]}}