{"id":1023,"date":"2023-02-20T10:04:54","date_gmt":"2023-02-20T13:04:54","guid":{"rendered":"https:\/\/fatordental.com.br\/?post_type=product&#038;p=1023"},"modified":"2023-02-20T10:04:55","modified_gmt":"2023-02-20T13:04:55","slug":"condicionador-acido-fosforico-fusion-duralink-37-angelus","status":"publish","type":"product","link":"https:\/\/fatordental.com.br\/index.php\/produto\/condicionador-acido-fosforico-fusion-duralink-37-angelus\/","title":{"rendered":"Condicionador \u00c1cido Fosf\u00f3rico Fusion Duralink 37% &#8211; Angelus"},"content":{"rendered":"<p class=\"value\"><strong>Embalagem com 3 unidades, 3g cada.<\/strong><\/p>\n<ul>\n<li><strong>DETALHES<\/strong><\/li>\n<\/ul>\n<p>&#8211; Viscosidade adequada;<br \/>\n&#8211; H3PO 37%;<br \/>\n&#8211; Apresenta\u00e7\u00e3o em forma Gel;<br \/>\n&#8211; Controle sobre a \u00e1rea de aplica\u00e7\u00e3o;<br \/>\n&#8211; Forma\u00e7\u00e3o de porosidades, aumentando a \u00e1rea de contato;<br \/>\n&#8211; F\u00e1cil aplica\u00e7\u00e3o e remo\u00e7\u00e3o.<\/p>\n<ul>\n<li><strong>APLICA\u00c7\u00c3O<\/strong><\/li>\n<\/ul>\n<p>Indicado para condicionamento de superf\u00edcies dentais (dentina e esmalte) para melhorar a ades\u00e3o dos materiais restauradores nas restaura\u00e7\u00f5es diretas, na fixa\u00e7\u00e3o de brackets ortod\u00f4nticos, na cimenta\u00e7\u00e3o adesiva de restaura\u00e7\u00f5es indiretas e nos selamentos de f\u00f3ssulas e fissuras.<\/p>\n","protected":false},"excerpt":{"rendered":"<p>Embalagem com 3 unidades, 3g cada. DETALHES &#8211; Viscosidade adequada; &#8211; H3PO 37%; &#8211; Apresenta\u00e7\u00e3o em forma Gel; &#8211; Controle sobre a \u00e1rea de aplica\u00e7\u00e3o; &#8211; Forma\u00e7\u00e3o de porosidades, aumentando [&hellip;]<\/p>\n","protected":false},"featured_media":1024,"template":"","meta":[],"product_brand":[],"product_cat":[37,51],"product_tag":[],"class_list":{"0":"post-1023","1":"product","2":"type-product","3":"status-publish","4":"has-post-thumbnail","6":"product_cat-condicionador-acido","7":"product_cat-dentistica-e-estetica","9":"first","10":"instock","11":"shipping-taxable","12":"product-type-simple"},"yoast_head":"<!-- This site is optimized with the Yoast SEO plugin v26.8 - https:\/\/yoast.com\/product\/yoast-seo-wordpress\/ -->\n<title>Condicionador \u00c1cido Fosf\u00f3rico Fusion Duralink 37% - Angelus - Fator Dental<\/title>\n<meta name=\"robots\" content=\"index, follow, max-snippet:-1, max-image-preview:large, max-video-preview:-1\" \/>\n<link rel=\"canonical\" href=\"https:\/\/fatordental.com.br\/index.php\/produto\/condicionador-acido-fosforico-fusion-duralink-37-angelus\/\" \/>\n<meta property=\"og:locale\" content=\"pt_BR\" \/>\n<meta property=\"og:type\" content=\"article\" \/>\n<meta property=\"og:title\" content=\"Condicionador \u00c1cido Fosf\u00f3rico Fusion Duralink 37% - Angelus - Fator Dental\" \/>\n<meta property=\"og:description\" content=\"Embalagem com 3 unidades, 3g cada. DETALHES &#8211; Viscosidade adequada; &#8211; H3PO 37%; &#8211; Apresenta\u00e7\u00e3o em forma Gel; &#8211; Controle sobre a \u00e1rea de aplica\u00e7\u00e3o; &#8211; Forma\u00e7\u00e3o de porosidades, aumentando [&hellip;]\" \/>\n<meta property=\"og:url\" content=\"https:\/\/fatordental.com.br\/index.php\/produto\/condicionador-acido-fosforico-fusion-duralink-37-angelus\/\" \/>\n<meta property=\"og:site_name\" content=\"Fator Dental\" \/>\n<meta property=\"article:modified_time\" content=\"2023-02-20T13:04:55+00:00\" \/>\n<meta property=\"og:image\" content=\"https:\/\/fatordental.com.br\/wp-content\/uploads\/2023\/02\/condicionador-acido-fosforico-fusion-duralink-37-angelus.jpg\" \/>\n\t<meta property=\"og:image:width\" content=\"800\" \/>\n\t<meta property=\"og:image:height\" content=\"800\" \/>\n\t<meta property=\"og:image:type\" content=\"image\/jpeg\" \/>\n<meta name=\"twitter:card\" content=\"summary_large_image\" \/>\n<meta name=\"twitter:label1\" content=\"Est. tempo de leitura\" \/>\n\t<meta name=\"twitter:data1\" content=\"1 minuto\" \/>\n<script type=\"application\/ld+json\" class=\"yoast-schema-graph\">{\"@context\":\"https:\/\/schema.org\",\"@graph\":[{\"@type\":\"WebPage\",\"@id\":\"https:\/\/fatordental.com.br\/index.php\/produto\/condicionador-acido-fosforico-fusion-duralink-37-angelus\/\",\"url\":\"https:\/\/fatordental.com.br\/index.php\/produto\/condicionador-acido-fosforico-fusion-duralink-37-angelus\/\",\"name\":\"Condicionador \u00c1cido Fosf\u00f3rico Fusion Duralink 37% - Angelus - Fator Dental\",\"isPartOf\":{\"@id\":\"https:\/\/fatordental.com.br\/#website\"},\"primaryImageOfPage\":{\"@id\":\"https:\/\/fatordental.com.br\/index.php\/produto\/condicionador-acido-fosforico-fusion-duralink-37-angelus\/#primaryimage\"},\"image\":{\"@id\":\"https:\/\/fatordental.com.br\/index.php\/produto\/condicionador-acido-fosforico-fusion-duralink-37-angelus\/#primaryimage\"},\"thumbnailUrl\":\"https:\/\/fatordental.com.br\/wp-content\/uploads\/2023\/02\/condicionador-acido-fosforico-fusion-duralink-37-angelus.jpg\",\"datePublished\":\"2023-02-20T13:04:54+00:00\",\"dateModified\":\"2023-02-20T13:04:55+00:00\",\"breadcrumb\":{\"@id\":\"https:\/\/fatordental.com.br\/index.php\/produto\/condicionador-acido-fosforico-fusion-duralink-37-angelus\/#breadcrumb\"},\"inLanguage\":\"pt-BR\",\"potentialAction\":[{\"@type\":\"ReadAction\",\"target\":[\"https:\/\/fatordental.com.br\/index.php\/produto\/condicionador-acido-fosforico-fusion-duralink-37-angelus\/\"]}]},{\"@type\":\"ImageObject\",\"inLanguage\":\"pt-BR\",\"@id\":\"https:\/\/fatordental.com.br\/index.php\/produto\/condicionador-acido-fosforico-fusion-duralink-37-angelus\/#primaryimage\",\"url\":\"https:\/\/fatordental.com.br\/wp-content\/uploads\/2023\/02\/condicionador-acido-fosforico-fusion-duralink-37-angelus.jpg\",\"contentUrl\":\"https:\/\/fatordental.com.br\/wp-content\/uploads\/2023\/02\/condicionador-acido-fosforico-fusion-duralink-37-angelus.jpg\",\"width\":800,\"height\":800},{\"@type\":\"BreadcrumbList\",\"@id\":\"https:\/\/fatordental.com.br\/index.php\/produto\/condicionador-acido-fosforico-fusion-duralink-37-angelus\/#breadcrumb\",\"itemListElement\":[{\"@type\":\"ListItem\",\"position\":1,\"name\":\"In\u00edcio\",\"item\":\"https:\/\/fatordental.com.br\/\"},{\"@type\":\"ListItem\",\"position\":2,\"name\":\"Produtos\",\"item\":\"https:\/\/fatordental.com.br\/index.php\/produtos\/\"},{\"@type\":\"ListItem\",\"position\":3,\"name\":\"Condicionador \u00c1cido Fosf\u00f3rico Fusion Duralink 37% &#8211; Angelus\"}]},{\"@type\":\"WebSite\",\"@id\":\"https:\/\/fatordental.com.br\/#website\",\"url\":\"https:\/\/fatordental.com.br\/\",\"name\":\"Fator Dental\",\"description\":\"Produtos Ondontol\u00f3gicos\",\"publisher\":{\"@id\":\"https:\/\/fatordental.com.br\/#organization\"},\"potentialAction\":[{\"@type\":\"SearchAction\",\"target\":{\"@type\":\"EntryPoint\",\"urlTemplate\":\"https:\/\/fatordental.com.br\/?s={search_term_string}\"},\"query-input\":{\"@type\":\"PropertyValueSpecification\",\"valueRequired\":true,\"valueName\":\"search_term_string\"}}],\"inLanguage\":\"pt-BR\"},{\"@type\":\"Organization\",\"@id\":\"https:\/\/fatordental.com.br\/#organization\",\"name\":\"Fator Dental\",\"url\":\"https:\/\/fatordental.com.br\/\",\"logo\":{\"@type\":\"ImageObject\",\"inLanguage\":\"pt-BR\",\"@id\":\"https:\/\/fatordental.com.br\/#\/schema\/logo\/image\/\",\"url\":\"https:\/\/fatordental.com.br\/wp-content\/uploads\/2023\/02\/logo_fator.png\",\"contentUrl\":\"https:\/\/fatordental.com.br\/wp-content\/uploads\/2023\/02\/logo_fator.png\",\"width\":400,\"height\":256,\"caption\":\"Fator Dental\"},\"image\":{\"@id\":\"https:\/\/fatordental.com.br\/#\/schema\/logo\/image\/\"},\"sameAs\":[\"https:\/\/www.instagram.com\/fatordental\/\"]}]}<\/script>\n<!-- \/ Yoast SEO plugin. -->","yoast_head_json":{"title":"Condicionador \u00c1cido Fosf\u00f3rico Fusion Duralink 37% - Angelus - Fator Dental","robots":{"index":"index","follow":"follow","max-snippet":"max-snippet:-1","max-image-preview":"max-image-preview:large","max-video-preview":"max-video-preview:-1"},"canonical":"https:\/\/fatordental.com.br\/index.php\/produto\/condicionador-acido-fosforico-fusion-duralink-37-angelus\/","og_locale":"pt_BR","og_type":"article","og_title":"Condicionador \u00c1cido Fosf\u00f3rico Fusion Duralink 37% - Angelus - Fator Dental","og_description":"Embalagem com 3 unidades, 3g cada. DETALHES &#8211; Viscosidade adequada; &#8211; H3PO 37%; &#8211; Apresenta\u00e7\u00e3o em forma Gel; &#8211; Controle sobre a \u00e1rea de aplica\u00e7\u00e3o; &#8211; Forma\u00e7\u00e3o de porosidades, aumentando [&hellip;]","og_url":"https:\/\/fatordental.com.br\/index.php\/produto\/condicionador-acido-fosforico-fusion-duralink-37-angelus\/","og_site_name":"Fator Dental","article_modified_time":"2023-02-20T13:04:55+00:00","og_image":[{"width":800,"height":800,"url":"https:\/\/fatordental.com.br\/wp-content\/uploads\/2023\/02\/condicionador-acido-fosforico-fusion-duralink-37-angelus.jpg","type":"image\/jpeg"}],"twitter_card":"summary_large_image","twitter_misc":{"Est. tempo de leitura":"1 minuto"},"schema":{"@context":"https:\/\/schema.org","@graph":[{"@type":"WebPage","@id":"https:\/\/fatordental.com.br\/index.php\/produto\/condicionador-acido-fosforico-fusion-duralink-37-angelus\/","url":"https:\/\/fatordental.com.br\/index.php\/produto\/condicionador-acido-fosforico-fusion-duralink-37-angelus\/","name":"Condicionador \u00c1cido Fosf\u00f3rico Fusion Duralink 37% - Angelus - Fator Dental","isPartOf":{"@id":"https:\/\/fatordental.com.br\/#website"},"primaryImageOfPage":{"@id":"https:\/\/fatordental.com.br\/index.php\/produto\/condicionador-acido-fosforico-fusion-duralink-37-angelus\/#primaryimage"},"image":{"@id":"https:\/\/fatordental.com.br\/index.php\/produto\/condicionador-acido-fosforico-fusion-duralink-37-angelus\/#primaryimage"},"thumbnailUrl":"https:\/\/fatordental.com.br\/wp-content\/uploads\/2023\/02\/condicionador-acido-fosforico-fusion-duralink-37-angelus.jpg","datePublished":"2023-02-20T13:04:54+00:00","dateModified":"2023-02-20T13:04:55+00:00","breadcrumb":{"@id":"https:\/\/fatordental.com.br\/index.php\/produto\/condicionador-acido-fosforico-fusion-duralink-37-angelus\/#breadcrumb"},"inLanguage":"pt-BR","potentialAction":[{"@type":"ReadAction","target":["https:\/\/fatordental.com.br\/index.php\/produto\/condicionador-acido-fosforico-fusion-duralink-37-angelus\/"]}]},{"@type":"ImageObject","inLanguage":"pt-BR","@id":"https:\/\/fatordental.com.br\/index.php\/produto\/condicionador-acido-fosforico-fusion-duralink-37-angelus\/#primaryimage","url":"https:\/\/fatordental.com.br\/wp-content\/uploads\/2023\/02\/condicionador-acido-fosforico-fusion-duralink-37-angelus.jpg","contentUrl":"https:\/\/fatordental.com.br\/wp-content\/uploads\/2023\/02\/condicionador-acido-fosforico-fusion-duralink-37-angelus.jpg","width":800,"height":800},{"@type":"BreadcrumbList","@id":"https:\/\/fatordental.com.br\/index.php\/produto\/condicionador-acido-fosforico-fusion-duralink-37-angelus\/#breadcrumb","itemListElement":[{"@type":"ListItem","position":1,"name":"In\u00edcio","item":"https:\/\/fatordental.com.br\/"},{"@type":"ListItem","position":2,"name":"Produtos","item":"https:\/\/fatordental.com.br\/index.php\/produtos\/"},{"@type":"ListItem","position":3,"name":"Condicionador \u00c1cido Fosf\u00f3rico Fusion Duralink 37% &#8211; Angelus"}]},{"@type":"WebSite","@id":"https:\/\/fatordental.com.br\/#website","url":"https:\/\/fatordental.com.br\/","name":"Fator Dental","description":"Produtos Ondontol\u00f3gicos","publisher":{"@id":"https:\/\/fatordental.com.br\/#organization"},"potentialAction":[{"@type":"SearchAction","target":{"@type":"EntryPoint","urlTemplate":"https:\/\/fatordental.com.br\/?s={search_term_string}"},"query-input":{"@type":"PropertyValueSpecification","valueRequired":true,"valueName":"search_term_string"}}],"inLanguage":"pt-BR"},{"@type":"Organization","@id":"https:\/\/fatordental.com.br\/#organization","name":"Fator Dental","url":"https:\/\/fatordental.com.br\/","logo":{"@type":"ImageObject","inLanguage":"pt-BR","@id":"https:\/\/fatordental.com.br\/#\/schema\/logo\/image\/","url":"https:\/\/fatordental.com.br\/wp-content\/uploads\/2023\/02\/logo_fator.png","contentUrl":"https:\/\/fatordental.com.br\/wp-content\/uploads\/2023\/02\/logo_fator.png","width":400,"height":256,"caption":"Fator Dental"},"image":{"@id":"https:\/\/fatordental.com.br\/#\/schema\/logo\/image\/"},"sameAs":["https:\/\/www.instagram.com\/fatordental\/"]}]}},"_links":{"self":[{"href":"https:\/\/fatordental.com.br\/index.php\/wp-json\/wp\/v2\/product\/1023","targetHints":{"allow":["GET"]}}],"collection":[{"href":"https:\/\/fatordental.com.br\/index.php\/wp-json\/wp\/v2\/product"}],"about":[{"href":"https:\/\/fatordental.com.br\/index.php\/wp-json\/wp\/v2\/types\/product"}],"wp:featuredmedia":[{"embeddable":true,"href":"https:\/\/fatordental.com.br\/index.php\/wp-json\/wp\/v2\/media\/1024"}],"wp:attachment":[{"href":"https:\/\/fatordental.com.br\/index.php\/wp-json\/wp\/v2\/media?parent=1023"}],"wp:term":[{"taxonomy":"product_brand","embeddable":true,"href":"https:\/\/fatordental.com.br\/index.php\/wp-json\/wp\/v2\/product_brand?post=1023"},{"taxonomy":"product_cat","embeddable":true,"href":"https:\/\/fatordental.com.br\/index.php\/wp-json\/wp\/v2\/product_cat?post=1023"},{"taxonomy":"product_tag","embeddable":true,"href":"https:\/\/fatordental.com.br\/index.php\/wp-json\/wp\/v2\/product_tag?post=1023"}],"curies":[{"name":"wp","href":"https:\/\/api.w.org\/{rel}","templated":true}]}}