{"id":362,"date":"2021-08-17T17:03:43","date_gmt":"2021-08-17T20:03:43","guid":{"rendered":"https:\/\/demo.athemes.com\/botiga\/?page_id=362"},"modified":"2023-03-28T11:34:38","modified_gmt":"2023-03-28T14:34:38","slug":"inicio","status":"publish","type":"page","link":"https:\/\/fatordental.com.br\/","title":{"rendered":"In\u00edcio"},"content":{"rendered":"\n<div id=\"athemes-blocks-block-ad077e04\" class=\"wp-block-athemes-athemes-blocks-block-container athemes-blocks-block athemes-blocks-block-ad077e04 athemes-blocks-block-container alignfull\"><div class=\"athemes-blocks-block-container-wrapper athemes-blocks-block-container-bg-cover athemes-blocks-block-container-bg-effect-scroll\"><img class=\"athemes-blocks-background-image\" width=\"2048\" height=\"1138\" srcset=\"https:\/\/fatordental.com.br\/wp-content\/uploads\/2022\/07\/bg_a-1-150x150.jpg 150w, https:\/\/fatordental.com.br\/wp-content\/uploads\/2022\/07\/bg_a-1-300x167.jpg 300w, https:\/\/fatordental.com.br\/wp-content\/uploads\/2022\/07\/bg_a-1-1024x569.jpg 1024w, https:\/\/fatordental.com.br\/wp-content\/uploads\/2022\/07\/bg_a-1.jpg 2048w, \" sizes=\"auto, (max-width: 2048px) 100vw, 2048px\" alt=\"\" loading=\"lazy\"\/><div class=\"athemes-blocks-block-container-wrapper-content\">\n<div class=\"wp-block-columns is-layout-flex wp-container-core-columns-is-layout-28f84493 wp-block-columns-is-layout-flex\">\n<div class=\"wp-block-column is-layout-flow wp-block-column-is-layout-flow\" style=\"flex-basis:66.66%\">\n<h2 class=\"has-gigantic-font-size wp-block-heading\">Confira nossa linha<br>de produtos<\/h2>\n\n\n\n<div class=\"wp-block-buttons is-layout-flex wp-block-buttons-is-layout-flex\">\n<div class=\"wp-block-button\"><a class=\"wp-block-button__link wp-element-button\" href=\"https:\/\/fatordental.com.br\/index.php\/produtos\/\">VER PRODUTOS<\/a><\/div>\n<\/div>\n<\/div>\n\n\n\n<div class=\"wp-block-column is-layout-flow wp-block-column-is-layout-flow\" style=\"flex-basis:33.33%\"><\/div>\n<\/div>\n<\/div><\/div><\/div>\n\n\n\n<figure class=\"wp-block-image size-full\"><img loading=\"lazy\" decoding=\"async\" width=\"1920\" height=\"250\" src=\"https:\/\/fatordental.com.br\/wp-content\/uploads\/2023\/03\/MARCAS.png\" alt=\"\" class=\"wp-image-1169\"\/><\/figure>\n\n\n\n<div style=\"height:60px\" aria-hidden=\"true\" class=\"wp-block-spacer\"><\/div>\n\n\n\n<h3 class=\"has-text-align-center wp-block-heading\">Promo\u00e7\u00f5es<\/h3>\n\n\n\n<p class=\"has-text-align-center\">Aqui tem sempre produtos em promo\u00e7\u00e3o com condi\u00e7\u00f5es especiais<\/p>\n\n\n<div data-block-name=\"woocommerce\/product-category\" data-categories=\"[32]\" data-content-visibility=\"{&quot;title&quot;:true,&quot;price&quot;:false,&quot;rating&quot;:false,&quot;button&quot;:false,&quot;image&quot;:true}\" data-edit-mode=\"false\" data-rows=\"1\" data-stock-status=\"[&quot;&quot;,&quot;instock&quot;,&quot;outofstock&quot;,&quot;onbackorder&quot;]\" class=\"wc-block-grid wp-block-product-category wp-block-woocommerce-product-category wc-block-product-category has-3-columns\"><ul class=\"wc-block-grid__products\"><li class=\"wc-block-grid__product product-grid \">\n\t\t\t\t<div class=\"loop-image-wrap botiga-add-to-cart-button-layout1\">\n\t\t\t\t\t<a href=\"https:\/\/fatordental.com.br\/index.php\/produto\/lima-rotatoria-solla-purble\/\" class=\"wc-block-grid__product-link\" title=\"Leia mais\">\n\t\t\t\t\t\t<div class=\"wc-block-grid__product-image\"><img loading=\"lazy\" decoding=\"async\" width=\"420\" height=\"396\" src=\"https:\/\/fatordental.com.br\/wp-content\/uploads\/2024\/12\/WhatsApp-Image-2024-12-28-at-14.44.01.jpeg\" class=\"attachment-woocommerce_thumbnail size-woocommerce_thumbnail\" alt=\"Lima Rotat\u00f3ria Solla Purble\" \/><\/div>\n\t\t\t\t\t<\/a><\/div><a href=\"https:\/\/fatordental.com.br\/index.php\/produto\/lima-rotatoria-solla-purble\/\" class=\"wc-block-grid__product-link\">\n\t\t\t\t\t<div class=\"wc-block-grid__product-title\">Lima Rotat\u00f3ria Solla Purble<\/div>\n\t\t\t\t<\/a><\/li><li class=\"wc-block-grid__product product-grid \">\n\t\t\t\t<div class=\"loop-image-wrap botiga-add-to-cart-button-layout1\">\n\t\t\t\t\t<a href=\"https:\/\/fatordental.com.br\/index.php\/produto\/lima-reciprocante-solla-files-collors-r25-c-6-unidades-solla\/\" class=\"wc-block-grid__product-link\" title=\"Leia mais\">\n\t\t\t\t\t\t<div class=\"wc-block-grid__product-image\"><img loading=\"lazy\" decoding=\"async\" width=\"420\" height=\"372\" src=\"https:\/\/fatordental.com.br\/wp-content\/uploads\/2024\/10\/RECIPROCANTE-R25-1.jpeg\" class=\"attachment-woocommerce_thumbnail size-woocommerce_thumbnail\" alt=\"Lima Reciprocante Solla Files Collors R25 c\/ 06 unidades - Solla\" \/><\/div>\n\t\t\t\t\t<\/a><\/div><a href=\"https:\/\/fatordental.com.br\/index.php\/produto\/lima-reciprocante-solla-files-collors-r25-c-6-unidades-solla\/\" class=\"wc-block-grid__product-link\">\n\t\t\t\t\t<div class=\"wc-block-grid__product-title\">Lima Reciprocante Solla Files Collors R25 c\/ 06 unidades &#8211; Solla<\/div>\n\t\t\t\t<\/a><\/li><li class=\"wc-block-grid__product product-grid \">\n\t\t\t\t<div class=\"loop-image-wrap botiga-add-to-cart-button-layout1\">\n\t\t\t\t\t<a href=\"https:\/\/fatordental.com.br\/index.php\/produto\/sugador-odontologico-descartavel-ssplus\/\" class=\"wc-block-grid__product-link\" title=\"Leia mais\">\n\t\t\t\t\t\t<div class=\"wc-block-grid__product-image\"><img loading=\"lazy\" decoding=\"async\" width=\"420\" height=\"420\" src=\"https:\/\/fatordental.com.br\/wp-content\/uploads\/2022\/12\/sugador-odontologico-descartavel-ssplus-243451.jpg\" class=\"attachment-woocommerce_thumbnail size-woocommerce_thumbnail\" alt=\"Sugador Odontol\u00f3gico Descart\u00e1vel - SSPlus\" \/><\/div>\n\t\t\t\t\t<\/a><\/div><a href=\"https:\/\/fatordental.com.br\/index.php\/produto\/sugador-odontologico-descartavel-ssplus\/\" class=\"wc-block-grid__product-link\">\n\t\t\t\t\t<div class=\"wc-block-grid__product-title\">Sugador Odontol\u00f3gico Descart\u00e1vel &#8211; SSPlus<\/div>\n\t\t\t\t<\/a><\/li><\/ul><\/div>\n\n\n<div style=\"height:25px\" aria-hidden=\"true\" class=\"wp-block-spacer\"><\/div>\n\n\n\n<div class=\"wp-block-buttons is-layout-flex wp-block-buttons-is-layout-flex\">\n<div class=\"wp-block-button aligncenter\"><a class=\"wp-block-button__link wp-element-button\" href=\"https:\/\/fatordental.com.br\/index.php\/categoria-produto\/promocoes\/\">VER TODAS AS PROMO\u00c7\u00d5ES<\/a><\/div>\n<\/div>\n\n\n\n<div style=\"height:17px\" aria-hidden=\"true\" class=\"wp-block-spacer\"><\/div>\n\n\n\n<div id=\"athemes-blocks-block-67231e97\" class=\"wp-block-athemes-athemes-blocks-block-container athemes-blocks-block athemes-blocks-block-67231e97 athemes-blocks-block-container alignfull\"><div class=\"athemes-blocks-block-container-wrapper athemes-blocks-block-container-bg-contain athemes-blocks-block-container-bg-effect-scroll\"><div class=\"athemes-blocks-block-container-wrapper-content\">\n<h3 class=\"has-text-align-center wp-block-heading\">Descart\u00e1veis<\/h3>\n\n\n\n<p class=\"has-text-align-center\">Luvas, gazes, sugadores, capotes, m\u00e1scaras, etc.<\/p>\n\n\n\n<div class=\"wp-block-buttons is-horizontal is-content-justification-center is-layout-flex wp-container-core-buttons-is-layout-03627597 wp-block-buttons-is-layout-flex\">\n<div class=\"wp-block-button\"><a class=\"wp-block-button__link wp-element-button\" href=\"https:\/\/fatordental.com.br\/index.php\/categoria-produto\/descartaveis\/\">PRODUTOS DESCART\u00c1VEIS<\/a><\/div>\n<\/div>\n<\/div><\/div><\/div>\n\n\n\n<div style=\"height:25px\" aria-hidden=\"true\" class=\"wp-block-spacer\"><\/div>\n\n\n\n<div class=\"wp-block-buttons is-layout-flex wp-block-buttons-is-layout-flex\"><\/div>\n\n\n\n<div style=\"height:90px\" aria-hidden=\"true\" class=\"wp-block-spacer\"><\/div>\n","protected":false},"excerpt":{"rendered":"<p>Promo\u00e7\u00f5es Aqui tem sempre produtos em promo\u00e7\u00e3o com condi\u00e7\u00f5es especiais<\/p>\n","protected":false},"author":1,"featured_media":0,"parent":0,"menu_order":0,"comment_status":"closed","ping_status":"closed","template":"","meta":{"footnotes":""},"class_list":["post-362","page","type-page","status-publish","hentry"],"yoast_head":"<!-- This site is optimized with the Yoast SEO plugin v27.6 - https:\/\/yoast.com\/product\/yoast-seo-wordpress\/ -->\n<title>In\u00edcio - Fator Dental<\/title>\n<meta name=\"robots\" content=\"index, follow, max-snippet:-1, max-image-preview:large, max-video-preview:-1\" \/>\n<link rel=\"canonical\" href=\"https:\/\/fatordental.com.br\/\" \/>\n<meta property=\"og:locale\" content=\"pt_BR\" \/>\n<meta property=\"og:type\" content=\"article\" \/>\n<meta property=\"og:title\" content=\"In\u00edcio - Fator Dental\" \/>\n<meta property=\"og:description\" content=\"Promo\u00e7\u00f5es Aqui tem sempre produtos em promo\u00e7\u00e3o com condi\u00e7\u00f5es especiais\" \/>\n<meta property=\"og:url\" content=\"https:\/\/fatordental.com.br\/\" \/>\n<meta property=\"og:site_name\" content=\"Fator Dental\" \/>\n<meta property=\"article:modified_time\" content=\"2023-03-28T14:34:38+00:00\" \/>\n<meta property=\"og:image\" content=\"https:\/\/fatordental.com.br\/wp-content\/uploads\/2023\/03\/MARCAS.png\" \/>\n<meta name=\"twitter:card\" content=\"summary_large_image\" \/>\n<meta name=\"twitter:label1\" content=\"Est. tempo de leitura\" \/>\n\t<meta name=\"twitter:data1\" content=\"1 minuto\" \/>\n<script type=\"application\/ld+json\" class=\"yoast-schema-graph\">{\"@context\":\"https:\\\/\\\/schema.org\",\"@graph\":[{\"@type\":\"WebPage\",\"@id\":\"https:\\\/\\\/fatordental.com.br\\\/\",\"url\":\"https:\\\/\\\/fatordental.com.br\\\/\",\"name\":\"In\u00edcio - Fator Dental\",\"isPartOf\":{\"@id\":\"https:\\\/\\\/fatordental.com.br\\\/#website\"},\"primaryImageOfPage\":{\"@id\":\"https:\\\/\\\/fatordental.com.br\\\/#primaryimage\"},\"image\":{\"@id\":\"https:\\\/\\\/fatordental.com.br\\\/#primaryimage\"},\"thumbnailUrl\":\"https:\\\/\\\/fatordental.com.br\\\/wp-content\\\/uploads\\\/2023\\\/03\\\/MARCAS.png\",\"datePublished\":\"2021-08-17T20:03:43+00:00\",\"dateModified\":\"2023-03-28T14:34:38+00:00\",\"breadcrumb\":{\"@id\":\"https:\\\/\\\/fatordental.com.br\\\/#breadcrumb\"},\"inLanguage\":\"pt-BR\",\"potentialAction\":[{\"@type\":\"ReadAction\",\"target\":[\"https:\\\/\\\/fatordental.com.br\\\/\"]}]},{\"@type\":\"ImageObject\",\"inLanguage\":\"pt-BR\",\"@id\":\"https:\\\/\\\/fatordental.com.br\\\/#primaryimage\",\"url\":\"https:\\\/\\\/fatordental.com.br\\\/wp-content\\\/uploads\\\/2023\\\/03\\\/MARCAS.png\",\"contentUrl\":\"https:\\\/\\\/fatordental.com.br\\\/wp-content\\\/uploads\\\/2023\\\/03\\\/MARCAS.png\",\"width\":1920,\"height\":250},{\"@type\":\"BreadcrumbList\",\"@id\":\"https:\\\/\\\/fatordental.com.br\\\/#breadcrumb\",\"itemListElement\":[{\"@type\":\"ListItem\",\"position\":1,\"name\":\"In\u00edcio\",\"item\":\"https:\\\/\\\/fatordental.com.br\\\/\"},{\"@type\":\"ListItem\",\"position\":2,\"name\":\"In\u00edcio\"}]},{\"@type\":\"WebSite\",\"@id\":\"https:\\\/\\\/fatordental.com.br\\\/#website\",\"url\":\"https:\\\/\\\/fatordental.com.br\\\/\",\"name\":\"Fator Dental\",\"description\":\"Produtos Ondontol\u00f3gicos\",\"publisher\":{\"@id\":\"https:\\\/\\\/fatordental.com.br\\\/#organization\"},\"potentialAction\":[{\"@type\":\"SearchAction\",\"target\":{\"@type\":\"EntryPoint\",\"urlTemplate\":\"https:\\\/\\\/fatordental.com.br\\\/?s={search_term_string}\"},\"query-input\":{\"@type\":\"PropertyValueSpecification\",\"valueRequired\":true,\"valueName\":\"search_term_string\"}}],\"inLanguage\":\"pt-BR\"},{\"@type\":\"Organization\",\"@id\":\"https:\\\/\\\/fatordental.com.br\\\/#organization\",\"name\":\"Fator Dental\",\"url\":\"https:\\\/\\\/fatordental.com.br\\\/\",\"logo\":{\"@type\":\"ImageObject\",\"inLanguage\":\"pt-BR\",\"@id\":\"https:\\\/\\\/fatordental.com.br\\\/#\\\/schema\\\/logo\\\/image\\\/\",\"url\":\"https:\\\/\\\/fatordental.com.br\\\/wp-content\\\/uploads\\\/2023\\\/02\\\/logo_fator.png\",\"contentUrl\":\"https:\\\/\\\/fatordental.com.br\\\/wp-content\\\/uploads\\\/2023\\\/02\\\/logo_fator.png\",\"width\":400,\"height\":256,\"caption\":\"Fator Dental\"},\"image\":{\"@id\":\"https:\\\/\\\/fatordental.com.br\\\/#\\\/schema\\\/logo\\\/image\\\/\"},\"sameAs\":[\"https:\\\/\\\/www.instagram.com\\\/fatordental\\\/\"]}]}<\/script>\n<!-- \/ Yoast SEO plugin. -->","yoast_head_json":{"title":"In\u00edcio - Fator Dental","robots":{"index":"index","follow":"follow","max-snippet":"max-snippet:-1","max-image-preview":"max-image-preview:large","max-video-preview":"max-video-preview:-1"},"canonical":"https:\/\/fatordental.com.br\/","og_locale":"pt_BR","og_type":"article","og_title":"In\u00edcio - Fator Dental","og_description":"Promo\u00e7\u00f5es Aqui tem sempre produtos em promo\u00e7\u00e3o com condi\u00e7\u00f5es especiais","og_url":"https:\/\/fatordental.com.br\/","og_site_name":"Fator Dental","article_modified_time":"2023-03-28T14:34:38+00:00","og_image":[{"url":"https:\/\/fatordental.com.br\/wp-content\/uploads\/2023\/03\/MARCAS.png","type":"","width":"","height":""}],"twitter_card":"summary_large_image","twitter_misc":{"Est. tempo de leitura":"1 minuto"},"schema":{"@context":"https:\/\/schema.org","@graph":[{"@type":"WebPage","@id":"https:\/\/fatordental.com.br\/","url":"https:\/\/fatordental.com.br\/","name":"In\u00edcio - Fator Dental","isPartOf":{"@id":"https:\/\/fatordental.com.br\/#website"},"primaryImageOfPage":{"@id":"https:\/\/fatordental.com.br\/#primaryimage"},"image":{"@id":"https:\/\/fatordental.com.br\/#primaryimage"},"thumbnailUrl":"https:\/\/fatordental.com.br\/wp-content\/uploads\/2023\/03\/MARCAS.png","datePublished":"2021-08-17T20:03:43+00:00","dateModified":"2023-03-28T14:34:38+00:00","breadcrumb":{"@id":"https:\/\/fatordental.com.br\/#breadcrumb"},"inLanguage":"pt-BR","potentialAction":[{"@type":"ReadAction","target":["https:\/\/fatordental.com.br\/"]}]},{"@type":"ImageObject","inLanguage":"pt-BR","@id":"https:\/\/fatordental.com.br\/#primaryimage","url":"https:\/\/fatordental.com.br\/wp-content\/uploads\/2023\/03\/MARCAS.png","contentUrl":"https:\/\/fatordental.com.br\/wp-content\/uploads\/2023\/03\/MARCAS.png","width":1920,"height":250},{"@type":"BreadcrumbList","@id":"https:\/\/fatordental.com.br\/#breadcrumb","itemListElement":[{"@type":"ListItem","position":1,"name":"In\u00edcio","item":"https:\/\/fatordental.com.br\/"},{"@type":"ListItem","position":2,"name":"In\u00edcio"}]},{"@type":"WebSite","@id":"https:\/\/fatordental.com.br\/#website","url":"https:\/\/fatordental.com.br\/","name":"Fator Dental","description":"Produtos Ondontol\u00f3gicos","publisher":{"@id":"https:\/\/fatordental.com.br\/#organization"},"potentialAction":[{"@type":"SearchAction","target":{"@type":"EntryPoint","urlTemplate":"https:\/\/fatordental.com.br\/?s={search_term_string}"},"query-input":{"@type":"PropertyValueSpecification","valueRequired":true,"valueName":"search_term_string"}}],"inLanguage":"pt-BR"},{"@type":"Organization","@id":"https:\/\/fatordental.com.br\/#organization","name":"Fator Dental","url":"https:\/\/fatordental.com.br\/","logo":{"@type":"ImageObject","inLanguage":"pt-BR","@id":"https:\/\/fatordental.com.br\/#\/schema\/logo\/image\/","url":"https:\/\/fatordental.com.br\/wp-content\/uploads\/2023\/02\/logo_fator.png","contentUrl":"https:\/\/fatordental.com.br\/wp-content\/uploads\/2023\/02\/logo_fator.png","width":400,"height":256,"caption":"Fator Dental"},"image":{"@id":"https:\/\/fatordental.com.br\/#\/schema\/logo\/image\/"},"sameAs":["https:\/\/www.instagram.com\/fatordental\/"]}]}},"_links":{"self":[{"href":"https:\/\/fatordental.com.br\/index.php\/wp-json\/wp\/v2\/pages\/362","targetHints":{"allow":["GET"]}}],"collection":[{"href":"https:\/\/fatordental.com.br\/index.php\/wp-json\/wp\/v2\/pages"}],"about":[{"href":"https:\/\/fatordental.com.br\/index.php\/wp-json\/wp\/v2\/types\/page"}],"author":[{"embeddable":true,"href":"https:\/\/fatordental.com.br\/index.php\/wp-json\/wp\/v2\/users\/1"}],"replies":[{"embeddable":true,"href":"https:\/\/fatordental.com.br\/index.php\/wp-json\/wp\/v2\/comments?post=362"}],"version-history":[{"count":49,"href":"https:\/\/fatordental.com.br\/index.php\/wp-json\/wp\/v2\/pages\/362\/revisions"}],"predecessor-version":[{"id":1195,"href":"https:\/\/fatordental.com.br\/index.php\/wp-json\/wp\/v2\/pages\/362\/revisions\/1195"}],"wp:attachment":[{"href":"https:\/\/fatordental.com.br\/index.php\/wp-json\/wp\/v2\/media?parent=362"}],"curies":[{"name":"wp","href":"https:\/\/api.w.org\/{rel}","templated":true}]}}